{"id":296,"date":"2015-01-28T11:18:08","date_gmt":"2015-01-28T10:18:08","guid":{"rendered":"http:\/\/agora.xtec.cat\/cfamaspelli\/?page_id=296"},"modified":"2024-05-24T12:17:09","modified_gmt":"2024-05-24T10:17:09","slug":"llengua-catalana","status":"publish","type":"page","link":"https:\/\/agora.xtec.cat\/cfareus\/ensenyaments\/ensenyaments-inicials-i-formacio-basica\/llengua-catalana\/","title":{"rendered":"Llengua catalana"},"content":{"rendered":"<p><a href=\"https:\/\/agora.xtec.cat\/cfareus\/wp-content\/uploads\/usu1320\/2022\/05\/catala-1.png\"><img loading=\"lazy\" decoding=\"async\" class=\"aligncenter size-full wp-image-2261\" src=\"https:\/\/agora.xtec.cat\/cfareus\/wp-content\/uploads\/usu1320\/2022\/05\/catala-1.png\" alt=\"\" width=\"975\" height=\"173\" srcset=\"https:\/\/agora.xtec.cat\/cfareus\/wp-content\/uploads\/usu1320\/2022\/05\/catala-1.png 975w, https:\/\/agora.xtec.cat\/cfareus\/wp-content\/uploads\/usu1320\/2022\/05\/catala-1-300x53.png 300w, https:\/\/agora.xtec.cat\/cfareus\/wp-content\/uploads\/usu1320\/2022\/05\/catala-1-768x136.png 768w\" sizes=\"auto, (max-width: 975px) 100vw, 975px\" \/><\/a>Aquests estudis tenen com a objectiu que les persones adultes aconsegueixin un nivell m\u00ednim per a comunicar-se en catal\u00e0 i s\u2019imparteixen en tres nivells: llengua catalana<strong> nivell 1, 2 i 3<\/strong>, que corresponen als nivells A1, A2 i B2 del MECR (Marc europeu com\u00fa de refer\u00e8ncia per a les lleng\u00fces).<\/p>\n","protected":false},"excerpt":{"rendered":"<p><a href=\"https:\/\/agora.xtec.cat\/cfareus\/wp-content\/uploads\/usu1320\/2022\/05\/catala-1.png\"><\/a>Aquests estudis tenen com a objectiu que les persones adultes aconsegueixin un nivell m\u00ednim per a comunicar-se en catal\u00e0 i s\u2019imparteixen en tres nivells: llengua catalana nivell 1, 2 i 3, que corresponen als nivells A1, A2 i B2 del MECR (Marc europeu com\u00fa&hellip;  <a href=\"https:\/\/agora.xtec.cat\/cfareus\/ensenyaments\/ensenyaments-inicials-i-formacio-basica\/llengua-catalana\/\" title=\"Read Llengua catalana\">Llegeix m\u00e9s\u00bb<\/a><\/p>\n","protected":false},"author":1,"featured_media":0,"parent":283,"menu_order":0,"comment_status":"closed","ping_status":"closed","template":"page-templates\/side-menu.php","meta":{"_bbp_topic_count":0,"_bbp_reply_count":0,"_bbp_total_topic_count":0,"_bbp_total_reply_count":0,"_bbp_voice_count":0,"_bbp_anonymous_reply_count":0,"_bbp_topic_count_hidden":0,"_bbp_reply_count_hidden":0,"_bbp_forum_subforum_count":0,"footnotes":""},"class_list":["post-296","page","type-page","status-publish","hentry"],"post_mailing_queue_ids":[],"_links":{"self":[{"href":"https:\/\/agora.xtec.cat\/cfareus\/wp-json\/wp\/v2\/pages\/296","targetHints":{"allow":["GET"]}}],"collection":[{"href":"https:\/\/agora.xtec.cat\/cfareus\/wp-json\/wp\/v2\/pages"}],"about":[{"href":"https:\/\/agora.xtec.cat\/cfareus\/wp-json\/wp\/v2\/types\/page"}],"author":[{"embeddable":true,"href":"https:\/\/agora.xtec.cat\/cfareus\/wp-json\/wp\/v2\/users\/1"}],"replies":[{"embeddable":true,"href":"https:\/\/agora.xtec.cat\/cfareus\/wp-json\/wp\/v2\/comments?post=296"}],"version-history":[{"count":4,"href":"https:\/\/agora.xtec.cat\/cfareus\/wp-json\/wp\/v2\/pages\/296\/revisions"}],"predecessor-version":[{"id":3518,"href":"https:\/\/agora.xtec.cat\/cfareus\/wp-json\/wp\/v2\/pages\/296\/revisions\/3518"}],"up":[{"embeddable":true,"href":"https:\/\/agora.xtec.cat\/cfareus\/wp-json\/wp\/v2\/pages\/283"}],"wp:attachment":[{"href":"https:\/\/agora.xtec.cat\/cfareus\/wp-json\/wp\/v2\/media?parent=296"}],"curies":[{"name":"wp","href":"https:\/\/api.w.org\/{rel}","templated":true}]}}