{"id":27,"date":"2014-09-17T16:24:03","date_gmt":"2014-09-17T16:24:03","guid":{"rendered":"http:\/\/agora.xtec.cat\/cfamaspelli\/?page_id=27"},"modified":"2017-07-10T13:15:32","modified_gmt":"2017-07-10T11:15:32","slug":"historia","status":"publish","type":"page","link":"https:\/\/agora.xtec.cat\/cfareus\/el-centre\/historia\/","title":{"rendered":"Hist\u00f2ria"},"content":{"rendered":"<p><strong>Refer\u00e8ncia hist\u00f2rica de la instituci\u00f3<\/strong><\/p>\n<p>&nbsp;<\/p>\n<p><u>El curs 1981-82<\/u>, el Departament d\u2019Ensenyament treu a concurs p\u00fablic dues places per a mestres d\u2019adults interins al C.P. Prat de la Riba. Aquest podria ser el principi de la hist\u00f2ria del CFA Reus, per\u00f2 no \u00e9s aix\u00ed. Abans del fet mencionat anteriorment, alguns dels mestres que actualment formen la plantilla d\u2019aquest centre ja estaven compromesos en aquesta tasca.<\/p>\n<p>L\u2019equip de mestres aquell curs queda amb molts pocs canvis ja que la resta de mestres van ser contractats per l\u2019Ajuntament.<\/p>\n<p>Aquell curs es fan classes a diferents punts de Reus per tal de possibilitar l\u2019acc\u00e9s a les escoles d\u2019adults al major nombre d\u2019usuaris possible.<\/p>\n<p>El curs 1982-83\u00a0 s\u2019amplia la plantilla amb tres mestres interins m\u00e9s i s\u2019obren aules als C.P. Mari\u00e0 Fortuny i C.P. General Prim.<\/p>\n<p>Amb\u00a0 les tres aules situades en llocs estrat\u00e8gics de la ciutat i amb actuacions puntuals a barris i centres c\u00edvics, s\u2019articula una xarxa que d\u00f3na resposta a les necessitats de la ciutat de Reus.<\/p>\n<p>Al comen\u00e7ar el curs 1985-86,\u00a0 es canvia l\u2019aula del C.P.\u00a0 General Prim al C.P. Pompeu Fabra, ja que l\u2019espai f\u00edsic on s\u2019imparteixen les classes del C.P. Prat de la Riba es trasllada a l\u2019avinguda dels Pa\u00efsos Catalans\u00a0 (lloc conegut com \u201cFruits Secs\u201d) i quedaven dos espais molt propers.<\/p>\n<p>El gener de l\u2019any 1989, al igual que la resta d\u2019aules d\u2019adults dels col\u00b7legis p\u00fablics, les aules d\u2019adults de Reus passen a dependre del Departament de Benestar Social.<\/p>\n<p>En aquest moment es produeixen petits canvis en els noms:<\/p>\n<p>L\u2019aula del C.P. Pompeu Fabra passa a anomenar-se Aula d\u2019Adults Carrer Sard\u00e0; la del C.P. Mari\u00e0 Fortuny, Aula d\u2019Adults Barri Fortuny, i la del C.P. Prat de la Riba, Aula d\u2019adults de Fruits Secs.<\/p>\n<p>Fins aquest moment els ensenyaments impartits eren: alfabetitzaci\u00f3, certificat i graduat escolar. El curs 1989-90 s\u2019incorporen les classes de preparaci\u00f3 per a la prova per a l\u2019obtenci\u00f3 del t\u00edtol de\u00a0 formaci\u00f3 professional de primer grau per a majors de 18 anys, tant a les aules del Barri Fortuny com a les de Fruits Secs.<\/p>\n<p>El mes de juny de 1990\u00a0 s\u2019acaba el \u201cPLA DE FORMACI\u00d3 D\u2019ADULTS DE REUS\u201d, en el que entre molts canvis s\u2019estableix que les mat\u00e8ries de Naturals, Socials i Idioma es cursaran per m\u00f2duls i les de Catal\u00e0, Castell\u00e0 i Matem\u00e0tiques\u00a0 es divideixen en dos nivells, el de pregraduat i el de graduat.<\/p>\n<p>Aquest pla \u00e9s revisat de nou el curs 1992-93 i com a conseq\u00fc\u00e8ncia\u00a0 al curs seg\u00fcent es treballa en equips de 3 persones ( 2 mestres del departament de Benestar Social i un de l\u2019Ajuntament )\u00a0 i ubicats en llocs diferents. Es tanquen les aules del Carrer Sard\u00e0 i de Fruits Secs.<\/p>\n<p>Al Mas Carandell, nova ubicaci\u00f3 d\u2019algunes aules d\u2019adults, s\u2019ofereixen les classes de mat\u00ed (9 a 2) i de tarda (3 a 8) i a les aules del Barri Fortuny les classes de tarda-vespre (5 a 10). A m\u00e9s d\u2019aquests equips n\u2019hi ha un altre (format majorit\u00e0riament per mestres de l\u2019ajuntament) que treballa en\u00a0 cursos d\u2019alfabetitzaci\u00f3 i certificat despla\u00e7ant-se a molts centres c\u00edvics de la ciutat.<\/p>\n<p>El curs 1995-96 l\u2019equip de mestres del Barri Fortuny canvia de local i va al C. C\u00edvic \u201cMas Abell\u00f3\u201d, situat al barri on ens trobem actualment. Tamb\u00e9 va als mateixos locals l\u2019equip que feia les classes de tarda.<\/p>\n<p>El seg\u00fcent curs (96-97) es produeix una separaci\u00f3 total dels equips de mestres,\u00a0 per un costat els mestres de l\u2019ajuntament, que continuen la seva tasca al Mas Carandell, i per l\u2019altre els mestres que depenem del Departament de\u00a0 Benestar Social que, ja tots junts, impartim les classes al C. C\u00edvic \u201cMas Abell\u00f3\u201d, on\u00a0 es continua treballant en franges hor\u00e0ries i en equips, un al mat\u00ed i un altre de tarda-vespre.<\/p>\n<p>El curs 1997-98\u00a0 ens traslladem al Centre C\u00edvic\u00a0 \u201cMas Pellicer\u201d, i passem a anomenar-nos CFA Mas Pellicer.<\/p>\n<p>Finalment, el curs 2016-2017 ens traslladem al Barri Fortuny, a l\u2019edifici que fou parvulari del col\u00b7legi Mari\u00e0 Fortuny, al carrer d\u2019Astorga, 21. \u00c9s aquest curs, i amb motiu del trasllat, que canviem de nom a CFA Reus.<\/p>\n<p>Per tot aix\u00f2, podem constatar que si b\u00e9 el centre d\u2019adults \u201cCFA REUS\u201d \u00e9s una creaci\u00f3 molt recent, la seva hist\u00f2ria \u00e9s molt m\u00e9s llarga ja que s\u2019ha format amb la fusi\u00f3 de tres aules: \u201cMari\u00e0 Fortuny\u201d i \u201cPrat de la Riba\u201d, que l\u2019any 1989 al quedar adscrites al departament de Benestar Social ja\u00a0 portaven 8 anys de funcionament, i l\u2019aula de \u201cPompeu Fabra\u201d que en portava 7.<\/p>\n","protected":false},"excerpt":{"rendered":"<p>Refer\u00e8ncia hist\u00f2rica de la instituci\u00f3<br \/>\n&nbsp;<br \/>\nEl curs 1981-82, el Departament d\u2019Ensenyament treu a concurs p\u00fablic dues places per a mestres d\u2019adults interins al C.P. Prat de la Riba. Aquest podria ser el principi de la hist\u00f2ria del CFA Reus, per\u00f2 no \u00e9s aix\u00ed. Abans del fet&hellip;  <a href=\"https:\/\/agora.xtec.cat\/cfareus\/el-centre\/historia\/\" title=\"Read Hist\u00f2ria\">Llegeix m\u00e9s\u00bb<\/a><\/p>\n","protected":false},"author":1,"featured_media":0,"parent":261,"menu_order":20,"comment_status":"closed","ping_status":"closed","template":"page-templates\/side-menu.php","meta":{"_bbp_topic_count":0,"_bbp_reply_count":0,"_bbp_total_topic_count":0,"_bbp_total_reply_count":0,"_bbp_voice_count":0,"_bbp_anonymous_reply_count":0,"_bbp_topic_count_hidden":0,"_bbp_reply_count_hidden":0,"_bbp_forum_subforum_count":0,"footnotes":""},"class_list":["post-27","page","type-page","status-publish","hentry"],"post_mailing_queue_ids":[],"_links":{"self":[{"href":"https:\/\/agora.xtec.cat\/cfareus\/wp-json\/wp\/v2\/pages\/27","targetHints":{"allow":["GET"]}}],"collection":[{"href":"https:\/\/agora.xtec.cat\/cfareus\/wp-json\/wp\/v2\/pages"}],"about":[{"href":"https:\/\/agora.xtec.cat\/cfareus\/wp-json\/wp\/v2\/types\/page"}],"author":[{"embeddable":true,"href":"https:\/\/agora.xtec.cat\/cfareus\/wp-json\/wp\/v2\/users\/1"}],"replies":[{"embeddable":true,"href":"https:\/\/agora.xtec.cat\/cfareus\/wp-json\/wp\/v2\/comments?post=27"}],"version-history":[{"count":3,"href":"https:\/\/agora.xtec.cat\/cfareus\/wp-json\/wp\/v2\/pages\/27\/revisions"}],"predecessor-version":[{"id":562,"href":"https:\/\/agora.xtec.cat\/cfareus\/wp-json\/wp\/v2\/pages\/27\/revisions\/562"}],"up":[{"embeddable":true,"href":"https:\/\/agora.xtec.cat\/cfareus\/wp-json\/wp\/v2\/pages\/261"}],"wp:attachment":[{"href":"https:\/\/agora.xtec.cat\/cfareus\/wp-json\/wp\/v2\/media?parent=27"}],"curies":[{"name":"wp","href":"https:\/\/api.w.org\/{rel}","templated":true}]}}