{"id":894,"date":"2021-09-17T11:48:09","date_gmt":"2021-09-17T09:48:09","guid":{"rendered":"https:\/\/agora.xtec.cat\/cfarafaelfarre\/?page_id=894"},"modified":"2023-06-09T11:35:40","modified_gmt":"2023-06-09T09:35:40","slug":"historia-del-centre","status":"publish","type":"page","link":"https:\/\/agora.xtec.cat\/cfarafaelfarre\/el-centre\/historia-del-centre\/","title":{"rendered":"Hist\u00f2ria del Centre"},"content":{"rendered":"<p><span style=\"font-size: medium;\">L&#8217;Aula de Formaci\u00f3 d&#8217;Adults de Molins de Rei es va crear el dia 4 de novembre de 1974 dins del marc de la campanya d&#8217;alfabetitzaci\u00f3. <\/span><span style=\"font-size: medium;\">L&#8217;empla\u00e7ament inicial de les classes va ser l&#8217;escola p\u00fablica Alfons XIII (actualment Escola el Palau) i l&#8217;antiga seu de l&#8217;Institut Llu\u00eds de Requesens.<\/span><\/p>\n<p><span style=\"font-size: medium;\">El dia 16 de gener de 1979 es va traslladar a l&#8217;escola p\u00fablica Gual Villalb\u00ed (actualment Escola l&#8217;Alzina), on va estar fins al curs 1982-83. El dia 1 de juliol de 1983, l&#8217;Ajuntament va cedir l&#8217;\u00fas del local del carrer Rafael de Casanova, 53, com a nova seu.<\/span><\/p>\n<p><span style=\"font-size: medium;\">L&#8217;Aula de Formaci\u00f3 d&#8217;Adults de Molins de Rei es va convertir en el Centre de Formaci\u00f3 d&#8217;Adults Rafael Farr\u00e9 el 9 de setembre de 1997 pel decret 229\/1997 de 2 de setembre, que apareix en el DOG n\u00fam. 2472.<\/span><\/p>\n<p><span style=\"font-size: medium;\">El curs 2003-2004 el centre es va traslladar a un nou edifici, l&#8217;antiga Escola Ferran Agull\u00f3, al carrer Canal de la Infanta, on continua actualment.<\/span><\/p>\n","protected":false},"excerpt":{"rendered":"<p>L&#8217;Aula de Formaci\u00f3 d&#8217;Adults de Molins de Rei es va crear el dia 4 de novembre de 1974 dins del marc de la campanya d&#8217;alfabetitzaci\u00f3. L&#8217;empla\u00e7ament inicial de les classes va ser l&#8217;escola p\u00fablica Alfons XIII (actualment Escola el Palau) i l&#8217;antiga seu de l&#8217;Institut&hellip;  <a href=\"https:\/\/agora.xtec.cat\/cfarafaelfarre\/el-centre\/historia-del-centre\/\" title=\"Read Hist\u00f2ria del Centre\">Llegeix m\u00e9s\u00bb<\/a><\/p>\n","protected":false},"author":1,"featured_media":0,"parent":261,"menu_order":0,"comment_status":"closed","ping_status":"closed","template":"page-templates\/side-menu.php","meta":{"_bbp_topic_count":0,"_bbp_reply_count":0,"_bbp_total_topic_count":0,"_bbp_total_reply_count":0,"_bbp_voice_count":0,"_bbp_anonymous_reply_count":0,"_bbp_topic_count_hidden":0,"_bbp_reply_count_hidden":0,"_bbp_forum_subforum_count":0,"footnotes":""},"class_list":["post-894","page","type-page","status-publish","hentry"],"post_mailing_queue_ids":[],"_links":{"self":[{"href":"https:\/\/agora.xtec.cat\/cfarafaelfarre\/wp-json\/wp\/v2\/pages\/894","targetHints":{"allow":["GET"]}}],"collection":[{"href":"https:\/\/agora.xtec.cat\/cfarafaelfarre\/wp-json\/wp\/v2\/pages"}],"about":[{"href":"https:\/\/agora.xtec.cat\/cfarafaelfarre\/wp-json\/wp\/v2\/types\/page"}],"author":[{"embeddable":true,"href":"https:\/\/agora.xtec.cat\/cfarafaelfarre\/wp-json\/wp\/v2\/users\/1"}],"replies":[{"embeddable":true,"href":"https:\/\/agora.xtec.cat\/cfarafaelfarre\/wp-json\/wp\/v2\/comments?post=894"}],"version-history":[{"count":3,"href":"https:\/\/agora.xtec.cat\/cfarafaelfarre\/wp-json\/wp\/v2\/pages\/894\/revisions"}],"predecessor-version":[{"id":973,"href":"https:\/\/agora.xtec.cat\/cfarafaelfarre\/wp-json\/wp\/v2\/pages\/894\/revisions\/973"}],"up":[{"embeddable":true,"href":"https:\/\/agora.xtec.cat\/cfarafaelfarre\/wp-json\/wp\/v2\/pages\/261"}],"wp:attachment":[{"href":"https:\/\/agora.xtec.cat\/cfarafaelfarre\/wp-json\/wp\/v2\/media?parent=894"}],"curies":[{"name":"wp","href":"https:\/\/api.w.org\/{rel}","templated":true}]}}