{"id":261,"date":"2015-01-27T17:25:01","date_gmt":"2015-01-27T16:25:01","guid":{"rendered":"http:\/\/agora.xtec.cat\/cfarafaelfarre\/\/?page_id=261"},"modified":"2023-06-09T11:35:31","modified_gmt":"2023-06-09T09:35:31","slug":"el-centre","status":"publish","type":"page","link":"https:\/\/agora.xtec.cat\/cfarafaelfarre\/el-centre\/","title":{"rendered":"El Centre"},"content":{"rendered":"<h5>Que \u00e9s i com funciona el CFA Rafael Farr\u00e9?<\/h5>\n<p><span style=\"font-family: Arial, Helvetica, sans-serif; font-size: small;\">El CFA Rafael Farr\u00e9 \u00e9s un centre p\u00fablic de la Generalitat de Catalunya, <\/span><span style=\"font-family: Arial, Helvetica, sans-serif; font-size: small;\">una opci\u00f3 perfecte per qui vol formar-se i adquirir nous coneixements. Disposem d&#8217;una \u00e0mplia oferta formativa que inclou tots els nivells d&#8217;ensenyament reglat, cursos d&#8217;inform\u00e0tica, angl\u00e8s, castell\u00e0 i catal\u00e0.<\/span><\/p>\n<p><a href=\"https:\/\/agora.xtec.cat\/cfarafaelfarre\/wp-content\/uploads\/usu2189\/2021\/06\/2-1.jpg\"><img loading=\"lazy\" decoding=\"async\" class=\"wp-image-772 aligncenter\" src=\"https:\/\/agora.xtec.cat\/cfarafaelfarre\/wp-content\/uploads\/usu2189\/2021\/06\/2-1-1024x768.jpg\" alt=\"\" width=\"560\" height=\"420\" srcset=\"https:\/\/agora.xtec.cat\/cfarafaelfarre\/wp-content\/uploads\/usu2189\/2021\/06\/2-1-1024x768.jpg 1024w, https:\/\/agora.xtec.cat\/cfarafaelfarre\/wp-content\/uploads\/usu2189\/2021\/06\/2-1-300x225.jpg 300w, https:\/\/agora.xtec.cat\/cfarafaelfarre\/wp-content\/uploads\/usu2189\/2021\/06\/2-1-768x576.jpg 768w, https:\/\/agora.xtec.cat\/cfarafaelfarre\/wp-content\/uploads\/usu2189\/2021\/06\/2-1-200x150.jpg 200w, https:\/\/agora.xtec.cat\/cfarafaelfarre\/wp-content\/uploads\/usu2189\/2021\/06\/2-1.jpg 2000w\" sizes=\"auto, (max-width: 560px) 100vw, 560px\" \/><\/a><span style=\"font-family: Arial, Helvetica, sans-serif; font-size: small;\">L&#8217;horari lectiu del centre \u00e9s de 15:30 a 21:00 de dilluns a divendres i de 9:00 a 12:30 dimarts i dijous. <\/span><span style=\"font-family: Arial, Helvetica, sans-serif; font-size: small;\">El centre disposa de set aules de classe, una aula d&#8217;estudi, dues aules d&#8217;inform\u00e0tica i un espai de lectura.<\/span><\/p>\n<p><a href=\"https:\/\/agora.xtec.cat\/cfarafaelfarre\/wp-content\/uploads\/usu2189\/2021\/06\/3-1.jpg\"><img loading=\"lazy\" decoding=\"async\" class=\"alignnone wp-image-773\" src=\"https:\/\/agora.xtec.cat\/cfarafaelfarre\/wp-content\/uploads\/usu2189\/2021\/06\/3-1-1024x768.jpg\" alt=\"\" width=\"480\" height=\"360\" srcset=\"https:\/\/agora.xtec.cat\/cfarafaelfarre\/wp-content\/uploads\/usu2189\/2021\/06\/3-1-1024x768.jpg 1024w, https:\/\/agora.xtec.cat\/cfarafaelfarre\/wp-content\/uploads\/usu2189\/2021\/06\/3-1-300x225.jpg 300w, https:\/\/agora.xtec.cat\/cfarafaelfarre\/wp-content\/uploads\/usu2189\/2021\/06\/3-1-768x576.jpg 768w, https:\/\/agora.xtec.cat\/cfarafaelfarre\/wp-content\/uploads\/usu2189\/2021\/06\/3-1-200x150.jpg 200w, https:\/\/agora.xtec.cat\/cfarafaelfarre\/wp-content\/uploads\/usu2189\/2021\/06\/3-1.jpg 2000w\" sizes=\"auto, (max-width: 480px) 100vw, 480px\" \/><\/a> <a href=\"https:\/\/agora.xtec.cat\/cfarafaelfarre\/wp-content\/uploads\/usu2189\/2021\/06\/1-1.jpg\"><img loading=\"lazy\" decoding=\"async\" class=\"alignnone wp-image-771\" src=\"https:\/\/agora.xtec.cat\/cfarafaelfarre\/wp-content\/uploads\/usu2189\/2021\/06\/1-1-1024x768.jpg\" alt=\"\" width=\"480\" height=\"360\" srcset=\"https:\/\/agora.xtec.cat\/cfarafaelfarre\/wp-content\/uploads\/usu2189\/2021\/06\/1-1-1024x768.jpg 1024w, https:\/\/agora.xtec.cat\/cfarafaelfarre\/wp-content\/uploads\/usu2189\/2021\/06\/1-1-300x225.jpg 300w, https:\/\/agora.xtec.cat\/cfarafaelfarre\/wp-content\/uploads\/usu2189\/2021\/06\/1-1-768x576.jpg 768w, https:\/\/agora.xtec.cat\/cfarafaelfarre\/wp-content\/uploads\/usu2189\/2021\/06\/1-1-200x150.jpg 200w, https:\/\/agora.xtec.cat\/cfarafaelfarre\/wp-content\/uploads\/usu2189\/2021\/06\/1-1.jpg 2000w\" sizes=\"auto, (max-width: 480px) 100vw, 480px\" \/><\/a><\/p>\n<p><span style=\"font-family: Arial, Helvetica, sans-serif; font-size: small;\">Les activitats complement\u00e0ries que es programen al llarg del curs consisteixen en sortides, visites culturals, xerrades i confer\u00e8ncies que tant es poden impartir en el mateix centre o b\u00e9 assistint a programes proposats per entitats locals. Tamb\u00e9 es celebren activitats de caire m\u00e9s festiu.<\/span><\/p>\n<h5>Qui pot assistir al CFA Rafael Farr\u00e9?<\/h5>\n<p><span style=\"font-family: Arial, Helvetica, sans-serif; font-size: small;\">Com que es tracta d&#8217;un Centre de Formaci\u00f3 d&#8217;Adults existeixen algunes limitacions respecte a l&#8217;edat de les persones que poden matricular-se en el centre:<\/span><\/p>\n<table style=\"height: 399px; width: 66.9944%;\" border=\"2\" width=\"88%\">\n<tbody>\n<tr style=\"height: 57px;\">\n<td style=\"height: 57px; width: 38.5585%;\" width=\"65%\">Formaci\u00f3 instrumental<\/td>\n<td style=\"height: 228px; width: 40.4366%;\" rowspan=\"4\" width=\"35%\">Persones a partir de 18 anys<\/p>\n<p>(o a partir de 16 anys amb autoritzaci\u00f3 d&#8217;Inspecci\u00f3 d&#8217;Educaci\u00f3)<\/td>\n<\/tr>\n<tr style=\"height: 57px;\">\n<td style=\"height: 57px; width: 38.5585%;\" width=\"65%\">Graduat en Educaci\u00f3 Secund\u00e0ria (GES)<\/td>\n<\/tr>\n<tr style=\"height: 57px;\">\n<td style=\"height: 57px; width: 38.5585%;\">Angl\u00e8s<\/td>\n<\/tr>\n<tr style=\"height: 57px;\">\n<td style=\"height: 57px; width: 38.5585%;\" width=\"65%\">Inform\u00e0tica (COMPETIC)<\/td>\n<\/tr>\n<tr style=\"height: 57px;\">\n<td style=\"height: 57px; width: 38.5585%;\" width=\"65%\" height=\"41\">Preparaci\u00f3 prova d&#8217;acc\u00e9s a CFGS<\/td>\n<td style=\"height: 57px; width: 40.4366%;\" width=\"35%\">Persones a partir de 19 anys l\u2019any de realitzaci\u00f3 de la prova<\/td>\n<\/tr>\n<tr style=\"height: 57px;\">\n<td style=\"height: 57px; width: 38.5585%;\" height=\"42\">Preparaci\u00f3 prova d&#8217;acc\u00e9s a la universitat majors de 25 anys<\/td>\n<td style=\"height: 57px; width: 40.4366%;\">Persones a partir de 25 anys l\u2019any de realitzaci\u00f3 de la prova<\/td>\n<\/tr>\n<tr style=\"height: 57px;\">\n<td style=\"height: 57px; width: 38.5585%;\" height=\"23\">Preparaci\u00f3 prova d&#8217;acc\u00e9s a la universitat majors de 45 anys<\/td>\n<td style=\"height: 57px; width: 40.4366%;\">Persones a partir de 45 anys l\u2019any de realitzaci\u00f3 de la prova<\/td>\n<\/tr>\n<\/tbody>\n<\/table>\n<h5>On ens trobem?<\/h5>\n<p><span style=\"font-family: Arial, Helvetica, sans-serif; font-size: small;\">Carrer Canal de la Infanta 23-25<br \/>\n08750 &#8211; Molins de Rei (Barcelona)<br \/>\nTel\u00e8fon: 936801636<br \/>\nA\/e: a8055695<span class=\"atwho-query\">@xtec.cat<\/span><\/span><\/p>\n","protected":false},"excerpt":{"rendered":"<p>Que \u00e9s i com funciona el CFA Rafael Farr\u00e9?<br \/>\nEl CFA Rafael Farr\u00e9 \u00e9s un centre p\u00fablic de la Generalitat de Catalunya, una opci\u00f3 perfecte per qui vol formar-se i adquirir nous coneixements. Disposem d&#8217;una \u00e0mplia oferta formativa que inclou tots els nivells d&#8217;ensenyament reglat, cursos&hellip;  <a href=\"https:\/\/agora.xtec.cat\/cfarafaelfarre\/el-centre\/\" title=\"Read El Centre\">Llegeix m\u00e9s\u00bb<\/a><\/p>\n","protected":false},"author":1,"featured_media":0,"parent":0,"menu_order":0,"comment_status":"closed","ping_status":"closed","template":"page-templates\/side-menu.php","meta":{"_bbp_topic_count":0,"_bbp_reply_count":0,"_bbp_total_topic_count":0,"_bbp_total_reply_count":0,"_bbp_voice_count":0,"_bbp_anonymous_reply_count":0,"_bbp_topic_count_hidden":0,"_bbp_reply_count_hidden":0,"_bbp_forum_subforum_count":0,"footnotes":""},"class_list":["post-261","page","type-page","status-publish","hentry"],"post_mailing_queue_ids":[],"_links":{"self":[{"href":"https:\/\/agora.xtec.cat\/cfarafaelfarre\/wp-json\/wp\/v2\/pages\/261","targetHints":{"allow":["GET"]}}],"collection":[{"href":"https:\/\/agora.xtec.cat\/cfarafaelfarre\/wp-json\/wp\/v2\/pages"}],"about":[{"href":"https:\/\/agora.xtec.cat\/cfarafaelfarre\/wp-json\/wp\/v2\/types\/page"}],"author":[{"embeddable":true,"href":"https:\/\/agora.xtec.cat\/cfarafaelfarre\/wp-json\/wp\/v2\/users\/1"}],"replies":[{"embeddable":true,"href":"https:\/\/agora.xtec.cat\/cfarafaelfarre\/wp-json\/wp\/v2\/comments?post=261"}],"version-history":[{"count":4,"href":"https:\/\/agora.xtec.cat\/cfarafaelfarre\/wp-json\/wp\/v2\/pages\/261\/revisions"}],"predecessor-version":[{"id":970,"href":"https:\/\/agora.xtec.cat\/cfarafaelfarre\/wp-json\/wp\/v2\/pages\/261\/revisions\/970"}],"wp:attachment":[{"href":"https:\/\/agora.xtec.cat\/cfarafaelfarre\/wp-json\/wp\/v2\/media?parent=261"}],"curies":[{"name":"wp","href":"https:\/\/api.w.org\/{rel}","templated":true}]}}