{"id":1347,"date":"2023-06-12T17:58:29","date_gmt":"2023-06-12T15:58:29","guid":{"rendered":"https:\/\/agora.xtec.cat\/cfarafaelfarre\/?page_id=1347"},"modified":"2023-06-27T19:46:41","modified_gmt":"2023-06-27T17:46:41","slug":"diagnosi","status":"publish","type":"page","link":"https:\/\/agora.xtec.cat\/cfarafaelfarre\/pla-digital-de-centre\/estrategia-digital\/diagnosi\/","title":{"rendered":"Diagnosi"},"content":{"rendered":"<p>Per tal de poder establir uns objectius i unes actuacions adients a les necessitats i mancances del CFA Rafael Farr\u00e9 en relaci\u00f3 amb la digitalitzaci\u00f3 del centre, el tercer trimestre del curs 2021-22 es va fer una diagnosi digital del centre amb l\u2019aplicaci\u00f3 Selfie.<\/p>\n<p><a href=\"https:\/\/agora.xtec.cat\/cfarafaelfarre\/wp-content\/uploads\/usu2189\/2023\/06\/selfie.png\"><img loading=\"lazy\" decoding=\"async\" class=\"alignnone size-large wp-image-1441\" src=\"https:\/\/agora.xtec.cat\/cfarafaelfarre\/wp-content\/uploads\/usu2189\/2023\/06\/selfie-1024x617.png\" alt=\"\" width=\"1024\" height=\"617\" srcset=\"https:\/\/agora.xtec.cat\/cfarafaelfarre\/wp-content\/uploads\/usu2189\/2023\/06\/selfie-1024x617.png 1024w, https:\/\/agora.xtec.cat\/cfarafaelfarre\/wp-content\/uploads\/usu2189\/2023\/06\/selfie-300x181.png 300w, https:\/\/agora.xtec.cat\/cfarafaelfarre\/wp-content\/uploads\/usu2189\/2023\/06\/selfie-768x462.png 768w, https:\/\/agora.xtec.cat\/cfarafaelfarre\/wp-content\/uploads\/usu2189\/2023\/06\/selfie.png 1151w\" sizes=\"auto, (max-width: 1024px) 100vw, 1024px\" \/><\/a><\/p>\n<p>En aquesta diagnosi hi van participar alumnes i professors, i del seu resultat la comissi\u00f3 digital va establir l\u2019estrat\u00e8gia digital del centre en els anys seg\u00fcents.<\/p>\n","protected":false},"excerpt":{"rendered":"<p>Per tal de poder establir uns objectius i unes actuacions adients a les necessitats i mancances del CFA Rafael Farr\u00e9 en relaci\u00f3 amb la digitalitzaci\u00f3 del centre, el tercer trimestre del curs 2021-22 es va fer una diagnosi digital del centre amb l\u2019aplicaci\u00f3 Selfie.<br \/>\n<a href=\"https:\/\/agora.xtec.cat\/cfarafaelfarre\/wp-content\/uploads\/usu2189\/2023\/06\/selfie.png\"><\/a><br \/>\nEn&hellip;  <a href=\"https:\/\/agora.xtec.cat\/cfarafaelfarre\/pla-digital-de-centre\/estrategia-digital\/diagnosi\/\" title=\"Read Diagnosi\">Llegeix m\u00e9s\u00bb<\/a><\/p>\n","protected":false},"author":1,"featured_media":0,"parent":1320,"menu_order":0,"comment_status":"closed","ping_status":"closed","template":"","meta":{"_bbp_topic_count":0,"_bbp_reply_count":0,"_bbp_total_topic_count":0,"_bbp_total_reply_count":0,"_bbp_voice_count":0,"_bbp_anonymous_reply_count":0,"_bbp_topic_count_hidden":0,"_bbp_reply_count_hidden":0,"_bbp_forum_subforum_count":0,"footnotes":""},"class_list":["post-1347","page","type-page","status-publish","hentry"],"post_mailing_queue_ids":[],"_links":{"self":[{"href":"https:\/\/agora.xtec.cat\/cfarafaelfarre\/wp-json\/wp\/v2\/pages\/1347","targetHints":{"allow":["GET"]}}],"collection":[{"href":"https:\/\/agora.xtec.cat\/cfarafaelfarre\/wp-json\/wp\/v2\/pages"}],"about":[{"href":"https:\/\/agora.xtec.cat\/cfarafaelfarre\/wp-json\/wp\/v2\/types\/page"}],"author":[{"embeddable":true,"href":"https:\/\/agora.xtec.cat\/cfarafaelfarre\/wp-json\/wp\/v2\/users\/1"}],"replies":[{"embeddable":true,"href":"https:\/\/agora.xtec.cat\/cfarafaelfarre\/wp-json\/wp\/v2\/comments?post=1347"}],"version-history":[{"count":2,"href":"https:\/\/agora.xtec.cat\/cfarafaelfarre\/wp-json\/wp\/v2\/pages\/1347\/revisions"}],"predecessor-version":[{"id":1442,"href":"https:\/\/agora.xtec.cat\/cfarafaelfarre\/wp-json\/wp\/v2\/pages\/1347\/revisions\/1442"}],"up":[{"embeddable":true,"href":"https:\/\/agora.xtec.cat\/cfarafaelfarre\/wp-json\/wp\/v2\/pages\/1320"}],"wp:attachment":[{"href":"https:\/\/agora.xtec.cat\/cfarafaelfarre\/wp-json\/wp\/v2\/media?parent=1347"}],"curies":[{"name":"wp","href":"https:\/\/api.w.org\/{rel}","templated":true}]}}