{"id":1306,"date":"2023-06-09T09:59:43","date_gmt":"2023-06-09T07:59:43","guid":{"rendered":"https:\/\/agora.xtec.cat\/cfarafaelfarre\/?page_id=1306"},"modified":"2023-06-09T11:41:39","modified_gmt":"2023-06-09T09:41:39","slug":"comunicacio-digital-i-xarxes-socials","status":"publish","type":"page","link":"https:\/\/agora.xtec.cat\/cfarafaelfarre\/pla-digital-de-centre\/cultura-digital\/comunicacio-digital-i-xarxes-socials\/","title":{"rendered":"Comunicaci\u00f3 digital i xarxes socials"},"content":{"rendered":"<p><b>Web del centre<\/b><span style=\"font-weight: 400;\">. Ofereix informaci\u00f3 p\u00fablica. S&#8217;hi poden trobar informacions est\u00e0tiques, que es revisen peri\u00f2dicament (documentaci\u00f3, dates del curs, per\u00edodes d&#8217;inscripci\u00f3&#8230;) i articles din\u00e0mics sobre el dia a dia del centre (not\u00edcies, articles, enlla\u00e7os, v\u00eddeos i fotografies de les activitats&#8230;)<\/span><\/p>\n<p><b>Correu electr\u00f2nic<\/b><span style=\"font-weight: 400;\">. S\u2019utilitza el correu del centre i els corporatius del professorat per a la comunicaci\u00f3 interna i externa.<\/span><\/p>\n<p><span style=\"font-weight: 400;\">El professorat disposa de dos correus corporatius: un amb extensi\u00f3 <\/span><i><span style=\"font-weight: 400;\">@xtec.cat<\/span><\/i><span style=\"font-weight: 400;\"> per la comunicaci\u00f3 externa i entre professors, i un altre <\/span><i><span style=\"font-weight: 400;\">@cfarafaelfarre.cat <\/span><\/i><span style=\"font-weight: 400;\">per la comunicaci\u00f3 amb l\u2019alumnat.<\/span><\/p>\n<p><b>Google Meet<\/b><span style=\"font-weight: 400;\">. Canal de comunicaci\u00f3 per realitzar videoconfer\u00e8ncies entre professors o entre professors i alumnes.<\/span><\/p>\n<p><b>Instagram, Twitter i Facebook<\/b><span style=\"font-weight: 400;\">. S&#8217;utilitza com a aparador del centre. \u00c9s en aquestes xarxes on es publiquen not\u00edcies i informaci\u00f3 del centre, aix\u00ed com activitats i treballs realitzats pels alumnes.<\/span><\/p>\n<p><b>Whatsapp<\/b><span style=\"font-weight: 400;\">. Es fa servir com a canal de comunicaci\u00f3 entre alumnes i professors, i com a eina per a l&#8217;intercanvi d&#8217;informaci\u00f3 i documentaci\u00f3. Cada classe t\u00e9 el seu grup propi. A m\u00e9s, el centre disposa d&#8217;un canal de WhatsApp per a tots els grups del centre en qu\u00e8 nom\u00e9s els administradors (personal del centre) hi pot publicar; es fa servir per enviar notificacions i informacions generals del centre.<\/span><\/p>\n","protected":false},"excerpt":{"rendered":"<p>Web del centre. Ofereix informaci\u00f3 p\u00fablica. S&#8217;hi poden trobar informacions est\u00e0tiques, que es revisen peri\u00f2dicament (documentaci\u00f3, dates del curs, per\u00edodes d&#8217;inscripci\u00f3&#8230;) i articles din\u00e0mics sobre el dia a dia del centre (not\u00edcies, articles, enlla\u00e7os, v\u00eddeos i fotografies de les activitats&#8230;)<br \/>\nCorreu electr\u00f2nic. S\u2019utilitza el correu del&hellip;  <a href=\"https:\/\/agora.xtec.cat\/cfarafaelfarre\/pla-digital-de-centre\/cultura-digital\/comunicacio-digital-i-xarxes-socials\/\" title=\"Read Comunicaci\u00f3 digital i xarxes socials\">Llegeix m\u00e9s\u00bb<\/a><\/p>\n","protected":false},"author":1,"featured_media":0,"parent":1298,"menu_order":0,"comment_status":"closed","ping_status":"closed","template":"","meta":{"_bbp_topic_count":0,"_bbp_reply_count":0,"_bbp_total_topic_count":0,"_bbp_total_reply_count":0,"_bbp_voice_count":0,"_bbp_anonymous_reply_count":0,"_bbp_topic_count_hidden":0,"_bbp_reply_count_hidden":0,"_bbp_forum_subforum_count":0,"footnotes":""},"class_list":["post-1306","page","type-page","status-publish","hentry"],"post_mailing_queue_ids":[],"_links":{"self":[{"href":"https:\/\/agora.xtec.cat\/cfarafaelfarre\/wp-json\/wp\/v2\/pages\/1306","targetHints":{"allow":["GET"]}}],"collection":[{"href":"https:\/\/agora.xtec.cat\/cfarafaelfarre\/wp-json\/wp\/v2\/pages"}],"about":[{"href":"https:\/\/agora.xtec.cat\/cfarafaelfarre\/wp-json\/wp\/v2\/types\/page"}],"author":[{"embeddable":true,"href":"https:\/\/agora.xtec.cat\/cfarafaelfarre\/wp-json\/wp\/v2\/users\/1"}],"replies":[{"embeddable":true,"href":"https:\/\/agora.xtec.cat\/cfarafaelfarre\/wp-json\/wp\/v2\/comments?post=1306"}],"version-history":[{"count":2,"href":"https:\/\/agora.xtec.cat\/cfarafaelfarre\/wp-json\/wp\/v2\/pages\/1306\/revisions"}],"predecessor-version":[{"id":1325,"href":"https:\/\/agora.xtec.cat\/cfarafaelfarre\/wp-json\/wp\/v2\/pages\/1306\/revisions\/1325"}],"up":[{"embeddable":true,"href":"https:\/\/agora.xtec.cat\/cfarafaelfarre\/wp-json\/wp\/v2\/pages\/1298"}],"wp:attachment":[{"href":"https:\/\/agora.xtec.cat\/cfarafaelfarre\/wp-json\/wp\/v2\/media?parent=1306"}],"curies":[{"name":"wp","href":"https:\/\/api.w.org\/{rel}","templated":true}]}}