{"id":784,"date":"2019-04-04T15:10:11","date_gmt":"2019-04-04T13:10:11","guid":{"rendered":"http:\/\/agora.xtec.cat\/cfaplaestany\/?page_id=784"},"modified":"2019-04-04T15:14:17","modified_gmt":"2019-04-04T13:14:17","slug":"lectures-a-laula","status":"publish","type":"page","link":"https:\/\/agora.xtec.cat\/cfaplaestany\/projecte-educatiu\/lectures-a-laula\/","title":{"rendered":"Lectures a l&#8217;aula"},"content":{"rendered":"<p><span lang=\"CA\"><a href=\"https:\/\/agora.xtec.cat\/cfaplaestany\/wp-content\/uploads\/usu1886\/2019\/04\/lectures-a-laula.jpg\"><img loading=\"lazy\" decoding=\"async\" class=\"size-full wp-image-785 alignleft\" src=\"https:\/\/agora.xtec.cat\/cfaplaestany\/wp-content\/uploads\/usu1886\/2019\/04\/lectures-a-laula.jpg\" alt=\"\" width=\"204\" height=\"207\" \/><\/a>El projecte\u00a0<b>\u2018Lectures a l\u2019aula\u2019<\/b>\u00a0\u00a0s\u2019engeg\u00e0 el curs 2012\/2013. Aquest projecte consisteix en que treballadors i\/o voluntaris de la Biblioteca de Banyoles ens visitin un cop al mes a les classes i conjuntament llegim un fragment de llibre o un text adequat al nivell de cada grup, i despr\u00e9s el comentem.<\/span><\/p>\n<p><span lang=\"CA\">En els cursos posteriors, s\u2019ampli\u00e0 la col.laboraci\u00f3 i, a m\u00e9s de voluntaris de la\u00a0<a href=\"http:\/\/www.bibgirona.cat\/biblioteca\/bibliotecadebanyoles\" target=\"_blank\" rel=\"nofollow noopener\"><b>Biblioteca de Banyoles<\/b><\/a>, tamb\u00e9 hi estan participant voluntariat de l&#8217;associaci\u00f3\u00a0\u00a0<b>\u2018<a href=\"http:\/\/www.compromesosamblalectura.org\/\" target=\"_blank\" rel=\"nofollow noopener\">Compromesos amb la lectura<\/a>\u2019<\/b>de Banyoles. El projecte s\u2019inici\u00e0 en un primer moment, amb lectures en catal\u00e0 per\u00f2 hem anat ampliant-lo tamb\u00e9 amb lectures en castell\u00e0 i a l\u2019angl\u00e8s.\u00a0\u00a0Els objectius d\u2019aquest projecte s\u00f3n fomentar el gust per la lectura, donar a con\u00e8ixer escriptors i obres variats,\u00a0\u00a0millorar l\u2019aprenentatge de la llengua i ajudar a crear una xarxa de col\u00b7laboraci\u00f3 entre entitats del Pla de l\u2019Estany.<\/span><\/p>\n","protected":false},"excerpt":{"rendered":"<p><a href=\"https:\/\/agora.xtec.cat\/cfaplaestany\/wp-content\/uploads\/usu1886\/2019\/04\/lectures-a-laula.jpg\"><\/a>El projecte\u00a0\u2018Lectures a l\u2019aula\u2019\u00a0\u00a0s\u2019engeg\u00e0 el curs 2012\/2013. Aquest projecte consisteix en que treballadors i\/o voluntaris de la Biblioteca de Banyoles ens visitin un cop al mes a les classes i conjuntament llegim un fragment de llibre o un text adequat al nivell de cada&hellip;  <a href=\"https:\/\/agora.xtec.cat\/cfaplaestany\/projecte-educatiu\/lectures-a-laula\/\" title=\"Read Lectures a l&#8217;aula\">Llegeix m\u00e9s\u00bb<\/a><\/p>\n","protected":false},"author":3,"featured_media":0,"parent":57,"menu_order":0,"comment_status":"closed","ping_status":"closed","template":"page-templates\/side-menu.php","meta":{"_bbp_topic_count":0,"_bbp_reply_count":0,"_bbp_total_topic_count":0,"_bbp_total_reply_count":0,"_bbp_voice_count":0,"_bbp_anonymous_reply_count":0,"_bbp_topic_count_hidden":0,"_bbp_reply_count_hidden":0,"_bbp_forum_subforum_count":0,"footnotes":""},"class_list":["post-784","page","type-page","status-publish","hentry"],"post_mailing_queue_ids":[],"_links":{"self":[{"href":"https:\/\/agora.xtec.cat\/cfaplaestany\/wp-json\/wp\/v2\/pages\/784","targetHints":{"allow":["GET"]}}],"collection":[{"href":"https:\/\/agora.xtec.cat\/cfaplaestany\/wp-json\/wp\/v2\/pages"}],"about":[{"href":"https:\/\/agora.xtec.cat\/cfaplaestany\/wp-json\/wp\/v2\/types\/page"}],"author":[{"embeddable":true,"href":"https:\/\/agora.xtec.cat\/cfaplaestany\/wp-json\/wp\/v2\/users\/3"}],"replies":[{"embeddable":true,"href":"https:\/\/agora.xtec.cat\/cfaplaestany\/wp-json\/wp\/v2\/comments?post=784"}],"version-history":[{"count":2,"href":"https:\/\/agora.xtec.cat\/cfaplaestany\/wp-json\/wp\/v2\/pages\/784\/revisions"}],"predecessor-version":[{"id":787,"href":"https:\/\/agora.xtec.cat\/cfaplaestany\/wp-json\/wp\/v2\/pages\/784\/revisions\/787"}],"up":[{"embeddable":true,"href":"https:\/\/agora.xtec.cat\/cfaplaestany\/wp-json\/wp\/v2\/pages\/57"}],"wp:attachment":[{"href":"https:\/\/agora.xtec.cat\/cfaplaestany\/wp-json\/wp\/v2\/media?parent=784"}],"curies":[{"name":"wp","href":"https:\/\/api.w.org\/{rel}","templated":true}]}}