{"id":63,"date":"2022-05-18T10:06:31","date_gmt":"2022-05-18T08:06:31","guid":{"rendered":"http:\/\/agora.xtec.cat\/cfaplaestany\/?page_id=63"},"modified":"2022-05-25T13:46:10","modified_gmt":"2022-05-25T11:46:10","slug":"serveis","status":"publish","type":"page","link":"https:\/\/agora.xtec.cat\/cfaplaestany\/serveis\/","title":{"rendered":"Serveis"},"content":{"rendered":"<p>El CFA Pla de l&#8217;Estany ofereix els seg\u00fcents serveis oberts a tothom:<\/p>\n<ul>\n<li>Punt d&#8217;informaci\u00f3 i orientaci\u00f3 per a les <a href=\"https:\/\/fp.gencat.cat\/ca\/acreditacio\/\">acreditacions professionals<\/a><\/li>\n<li>Acollida i tutories per a informar i orientar en els \u00e0mbits de la formaci\u00f3 i l&#8217;educaci\u00f3 per a totes aquelles persones que ho necessitin. Podeu demanar hora al tel\u00e8fon 972 57 10 80 o b\u00e9, escriure un correu electr\u00f2nic a cfaplaestany@xtec.cat .<\/li>\n<\/ul>\n<p>Serveis per als estudiants del centre:<\/p>\n<ul>\n<li>Entorn de treball Google amb correu electr\u00f2nic escolar. \u00das del Google classroom com a eina de suport i treball a l&#8217;aula o des de casa.<\/li>\n<li>. Aula d&#8217;autoformaci\u00f3.<\/li>\n<\/ul>\n","protected":false},"excerpt":{"rendered":"<p>El CFA Pla de l&#8217;Estany ofereix els seg\u00fcents serveis oberts a tothom:<\/p>\n<ul>\n<li>Punt d&#8217;informaci\u00f3 i orientaci\u00f3 per a les <a href=\"https:\/\/fp.gencat.cat\/ca\/acreditacio\/\">acreditacions professionals<\/a><\/li>\n<li>Acollida i tutories per a informar i orientar en els \u00e0mbits de la formaci\u00f3 i l&#8217;educaci\u00f3 per a totes aquelles persones que ho necessitin. Podeu&hellip;  <a href=\"https:\/\/agora.xtec.cat\/cfaplaestany\/serveis\/\" title=\"Read Serveis\">Llegeix m\u00e9s\u00bb<\/a><br \/>\n","protected":false},"author":1,"featured_media":0,"parent":0,"menu_order":0,"comment_status":"closed","ping_status":"closed","template":"page-templates\/side-menu.php","meta":{"_bbp_topic_count":0,"_bbp_reply_count":0,"_bbp_total_topic_count":0,"_bbp_total_reply_count":0,"_bbp_voice_count":0,"_bbp_anonymous_reply_count":0,"_bbp_topic_count_hidden":0,"_bbp_reply_count_hidden":0,"_bbp_forum_subforum_count":0,"footnotes":""},"class_list":["post-63","page","type-page","status-publish","hentry"],"post_mailing_queue_ids":[],"_links":{"self":[{"href":"https:\/\/agora.xtec.cat\/cfaplaestany\/wp-json\/wp\/v2\/pages\/63","targetHints":{"allow":["GET"]}}],"collection":[{"href":"https:\/\/agora.xtec.cat\/cfaplaestany\/wp-json\/wp\/v2\/pages"}],"about":[{"href":"https:\/\/agora.xtec.cat\/cfaplaestany\/wp-json\/wp\/v2\/types\/page"}],"author":[{"embeddable":true,"href":"https:\/\/agora.xtec.cat\/cfaplaestany\/wp-json\/wp\/v2\/users\/1"}],"replies":[{"embeddable":true,"href":"https:\/\/agora.xtec.cat\/cfaplaestany\/wp-json\/wp\/v2\/comments?post=63"}],"version-history":[{"count":3,"href":"https:\/\/agora.xtec.cat\/cfaplaestany\/wp-json\/wp\/v2\/pages\/63\/revisions"}],"predecessor-version":[{"id":1923,"href":"https:\/\/agora.xtec.cat\/cfaplaestany\/wp-json\/wp\/v2\/pages\/63\/revisions\/1923"}],"wp:attachment":[{"href":"https:\/\/agora.xtec.cat\/cfaplaestany\/wp-json\/wp\/v2\/media?parent=63"}],"curies":[{"name":"wp","href":"https:\/\/api.w.org\/{rel}","templated":true}]}}