{"id":538,"date":"2025-05-11T10:12:33","date_gmt":"2025-05-11T08:12:33","guid":{"rendered":"http:\/\/agora.xtec.cat\/cfaplaestany\/?page_id=538"},"modified":"2025-06-19T09:27:37","modified_gmt":"2025-06-19T07:27:37","slug":"requisits-dacces","status":"publish","type":"page","link":"https:\/\/agora.xtec.cat\/cfaplaestany\/el-centre\/requisits-dacces\/","title":{"rendered":"Com inscriure&#8217;s"},"content":{"rendered":"<p align=\"left\">El per\u00edode d\u2019inscripcions \u00e9s l\u2019\u00faltima setmana del mes de juny; les dates varien cada any. Consulteu el calendari de preinscripcions i matr\u00edcules<strong> <a href=\"https:\/\/preinscripcio.gencat.cat\/ca\/estudis\/educacio-adults\/inici\/\">AQU\u00cd<\/a>.<\/strong><\/p>\n<p align=\"left\">Durant aquesta setmana de juny fem les\u00a0<a href=\"http:\/\/queestudiar.gencat.cat\/ca\/preinscripcio\/estudis\/adults\/calendari\/\" target=\"_blank\" rel=\"nofollow noopener noreferrer\"><b>preinscripcions<\/b>\u00a0<\/a>a tots els cursos (GES, Angl\u00e8s, Inform\u00e0tica, Catal\u00e0, Castell\u00e0 i Formaci\u00f3 Instrumental). Els cursos comencen tots el mes de setembre. Un cop feta la preinscripci\u00f3, cal venir al setembre a confirmar la matr\u00edcula.<\/p>\n<p>Fer la preinscripci\u00f3 i, al setembre la matr\u00edcula, \u00e9s la millor manera d\u2019obtenir pla\u00e7a als cursos.<\/p>\n<p>Durant el curs s\u2019accepten noves incorporacions despr\u00e9s de fer una prova de nivell i nom\u00e9s en els cursos on hi hagi alguna pla\u00e7a vacant.<\/p>\n<p>Pel curs de <strong>GES<\/strong> (Graduat d\u2019Educaci\u00f3 Secund\u00e0ria) hi ha <strong>inscripcions trimestrals<\/strong>. Cal estar atent a la nostra web per saber les dates d\u2019inscripci\u00f3 o b\u00e9 trucar a l\u2019escola. Si alg\u00fa necessita m\u00e9s informaci\u00f3, tenim una hora setmanal d\u2019acollida per qualsevol dubte abans d\u2019inscriure\u2019s. Pel GES, recordeu portar el certificat de notes. Demaneu hora d\u2019entrevista trucant (972 57 10 80) o b\u00e9 per correu electr\u00f2nic (cfaplaestany@xtec.cat).<\/p>\n<p>La inscripci\u00f3 \u00e9s gratu\u00efta ja que som un centre p\u00fablic que depenem del Departament d&#8217;Educaci\u00f3 de la Generalitat de Catalunya. Per poder assistir a qualsevol curs, nom\u00e9s cal pagar els materials que s&#8217;hi utilitzen (llibres, fotoc\u00f2pies, dossiers,etc.)<\/p>\n<p><strong>Requisits d&#8217;acc\u00e9s:<\/strong><\/p>\n<p><span style=\"font-size: 14px;\">Amb car\u00e0cter general, per accedir a l&#8217;educaci\u00f3 d&#8217;adults cal tenir 18 anys, o b\u00e9 complir-los durant l&#8217;any natural en qu\u00e8 s&#8217;inicia la formaci\u00f3.<\/span><\/p>\n<p><span style=\"font-size: 14px;\">Tamb\u00e9 hi poden accedir les persones majors de 16 anys o que els compleixin durant l&#8217;any natural en qu\u00e8 inicien la formaci\u00f3 en els casos seg\u00fcents:<\/span><\/p>\n<ul style=\"font-size: 14px; font-family: 'Helvetica Neue', Helvetica, Helvetica, Arial, sans-serif;\">\n<li>si tenen un contracte laboral que els impedeixi assistir als centres educatius en r\u00e8gim ordinari;<\/li>\n<li>si es troben en proc\u00e9s d&#8217;obtenci\u00f3 d&#8217;un perm\u00eds de treball;<\/li>\n<li>si s\u00f3n esportistes d&#8217;alt rendiment;<\/li>\n<li>si s\u00f3n alumnes que han cursat i superat els m\u00f2duls obligatoris dels programes de qualificaci\u00f3 professional inicial;<\/li>\n<li>si s\u00f3n alumnes que han cursat o estan cursant els programes de formaci\u00f3 i inserci\u00f3 durant aquest curs i volen cursar els ensenyaments d&#8217;educaci\u00f3 secund\u00e0ria obligat\u00f2ria per a adults;<\/li>\n<li>si volen cursar la formaci\u00f3 per a proves d&#8217;acc\u00e9s als cicles formatius de grau mitj\u00e0,<\/li>\n<li>si participen en el programa d&#8217;experi\u00e8ncia professional per a l&#8217;ocupaci\u00f3 juvenil a Catalunya &#8220;Joves per a l&#8217;ocupaci\u00f3&#8221;.<\/li>\n<\/ul>\n<p>En cas de no complir cap d&#8217;aquests requisits, caldr\u00e0 demanar l&#8217;autoritzaci\u00f3 a la Inspecci\u00f3 del Departament d&#8217;Educaci\u00f3.<\/p>\n<p><strong>Qu\u00e8 cal portar per inscriure&#8217;s?\u00a0<\/strong><\/p>\n<p>Per matricular-vos a qualsevol curs nom\u00e9s cal portar una fotoc\u00f2pia del DNI, NIE o passaport.<\/p>\n<p>Per matricular-vos al\u00a0<a href=\"https:\/\/agora.xtec.cat\/cfaplaestany\/ensenyaments\/graduat-en-educacio-secundaria-per-adults\/\">GES presencial<\/a>\u00a0o a dist\u00e0ncia cal que porteu:<\/p>\n<ul>\n<li style=\"font-family: 'Helvetica Neue', Helvetica, Helvetica, Arial, sans-serif; font-size: 16px;\">Una\u00a0fotoc\u00f2pia del DNI, NIE o passaport.<\/li>\n<li style=\"font-family: 'Helvetica Neue', Helvetica, Helvetica, Arial, sans-serif; font-size: 16px;\">Certificat de notes (si no el teniu, l&#8217;heu d&#8217;anar a buscar a l&#8217;institut on vau cursar la ESO)<\/li>\n<\/ul>\n<p>Si voleu inscriure-us al GES durant el curs, us aconsellem que vingueu a demanar dia i hora per poder-vos donar l&#8217;informaci\u00f3 necess\u00e0ria i fer-vos l&#8217;itinerari formatiu personalitzat abans de comen\u00e7ar el trimestre.<\/p>\n<p>En aquest <a href=\"https:\/\/agora.xtec.cat\/cfaplaestany\/ensenyaments\/\">ENLLA\u00c7<\/a> hi trobareu la informaci\u00f3 sobre els ensenyaments: continguts, horaris, durada, etc.<\/p>\n<p>&nbsp;<\/p>\n<p>&nbsp;<\/p>\n","protected":false},"excerpt":{"rendered":"<p>El per\u00edode d\u2019inscripcions \u00e9s l\u2019\u00faltima setmana del mes de juny; les dates varien cada any. Consulteu el calendari de preinscripcions i matr\u00edcules <a href=\"https:\/\/preinscripcio.gencat.cat\/ca\/estudis\/educacio-adults\/inici\/\">AQU\u00cd<\/a>.<br \/>\nDurant aquesta setmana de juny fem les\u00a0<a href=\"http:\/\/queestudiar.gencat.cat\/ca\/preinscripcio\/estudis\/adults\/calendari\/\" target=\"_blank\" rel=\"nofollow noopener noreferrer\">preinscripcions\u00a0<\/a>a tots els cursos (GES, Angl\u00e8s, Inform\u00e0tica, Catal\u00e0, Castell\u00e0 i Formaci\u00f3&hellip;  <a href=\"https:\/\/agora.xtec.cat\/cfaplaestany\/el-centre\/requisits-dacces\/\" title=\"Read Com inscriure&#8217;s\">Llegeix m\u00e9s\u00bb<\/a><\/p>\n","protected":false},"author":3,"featured_media":0,"parent":261,"menu_order":55,"comment_status":"closed","ping_status":"closed","template":"page-templates\/side-menu.php","meta":{"_bbp_topic_count":0,"_bbp_reply_count":0,"_bbp_total_topic_count":0,"_bbp_total_reply_count":0,"_bbp_voice_count":0,"_bbp_anonymous_reply_count":0,"_bbp_topic_count_hidden":0,"_bbp_reply_count_hidden":0,"_bbp_forum_subforum_count":0,"footnotes":""},"class_list":["post-538","page","type-page","status-publish","hentry"],"post_mailing_queue_ids":[],"_links":{"self":[{"href":"https:\/\/agora.xtec.cat\/cfaplaestany\/wp-json\/wp\/v2\/pages\/538","targetHints":{"allow":["GET"]}}],"collection":[{"href":"https:\/\/agora.xtec.cat\/cfaplaestany\/wp-json\/wp\/v2\/pages"}],"about":[{"href":"https:\/\/agora.xtec.cat\/cfaplaestany\/wp-json\/wp\/v2\/types\/page"}],"author":[{"embeddable":true,"href":"https:\/\/agora.xtec.cat\/cfaplaestany\/wp-json\/wp\/v2\/users\/3"}],"replies":[{"embeddable":true,"href":"https:\/\/agora.xtec.cat\/cfaplaestany\/wp-json\/wp\/v2\/comments?post=538"}],"version-history":[{"count":5,"href":"https:\/\/agora.xtec.cat\/cfaplaestany\/wp-json\/wp\/v2\/pages\/538\/revisions"}],"predecessor-version":[{"id":2924,"href":"https:\/\/agora.xtec.cat\/cfaplaestany\/wp-json\/wp\/v2\/pages\/538\/revisions\/2924"}],"up":[{"embeddable":true,"href":"https:\/\/agora.xtec.cat\/cfaplaestany\/wp-json\/wp\/v2\/pages\/261"}],"wp:attachment":[{"href":"https:\/\/agora.xtec.cat\/cfaplaestany\/wp-json\/wp\/v2\/media?parent=538"}],"curies":[{"name":"wp","href":"https:\/\/api.w.org\/{rel}","templated":true}]}}