{"id":504,"date":"2018-12-12T12:52:23","date_gmt":"2018-12-12T11:52:23","guid":{"rendered":"http:\/\/agora.xtec.cat\/cfaplaestany\/?page_id=504"},"modified":"2018-12-12T13:12:49","modified_gmt":"2018-12-12T12:12:49","slug":"activitats-culturals","status":"publish","type":"page","link":"https:\/\/agora.xtec.cat\/cfaplaestany\/activitats-culturals\/","title":{"rendered":"Activitats culturals"},"content":{"rendered":"<p>L\u2019Escola d\u2019Adults \u00e9s un lloc de trobada de moltes persones, de gent molt diversa: homes, dones, m\u00e9s joves o m\u00e9s grans i de diferents nacionalitats. \u00c9s un lloc de coneixement de cultures molt diferents i per tant, una font d\u2019enriquiment per a tots. Nom\u00e9s ampliant la visi\u00f3 sobre les diferents cultures les podrem respectar.<\/p>\n<p>Per tal d\u2019aprofitar aquesta diversitat , el CFA PLA DE L\u2019ESTANY ofereix cada curs v\u00e0ries activitats culturals que propicien aquesta coneixen\u00e7a, tant de l\u2019entorn com de les persones.<\/p>\n<p>Podeu veure totes les activitats realitzades des del 2008 fins al maig 2013. <a href=\"https:\/\/blocs.xtec.cat\/afaplaestany\/\">Cliqueu aqu\u00ed<\/a><\/p>\n<div>\n<p><span style=\"color: #33cccc;\"><b>TASTETS DE CUINA D&#8217;ARREU DEL M\u00d3N<\/b><\/span><\/p>\n<\/div>\n<div><a href=\"https:\/\/sites.google.com\/site\/escolaadultspladelestany\/activitats-culturals\/Tastets.jpg?attredirects=0\"><img loading=\"lazy\" decoding=\"async\" src=\"https:\/\/sites.google.com\/site\/escolaadultspladelestany\/_\/rsrc\/1373878147750\/activitats-culturals\/Tastets.jpg?height=108&amp;width=200\" width=\"200\" height=\"108\" border=\"0\" \/><\/a><\/div>\n<div><\/div>\n<div>\n<p>\u00a0Els &#8216;Tastets de cuina d&#8217;arreu del m\u00f3n&#8217; se celebren cada\u00a0final de curs a la Pla\u00e7a Major de Banyoles\u00a0i cada any s\u00f3n\u00a0un \u00e8xit de participaci\u00f3 de bons\u00a0cuiners i cuineres d&#8217;arreu del m\u00f3n!<\/p>\n<h4><span style=\"color: #33cccc;\"><a dir=\"ltr\" style=\"color: #33cccc;\" href=\"https:\/\/sites.google.com\/site\/escolaadultspladelestany\/activitats-culturals\/viitastetsdarreudelmon-1\">VII Tastets d&#8217;Arreu del M\u00f3n<\/a><\/span><\/h4>\n<p><span style=\"font-size: 14px;\">Si voleu veure les fotos dels VII Tastets d&#8217;Arreu del M\u00f3n, celebrats el dia 12 de juny de 2014 a la Pla\u00e7a Major de Banyoles, feu un clic\u00a0<\/span><b style=\"font-size: 14px;\"><a href=\"https:\/\/www.facebook.com\/media\/set\/?set=a.614848271946750.1073741845.397993273632252&amp;type=1\" target=\"_blank\" rel=\"nofollow noopener\">AQU\u00cd<\/a>.<\/b><span style=\"font-size: 14px;\">\u00a0<\/span><\/p>\n<h4><span style=\"color: #33cccc;\"><a dir=\"ltr\" style=\"color: #33cccc;\" href=\"https:\/\/sites.google.com\/site\/escolaadultspladelestany\/activitats-culturals\/viitastetsdarreudelmon\">Trobada d&#8217;Escoles d&#8217;Adults<\/a><\/span><\/h4>\n<p style=\"font-family: 'Helvetica Neue', Helvetica, Helvetica, Arial, sans-serif; font-size: 14px;\"><span style=\"font-family: 'Century Gothic', sans-serif; font-size: medium;\">IV Trobada d&#8217;Escoles d&#8217;Adults de les comarques gironines al Pla de l&#8217;Estany. Si voleu veure l&#8217;\u00e0lbum de fotos d&#8217;aquest dia tan fant\u00e0stic que vam passar, feu un clic\u00a0<b><a href=\"https:\/\/plus.google.com\/106268746949051074398\/posts\/RKsgrADDqsN\" target=\"_blank\" rel=\"noopener\">AQU\u00cd<\/a>.<\/b><\/span><\/p>\n<p style=\"font-family: 'Helvetica Neue', Helvetica, Helvetica, Arial, sans-serif; font-size: 14px;\"><span style=\"font-family: 'Century Gothic', sans-serif; font-size: medium;\">3a Trobada d&#8217;Escoles d&#8217;Adults de les comarques gironines al Monestir de Sant Pere de Rodes i Port de la Selva.Si voleu veure les fotos d&#8217;aquest dia tan bonic, feu clic\u00a0<b><a href=\"https:\/\/www.facebook.com\/media\/set\/?set=a.581700691928175.1073741844.397993273632252&amp;type=1\" target=\"_blank\" rel=\"nofollow noopener\">AQU\u00cd<\/a><\/b>.<\/span><\/p>\n<p>&nbsp;<\/p>\n<\/div>\n<p>&nbsp;<\/p>\n","protected":false},"excerpt":{"rendered":"<p>L\u2019Escola d\u2019Adults \u00e9s un lloc de trobada de moltes persones, de gent molt diversa: homes, dones, m\u00e9s joves o m\u00e9s grans i de diferents nacionalitats. \u00c9s un lloc de coneixement de cultures molt diferents i per tant, una font d\u2019enriquiment per a tots. Nom\u00e9s ampliant&hellip;  <a href=\"https:\/\/agora.xtec.cat\/cfaplaestany\/activitats-culturals\/\" title=\"Read Activitats culturals\">Llegeix m\u00e9s\u00bb<\/a><\/p>\n","protected":false},"author":3,"featured_media":0,"parent":0,"menu_order":0,"comment_status":"closed","ping_status":"closed","template":"page-templates\/side-menu.php","meta":{"_bbp_topic_count":0,"_bbp_reply_count":0,"_bbp_total_topic_count":0,"_bbp_total_reply_count":0,"_bbp_voice_count":0,"_bbp_anonymous_reply_count":0,"_bbp_topic_count_hidden":0,"_bbp_reply_count_hidden":0,"_bbp_forum_subforum_count":0,"footnotes":""},"class_list":["post-504","page","type-page","status-publish","hentry"],"post_mailing_queue_ids":[],"_links":{"self":[{"href":"https:\/\/agora.xtec.cat\/cfaplaestany\/wp-json\/wp\/v2\/pages\/504","targetHints":{"allow":["GET"]}}],"collection":[{"href":"https:\/\/agora.xtec.cat\/cfaplaestany\/wp-json\/wp\/v2\/pages"}],"about":[{"href":"https:\/\/agora.xtec.cat\/cfaplaestany\/wp-json\/wp\/v2\/types\/page"}],"author":[{"embeddable":true,"href":"https:\/\/agora.xtec.cat\/cfaplaestany\/wp-json\/wp\/v2\/users\/3"}],"replies":[{"embeddable":true,"href":"https:\/\/agora.xtec.cat\/cfaplaestany\/wp-json\/wp\/v2\/comments?post=504"}],"version-history":[{"count":2,"href":"https:\/\/agora.xtec.cat\/cfaplaestany\/wp-json\/wp\/v2\/pages\/504\/revisions"}],"predecessor-version":[{"id":513,"href":"https:\/\/agora.xtec.cat\/cfaplaestany\/wp-json\/wp\/v2\/pages\/504\/revisions\/513"}],"wp:attachment":[{"href":"https:\/\/agora.xtec.cat\/cfaplaestany\/wp-json\/wp\/v2\/media?parent=504"}],"curies":[{"name":"wp","href":"https:\/\/api.w.org\/{rel}","templated":true}]}}