{"id":39,"date":"2022-05-26T10:36:44","date_gmt":"2022-05-26T08:36:44","guid":{"rendered":"http:\/\/agora.xtec.cat\/cfaplaestany\/?page_id=39"},"modified":"2022-05-26T20:05:16","modified_gmt":"2022-05-26T18:05:16","slug":"instal%c2%b7lacions","status":"publish","type":"page","link":"https:\/\/agora.xtec.cat\/cfaplaestany\/el-centre\/instal%c2%b7lacions\/","title":{"rendered":"Instal\u00b7lacions"},"content":{"rendered":"<p>El CFA Pla de l&#8217;Estany es troba a la planta 2 del mateix edifici on hi ha els Serveis Socials del Pla de l&#8217;Estany i el Jutjat de Pau, just al costat del Teatre de Banyoles.<\/p>\n<p>El centre disposa de cinc aules, una de les quals tamb\u00e9 s&#8217;utlitza com a aula d&#8217;autoformaci\u00f3. Totes les aules estan equipades amb ordinadors i pissarra, aix\u00ed com tamb\u00e9 amb projectors i altaveus. L&#8217;aula d&#8217;autoformaci\u00f3, a m\u00e9s, t\u00e9 ordinadors a disposici\u00f3 dels usuaris.<\/p>\n\n\t\t<style type=\"text\/css\">\n\t\t\t#gallery-1 {\n\t\t\t\tmargin: auto;\n\t\t\t}\n\t\t\t#gallery-1 .gallery-item {\n\t\t\t\tfloat: left;\n\t\t\t\tmargin-top: 10px;\n\t\t\t\ttext-align: center;\n\t\t\t\twidth: 33%;\n\t\t\t}\n\t\t\t#gallery-1 img {\n\t\t\t\tborder: 2px solid #cfcfcf;\n\t\t\t}\n\t\t\t#gallery-1 .gallery-caption {\n\t\t\t\tmargin-left: 0;\n\t\t\t}\n\t\t\t\/* see gallery_shortcode() in wp-includes\/media.php *\/\n\t\t<\/style>\n\t\t<div id='gallery-1' class='gallery galleryid-39 gallery-columns-3 gallery-size-large'><dl class='gallery-item'>\n\t\t\t<dt class='gallery-icon portrait'>\n\t\t\t\t<a href='https:\/\/agora.xtec.cat\/cfaplaestany\/wp-content\/uploads\/usu1886\/2022\/05\/IMG-20220526-WA0005.jpg'><img loading=\"lazy\" decoding=\"async\" width=\"576\" height=\"1024\" src=\"https:\/\/agora.xtec.cat\/cfaplaestany\/wp-content\/uploads\/usu1886\/2022\/05\/IMG-20220526-WA0005-576x1024.jpg\" class=\"attachment-large size-large\" alt=\"\" aria-describedby=\"gallery-1-1955\" srcset=\"https:\/\/agora.xtec.cat\/cfaplaestany\/wp-content\/uploads\/usu1886\/2022\/05\/IMG-20220526-WA0005-576x1024.jpg 576w, https:\/\/agora.xtec.cat\/cfaplaestany\/wp-content\/uploads\/usu1886\/2022\/05\/IMG-20220526-WA0005-169x300.jpg 169w, https:\/\/agora.xtec.cat\/cfaplaestany\/wp-content\/uploads\/usu1886\/2022\/05\/IMG-20220526-WA0005-768x1365.jpg 768w, https:\/\/agora.xtec.cat\/cfaplaestany\/wp-content\/uploads\/usu1886\/2022\/05\/IMG-20220526-WA0005-864x1536.jpg 864w, https:\/\/agora.xtec.cat\/cfaplaestany\/wp-content\/uploads\/usu1886\/2022\/05\/IMG-20220526-WA0005.jpg 1125w\" sizes=\"auto, (max-width: 576px) 100vw, 576px\" \/><\/a>\n\t\t\t<\/dt>\n\t\t\t\t<dd class='wp-caption-text gallery-caption' id='gallery-1-1955'>\n\t\t\t\tEl carrer Pere Alsius, a la tardor\n\t\t\t\t<\/dd><\/dl><dl class='gallery-item'>\n\t\t\t<dt class='gallery-icon portrait'>\n\t\t\t\t<a href='https:\/\/agora.xtec.cat\/cfaplaestany\/wp-content\/uploads\/usu1886\/2022\/05\/IMG-20220526-WA0002.jpg'><img loading=\"lazy\" decoding=\"async\" width=\"576\" height=\"1024\" src=\"https:\/\/agora.xtec.cat\/cfaplaestany\/wp-content\/uploads\/usu1886\/2022\/05\/IMG-20220526-WA0002-576x1024.jpg\" class=\"attachment-large size-large\" alt=\"\" aria-describedby=\"gallery-1-1951\" srcset=\"https:\/\/agora.xtec.cat\/cfaplaestany\/wp-content\/uploads\/usu1886\/2022\/05\/IMG-20220526-WA0002-576x1024.jpg 576w, https:\/\/agora.xtec.cat\/cfaplaestany\/wp-content\/uploads\/usu1886\/2022\/05\/IMG-20220526-WA0002-169x300.jpg 169w, https:\/\/agora.xtec.cat\/cfaplaestany\/wp-content\/uploads\/usu1886\/2022\/05\/IMG-20220526-WA0002-768x1365.jpg 768w, https:\/\/agora.xtec.cat\/cfaplaestany\/wp-content\/uploads\/usu1886\/2022\/05\/IMG-20220526-WA0002-864x1536.jpg 864w, https:\/\/agora.xtec.cat\/cfaplaestany\/wp-content\/uploads\/usu1886\/2022\/05\/IMG-20220526-WA0002.jpg 1125w\" sizes=\"auto, (max-width: 576px) 100vw, 576px\" \/><\/a>\n\t\t\t<\/dt>\n\t\t\t\t<dd class='wp-caption-text gallery-caption' id='gallery-1-1951'>\n\t\t\t\tEntrada\n\t\t\t\t<\/dd><\/dl><dl class='gallery-item'>\n\t\t\t<dt class='gallery-icon portrait'>\n\t\t\t\t<a href='https:\/\/agora.xtec.cat\/cfaplaestany\/wp-content\/uploads\/usu1886\/2022\/05\/IMG_20220526_150427.jpg'><img loading=\"lazy\" decoding=\"async\" width=\"576\" height=\"1024\" src=\"https:\/\/agora.xtec.cat\/cfaplaestany\/wp-content\/uploads\/usu1886\/2022\/05\/IMG_20220526_150427-576x1024.jpg\" class=\"attachment-large size-large\" alt=\"\" aria-describedby=\"gallery-1-1943\" srcset=\"https:\/\/agora.xtec.cat\/cfaplaestany\/wp-content\/uploads\/usu1886\/2022\/05\/IMG_20220526_150427-576x1024.jpg 576w, https:\/\/agora.xtec.cat\/cfaplaestany\/wp-content\/uploads\/usu1886\/2022\/05\/IMG_20220526_150427-169x300.jpg 169w, https:\/\/agora.xtec.cat\/cfaplaestany\/wp-content\/uploads\/usu1886\/2022\/05\/IMG_20220526_150427-768x1365.jpg 768w, https:\/\/agora.xtec.cat\/cfaplaestany\/wp-content\/uploads\/usu1886\/2022\/05\/IMG_20220526_150427-864x1536.jpg 864w, https:\/\/agora.xtec.cat\/cfaplaestany\/wp-content\/uploads\/usu1886\/2022\/05\/IMG_20220526_150427.jpg 900w\" sizes=\"auto, (max-width: 576px) 100vw, 576px\" \/><\/a>\n\t\t\t<\/dt>\n\t\t\t\t<dd class='wp-caption-text gallery-caption' id='gallery-1-1943'>\n\t\t\t\tEntrada\n\t\t\t\t<\/dd><\/dl><br style=\"clear: both\" \/><dl class='gallery-item'>\n\t\t\t<dt class='gallery-icon portrait'>\n\t\t\t\t<a href='https:\/\/agora.xtec.cat\/cfaplaestany\/wp-content\/uploads\/usu1886\/2022\/05\/IMG_20220526_150517.jpg'><img loading=\"lazy\" decoding=\"async\" width=\"576\" height=\"1024\" src=\"https:\/\/agora.xtec.cat\/cfaplaestany\/wp-content\/uploads\/usu1886\/2022\/05\/IMG_20220526_150517-576x1024.jpg\" class=\"attachment-large size-large\" alt=\"\" aria-describedby=\"gallery-1-1945\" srcset=\"https:\/\/agora.xtec.cat\/cfaplaestany\/wp-content\/uploads\/usu1886\/2022\/05\/IMG_20220526_150517-576x1024.jpg 576w, https:\/\/agora.xtec.cat\/cfaplaestany\/wp-content\/uploads\/usu1886\/2022\/05\/IMG_20220526_150517-169x300.jpg 169w, https:\/\/agora.xtec.cat\/cfaplaestany\/wp-content\/uploads\/usu1886\/2022\/05\/IMG_20220526_150517-768x1365.jpg 768w, https:\/\/agora.xtec.cat\/cfaplaestany\/wp-content\/uploads\/usu1886\/2022\/05\/IMG_20220526_150517-864x1536.jpg 864w, https:\/\/agora.xtec.cat\/cfaplaestany\/wp-content\/uploads\/usu1886\/2022\/05\/IMG_20220526_150517.jpg 900w\" sizes=\"auto, (max-width: 576px) 100vw, 576px\" \/><\/a>\n\t\t\t<\/dt>\n\t\t\t\t<dd class='wp-caption-text gallery-caption' id='gallery-1-1945'>\n\t\t\t\tAula 1\n\t\t\t\t<\/dd><\/dl><dl class='gallery-item'>\n\t\t\t<dt class='gallery-icon portrait'>\n\t\t\t\t<a href='https:\/\/agora.xtec.cat\/cfaplaestany\/wp-content\/uploads\/usu1886\/2022\/05\/IMG-20220526-WA0003.jpg'><img loading=\"lazy\" decoding=\"async\" width=\"576\" height=\"1024\" src=\"https:\/\/agora.xtec.cat\/cfaplaestany\/wp-content\/uploads\/usu1886\/2022\/05\/IMG-20220526-WA0003-576x1024.jpg\" class=\"attachment-large size-large\" alt=\"\" aria-describedby=\"gallery-1-1952\" srcset=\"https:\/\/agora.xtec.cat\/cfaplaestany\/wp-content\/uploads\/usu1886\/2022\/05\/IMG-20220526-WA0003-576x1024.jpg 576w, https:\/\/agora.xtec.cat\/cfaplaestany\/wp-content\/uploads\/usu1886\/2022\/05\/IMG-20220526-WA0003-169x300.jpg 169w, https:\/\/agora.xtec.cat\/cfaplaestany\/wp-content\/uploads\/usu1886\/2022\/05\/IMG-20220526-WA0003-768x1365.jpg 768w, https:\/\/agora.xtec.cat\/cfaplaestany\/wp-content\/uploads\/usu1886\/2022\/05\/IMG-20220526-WA0003-864x1536.jpg 864w, https:\/\/agora.xtec.cat\/cfaplaestany\/wp-content\/uploads\/usu1886\/2022\/05\/IMG-20220526-WA0003.jpg 1125w\" sizes=\"auto, (max-width: 576px) 100vw, 576px\" \/><\/a>\n\t\t\t<\/dt>\n\t\t\t\t<dd class='wp-caption-text gallery-caption' id='gallery-1-1952'>\n\t\t\t\tAula 2\n\t\t\t\t<\/dd><\/dl><dl class='gallery-item'>\n\t\t\t<dt class='gallery-icon portrait'>\n\t\t\t\t<a href='https:\/\/agora.xtec.cat\/cfaplaestany\/wp-content\/uploads\/usu1886\/2022\/05\/IMG_20210909_163851.jpg'><img loading=\"lazy\" decoding=\"async\" width=\"576\" height=\"1024\" src=\"https:\/\/agora.xtec.cat\/cfaplaestany\/wp-content\/uploads\/usu1886\/2022\/05\/IMG_20210909_163851-576x1024.jpg\" class=\"attachment-large size-large\" alt=\"\" aria-describedby=\"gallery-1-1930\" srcset=\"https:\/\/agora.xtec.cat\/cfaplaestany\/wp-content\/uploads\/usu1886\/2022\/05\/IMG_20210909_163851-576x1024.jpg 576w, https:\/\/agora.xtec.cat\/cfaplaestany\/wp-content\/uploads\/usu1886\/2022\/05\/IMG_20210909_163851-169x300.jpg 169w, https:\/\/agora.xtec.cat\/cfaplaestany\/wp-content\/uploads\/usu1886\/2022\/05\/IMG_20210909_163851-768x1365.jpg 768w, https:\/\/agora.xtec.cat\/cfaplaestany\/wp-content\/uploads\/usu1886\/2022\/05\/IMG_20210909_163851-864x1536.jpg 864w, https:\/\/agora.xtec.cat\/cfaplaestany\/wp-content\/uploads\/usu1886\/2022\/05\/IMG_20210909_163851.jpg 900w\" sizes=\"auto, (max-width: 576px) 100vw, 576px\" \/><\/a>\n\t\t\t<\/dt>\n\t\t\t\t<dd class='wp-caption-text gallery-caption' id='gallery-1-1930'>\n\t\t\t\tAula 3\n\t\t\t\t<\/dd><\/dl><br style=\"clear: both\" \/><dl class='gallery-item'>\n\t\t\t<dt class='gallery-icon portrait'>\n\t\t\t\t<a href='https:\/\/agora.xtec.cat\/cfaplaestany\/wp-content\/uploads\/usu1886\/2022\/05\/IMG_20210909_163829.jpg'><img loading=\"lazy\" decoding=\"async\" width=\"576\" height=\"1024\" src=\"https:\/\/agora.xtec.cat\/cfaplaestany\/wp-content\/uploads\/usu1886\/2022\/05\/IMG_20210909_163829-576x1024.jpg\" class=\"attachment-large size-large\" alt=\"\" aria-describedby=\"gallery-1-1931\" srcset=\"https:\/\/agora.xtec.cat\/cfaplaestany\/wp-content\/uploads\/usu1886\/2022\/05\/IMG_20210909_163829-576x1024.jpg 576w, https:\/\/agora.xtec.cat\/cfaplaestany\/wp-content\/uploads\/usu1886\/2022\/05\/IMG_20210909_163829-169x300.jpg 169w, https:\/\/agora.xtec.cat\/cfaplaestany\/wp-content\/uploads\/usu1886\/2022\/05\/IMG_20210909_163829-768x1365.jpg 768w, https:\/\/agora.xtec.cat\/cfaplaestany\/wp-content\/uploads\/usu1886\/2022\/05\/IMG_20210909_163829-864x1536.jpg 864w, https:\/\/agora.xtec.cat\/cfaplaestany\/wp-content\/uploads\/usu1886\/2022\/05\/IMG_20210909_163829.jpg 900w\" sizes=\"auto, (max-width: 576px) 100vw, 576px\" \/><\/a>\n\t\t\t<\/dt>\n\t\t\t\t<dd class='wp-caption-text gallery-caption' id='gallery-1-1931'>\n\t\t\t\tAula 4\n\t\t\t\t<\/dd><\/dl><dl class='gallery-item'>\n\t\t\t<dt class='gallery-icon portrait'>\n\t\t\t\t<a href='https:\/\/agora.xtec.cat\/cfaplaestany\/wp-content\/uploads\/usu1886\/2022\/05\/IMG_20220526_150140.jpg'><img loading=\"lazy\" decoding=\"async\" width=\"576\" height=\"1024\" src=\"https:\/\/agora.xtec.cat\/cfaplaestany\/wp-content\/uploads\/usu1886\/2022\/05\/IMG_20220526_150140-576x1024.jpg\" class=\"attachment-large size-large\" alt=\"\" aria-describedby=\"gallery-1-1941\" srcset=\"https:\/\/agora.xtec.cat\/cfaplaestany\/wp-content\/uploads\/usu1886\/2022\/05\/IMG_20220526_150140-576x1024.jpg 576w, https:\/\/agora.xtec.cat\/cfaplaestany\/wp-content\/uploads\/usu1886\/2022\/05\/IMG_20220526_150140-169x300.jpg 169w, https:\/\/agora.xtec.cat\/cfaplaestany\/wp-content\/uploads\/usu1886\/2022\/05\/IMG_20220526_150140-768x1365.jpg 768w, https:\/\/agora.xtec.cat\/cfaplaestany\/wp-content\/uploads\/usu1886\/2022\/05\/IMG_20220526_150140-864x1536.jpg 864w, https:\/\/agora.xtec.cat\/cfaplaestany\/wp-content\/uploads\/usu1886\/2022\/05\/IMG_20220526_150140.jpg 900w\" sizes=\"auto, (max-width: 576px) 100vw, 576px\" \/><\/a>\n\t\t\t<\/dt>\n\t\t\t\t<dd class='wp-caption-text gallery-caption' id='gallery-1-1941'>\n\t\t\t\tAula 5\/ Autoformaci\u00f3\n\t\t\t\t<\/dd><\/dl><dl class='gallery-item'>\n\t\t\t<dt class='gallery-icon portrait'>\n\t\t\t\t<a href='https:\/\/agora.xtec.cat\/cfaplaestany\/wp-content\/uploads\/usu1886\/2022\/05\/IMG-20220526-WA0010.jpg'><img loading=\"lazy\" decoding=\"async\" width=\"576\" height=\"1024\" src=\"https:\/\/agora.xtec.cat\/cfaplaestany\/wp-content\/uploads\/usu1886\/2022\/05\/IMG-20220526-WA0010-576x1024.jpg\" class=\"attachment-large size-large\" alt=\"\" aria-describedby=\"gallery-1-1958\" srcset=\"https:\/\/agora.xtec.cat\/cfaplaestany\/wp-content\/uploads\/usu1886\/2022\/05\/IMG-20220526-WA0010-576x1024.jpg 576w, https:\/\/agora.xtec.cat\/cfaplaestany\/wp-content\/uploads\/usu1886\/2022\/05\/IMG-20220526-WA0010-169x300.jpg 169w, https:\/\/agora.xtec.cat\/cfaplaestany\/wp-content\/uploads\/usu1886\/2022\/05\/IMG-20220526-WA0010-768x1365.jpg 768w, https:\/\/agora.xtec.cat\/cfaplaestany\/wp-content\/uploads\/usu1886\/2022\/05\/IMG-20220526-WA0010-864x1536.jpg 864w, https:\/\/agora.xtec.cat\/cfaplaestany\/wp-content\/uploads\/usu1886\/2022\/05\/IMG-20220526-WA0010.jpg 1125w\" sizes=\"auto, (max-width: 576px) 100vw, 576px\" \/><\/a>\n\t\t\t<\/dt>\n\t\t\t\t<dd class='wp-caption-text gallery-caption' id='gallery-1-1958'>\n\t\t\t\tSala dels docents\n\t\t\t\t<\/dd><\/dl><br style=\"clear: both\" \/><dl class='gallery-item'>\n\t\t\t<dt class='gallery-icon portrait'>\n\t\t\t\t<a href='https:\/\/agora.xtec.cat\/cfaplaestany\/wp-content\/uploads\/usu1886\/2022\/05\/IMG_20220526_150433.jpg'><img loading=\"lazy\" decoding=\"async\" width=\"576\" height=\"1024\" src=\"https:\/\/agora.xtec.cat\/cfaplaestany\/wp-content\/uploads\/usu1886\/2022\/05\/IMG_20220526_150433-576x1024.jpg\" class=\"attachment-large size-large\" alt=\"\" aria-describedby=\"gallery-1-1944\" srcset=\"https:\/\/agora.xtec.cat\/cfaplaestany\/wp-content\/uploads\/usu1886\/2022\/05\/IMG_20220526_150433-576x1024.jpg 576w, https:\/\/agora.xtec.cat\/cfaplaestany\/wp-content\/uploads\/usu1886\/2022\/05\/IMG_20220526_150433-169x300.jpg 169w, https:\/\/agora.xtec.cat\/cfaplaestany\/wp-content\/uploads\/usu1886\/2022\/05\/IMG_20220526_150433-768x1365.jpg 768w, https:\/\/agora.xtec.cat\/cfaplaestany\/wp-content\/uploads\/usu1886\/2022\/05\/IMG_20220526_150433-864x1536.jpg 864w, https:\/\/agora.xtec.cat\/cfaplaestany\/wp-content\/uploads\/usu1886\/2022\/05\/IMG_20220526_150433.jpg 900w\" sizes=\"auto, (max-width: 576px) 100vw, 576px\" \/><\/a>\n\t\t\t<\/dt>\n\t\t\t\t<dd class='wp-caption-text gallery-caption' id='gallery-1-1944'>\n\t\t\t\tIntercanvi de llibres\n\t\t\t\t<\/dd><\/dl><dl class='gallery-item'>\n\t\t\t<dt class='gallery-icon portrait'>\n\t\t\t\t<a href='https:\/\/agora.xtec.cat\/cfaplaestany\/wp-content\/uploads\/usu1886\/2022\/05\/IMG_20220526_152538.jpg'><img loading=\"lazy\" decoding=\"async\" width=\"576\" height=\"1024\" src=\"https:\/\/agora.xtec.cat\/cfaplaestany\/wp-content\/uploads\/usu1886\/2022\/05\/IMG_20220526_152538-576x1024.jpg\" class=\"attachment-large size-large\" alt=\"\" aria-describedby=\"gallery-1-1947\" srcset=\"https:\/\/agora.xtec.cat\/cfaplaestany\/wp-content\/uploads\/usu1886\/2022\/05\/IMG_20220526_152538-576x1024.jpg 576w, https:\/\/agora.xtec.cat\/cfaplaestany\/wp-content\/uploads\/usu1886\/2022\/05\/IMG_20220526_152538-169x300.jpg 169w, https:\/\/agora.xtec.cat\/cfaplaestany\/wp-content\/uploads\/usu1886\/2022\/05\/IMG_20220526_152538-768x1365.jpg 768w, https:\/\/agora.xtec.cat\/cfaplaestany\/wp-content\/uploads\/usu1886\/2022\/05\/IMG_20220526_152538-864x1536.jpg 864w, https:\/\/agora.xtec.cat\/cfaplaestany\/wp-content\/uploads\/usu1886\/2022\/05\/IMG_20220526_152538.jpg 900w\" sizes=\"auto, (max-width: 576px) 100vw, 576px\" \/><\/a>\n\t\t\t<\/dt>\n\t\t\t\t<dd class='wp-caption-text gallery-caption' id='gallery-1-1947'>\n\t\t\t\tCafetera\n\t\t\t\t<\/dd><\/dl><dl class='gallery-item'>\n\t\t\t<dt class='gallery-icon portrait'>\n\t\t\t\t<a href='https:\/\/agora.xtec.cat\/cfaplaestany\/wp-content\/uploads\/usu1886\/2022\/05\/IMG_20220526_152601.jpg'><img loading=\"lazy\" decoding=\"async\" width=\"576\" height=\"1024\" src=\"https:\/\/agora.xtec.cat\/cfaplaestany\/wp-content\/uploads\/usu1886\/2022\/05\/IMG_20220526_152601-576x1024.jpg\" class=\"attachment-large size-large\" alt=\"\" aria-describedby=\"gallery-1-1948\" srcset=\"https:\/\/agora.xtec.cat\/cfaplaestany\/wp-content\/uploads\/usu1886\/2022\/05\/IMG_20220526_152601-576x1024.jpg 576w, https:\/\/agora.xtec.cat\/cfaplaestany\/wp-content\/uploads\/usu1886\/2022\/05\/IMG_20220526_152601-169x300.jpg 169w, https:\/\/agora.xtec.cat\/cfaplaestany\/wp-content\/uploads\/usu1886\/2022\/05\/IMG_20220526_152601-768x1365.jpg 768w, https:\/\/agora.xtec.cat\/cfaplaestany\/wp-content\/uploads\/usu1886\/2022\/05\/IMG_20220526_152601-864x1536.jpg 864w, https:\/\/agora.xtec.cat\/cfaplaestany\/wp-content\/uploads\/usu1886\/2022\/05\/IMG_20220526_152601.jpg 900w\" sizes=\"auto, (max-width: 576px) 100vw, 576px\" \/><\/a>\n\t\t\t<\/dt>\n\t\t\t\t<dd class='wp-caption-text gallery-caption' id='gallery-1-1948'>\n\t\t\t\tLavabos\n\t\t\t\t<\/dd><\/dl><br style=\"clear: both\" \/>\n\t\t<\/div>\n\n<p>&nbsp;<\/p>\n<p>&nbsp;<\/p>\n","protected":false},"excerpt":{"rendered":"<p>El CFA Pla de l&#8217;Estany es troba a la planta 2 del mateix edifici on hi ha els Serveis Socials del Pla de l&#8217;Estany i el Jutjat de Pau, just al costat del Teatre de Banyoles.<br \/>\nEl centre disposa de cinc aules, una de les quals&hellip;  <a href=\"https:\/\/agora.xtec.cat\/cfaplaestany\/el-centre\/instal%c2%b7lacions\/\" title=\"Read Instal\u00b7lacions\">Llegeix m\u00e9s\u00bb<\/a><\/p>\n","protected":false},"author":1,"featured_media":0,"parent":261,"menu_order":30,"comment_status":"closed","ping_status":"closed","template":"page-templates\/side-menu.php","meta":{"_bbp_topic_count":0,"_bbp_reply_count":0,"_bbp_total_topic_count":0,"_bbp_total_reply_count":0,"_bbp_voice_count":0,"_bbp_anonymous_reply_count":0,"_bbp_topic_count_hidden":0,"_bbp_reply_count_hidden":0,"_bbp_forum_subforum_count":0,"footnotes":""},"class_list":["post-39","page","type-page","status-publish","hentry"],"post_mailing_queue_ids":[],"_links":{"self":[{"href":"https:\/\/agora.xtec.cat\/cfaplaestany\/wp-json\/wp\/v2\/pages\/39","targetHints":{"allow":["GET"]}}],"collection":[{"href":"https:\/\/agora.xtec.cat\/cfaplaestany\/wp-json\/wp\/v2\/pages"}],"about":[{"href":"https:\/\/agora.xtec.cat\/cfaplaestany\/wp-json\/wp\/v2\/types\/page"}],"author":[{"embeddable":true,"href":"https:\/\/agora.xtec.cat\/cfaplaestany\/wp-json\/wp\/v2\/users\/1"}],"replies":[{"embeddable":true,"href":"https:\/\/agora.xtec.cat\/cfaplaestany\/wp-json\/wp\/v2\/comments?post=39"}],"version-history":[{"count":4,"href":"https:\/\/agora.xtec.cat\/cfaplaestany\/wp-json\/wp\/v2\/pages\/39\/revisions"}],"predecessor-version":[{"id":1959,"href":"https:\/\/agora.xtec.cat\/cfaplaestany\/wp-json\/wp\/v2\/pages\/39\/revisions\/1959"}],"up":[{"embeddable":true,"href":"https:\/\/agora.xtec.cat\/cfaplaestany\/wp-json\/wp\/v2\/pages\/261"}],"wp:attachment":[{"href":"https:\/\/agora.xtec.cat\/cfaplaestany\/wp-json\/wp\/v2\/media?parent=39"}],"curies":[{"name":"wp","href":"https:\/\/api.w.org\/{rel}","templated":true}]}}