{"id":316,"date":"2025-06-08T11:33:51","date_gmt":"2025-06-08T09:33:51","guid":{"rendered":"http:\/\/agora.xtec.cat\/cfaplaestany\/?page_id=316"},"modified":"2025-06-19T09:22:11","modified_gmt":"2025-06-19T07:22:11","slug":"competencia-digital-competic","status":"publish","type":"page","link":"https:\/\/agora.xtec.cat\/cfaplaestany\/ensenyaments\/competencia-digital-competic\/","title":{"rendered":"Inform\u00e0tica &#8211; Competic"},"content":{"rendered":"<div dir=\"ltr\">\n<p>Aquests cursos pretenen que una persona pugui adquirir uns coneixements inform\u00e0tics b\u00e0sics i que pugui avan\u00e7ar en el domini de les noves tecnologies. Un cop superat el curs s&#8217;obt\u00e9 el CERTIFICAT COMPETIC (equivalent a <a href=\"https:\/\/actic.gencat.cat\/ca\/inici\" target=\"_blank\" rel=\"noopener noreferrer\">l&#8217;ACTIC<\/a>). Trobareu\u00a0m\u00e9s informaci\u00f3 sobre els continguts dels cursos en aquesta\u00a0<a href=\"https:\/\/sites.google.com\/a\/xtec.cat\/competic-fpa\/\" target=\"_blank\" rel=\"nofollow noopener noreferrer\">web<\/a>\u00a0.<\/p>\n<h2><b>COMPETIC inicial\u00a0<\/b><\/h2>\n<p><span style=\"font-size: medium;\">Aquest curs es complementa amb el COMPETIC 1. Es treballa el coneixement del sistema operatiu, el tractament de textos, i s\u2019apr\u00e8n a navegar per internet i a utilitzar el correu electr\u00f2nic.<\/span><\/p>\n<p>Les compet\u00e8ncies que s&#8217;hi treballen s\u00f3n les seg\u00fcents:<\/p>\n<ul>\n<li><strong>C2: Tecnologia digital, \u00fas de l\u2019ordinador i del sistema operatiu.\u00a0<\/strong><\/li>\n<li><strong>C3: Navegaci\u00f3 i comunicaci\u00f3 en el m\u00f3n digital.\u00a0<\/strong><\/li>\n<li><strong>C4: Tractament de la informaci\u00f3 escrita.\u00a0<\/strong><\/li>\n<\/ul>\n<p><span style=\"font-size: medium;\"><span style=\"text-decoration: underline;\">HORARI de les classes<\/span><\/span>: dilluns i dimecres d&#8217;11h a 12.30h<\/p>\n<p><span style=\"text-decoration: underline;\">Durada del curs<\/span>: 105 hores, de setembre 2025 a juny 2026<\/p>\n<p>&nbsp;<\/p>\n<h2><b>COMPETIC 1\u00a0<\/b><\/h2>\n<div dir=\"ltr\">\n<p><span style=\"font-size: medium;\">Aquest nivell complementa el COMPETIC INICIAL. Es treballen les seg\u00fcents compet\u00e8ncies:<\/span><\/p>\n<ul>\n<li><strong>C1: Cultura, participaci\u00f3 i civisme digital.<\/strong><\/li>\n<li><strong>C5: Tractament de la informaci\u00f3 gr\u00e0fica, sonora i de la imatge en moviment. <\/strong><\/li>\n<li><strong>C6: Tractament de la informaci\u00f3 num\u00e8rica.<\/strong><\/li>\n<\/ul>\n<p><span style=\"font-size: medium;\"><span style=\"text-decoration: underline;\">HORARI de les classes<\/span> : dimecres i divendres de 9h a 10.30h\u00a0<\/span><\/p>\n<p><span style=\"text-decoration: underline;\">Durada del curs<\/span>: 105 hores, de setembre 2025 a juny 2026<\/p>\n<p><span style=\"font-size: medium;\">Un cop finalitzat i aprovat aquest curs, s&#8217;obt\u00e9 un certificat equivalent al de l&#8217;<strong>ACTIC B\u00c0SIC<\/strong>.<\/span><\/p>\n<div dir=\"ltr\">\n<p>&nbsp;<\/p>\n<h2><b>Novetat: COMPETIC 2\u00a0 semipresencial<\/b><\/h2>\n<p><span style=\"font-size: medium;\">Suposa un domini efectiu de les tecnologies de la informaci\u00f3 i la comunicaci\u00f3 en relaci\u00f3 amb els seus \u00e0mbits generals d&#8217;aplicaci\u00f3. Aquest nivell poden cursar-lo les persones que han superat o acreditat les compet\u00e8ncies del curs Competic 1.<\/span><\/p>\n<p>S&#8217;hi treballen totes les compet\u00e8ncies seg\u00fcents:<\/p>\n<ul>\n<li><strong>C1: Cultura, participaci\u00f3 i civisme digital.<\/strong><\/li>\n<li><strong>C2: Tecnologia digital, \u00fas de l\u2019ordinador i del sistema operatiu.<\/strong><\/li>\n<li><strong>C3: Navegaci\u00f3 i comunicaci\u00f3 en el m\u00f3n digital.<\/strong><\/li>\n<li><strong>C4: Tractament de la informaci\u00f3 escrita.<\/strong><\/li>\n<li><strong>C5: Tractament de la informaci\u00f3 gr\u00e0fica, sonora i de la imatge en moviment.<\/strong><\/li>\n<li><strong>C6: Tractament de la informaci\u00f3 num\u00e8rica.<\/strong><\/li>\n<li><strong>C7: Tractament de les dades.<\/strong><\/li>\n<li><strong>C8: Presentaci\u00f3 de continguts.<\/strong><\/li>\n<\/ul>\n<p><span style=\"font-size: medium;\"><span style=\"text-decoration: underline;\">HORARI de les classes:<\/span>\u00a0 \u00a0dilluns i dimecres de 18h a 20h (\u00e9s obligatori venir 1 dia a classe i l&#8217;altre es treballa des de casa o b\u00e9, tamb\u00e9 es pot venir a l&#8217;escola)<\/span><\/p>\n<p><span style=\"font-size: medium;\"><span style=\"text-decoration: underline;\">Durada del curs<\/span>: 140 hores, de setembre 2025 a juny 2026<\/span><\/p>\n<p>Un cop finalitzat i aprovat aquest curs, s&#8217;obt\u00e9 un certificat equivalent al de l&#8217;<strong>ACTIC MITJ\u00c0<\/strong>.<\/p>\n<p>M\u00e9s informaci\u00f3:<\/p>\n<p><a href=\"http:\/\/www20.gencat.cat\/portal\/site\/actic\/menuitem.6e938bcaad359602f055c310b0c0e1a0\/?vgnextoid=819fd65ab5d3e110VgnVCM1000000b0c1e0aRCRD&amp;vgnextchannel=819fd65ab5d3e110VgnVCM1000000b0c1e0aRCRD&amp;vgnextfmt=default\" target=\"_blank\" rel=\"nofollow noopener noreferrer\">ACTIC<\/a>\u00a0\u00a0(acreditaci\u00f3 de compet\u00e8ncies en tecnologies de la informaci\u00f3 i la comunicaci\u00f3)<\/p>\n<p>&nbsp;<\/p>\n<\/div>\n<\/div>\n<\/div>\n<div dir=\"ltr\">\n<h2><b>Novetat: COMPETIC 3\u00a0 semipresencial<\/b><\/h2>\n<p><strong>Atenci\u00f3! Per matricular-se a COMPETIC 3, i independentment del seu nivell de compet\u00e8ncia digital, l\u2019alumne\/a haur\u00e0 de disposar del certificat ACTIC Mitj\u00e0 o b\u00e9 del certificat de superaci\u00f3 del curs de COMPETIC 2 en un centre d\u2019adults depenent del Departament d\u2019Ensenyament o b\u00e9 que estigui autoritzat a impartir aquest ensenyament.<\/strong><br \/>\nLa superaci\u00f3 de cadascuna de les compet\u00e8ncies treballades a COMPETIC 3 correspon a una persona usu\u00e0ria que t\u00e9 un ampli domini d\u2019aquestes tecnologies i que disposa de capacitat per aprofitar al m\u00e0xim les prestacions que ofereixen les tecnologies de la informaci\u00f3 i la comunicaci\u00f3, de construir usos alternatius i de donar suport a altres persones perqu\u00e8 puguin millorar el desenvolupament de les seves compet\u00e8ncies.<\/p>\n<p>S&#8217;hi treballen les seg\u00fcents <span style=\"font-family: inherit; font-size: 1em;\">compet\u00e8ncies :<\/span><\/p>\n<ul>\n<li><strong>C4: Tractament de la informaci\u00f3 escrita.<\/strong><\/li>\n<li><strong>C6: Tractament de la informaci\u00f3 num\u00e8rica.<\/strong><\/li>\n<li><strong>C8: Presentaci\u00f3 de continguts.<\/strong><\/li>\n<\/ul>\n<p>El treball de cadascuna d\u2019aquestes compet\u00e8ncies es desenvolupa en 35 hores lectives (un trimestre). Per tant, ja que el nivell de COMPETIC 3 t\u00e9 una durada de 105 hores, es treballaran tres compet\u00e8ncies al llarg del curs (una per trimestre). Un cop superades aquestes compet\u00e8ncies, l\u2019alumne que ho desitgi podr\u00e0 continuar cursant les compet\u00e8ncies que li faltin.<\/p>\n<p><span style=\"font-size: medium;\"><span style=\"text-decoration: underline;\">HORARI de les classes:<\/span>\u00a0 \u00a0dimarts i dijous de 18.30h a 20h (\u00e9s obligatori venir 1 dia a classe i l&#8217;altre es treballa des de casa o b\u00e9, tamb\u00e9 es pot venir a l&#8217;escola)<\/span><\/p>\n<p><span style=\"font-size: medium;\"><span style=\"text-decoration: underline;\">Durada del curs<\/span>: 105 hores, de setembre 2025 a juny 2026<\/span><\/p>\n<p>Un cop finalitzat i aprovat aquest curs, s&#8217;obt\u00e9 un certificat equivalent al de l&#8217;<strong>ACTIC AVAN\u00c7AT<\/strong>.<\/p>\n<p>M\u00e9s informaci\u00f3:<\/p>\n<p><a href=\"http:\/\/www20.gencat.cat\/portal\/site\/actic\/menuitem.6e938bcaad359602f055c310b0c0e1a0\/?vgnextoid=819fd65ab5d3e110VgnVCM1000000b0c1e0aRCRD&amp;vgnextchannel=819fd65ab5d3e110VgnVCM1000000b0c1e0aRCRD&amp;vgnextfmt=default\" target=\"_blank\" rel=\"nofollow noopener noreferrer\">ACTIC<\/a>\u00a0\u00a0(acreditaci\u00f3 de compet\u00e8ncies en tecnologies de la informaci\u00f3 i la comunicaci\u00f3)<\/p>\n<p>&nbsp;<\/p>\n<\/div>\n<p>&nbsp;<\/p>\n<p>&nbsp;<\/p>\n<p>&nbsp;<\/p>\n<p>&nbsp;<\/p>\n<p>&nbsp;<\/p>\n<div style=\"display: none;\"><\/div>\n<div style=\"display: none;\"><\/div>\n","protected":false},"excerpt":{"rendered":"<p>Aquests cursos pretenen que una persona pugui adquirir uns coneixements inform\u00e0tics b\u00e0sics i que pugui avan\u00e7ar en el domini de les noves tecnologies. Un cop superat el curs s&#8217;obt\u00e9 el CERTIFICAT COMPETIC (equivalent a <a href=\"https:\/\/actic.gencat.cat\/ca\/inici\" target=\"_blank\" rel=\"noopener noreferrer\">l&#8217;ACTIC<\/a>). Trobareu\u00a0m\u00e9s informaci\u00f3 sobre els continguts dels&hellip;  <a href=\"https:\/\/agora.xtec.cat\/cfaplaestany\/ensenyaments\/competencia-digital-competic\/\" title=\"Read Inform\u00e0tica &#8211; Competic\">Llegeix m\u00e9s\u00bb<\/a><\/p>\n","protected":false},"author":1,"featured_media":0,"parent":274,"menu_order":0,"comment_status":"closed","ping_status":"closed","template":"","meta":{"_bbp_topic_count":0,"_bbp_reply_count":0,"_bbp_total_topic_count":0,"_bbp_total_reply_count":0,"_bbp_voice_count":0,"_bbp_anonymous_reply_count":0,"_bbp_topic_count_hidden":0,"_bbp_reply_count_hidden":0,"_bbp_forum_subforum_count":0,"footnotes":""},"class_list":["post-316","page","type-page","status-publish","hentry"],"post_mailing_queue_ids":[],"_links":{"self":[{"href":"https:\/\/agora.xtec.cat\/cfaplaestany\/wp-json\/wp\/v2\/pages\/316","targetHints":{"allow":["GET"]}}],"collection":[{"href":"https:\/\/agora.xtec.cat\/cfaplaestany\/wp-json\/wp\/v2\/pages"}],"about":[{"href":"https:\/\/agora.xtec.cat\/cfaplaestany\/wp-json\/wp\/v2\/types\/page"}],"author":[{"embeddable":true,"href":"https:\/\/agora.xtec.cat\/cfaplaestany\/wp-json\/wp\/v2\/users\/1"}],"replies":[{"embeddable":true,"href":"https:\/\/agora.xtec.cat\/cfaplaestany\/wp-json\/wp\/v2\/comments?post=316"}],"version-history":[{"count":6,"href":"https:\/\/agora.xtec.cat\/cfaplaestany\/wp-json\/wp\/v2\/pages\/316\/revisions"}],"predecessor-version":[{"id":2923,"href":"https:\/\/agora.xtec.cat\/cfaplaestany\/wp-json\/wp\/v2\/pages\/316\/revisions\/2923"}],"up":[{"embeddable":true,"href":"https:\/\/agora.xtec.cat\/cfaplaestany\/wp-json\/wp\/v2\/pages\/274"}],"wp:attachment":[{"href":"https:\/\/agora.xtec.cat\/cfaplaestany\/wp-json\/wp\/v2\/media?parent=316"}],"curies":[{"name":"wp","href":"https:\/\/api.w.org\/{rel}","templated":true}]}}