{"id":312,"date":"2025-05-30T11:32:38","date_gmt":"2025-05-30T09:32:38","guid":{"rendered":"http:\/\/agora.xtec.cat\/cfaplaestany\/?page_id=312"},"modified":"2025-06-19T09:13:48","modified_gmt":"2025-06-19T07:13:48","slug":"llengua-anglesa","status":"publish","type":"page","link":"https:\/\/agora.xtec.cat\/cfaplaestany\/ensenyaments\/llengua-anglesa\/","title":{"rendered":"Llengua anglesa"},"content":{"rendered":"<h2>ANGL\u00c8S A1 Inicial<\/h2>\n<div dir=\"ltr\">\n<p>No has fet mai cap curs d&#8217;angl\u00e8s? Aquest \u00e9s el teu nivell !<\/p>\n<p>Curs adre\u00e7at a persones sense cap coneixement de l&#8217;angl\u00e8s i t\u00e9 com a finalitat adquirir les compet\u00e8ncies comunicatives b\u00e0siques per poder-se desenvolupar, m\u00ednimament, en la vida personal, laboral i social en aquesta llengua.<\/p>\n<p><span style=\"text-decoration: underline;\">HORARI de les classes<\/span><\/p>\n<p>GRUP MAT\u00cd =&gt; dilluns i dimecres d&#8217;11h a 12.30h<\/p>\n<p><span style=\"text-decoration: underline;\">Durada del curs<\/span>: 105 hores, de setembre 2025 a juny 2026<\/p>\n<p><span style=\"text-decoration: underline;\">Llibres del curs<\/span>: <em>\u00a0Headway beginner 5th edition &#8211; Ed. Oxford University Press (student&#8217;s &amp; workbook)<\/em><\/p>\n<p>&nbsp;<\/p>\n<h2>ANGL\u00c8S A2.1<\/h2>\n<p>Has fet aproximadament 100h d&#8217;angl\u00e8s en un moment o altre de la teva vida? Aquest \u00e9s el teu nivell !<\/p>\n<p>Curs adre\u00e7at a persones que han superat el nivell A1 o que necessiten ampliar el seu coneixement de l&#8217;angl\u00e8s a nivell oral, escrit i gramatical. Al llarg d&#8217;aquest curs es consoliden els continguts dels nivell A1 (inicial) i s\u2019introdueixen els de segon nivell d&#8217;usuari b\u00e0sic (A2.1).<\/p>\n<p><span style=\"text-decoration: underline;\">HORARI de les classes<\/span><\/p>\n<p>grup MAT\u00cd =&gt; dimarts i dijous de 11h a 13h<\/p>\n<p>grup TARDA=&gt; dimarts i dijous de 18h a 20h<\/p>\n<p><span style=\"text-decoration: underline;\">Durada del curs<\/span>: 140 hores, de setembre 2025 a juny 2026<\/p>\n<p><span style=\"text-decoration: underline;\">Llibres del curs<\/span>: <em>Headway elementary 5th edition\u00a0 &#8211; Ed. Oxford University Press (student&#8217;s &amp; workbook)<\/em><\/p>\n<h5><\/h5>\n<\/div>\n<h2>ANGL\u00c8S A2.2<\/h2>\n<div dir=\"ltr\">\n<p>Ets capa\u00e7 d&#8217;expressar-te m\u00ednimament en angl\u00e8s, parlar en present, passat i futur? Aquest \u00e9s el teu nivell !<\/p>\n<p>Curs adre\u00e7at a persones que han superat el nivell A2.1 o que necessiten ampliar el seu coneixement de l&#8217;angl\u00e8s a nivell oral, escrit i gramatical. Al llarg d&#8217;aquest curs es consoliden els continguts dels nivell A2. La finalitat d&#8217;aquest curs \u00e9s refor\u00e7ar els coneixements adquirits en el segon nivell i consolidar l&#8217;aprenentatge orientat a adquirir compet\u00e8ncies pr\u00f2pies de l&#8217;usuari b\u00e0sic.<\/p>\n<p><span style=\"text-decoration: underline;\">HORARI de les classes<\/span><\/p>\n<p>grup TARDA =&gt; dimarts i dijous de 15.30h a 17.30h<\/p>\n<p><span style=\"text-decoration: underline;\">Durada del curs<\/span>: 140 hores, de setembre 2025 a juny 2026<\/p>\n<p><span style=\"text-decoration: underline;\">Llibres del curs<\/span>: <em>Headway pre-intermediate 5th edition &#8211; Ed. Oxford University Press (student&#8217;s &amp; workbook)<\/em><\/p>\n<p><strong><span style=\"font-family: 'Century Gothic', sans-serif;\">Al finalitzar aquest nivell, superant l&#8217;examen final, s&#8217;obt\u00e9 un certificat que permet l&#8217;acc\u00e9s directe a 3r de l&#8217;<a href=\"http:\/\/eoibanyoles.cat\/wordpress\/\">Escola Oficial d&#8217;Idiomes (EOI)<\/a>.<\/span><\/strong><\/p>\n<\/div>\n<p><em>Si vols saber quin \u00e9s exactament el teu nivell d&#8217;angl\u00e8s, fes aquest test: <a href=\"https:\/\/www.ilsenglish.com\/quicklinks\/test-your-english-level\" target=\"_blank\" rel=\"noopener noreferrer\">ENGLISH LEVEL TEST<\/a>\u00a0<\/em><\/p>\n<p>&nbsp;<\/p>\n<p>&nbsp;<\/p>\n<div style=\"display: none;\"><\/div>\n<div style=\"display: none;\"><\/div>\n","protected":false},"excerpt":{"rendered":"<p>ANGL\u00c8S A1 Inicial<\/p>\n<p>No has fet mai cap curs d&#8217;angl\u00e8s? Aquest \u00e9s el teu nivell !<br \/>\nCurs adre\u00e7at a persones sense cap coneixement de l&#8217;angl\u00e8s i t\u00e9 com a finalitat adquirir les compet\u00e8ncies comunicatives b\u00e0siques per poder-se desenvolupar, m\u00ednimament, en la vida personal, laboral i social en&hellip;  <a href=\"https:\/\/agora.xtec.cat\/cfaplaestany\/ensenyaments\/llengua-anglesa\/\" title=\"Read Llengua anglesa\">Llegeix m\u00e9s\u00bb<\/a><\/p>\n","protected":false},"author":1,"featured_media":0,"parent":274,"menu_order":0,"comment_status":"closed","ping_status":"closed","template":"","meta":{"_bbp_topic_count":0,"_bbp_reply_count":0,"_bbp_total_topic_count":0,"_bbp_total_reply_count":0,"_bbp_voice_count":0,"_bbp_anonymous_reply_count":0,"_bbp_topic_count_hidden":0,"_bbp_reply_count_hidden":0,"_bbp_forum_subforum_count":0,"footnotes":""},"class_list":["post-312","page","type-page","status-publish","hentry"],"post_mailing_queue_ids":[],"_links":{"self":[{"href":"https:\/\/agora.xtec.cat\/cfaplaestany\/wp-json\/wp\/v2\/pages\/312","targetHints":{"allow":["GET"]}}],"collection":[{"href":"https:\/\/agora.xtec.cat\/cfaplaestany\/wp-json\/wp\/v2\/pages"}],"about":[{"href":"https:\/\/agora.xtec.cat\/cfaplaestany\/wp-json\/wp\/v2\/types\/page"}],"author":[{"embeddable":true,"href":"https:\/\/agora.xtec.cat\/cfaplaestany\/wp-json\/wp\/v2\/users\/1"}],"replies":[{"embeddable":true,"href":"https:\/\/agora.xtec.cat\/cfaplaestany\/wp-json\/wp\/v2\/comments?post=312"}],"version-history":[{"count":7,"href":"https:\/\/agora.xtec.cat\/cfaplaestany\/wp-json\/wp\/v2\/pages\/312\/revisions"}],"predecessor-version":[{"id":2920,"href":"https:\/\/agora.xtec.cat\/cfaplaestany\/wp-json\/wp\/v2\/pages\/312\/revisions\/2920"}],"up":[{"embeddable":true,"href":"https:\/\/agora.xtec.cat\/cfaplaestany\/wp-json\/wp\/v2\/pages\/274"}],"wp:attachment":[{"href":"https:\/\/agora.xtec.cat\/cfaplaestany\/wp-json\/wp\/v2\/media?parent=312"}],"curies":[{"name":"wp","href":"https:\/\/api.w.org\/{rel}","templated":true}]}}