{"id":305,"date":"2026-04-09T10:00:04","date_gmt":"2026-04-09T08:00:04","guid":{"rendered":"http:\/\/agora.xtec.cat\/cfaplaestany\/?page_id=305"},"modified":"2026-04-14T11:31:48","modified_gmt":"2026-04-14T09:31:48","slug":"qui-som","status":"publish","type":"page","link":"https:\/\/agora.xtec.cat\/cfaplaestany\/","title":{"rendered":"\ud83d\udc49Novetats"},"content":{"rendered":"<h3 style=\"text-align: left;\"><\/h3>\n<h1 style=\"text-align: center;\">\ud83d\udce2 Del 4 al 7 de maig de 2026 tornen les Jornades pel foment del catal\u00e0! Clica i llegeix el programa d&#8217;enguany: <em><a href=\"https:\/\/agora.xtec.cat\/cfaplaestany\/projecte-educatiu\/magrada-en-catala\/\">M&#8217;agrada en catal\u00e0!<\/a>\u00a0<\/em><\/h1>\n<h1 style=\"text-align: center;\"><a href=\"https:\/\/agora.xtec.cat\/cfaplaestany\/wp-content\/uploads\/usu1886\/2026\/04\/web_magradaencatala_2026-1-1.png\"><img loading=\"lazy\" decoding=\"async\" class=\"alignnone  wp-image-3135\" src=\"https:\/\/agora.xtec.cat\/cfaplaestany\/wp-content\/uploads\/usu1886\/2026\/04\/web_magradaencatala_2026-1-1.png\" alt=\"\" width=\"567\" height=\"791\" srcset=\"https:\/\/agora.xtec.cat\/cfaplaestany\/wp-content\/uploads\/usu1886\/2026\/04\/web_magradaencatala_2026-1-1.png 650w, https:\/\/agora.xtec.cat\/cfaplaestany\/wp-content\/uploads\/usu1886\/2026\/04\/web_magradaencatala_2026-1-1-215x300.png 215w\" sizes=\"auto, (max-width: 567px) 100vw, 567px\" \/><\/a><\/h1>\n<p><a href=\"https:\/\/sites.google.com\/xtec.cat\/magradaencatala\/p%C3%A0gina-principal?authuser=2\">\u00a0<\/a><\/p>\n<h1 style=\"text-align: center;\">\ud83d\udce2 Cursos gratu\u00efts de la UOC (Universitat Oberta de Catalunya)<\/h1>\n<div style=\"text-align: center;\"><span style=\"font-family: arial, sans-serif; font-size: large;\"><b>8 cursos gratu\u00efts, flexibles i 100 % en l\u00ednia<\/b><\/span><\/div>\n<div>\n<div>\n<div>\n<div>\n<div dir=\"auto\">\n<div>\n<div>\n<p style=\"text-align: center;\"><img decoding=\"async\" class=\"an1\" draggable=\"false\" src=\"https:\/\/fonts.gstatic.com\/s\/e\/notoemoji\/16.0\/1f3af\/32.png\" alt=\"\ud83c\udfaf\" data-emoji=\"\ud83c\udfaf\" aria-label=\"\ud83c\udfaf\" \/>\u00a0L&#8217;objectiu \u00e9s impulsar la digitalitzaci\u00f3 i millorar les oportunitats de desenvolupament personal i professional en l\u2019entorn\u00a0<span class=\"il\">rural<\/span>.<\/p>\n<p style=\"text-align: center;\">Disponibles<b>\u00a0fins al 31 de mar\u00e7 del 2026,<\/b>\u00a0pots accedir al campus i avan\u00e7ar al teu ritme, amb continguts pr\u00e0ctics i pensats per al dia a dia.<\/p>\n<p style=\"text-align: center;\">Entre les tem\u00e0tiques que s\u2019hi aborden hi trobar\u00e0s:<\/p>\n<p style=\"text-align: center;\">\u00das segur i responsable de la tecnologia.<\/p>\n<p style=\"text-align: center;\">Comunicaci\u00f3 i col\u00b7laboraci\u00f3 en xarxa.<\/p>\n<p style=\"text-align: center;\">Gesti\u00f3 de la informaci\u00f3 i serveis en l\u00ednia.<\/p>\n<p style=\"text-align: center;\">Intel\u00b7lig\u00e8ncia artificial de manera \u00e8tica i segura.<\/p>\n<\/div>\n<\/div>\n<\/div>\n<\/div>\n<\/div>\n<\/div>\n<\/div>\n<p style=\"text-align: center;\"><img decoding=\"async\" class=\"an1 aligncenter\" draggable=\"false\" src=\"https:\/\/fonts.gstatic.com\/s\/e\/notoemoji\/16.0\/1f680\/32.png\" alt=\"\ud83d\ude80\" data-emoji=\"\ud83d\ude80\" aria-label=\"\ud83d\ude80\" \/><b>Si vols refor\u00e7ar les teves compet\u00e8ncies digitals i guanyar autonomia en el teu dia a dia, aquesta \u00e9s una molt bona oportunitat.<\/b><\/p>\n<blockquote>\n<p style=\"text-align: center;\"><b><img decoding=\"async\" class=\"an1\" draggable=\"false\" src=\"https:\/\/fonts.gstatic.com\/s\/e\/notoemoji\/16.0\/1f535\/32.png\" alt=\"\ud83d\udd35\" data-emoji=\"\ud83d\udd35\" aria-label=\"\ud83d\udd35\" \/>\u00a0En aquest\u00a0<a href=\"https:\/\/s3.eu-west-1.amazonaws.com\/uoc.corporate\/MITECO\/+Screencast+Aula+Mentoria\/Screencats+Aula+Mentoria+UOC_web.mp4\" target=\"_blank\" rel=\"noopener\" data-saferedirecturl=\"https:\/\/www.google.com\/url?q=https:\/\/s3.eu-west-1.amazonaws.com\/uoc.corporate\/MITECO\/%2BScreencast%2BAula%2BMentoria\/Screencats%2BAula%2BMentoria%2BUOC_web.mp4&amp;source=gmail&amp;ust=1769619357931000&amp;usg=AOvVaw0RSwIV4NgLtGHuDTbRnl-7\">v\u00eddeo\u00a0<\/a>podr\u00e0s\u00a0veure el funcionament del campus\u00a0<\/b><\/p>\n<\/blockquote>\n<p style=\"text-align: center;\"><a href=\"https:\/\/www.uoc.edu\/ca\/estudis\/landings\/uoc-rural-digital\">M\u00e9s informaci\u00f3\u00a0sobre els cursos<\/a><\/p>\n<p>&nbsp;<\/p>\n<h3><b>\u27a1\ufe0f <\/b><b>Vols fer les proves d&#8217;ACTIC? Informa-te&#8217;n i apunta-t&#8217;hi al seg\u00fcent enlla\u00e7: <span style=\"text-decoration: underline; color: #800000;\"><a style=\"color: #800000; text-decoration: underline;\" href=\"https:\/\/agora.xtec.cat\/cfaplaestany\/serveis\/serveis-digitals\/\">ACTIC<\/a> <\/span><\/b><\/h3>\n<p>&nbsp;<\/p>\n<h3><b>\u27a1\ufe0f V<\/b><strong>ols m\u00e9s informaci\u00f3? Contesta aquest <span style=\"text-decoration: underline; color: #cc99ff;\"><a style=\"text-decoration: underline; color: #cc99ff;\" href=\"https:\/\/forms.gle\/dgaV48ZxBSEipq6g8\">Formulari<\/a>\u00a0<\/span><\/strong><\/h3>\n<h6><\/h6>\n<div style=\"display: none;\"><\/div>\n<div style=\"display: none;\"><\/div>\n<div style=\"display: none;\"><\/div>\n<div style=\"display: none;\"><\/div>\n<div style=\"display: none;\"><\/div>\n<div style=\"display: none;\"><\/div>\n<div style=\"display: none;\"><\/div>\n<div style=\"display: none;\"><\/div>\n<div style=\"display: none;\"><\/div>\n<div style=\"display: none;\"><\/div>\n<div style=\"display: none;\"><\/div>\n<div style=\"display: none;\"><\/div>\n<div style=\"display: none;\"><\/div>\n<div style=\"display: none;\"><\/div>\n<div style=\"display: none;\"><\/div>\n<div style=\"display: none;\"><\/div>\n<div style=\"display: none;\"><\/div>\n<div style=\"display: none;\"><\/div>\n<div style=\"display: none;\"><\/div>\n<div style=\"display: none;\"><\/div>\n<div style=\"display: none;\"><\/div>\n<div style=\"display: none;\"><\/div>\n<div style=\"display: none;\"><\/div>\n<div style=\"display: none;\"><\/div>\n<div style=\"display: none;\"><\/div>\n<div style=\"display: none;\"><\/div>\n<div style=\"display: none;\"><\/div>\n<div style=\"display: none;\"><\/div>\n<div style=\"display: none;\"><\/div>\n<div style=\"display: none;\"><\/div>\n<div style=\"display: none;\"><\/div>\n<div style=\"display: none;\"><\/div>\n<div style=\"display: none;\"><\/div>\n<div style=\"display: none;\"><\/div>\n<div style=\"display: none;\"><\/div>\n<div style=\"display: none;\"><\/div>\n<div style=\"display: none;\"><\/div>\n<div style=\"display: none;\"><\/div>\n<div style=\"display: none;\"><\/div>\n<div style=\"display: none;\"><\/div>\n<div style=\"display: none;\"><\/div>\n<div style=\"display: none;\"><\/div>\n<p><!--a=1--><!--a=1--><\/p>\n<div style=\"display: none;\"><\/div>\n<p><!--a=1--><\/p>\n<div style=\"display: none;\"><\/div>\n<p><!--a=1--><\/p>\n<p><!----comment node----><!--a=1--><\/p>\n<p><!----comment node----><!--a=1--><!--a=1--><!--a=1--><\/p>\n<p><!----comment node----><!--a=1--><!--a=1--><!--a=1--><\/p>\n","protected":false},"excerpt":{"rendered":"<p>\ud83d\udce2 Del 4 al 7 de maig de 2026 tornen les Jornades pel foment del catal\u00e0! Clica i llegeix el programa d&#8217;enguany: <a href=\"https:\/\/agora.xtec.cat\/cfaplaestany\/projecte-educatiu\/magrada-en-catala\/\">M&#8217;agrada en catal\u00e0!<\/a>\u00a0<br \/>\n<a href=\"https:\/\/agora.xtec.cat\/cfaplaestany\/wp-content\/uploads\/usu1886\/2026\/04\/web_magradaencatala_2026-1-1.png\"><\/a><br \/>\n<a href=\"https:\/\/sites.google.com\/xtec.cat\/magradaencatala\/p%C3%A0gina-principal?authuser=2\">\u00a0<\/a><br \/>\n\ud83d\udce2 Cursos gratu\u00efts de la UOC (Universitat Oberta de Catalunya)<br \/>\n8 cursos gratu\u00efts, flexibles i 100 % en l\u00ednia<\/p>\n<p>\u00a0L&#8217;objectiu&hellip;  <a href=\"https:\/\/agora.xtec.cat\/cfaplaestany\/\" title=\"Read \ud83d\udc49Novetats\">Llegeix m\u00e9s\u00bb<\/a><\/p>\n","protected":false},"author":1,"featured_media":0,"parent":261,"menu_order":0,"comment_status":"closed","ping_status":"closed","template":"page-templates\/side-menu.php","meta":{"_bbp_topic_count":0,"_bbp_reply_count":0,"_bbp_total_topic_count":0,"_bbp_total_reply_count":0,"_bbp_voice_count":0,"_bbp_anonymous_reply_count":0,"_bbp_topic_count_hidden":0,"_bbp_reply_count_hidden":0,"_bbp_forum_subforum_count":0,"footnotes":""},"class_list":["post-305","page","type-page","status-publish","hentry"],"post_mailing_queue_ids":[],"_links":{"self":[{"href":"https:\/\/agora.xtec.cat\/cfaplaestany\/wp-json\/wp\/v2\/pages\/305","targetHints":{"allow":["GET"]}}],"collection":[{"href":"https:\/\/agora.xtec.cat\/cfaplaestany\/wp-json\/wp\/v2\/pages"}],"about":[{"href":"https:\/\/agora.xtec.cat\/cfaplaestany\/wp-json\/wp\/v2\/types\/page"}],"author":[{"embeddable":true,"href":"https:\/\/agora.xtec.cat\/cfaplaestany\/wp-json\/wp\/v2\/users\/1"}],"replies":[{"embeddable":true,"href":"https:\/\/agora.xtec.cat\/cfaplaestany\/wp-json\/wp\/v2\/comments?post=305"}],"version-history":[{"count":6,"href":"https:\/\/agora.xtec.cat\/cfaplaestany\/wp-json\/wp\/v2\/pages\/305\/revisions"}],"predecessor-version":[{"id":3137,"href":"https:\/\/agora.xtec.cat\/cfaplaestany\/wp-json\/wp\/v2\/pages\/305\/revisions\/3137"}],"up":[{"embeddable":true,"href":"https:\/\/agora.xtec.cat\/cfaplaestany\/wp-json\/wp\/v2\/pages\/261"}],"wp:attachment":[{"href":"https:\/\/agora.xtec.cat\/cfaplaestany\/wp-json\/wp\/v2\/media?parent=305"}],"curies":[{"name":"wp","href":"https:\/\/api.w.org\/{rel}","templated":true}]}}