{"id":303,"date":"2024-06-10T10:23:05","date_gmt":"2024-06-10T08:23:05","guid":{"rendered":"http:\/\/agora.xtec.cat\/cfaplaestany\/?page_id=303"},"modified":"2024-07-01T18:26:51","modified_gmt":"2024-07-01T16:26:51","slug":"graduat-en-educacio-secundaria-per-adults","status":"publish","type":"page","link":"https:\/\/agora.xtec.cat\/cfaplaestany\/ensenyaments\/graduat-en-educacio-secundaria-per-adults\/","title":{"rendered":"Graduat en educaci\u00f3 secundaria per adults (GESO)"},"content":{"rendered":"<p align=\"left\"><span style=\"font-family: 'Century Gothic', sans-serif;\"><span style=\"font-family: 'Helvetica Neue', Helvetica, Helvetica, Arial, sans-serif;\">Al CFA Pla de l&#8217;Estany es pot cursar el GES en dues modalitats: &#8220;PRESENCIAL&#8221; (amb classes presencials) o b\u00e9, &#8220;A DIST\u00c0NCIA&#8221;, o sigui, des de casa i de manera flexible.\u00a0 \u00a0<\/span><\/span><\/p>\n<div>\n<div dir=\"ltr\">\n<p>Tant\u00a0<span style=\"font-family: inherit; font-size: 1em;\">el <strong>GES presencial<\/strong> com el <strong>GES a dist\u00e0ncia<\/strong> condueixen\u00a0 a l&#8217;obtenci\u00f3 del &#8216;Graduat en Educaci\u00f3 Secund\u00e0ria&#8217;, l&#8217;equivalent a l&#8217;ESO que s&#8217;obt\u00e9 als INS.<\/span><\/p>\n<p>Per a persones que no van poder acabar la Prim\u00e0ria i que per aix\u00f2 necessiten una preparaci\u00f3 pr\u00e8via al GES, oferim el curs de <a href=\"https:\/\/agora.xtec.cat\/cfaplaestany\/ensenyaments\/formacio-instrumental\/\" target=\"_blank\" rel=\"noopener noreferrer\">Formaci\u00f3 Instrumental 4<\/a>.<\/p>\n<p><b>GES PRESENCIAL<\/b><\/p>\n<p>Al CFA Pla de l&#8217;Estany oferim els dos nivells del GES, el GES 1 i el GES 2. El dos cursos de GES estan estructurats en tres \u00e0mbits:\u00a0\u00e0mbit de les matem\u00e0tiques, ci\u00e8ncies i tecnologia; \u00e0mbit de les ci\u00e8ncies socials i l&#8217;\u00e0mbit de la comunicaci\u00f3 :catal\u00e0, castell\u00e0 i angl\u00e8s. Cada \u00e0mbit es compon de m\u00f2duls trimestrals.<\/p>\n<p>El centre disposa d\u2019un servei de tutoria per informar i orientar sobre l\u2019itinerari formatiu de cada alumne\/a. A l\u2019iniciar el curs s&#8217;efectuar\u00e0 una avaluaci\u00f3 inicial individual a partir de l\u2019expedient acad\u00e8mic, les proves inicials i l\u2019entrevista personal. Segons el resultat es convaliden i\/o acrediten diferents m\u00f2duls. Si cal fer tot el curs complet, sense acreditacions ni convalidacions,\u00a0\u00a0la durada \u00e9s de sis trimestres.<\/p>\n<p>Una persona pot incorporar-se a aquests estudis a\u00a0<b>l\u2019inici de cada trimestre<\/b> sempre que hi hagi vacants. Per inscriure&#8217;s cal que us poseu en contacte amb nosaltres i us donarem una hora per venir a fer una entrevista i les proves de nivell. Aquest dia haureu de portar el certificat de notes. Si no el teniu, cal que l&#8217;aneu a buscar a l&#8217;institut on vau cursar l&#8217;ESO.<\/p>\n<p>Un cop assolits els continguts, s\u2019obt\u00e9 el &#8216;Graduat en Educaci\u00f3 Secund\u00e0ria&#8217;, l&#8217;equivalent a l&#8217;ESO que s&#8217;obt\u00e9 als INS.\u00a0\u00a0Aquesta titulaci\u00f3 permet accedir a estudis superiors (cicles formatius, batxillerat&#8230;).<\/p>\n<p>Durada del curs: de setembre a juny.<\/p>\n<p>Horari del curs: de dilluns a dijous en la franja hor\u00e0ria de 15h a 20h, per\u00f2 l&#8217;horari \u00e9s individualitzat segons els m\u00f2duls que s&#8217;hagin de cursar.<\/p>\n<p><b>GES A DIST\u00c0NCIA<\/b><\/p>\n<p>La modalitat del GES \u00e9s\u00a0<b>a dist\u00e0ncia<\/b>, es cursa a trav\u00e9s del\u00a0<a href=\"http:\/\/ioc.xtec.cat\/educacio\/\" target=\"_blank\" rel=\"nofollow noopener noreferrer\">IOC (Institut Obert de Catalunya)<\/a>.\u00a0El CFA Pla de l\u2019Estany, com a centre de suport del IOC, \u00e9s qui matricula l&#8217;alumnat nou i antic, \u00a0i tamb\u00e9, el lloc on es duen a terme els ex\u00e0mens trimestrals. Els alumnes, per\u00f2, estudien des de casa a trav\u00e9s d&#8217;internet i, per tant, en horari flexible que els permet combinar feina i estudis.<\/p>\n<p>Per aconseguir la titulaci\u00f3 cal cursar 34 m\u00f2duls repartits en tres \u00e0mbits (comunicaci\u00f3, cient\u00edfic tecnol\u00f2gic i social) i dos nivells (GES1 i GES 2) . Ara b\u00e9, en funci\u00f3 dels estudis que un tingui pot convalidar alguns d\u2019aquests \u00e0mbits, aix\u00ed com tamb\u00e9 hi ha la possibilitat de realitzar una prova d\u2019anivellament (PAI) en el moment de fer la primera inscripci\u00f3 per tal d\u2019acreditar coneixements suficients d\u2019alguns dels tres \u00e0mbits del primer nivell, la qual cosa li permetria escur\u00e7ar aquest temps.<\/p>\n<p>Els estudis s\u2019organitzen en trimestres (tardor, hivern i primavera). Al final de cada trimestre hi ha un examen per a alguns dels m\u00f2duls, que es du a terme en el mateix Centre de suport. Consulteu:\u00a0<span style=\"font-size: medium;\"><a href=\"https:\/\/ioc.xtec.cat\/educacio\/ges\" target=\"_blank\" rel=\"nofollow noopener noreferrer\">Calendari de matr\u00edcula \u00a0IOC per al curs 2024-2025<\/a><\/span><\/p>\n<p><b>Requisits (v\u00e0lids per ambdues modalitats) :\u00a0<\/b><\/p>\n<p>Per accedir als estudis de GES\u00a0<b>cal tenir 18 anys<\/b>\u00a0o m\u00e9s o complir-los dintre de l\u2019any natural de la matr\u00edcula.<\/p>\n<p>Tamb\u00e9 hi poden accedir les persones que tenen 16 anys o b\u00e9 els compleixen durant l&#8217;any natural en qu\u00e8 inicien la formaci\u00f3 si es compleix alguna de les circumst\u00e0ncies seg\u00fcents:<\/p>\n<ul>\n<li>si tenen un contracte laboral que els impedeixi assistir als centres educatius en r\u00e8gim ordinari;<\/li>\n<li>si es troben en proc\u00e9s d&#8217;obtenci\u00f3 d&#8217;un perm\u00eds de treball;<\/li>\n<li>si s\u00f3n esportistes d&#8217;alt rendiment;<\/li>\n<li>si s\u00f3n alumnes que han cursat i superat els m\u00f2duls obligatoris dels programes de qualificaci\u00f3 professional inicial;<\/li>\n<li>si s\u00f3n alumnes que han cursat o estan cursant els programes de formaci\u00f3 i inserci\u00f3 durant aquest curs i volen cursar els ensenyaments d&#8217;educaci\u00f3 secund\u00e0ria obligat\u00f2ria per a adults;<\/li>\n<li>si volen cursar la formaci\u00f3 per a proves d&#8217;acc\u00e9s als cicles formatius de grau mitj\u00e0,<\/li>\n<li>si participen en el programa d&#8217;experi\u00e8ncia professional per a l&#8217;ocupaci\u00f3 juvenil a Catalunya &#8220;Joves per a l&#8217;ocupaci\u00f3&#8221;.<\/li>\n<\/ul>\n<p><b>Qu\u00e8 cal portar a l&#8217;hora de la inscripci\u00f3 ?<\/b><\/p>\n<p>En el moment de la primera matr\u00edcula cal aportar la documentaci\u00f3 seg\u00fcent:<\/p>\n<ul>\n<li>original i fotoc\u00f2pia del DNI o altre document identificatiu (NIE o passaport).<\/li>\n<li>originals i fotoc\u00f2pia de la documentaci\u00f3 acad\u00e8mica justificativa d\u2019estudis anteriors: t\u00edtols oficials, llibre d\u2019escolaritat o\u00a0<u>certificats oficials de notes<\/u>\u00a0de tots els cursos de la ESO (ni butlletins de notes ni informes d\u2019avaluaci\u00f3).<\/li>\n<\/ul>\n<p>&nbsp;<\/p>\n<p>&nbsp;<\/p>\n<\/div>\n<\/div>\n<div style=\"display: none;\"><\/div>\n<div style=\"display: none;\"><\/div>\n","protected":false},"excerpt":{"rendered":"<p>Al CFA Pla de l&#8217;Estany es pot cursar el GES en dues modalitats: &#8220;PRESENCIAL&#8221; (amb classes presencials) o b\u00e9, &#8220;A DIST\u00c0NCIA&#8221;, o sigui, des de casa i de manera flexible.\u00a0 \u00a0<\/p>\n<p>Tant\u00a0el GES presencial com el GES a dist\u00e0ncia condueixen\u00a0 a l&#8217;obtenci\u00f3 del &#8216;Graduat en Educaci\u00f3&hellip;  <a href=\"https:\/\/agora.xtec.cat\/cfaplaestany\/ensenyaments\/graduat-en-educacio-secundaria-per-adults\/\" title=\"Read Graduat en educaci\u00f3 secundaria per adults (GESO)\">Llegeix m\u00e9s\u00bb<\/a><\/p>\n","protected":false},"author":1,"featured_media":0,"parent":274,"menu_order":0,"comment_status":"closed","ping_status":"closed","template":"","meta":{"_bbp_topic_count":0,"_bbp_reply_count":0,"_bbp_total_topic_count":0,"_bbp_total_reply_count":0,"_bbp_voice_count":0,"_bbp_anonymous_reply_count":0,"_bbp_topic_count_hidden":0,"_bbp_reply_count_hidden":0,"_bbp_forum_subforum_count":0,"footnotes":""},"class_list":["post-303","page","type-page","status-publish","hentry"],"post_mailing_queue_ids":[],"_links":{"self":[{"href":"https:\/\/agora.xtec.cat\/cfaplaestany\/wp-json\/wp\/v2\/pages\/303","targetHints":{"allow":["GET"]}}],"collection":[{"href":"https:\/\/agora.xtec.cat\/cfaplaestany\/wp-json\/wp\/v2\/pages"}],"about":[{"href":"https:\/\/agora.xtec.cat\/cfaplaestany\/wp-json\/wp\/v2\/types\/page"}],"author":[{"embeddable":true,"href":"https:\/\/agora.xtec.cat\/cfaplaestany\/wp-json\/wp\/v2\/users\/1"}],"replies":[{"embeddable":true,"href":"https:\/\/agora.xtec.cat\/cfaplaestany\/wp-json\/wp\/v2\/comments?post=303"}],"version-history":[{"count":6,"href":"https:\/\/agora.xtec.cat\/cfaplaestany\/wp-json\/wp\/v2\/pages\/303\/revisions"}],"predecessor-version":[{"id":2667,"href":"https:\/\/agora.xtec.cat\/cfaplaestany\/wp-json\/wp\/v2\/pages\/303\/revisions\/2667"}],"up":[{"embeddable":true,"href":"https:\/\/agora.xtec.cat\/cfaplaestany\/wp-json\/wp\/v2\/pages\/274"}],"wp:attachment":[{"href":"https:\/\/agora.xtec.cat\/cfaplaestany\/wp-json\/wp\/v2\/media?parent=303"}],"curies":[{"name":"wp","href":"https:\/\/api.w.org\/{rel}","templated":true}]}}