{"id":301,"date":"2025-05-30T11:21:46","date_gmt":"2025-05-30T09:21:46","guid":{"rendered":"http:\/\/agora.xtec.cat\/cfaplaestany\/?page_id=301"},"modified":"2025-06-19T09:11:20","modified_gmt":"2025-06-19T07:11:20","slug":"formacio-instrumental","status":"publish","type":"page","link":"https:\/\/agora.xtec.cat\/cfaplaestany\/ensenyaments\/formacio-instrumental\/","title":{"rendered":"Formaci\u00f3 instrumental"},"content":{"rendered":"<p>La Formaci\u00f3 Instrumental \u00e9s una formaci\u00f3 b\u00e0sica i fonamental per a tota persona. Est\u00e0 dividida en quatre nivells; el 1r i el 2n ocupen dos cursos escolars, i el 3r i el 4t, un. Equival a la Prim\u00e0ria de les escoles i el 4t nivell, per tant, \u00e9s una preparaci\u00f3 per al GES (ESO).<\/p>\n<h3>1r CICLE DE FORMACI\u00d3 INSTRUMENTAL:<\/h3>\n<div dir=\"ltr\">\n<h5><b><span style=\"font-size: large;\"><u>Formaci\u00f3 Instrumental 1<\/u><\/span><\/b><\/h5>\n<p>Curs adre\u00e7at a persones sense cap coneixement del catal\u00e0 i que volen aprendre a llegir i escriure.<\/p>\n<p>Al final d\u2019aquest curs, l\u2019alumne podr\u00e0 &#8230;<\/p>\n<ul style=\"list-style-type: circle;\">\n<li>Parlar i entendre m\u00ednimament una conversa.<\/li>\n<li>Llegir i escriure paraules.<\/li>\n<li>Con\u00e8ixer els \u20ac, les mesures, fer sumes senzilles, c\u00e0lcul mental, etc.<\/li>\n<li>Utilitzar un ordinador.<\/li>\n<\/ul>\n<p><span style=\"text-decoration: underline;\">HORARI DE LES CLASSES<\/span>:<\/p>\n<p>grup MAT\u00cd =&gt; dimarts i dijous d&#8217;11h a 12.30h<\/p>\n<p>grup TARDA =&gt; dilluns i dimecres de 16.30h a 18h<\/p>\n<p><span style=\"text-decoration: underline;\">Durada del curs:<\/span> 9 mesos , de setembre 2025 a juny 2026<\/p>\n<div><\/div>\n<h5><u><b><span style=\"font-size: large;\">Formaci\u00f3 Instrumental 2<\/span><\/b><\/u><\/h5>\n<p>Curs adre\u00e7at a persones que han superat el curs de Formaci\u00f3 Instrumental 1 i que ja entenen for\u00e7a b\u00e9 el catal\u00e0 i poden llegir i escriure frases senzilles.<\/p>\n<p>Al final d\u2019aquest curs, l\u2019alumne podr\u00e0 &#8230;<\/p>\n<ul style=\"list-style-type: circle;\">\n<li>Parlar i entendre el catal\u00e0.<\/li>\n<li>Llegir i escriure frases i petits textos (notes, descripcions senzilles,etc.)<\/li>\n<li>Sumar, restar i multiplicar, utilitzar la calculadora, resoldre problemes quotidians, etc.<\/li>\n<li>Con\u00e8ixer l\u2019entorn, els paisatges, els mitjans de comunicaci\u00f3, coneixement del cos hum\u00e0, la salut, els aliments, etc.<\/li>\n<li>Utilitzar un ordinador<\/li>\n<\/ul>\n<p><span style=\"text-decoration: underline;\">HORARI DE LES CLASSES<\/span>:<\/p>\n<p>grup MAT\u00cd INTENSIU =&gt; dilluns, dimarts i dijous de 9h a 11h<\/p>\n<p>grup VESPRE =&gt; dilluns i dimecres de 18h a 20h<\/p>\n<p><span style=\"text-decoration: underline;\">Durada del curs<\/span>: 9 mesos , de setembre 2025 a juny 2026<\/p>\n<div><\/div>\n<h3><\/h3>\n<\/div>\n<p>&nbsp;<\/p>\n<div dir=\"ltr\">\n<h3>2n CICLE DE FORMACI\u00d3 INSTRUMENTAL:<\/h3>\n<\/div>\n<h5><span style=\"font-size: large;\"><b><u>Formaci\u00f3 Instrumental 3<\/u><\/b><\/span><\/h5>\n<p>Curs adre\u00e7at a persones amb coneixement del catal\u00e0 i que no van poder finalitzar la Prim\u00e0ria o b\u00e9, han acabat el nivell 2. Les assignatures que es treballen s\u00f3n: catal\u00e0, castell\u00e0, matem\u00e0tiques, medi social i natural i, com a mat\u00e8ria transversal, inform\u00e0tica.<\/p>\n<p><span style=\"text-decoration: underline;\">HORARI DE LES CLASSES<\/span>: dilluns i dimarts de 15h a 17.30h, i dimecres de 15h a 17h<\/p>\n<p><span style=\"text-decoration: underline;\">Durada del curs<\/span>: 245 hores.<\/p>\n<p><em>Es fa conjuntament amb FI4<\/em><\/p>\n<h5><span style=\"font-size: large;\"><b><u>Formaci\u00f3 Instrumental 4 (curs preparatori pel GES)<\/u><\/b><\/span><\/h5>\n<p>Curs adre\u00e7at a persones amb coneixement del catal\u00e0 i que volen assolir la formaci\u00f3 adequada per\u00a0 incorporar-se al GES (Graduat d\u2019Educaci\u00f3 Secund\u00e0ria). Les mat\u00e8ries que s&#8217;imparteixen en aquest curs s\u00f3n: catal\u00e0, castell\u00e0, angl\u00e8s, matem\u00e0tiques, ci\u00e8ncies socials i naturals i, com a mat\u00e8ria transversal, inform\u00e0tica.<\/p>\n<p>Al final d\u2019aquest curs, l\u2019alumne podr\u00e0 &#8230;<\/p>\n<ul style=\"list-style-type: circle;\">\n<li>Entendre les idees principals d\u2019una informaci\u00f3, escrita o oral, relativa a la feina, a l\u2019escola, al temps lliure, etc.<\/li>\n<li>Escriure petites descripcions, notes, sol\u00b7licituds, receptes de cuina, instruccions, missatges al m\u00f2bil, correus electr\u00f2nics breus, etc.<\/li>\n<li>Fraccions, estad\u00edstiques, percentatges, interpretar descomptes, etc.<\/li>\n<li>Con\u00e8ixer millor la seva comarca i l\u2019entorn, Catalunya, Espanya i Europa, etc.<\/li>\n<li>Utilitzar un ordinador com a eina d\u2019aprenentatge.<\/li>\n<li>Iniciaci\u00f3 a l&#8217;angl\u00e8s<\/li>\n<\/ul>\n<p><span style=\"text-decoration: underline;\">HORARI DE LES CLASSES<\/span>: dilluns i dimarts de 15h a 17.30h, i dimecres de 15h a 17h<\/p>\n<p><span style=\"text-decoration: underline;\">Durada del curs<\/span>: 9 mesos, de setembre 2025 a juny 2026. La durada \u00e9s de 245 hores.<\/p>\n<div style=\"display: none;\"><\/div>\n","protected":false},"excerpt":{"rendered":"<p>La Formaci\u00f3 Instrumental \u00e9s una formaci\u00f3 b\u00e0sica i fonamental per a tota persona. Est\u00e0 dividida en quatre nivells; el 1r i el 2n ocupen dos cursos escolars, i el 3r i el 4t, un. Equival a la Prim\u00e0ria de les escoles i el 4t nivell,&hellip;  <a href=\"https:\/\/agora.xtec.cat\/cfaplaestany\/ensenyaments\/formacio-instrumental\/\" title=\"Read Formaci\u00f3 instrumental\">Llegeix m\u00e9s\u00bb<\/a><\/p>\n","protected":false},"author":1,"featured_media":0,"parent":274,"menu_order":0,"comment_status":"closed","ping_status":"closed","template":"","meta":{"_bbp_topic_count":0,"_bbp_reply_count":0,"_bbp_total_topic_count":0,"_bbp_total_reply_count":0,"_bbp_voice_count":0,"_bbp_anonymous_reply_count":0,"_bbp_topic_count_hidden":0,"_bbp_reply_count_hidden":0,"_bbp_forum_subforum_count":0,"footnotes":""},"class_list":["post-301","page","type-page","status-publish","hentry"],"post_mailing_queue_ids":[],"_links":{"self":[{"href":"https:\/\/agora.xtec.cat\/cfaplaestany\/wp-json\/wp\/v2\/pages\/301","targetHints":{"allow":["GET"]}}],"collection":[{"href":"https:\/\/agora.xtec.cat\/cfaplaestany\/wp-json\/wp\/v2\/pages"}],"about":[{"href":"https:\/\/agora.xtec.cat\/cfaplaestany\/wp-json\/wp\/v2\/types\/page"}],"author":[{"embeddable":true,"href":"https:\/\/agora.xtec.cat\/cfaplaestany\/wp-json\/wp\/v2\/users\/1"}],"replies":[{"embeddable":true,"href":"https:\/\/agora.xtec.cat\/cfaplaestany\/wp-json\/wp\/v2\/comments?post=301"}],"version-history":[{"count":6,"href":"https:\/\/agora.xtec.cat\/cfaplaestany\/wp-json\/wp\/v2\/pages\/301\/revisions"}],"predecessor-version":[{"id":2918,"href":"https:\/\/agora.xtec.cat\/cfaplaestany\/wp-json\/wp\/v2\/pages\/301\/revisions\/2918"}],"up":[{"embeddable":true,"href":"https:\/\/agora.xtec.cat\/cfaplaestany\/wp-json\/wp\/v2\/pages\/274"}],"wp:attachment":[{"href":"https:\/\/agora.xtec.cat\/cfaplaestany\/wp-json\/wp\/v2\/media?parent=301"}],"curies":[{"name":"wp","href":"https:\/\/api.w.org\/{rel}","templated":true}]}}