{"id":299,"date":"2025-06-08T10:21:22","date_gmt":"2025-06-08T08:21:22","guid":{"rendered":"http:\/\/agora.xtec.cat\/cfaplaestany\/?page_id=299"},"modified":"2025-06-19T09:07:53","modified_gmt":"2025-06-19T07:07:53","slug":"llengua-castellana","status":"publish","type":"page","link":"https:\/\/agora.xtec.cat\/cfaplaestany\/ensenyaments\/llengua-castellana\/","title":{"rendered":"Llengua castellana"},"content":{"rendered":"<h2 dir=\"ltr\"><b><span lang=\"ES\">Castellano A1<\/span><\/b><\/h2>\n<p dir=\"ltr\"><em><span lang=\"ES\">per fer aquest curs \u00e9s imprescindible saber llegir i escriure correctament<\/span><\/em><\/p>\n<div dir=\"ltr\">\n<h4><span lang=\"ES\">No has fet mai cap curs de castell\u00e0? Aquest \u00e9s el teu curs !\u00a0<\/span><\/h4>\n<\/div>\n<p dir=\"ltr\">Curs adre\u00e7at a persones sense cap coneixement del castell\u00e0 i t\u00e9 com a finalitat adquirir les compet\u00e8ncies comunicatives b\u00e0siques per poder-se desenvolupar, m\u00ednimament, en la vida personal, laboral i social.<\/p>\n<div dir=\"ltr\"><\/div>\n<div dir=\"ltr\"><span lang=\"ES\"><strong><span style=\"text-decoration: underline;\">HORARI de les classes<\/span><\/strong>: dimarts i dijous de 9.30h a 11h<\/span><\/div>\n<div dir=\"ltr\"><\/div>\n<div dir=\"ltr\">\n<p><span lang=\"ES\"><strong><span style=\"text-decoration: underline;\">Durada del curs<\/span><\/strong>: 105 hores <\/span><span style=\"font-family: inherit; font-size: 0.875em;\">(de setembre 2025 a juny 2026)<\/span><\/p>\n<h2><b><span lang=\"ES\">Castellano A2\u00a0<\/span><\/b><\/h2>\n<p><span lang=\"ES\">Has fet aproximadament 100 hores de castell\u00e0 A1\/ inicial? Aquest \u00e9s el teu curs !<\/span><\/p>\n<p><span lang=\"ES\">Curs dirigit a persones que han superat el nivell inicial o que necessiten ampliar els seus coneixements del castell\u00e0 a nivell oral, escrit o gramatical. Al final del curs, s&#8217;obt\u00e9 el CERTIFICAT DE NIVELL A2 del Marc Europeu Com\u00fa de Refer\u00e8ncia per a les Lleng\u00fces.<\/span><\/p>\n<p><span lang=\"ES\"><span style=\"text-decoration: underline;\">HORARI de les classes<\/span>: aquest curs, en principi no s&#8217;oferir\u00e0 el 2025\/26, per\u00f2, si hi est\u00e0s interessat, posa&#8217;t en contacte amb nosaltres (cfaplaestany@xtec.cat \/ 972 57 10 80)<\/span><\/p>\n<p><span lang=\"ES\"><span style=\"text-decoration: underline;\">Durada del curs<\/span>: 140 hores\u00a0<\/span><\/p>\n<h6>Si vols fer un test de nivell, fes clic aqu\u00ed: <a href=\"https:\/\/www.cervantes.to\/es\/test_inicial.html\" target=\"_blank\" rel=\"noopener noreferrer\">Test de nivell<\/a><\/h6>\n<h5><\/h5>\n<\/div>\n<h5><\/h5>\n<h2><b style=\"font-size: 1.125em;\"><span lang=\"ES\">Castellano B1<\/span><\/b><\/h2>\n<div dir=\"ltr\">\n<h5 dir=\"ltr\"><span lang=\"ES\">(<\/span><span lang=\"ES\">el curs 2025\/2026 no es far\u00e0 aquest nivell)<\/span><\/h5>\n<p><span lang=\"ES\">Curs dirigit a persones que han superat el nivell A2 i que necessiten ampliar els seus coneixements de la llengua a nivell oral, escrit o gramatical. Al final del curs, s&#8217;obt\u00e9 el CERTIFICAT DE NIVELL B1 del Marc Europeu Com\u00fa de Refer\u00e8ncia per a les Lleng\u00fces.<\/span><\/p>\n<p><span lang=\"ES\"><span style=\"text-decoration: underline;\">HORARI de les classes<\/span><\/span><\/p>\n<p><span lang=\"ES\"><span style=\"text-decoration: underline;\">Durada del curs<\/span>: 140 hores.<\/span><\/p>\n<\/div>\n<div style=\"display: none;\"><\/div>\n","protected":false},"excerpt":{"rendered":"<p>Castellano A1<br \/>\nper fer aquest curs \u00e9s imprescindible saber llegir i escriure correctament<\/p>\n<p>No has fet mai cap curs de castell\u00e0? Aquest \u00e9s el teu curs !\u00a0<\/p>\n<p>Curs adre\u00e7at a persones sense cap coneixement del castell\u00e0 i t\u00e9 com a finalitat adquirir les compet\u00e8ncies comunicatives b\u00e0siques per poder-se&hellip;  <a href=\"https:\/\/agora.xtec.cat\/cfaplaestany\/ensenyaments\/llengua-castellana\/\" title=\"Read Llengua castellana\">Llegeix m\u00e9s\u00bb<\/a><\/p>\n","protected":false},"author":1,"featured_media":0,"parent":274,"menu_order":0,"comment_status":"closed","ping_status":"closed","template":"","meta":{"_bbp_topic_count":0,"_bbp_reply_count":0,"_bbp_total_topic_count":0,"_bbp_total_reply_count":0,"_bbp_voice_count":0,"_bbp_anonymous_reply_count":0,"_bbp_topic_count_hidden":0,"_bbp_reply_count_hidden":0,"_bbp_forum_subforum_count":0,"footnotes":""},"class_list":["post-299","page","type-page","status-publish","hentry"],"post_mailing_queue_ids":[],"_links":{"self":[{"href":"https:\/\/agora.xtec.cat\/cfaplaestany\/wp-json\/wp\/v2\/pages\/299","targetHints":{"allow":["GET"]}}],"collection":[{"href":"https:\/\/agora.xtec.cat\/cfaplaestany\/wp-json\/wp\/v2\/pages"}],"about":[{"href":"https:\/\/agora.xtec.cat\/cfaplaestany\/wp-json\/wp\/v2\/types\/page"}],"author":[{"embeddable":true,"href":"https:\/\/agora.xtec.cat\/cfaplaestany\/wp-json\/wp\/v2\/users\/1"}],"replies":[{"embeddable":true,"href":"https:\/\/agora.xtec.cat\/cfaplaestany\/wp-json\/wp\/v2\/comments?post=299"}],"version-history":[{"count":7,"href":"https:\/\/agora.xtec.cat\/cfaplaestany\/wp-json\/wp\/v2\/pages\/299\/revisions"}],"predecessor-version":[{"id":2917,"href":"https:\/\/agora.xtec.cat\/cfaplaestany\/wp-json\/wp\/v2\/pages\/299\/revisions\/2917"}],"up":[{"embeddable":true,"href":"https:\/\/agora.xtec.cat\/cfaplaestany\/wp-json\/wp\/v2\/pages\/274"}],"wp:attachment":[{"href":"https:\/\/agora.xtec.cat\/cfaplaestany\/wp-json\/wp\/v2\/media?parent=299"}],"curies":[{"name":"wp","href":"https:\/\/api.w.org\/{rel}","templated":true}]}}