{"id":296,"date":"2025-06-19T09:00:08","date_gmt":"2025-06-19T07:00:08","guid":{"rendered":"http:\/\/agora.xtec.cat\/cfaplaestany\/?page_id=296"},"modified":"2025-07-08T19:45:06","modified_gmt":"2025-07-08T17:45:06","slug":"llengua-catalana","status":"publish","type":"page","link":"https:\/\/agora.xtec.cat\/cfaplaestany\/ensenyaments\/llengua-catalana\/","title":{"rendered":"Llengua catalana"},"content":{"rendered":"<h2><strong>Catal\u00e0 A1 (inicial)\u00a0 \u00a0<\/strong><\/h2>\n<p><span lang=\"ES\"><em>per fer aquest curs \u00e9s imprescindible saber llegir i escriure correctament<\/em><\/span><\/p>\n<h4>No has fet mai cap curs de catal\u00e0? Aquest \u00e9s el teu nivell !<\/h4>\n<p>Curs adre\u00e7at a persones sense cap coneixement del catal\u00e0 i t\u00e9 com a finalitat adquirir les compet\u00e8ncies comunicatives b\u00e0siques per poder-se desenvolupar, m\u00ednimament, en la vida personal, laboral i social.<\/p>\n<p><strong><span style=\"text-decoration: underline;\">HORARI de les classes<\/span><\/strong><\/p>\n<p><strong>grup MAT\u00cd intensiu<\/strong> de setembre 2025 a febrer 2026 =&gt; dilluns, dimarts i dijous d&#8217;11h a 13h<\/p>\n<p>\ud83d\udc49 el mes de febrer 2026 comen\u00e7ar\u00e0 un altre A1 intensiu que s&#8217;acabar\u00e0 el mes de juny 2026 (mateixos dies i horari)<\/p>\n<p><strong>grup TARDA<\/strong> =&gt; dilluns i dimecres de 15h a 16.30h (de setembre 2025 a juny 2026)<\/p>\n<p><strong>grup VESPRE<\/strong> =&gt; dimarts i dijous de 18.30h a 20h\u00a0 (de setembre 2025 a juny 2026)<\/p>\n<p><span style=\"text-decoration: underline;\">Durada del curs<\/span>: 105 hores<\/p>\n<p><span style=\"text-decoration: underline;\">Llibre de text:<\/span> Roig, Nuri ; Padr\u00f3s, Marta ; Camps, Sandra: <em>Passos 1<\/em> . Barcelona, Editorial Octaedro, 2017<\/p>\n<p>&nbsp;<\/p>\n<h2><strong>Catal\u00e0 A2<\/strong><\/h2>\n<p>Has fet aproximadament 100 hores de catal\u00e0 A1\/inicial? Aquest \u00e9s el teu curs !<\/p>\n<p>Curs adre\u00e7at a persones que han superat el nivell inicial o que necessiten ampliar el seu coneixement del catal\u00e0 a nivell oral, escrit i gramatical. Al final del curs, s\u2019obt\u00e9 el CERTIFICAT DE NIVELL B\u00c0SIC (nivell A2 del Marc Europeu Com\u00fa de Refer\u00e8ncia per a les Lleng\u00fces)<\/p>\n<p><strong><span style=\"text-decoration: underline;\">HORARI de les classes<\/span><\/strong><\/p>\n<p><strong>grup MAT\u00cd<\/strong> =&gt; dimarts i dijous de 9h a 11h (de setembre 2025 a juny 2026)<\/p>\n<p><strong>grup VESPRE <\/strong>=&gt; dimarts i dijous de 18h a 20h (de setembre 2025 a juny 2026)<\/p>\n<p><span style=\"text-decoration: underline;\">Durada del curs<\/span>: 140 hores<\/p>\n<p><span style=\"text-decoration: underline;\">Llibre de text<\/span>: Roig, Nuri ; Padr\u00f3s, Marta ; Camps, Sandra: <em>Passos 1<\/em> . Barcelona, Editorial Octaedro, 2017<\/p>\n<p><em>Si vols saber exactament quin \u00e9s el teu nivell, pots fer la prova de nivell del <strong>parla.cat<\/strong> : <a href=\"https:\/\/www.parla.cat\/pres_catalaenlinia\/AppPHP\/login\/home.php?on=inscripcio&amp;lang=ca\" target=\"_blank\" rel=\"noopener noreferrer\">PROVA DE NIVELL<\/a><\/em><\/p>\n<p>&nbsp;<\/p>\n<h2><strong>Catal\u00e0 B1<\/strong><\/h2>\n<p>Curs adre\u00e7at a persones que han superat el nivell B\u00e0sic o que necessiten ampliar el seu coneixement del catal\u00e0 a nivell oral, escrit i gramatical. Al final del curs, s\u2019obt\u00e9 el CERTIFICAT DE NIVELL LLINDAR (nivell B1 del Marc Europeu Com\u00fa de Refer\u00e8ncia per a les Lleng\u00fces)<\/p>\n<p><span style=\"text-decoration: underline;\">HORARI de les classes<\/span>: dilluns i dimecres d&#8217;11h a 13h (de setembre 2025 a juny 2026)<\/p>\n<p><span style=\"text-decoration: underline;\">Durada del curs<\/span>: 140 hores<\/p>\n<p>El material d&#8217;aula el proporciona el centre.<\/p>\n<div style=\"display: none;\"><\/div>\n<div style=\"display: none;\"><\/div>\n<div style=\"display: none;\"><\/div>\n<div style=\"display: none;\"><\/div>\n<div style=\"display: none;\"><\/div>\n<div style=\"display: none;\"><\/div>\n<div style=\"display: none;\"><\/div>\n","protected":false},"excerpt":{"rendered":"<p>Catal\u00e0 A1 (inicial)\u00a0 \u00a0<br \/>\nper fer aquest curs \u00e9s imprescindible saber llegir i escriure correctament<br \/>\nNo has fet mai cap curs de catal\u00e0? Aquest \u00e9s el teu nivell !<br \/>\nCurs adre\u00e7at a persones sense cap coneixement del catal\u00e0 i t\u00e9 com a finalitat adquirir les compet\u00e8ncies comunicatives b\u00e0siques&hellip;  <a href=\"https:\/\/agora.xtec.cat\/cfaplaestany\/ensenyaments\/llengua-catalana\/\" title=\"Read Llengua catalana\">Llegeix m\u00e9s\u00bb<\/a><\/p>\n","protected":false},"author":1,"featured_media":0,"parent":274,"menu_order":0,"comment_status":"closed","ping_status":"closed","template":"","meta":{"_bbp_topic_count":0,"_bbp_reply_count":0,"_bbp_total_topic_count":0,"_bbp_total_reply_count":0,"_bbp_voice_count":0,"_bbp_anonymous_reply_count":0,"_bbp_topic_count_hidden":0,"_bbp_reply_count_hidden":0,"_bbp_forum_subforum_count":0,"footnotes":""},"class_list":["post-296","page","type-page","status-publish","hentry"],"post_mailing_queue_ids":[],"_links":{"self":[{"href":"https:\/\/agora.xtec.cat\/cfaplaestany\/wp-json\/wp\/v2\/pages\/296","targetHints":{"allow":["GET"]}}],"collection":[{"href":"https:\/\/agora.xtec.cat\/cfaplaestany\/wp-json\/wp\/v2\/pages"}],"about":[{"href":"https:\/\/agora.xtec.cat\/cfaplaestany\/wp-json\/wp\/v2\/types\/page"}],"author":[{"embeddable":true,"href":"https:\/\/agora.xtec.cat\/cfaplaestany\/wp-json\/wp\/v2\/users\/1"}],"replies":[{"embeddable":true,"href":"https:\/\/agora.xtec.cat\/cfaplaestany\/wp-json\/wp\/v2\/comments?post=296"}],"version-history":[{"count":8,"href":"https:\/\/agora.xtec.cat\/cfaplaestany\/wp-json\/wp\/v2\/pages\/296\/revisions"}],"predecessor-version":[{"id":2973,"href":"https:\/\/agora.xtec.cat\/cfaplaestany\/wp-json\/wp\/v2\/pages\/296\/revisions\/2973"}],"up":[{"embeddable":true,"href":"https:\/\/agora.xtec.cat\/cfaplaestany\/wp-json\/wp\/v2\/pages\/274"}],"wp:attachment":[{"href":"https:\/\/agora.xtec.cat\/cfaplaestany\/wp-json\/wp\/v2\/media?parent=296"}],"curies":[{"name":"wp","href":"https:\/\/api.w.org\/{rel}","templated":true}]}}