{"id":2959,"date":"2025-07-08T14:01:33","date_gmt":"2025-07-08T12:01:33","guid":{"rendered":"https:\/\/agora.xtec.cat\/cfaplaestany\/?page_id=2959"},"modified":"2025-07-11T10:24:46","modified_gmt":"2025-07-11T08:24:46","slug":"caminada-solidaria","status":"publish","type":"page","link":"https:\/\/agora.xtec.cat\/cfaplaestany\/projecte-educatiu\/caminada-solidaria\/","title":{"rendered":"Caminada solid\u00e0ria"},"content":{"rendered":"<p><b>Des del curs 2022\/2023, el CFA Pla de l\u2019Estany, l\u2019escola d\u2019adults de Banyoles, organitzem la &#8216;Caminada solid\u00e0ria&#8217;.<a href=\"https:\/\/agora.xtec.cat\/cfaplaestany\/wp-content\/uploads\/usu1886\/2025\/07\/IMG-20231205-WA0036.jpg\"><img loading=\"lazy\" decoding=\"async\" class=\"wp-image-2984 alignright\" src=\"https:\/\/agora.xtec.cat\/cfaplaestany\/wp-content\/uploads\/usu1886\/2025\/07\/IMG-20231205-WA0036.jpg\" alt=\"\" width=\"243\" height=\"432\" srcset=\"https:\/\/agora.xtec.cat\/cfaplaestany\/wp-content\/uploads\/usu1886\/2025\/07\/IMG-20231205-WA0036.jpg 1080w, https:\/\/agora.xtec.cat\/cfaplaestany\/wp-content\/uploads\/usu1886\/2025\/07\/IMG-20231205-WA0036-169x300.jpg 169w, https:\/\/agora.xtec.cat\/cfaplaestany\/wp-content\/uploads\/usu1886\/2025\/07\/IMG-20231205-WA0036-576x1024.jpg 576w, https:\/\/agora.xtec.cat\/cfaplaestany\/wp-content\/uploads\/usu1886\/2025\/07\/IMG-20231205-WA0036-768x1365.jpg 768w, https:\/\/agora.xtec.cat\/cfaplaestany\/wp-content\/uploads\/usu1886\/2025\/07\/IMG-20231205-WA0036-864x1536.jpg 864w\" sizes=\"auto, (max-width: 243px) 100vw, 243px\" \/><\/a><\/b><\/p>\n<p><b style=\"font-family: inherit; font-size: 1em;\">Els objectius d&#8217;aquesta activitat s\u00f3n:<\/b><\/p>\n<ul>\n<li><strong>donar a con\u00e8ixer una entitat solid\u00e0ria sense \u00e0nim de lucre, <\/strong><\/li>\n<li><strong>difondre\u2019n la seva tasca,<\/strong><\/li>\n<li><strong>ajudar-la a recaptar fons,<\/strong><\/li>\n<li><strong>fer un treball en xarxa amb tota la comunitat educativa banyolina i del Pla de l&#8217;Estany i,<\/strong><\/li>\n<li style=\"font-weight: 400;\" aria-level=\"1\"><strong>fomentar la cohesi\u00f3 entre els membres de la comunitat que conforma l\u2019escola d\u2019adults.<\/strong><\/li>\n<\/ul>\n<p><strong>L\u2019activitat consisteix en donar a con\u00e8ixer l&#8217;entitat i la seva causa a trav\u00e9s d&#8217;una xerrada a les diverses escoles i instituts de secund\u00e0ria de Banyoles i tamb\u00e9, al CFA. Les escoles de Prim\u00e0ria preparen cartells, missatges d&#8217;\u00e0nim, d&#8217;agra\u00efment, etc. amb la intenci\u00f3 de convocar tanta gent com es pugui i, tots junts, anar a donar la volta a l\u2019estany. Comptem tamb\u00e9 amb la col.laboraci\u00f3 d&#8217;alguns alumnes dels instituts de la comarca (servei comunitari, IFE,&#8230;) que ens ajuden de forma volunt\u00e0ria amb la preparaci\u00f3 i organitzaci\u00f3 de la caminada. <\/strong><\/p>\n<h3><span style=\"color: #008000;\"><strong>Les &#8216;Caminades&#8217; fetes<\/strong><\/span><\/h3>\n<p><span style=\"color: #000000;\"><strong>Edici\u00f3 2022-\u00a0 Caminada a favor de l&#8217;Oncolliga Girona :\u00a0 <a href=\"https:\/\/photos.app.goo.gl\/wm4LA2GstfZpJmpTA\">\u00c0lbum de fotos<\/a><\/strong><\/span><\/p>\n<p><a href=\"https:\/\/agora.xtec.cat\/cfaplaestany\/wp-content\/uploads\/usu1886\/2025\/07\/caminada-solidaria.pdf_page-0001-scaled.jpg\"><img loading=\"lazy\" decoding=\"async\" class=\"wp-image-2963 aligncenter\" src=\"https:\/\/agora.xtec.cat\/cfaplaestany\/wp-content\/uploads\/usu1886\/2025\/07\/caminada-solidaria.pdf_page-0001-scaled.jpg\" alt=\"\" width=\"285\" height=\"403\" srcset=\"https:\/\/agora.xtec.cat\/cfaplaestany\/wp-content\/uploads\/usu1886\/2025\/07\/caminada-solidaria.pdf_page-0001-scaled.jpg 1810w, https:\/\/agora.xtec.cat\/cfaplaestany\/wp-content\/uploads\/usu1886\/2025\/07\/caminada-solidaria.pdf_page-0001-212x300.jpg 212w, https:\/\/agora.xtec.cat\/cfaplaestany\/wp-content\/uploads\/usu1886\/2025\/07\/caminada-solidaria.pdf_page-0001-724x1024.jpg 724w, https:\/\/agora.xtec.cat\/cfaplaestany\/wp-content\/uploads\/usu1886\/2025\/07\/caminada-solidaria.pdf_page-0001-768x1086.jpg 768w, https:\/\/agora.xtec.cat\/cfaplaestany\/wp-content\/uploads\/usu1886\/2025\/07\/caminada-solidaria.pdf_page-0001-1086x1536.jpg 1086w, https:\/\/agora.xtec.cat\/cfaplaestany\/wp-content\/uploads\/usu1886\/2025\/07\/caminada-solidaria.pdf_page-0001-1448x2048.jpg 1448w\" sizes=\"auto, (max-width: 285px) 100vw, 285px\" \/><\/a><\/p>\n<p><span style=\"color: #000000;\"><strong>Edici\u00f3 2023- Caminada a favor de l&#8217;associaci\u00f3 Neuroestany de Banyoles: <a href=\"https:\/\/photos.app.goo.gl\/913fYnEjnb7ANd4n7\">\u00c0lbum de fotos<\/a><\/strong><\/span><\/p>\n<p><a href=\"https:\/\/agora.xtec.cat\/cfaplaestany\/wp-content\/uploads\/usu1886\/2025\/07\/Cartell-II-Caminada-solidaria-.png\"><img loading=\"lazy\" decoding=\"async\" class=\"wp-image-2961 aligncenter\" src=\"https:\/\/agora.xtec.cat\/cfaplaestany\/wp-content\/uploads\/usu1886\/2025\/07\/Cartell-II-Caminada-solidaria-.png\" alt=\"\" width=\"291\" height=\"412\" srcset=\"https:\/\/agora.xtec.cat\/cfaplaestany\/wp-content\/uploads\/usu1886\/2025\/07\/Cartell-II-Caminada-solidaria-.png 1587w, https:\/\/agora.xtec.cat\/cfaplaestany\/wp-content\/uploads\/usu1886\/2025\/07\/Cartell-II-Caminada-solidaria--212x300.png 212w, https:\/\/agora.xtec.cat\/cfaplaestany\/wp-content\/uploads\/usu1886\/2025\/07\/Cartell-II-Caminada-solidaria--724x1024.png 724w, https:\/\/agora.xtec.cat\/cfaplaestany\/wp-content\/uploads\/usu1886\/2025\/07\/Cartell-II-Caminada-solidaria--768x1086.png 768w, https:\/\/agora.xtec.cat\/cfaplaestany\/wp-content\/uploads\/usu1886\/2025\/07\/Cartell-II-Caminada-solidaria--1086x1536.png 1086w, https:\/\/agora.xtec.cat\/cfaplaestany\/wp-content\/uploads\/usu1886\/2025\/07\/Cartell-II-Caminada-solidaria--1448x2048.png 1448w\" sizes=\"auto, (max-width: 291px) 100vw, 291px\" \/><\/a><\/p>\n<p><span style=\"color: #000000;\"><strong>Edici\u00f3 2024-\u00a0 Caminada a favor de l&#8217;associaci\u00f3 CorAvant i\u00a0 AACIC<\/strong> &gt; <\/span><\/p>\n<p><strong><span style=\"color: #000000;\"><a href=\"https:\/\/sites.google.com\/cfapladelestany.cat\/elcronistadelcentre\/cr%C3%B2niques\/el-cor-de-la-ciutat?authuser=0\">Cr\u00f2nica de la caminada &gt;\u00a0<\/a> \u00a0<a href=\"https:\/\/photos.app.goo.gl\/yJxg3jrX4p71en7Q7\">\u00e0lbum de fotos\u00a0 <\/a>\u00a0i\u00a0 <a href=\"https:\/\/photos.app.goo.gl\/rCMUzbns6GT1J3518\">v<\/a><\/span>\u00eddeo<\/strong><a href=\"https:\/\/photos.app.goo.gl\/rCMUzbns6GT1J3518\"><img loading=\"lazy\" decoding=\"async\" class=\"wp-image-2960 aligncenter\" src=\"https:\/\/agora.xtec.cat\/cfaplaestany\/wp-content\/uploads\/usu1886\/2025\/07\/Cartell-III-CAMINDA-SOLIDARIA.png\" alt=\"\" width=\"309\" height=\"437\" srcset=\"https:\/\/agora.xtec.cat\/cfaplaestany\/wp-content\/uploads\/usu1886\/2025\/07\/Cartell-III-CAMINDA-SOLIDARIA.png 1587w, https:\/\/agora.xtec.cat\/cfaplaestany\/wp-content\/uploads\/usu1886\/2025\/07\/Cartell-III-CAMINDA-SOLIDARIA-212x300.png 212w, https:\/\/agora.xtec.cat\/cfaplaestany\/wp-content\/uploads\/usu1886\/2025\/07\/Cartell-III-CAMINDA-SOLIDARIA-724x1024.png 724w, https:\/\/agora.xtec.cat\/cfaplaestany\/wp-content\/uploads\/usu1886\/2025\/07\/Cartell-III-CAMINDA-SOLIDARIA-768x1086.png 768w, https:\/\/agora.xtec.cat\/cfaplaestany\/wp-content\/uploads\/usu1886\/2025\/07\/Cartell-III-CAMINDA-SOLIDARIA-1086x1536.png 1086w, https:\/\/agora.xtec.cat\/cfaplaestany\/wp-content\/uploads\/usu1886\/2025\/07\/Cartell-III-CAMINDA-SOLIDARIA-1448x2048.png 1448w\" sizes=\"auto, (max-width: 309px) 100vw, 309px\" \/><\/a><\/p>\n<p style=\"text-align: center;\">\n","protected":false},"excerpt":{"rendered":"<p>Des del curs 2022\/2023, el CFA Pla de l\u2019Estany, l\u2019escola d\u2019adults de Banyoles, organitzem la &#8216;Caminada solid\u00e0ria&#8217;.<a href=\"https:\/\/agora.xtec.cat\/cfaplaestany\/wp-content\/uploads\/usu1886\/2025\/07\/IMG-20231205-WA0036.jpg\"><\/a><br \/>\nEls objectius d&#8217;aquesta activitat s\u00f3n:<\/p>\n<ul>\n<li>donar a con\u00e8ixer una entitat solid\u00e0ria sense \u00e0nim de lucre, <\/li>\n<li>difondre\u2019n la seva tasca,<\/li>\n<li>ajudar-la a recaptar fons,<\/li>\n<li>fer un treball en xarxa amb tota la&hellip;  <a href=\"https:\/\/agora.xtec.cat\/cfaplaestany\/projecte-educatiu\/caminada-solidaria\/\" title=\"Read Caminada solid\u00e0ria\">Llegeix m\u00e9s\u00bb<\/a><br \/>\n","protected":false},"author":5,"featured_media":0,"parent":57,"menu_order":0,"comment_status":"closed","ping_status":"closed","template":"","meta":{"_bbp_topic_count":0,"_bbp_reply_count":0,"_bbp_total_topic_count":0,"_bbp_total_reply_count":0,"_bbp_voice_count":0,"_bbp_anonymous_reply_count":0,"_bbp_topic_count_hidden":0,"_bbp_reply_count_hidden":0,"_bbp_forum_subforum_count":0,"footnotes":""},"class_list":["post-2959","page","type-page","status-publish","hentry"],"post_mailing_queue_ids":[],"_links":{"self":[{"href":"https:\/\/agora.xtec.cat\/cfaplaestany\/wp-json\/wp\/v2\/pages\/2959","targetHints":{"allow":["GET"]}}],"collection":[{"href":"https:\/\/agora.xtec.cat\/cfaplaestany\/wp-json\/wp\/v2\/pages"}],"about":[{"href":"https:\/\/agora.xtec.cat\/cfaplaestany\/wp-json\/wp\/v2\/types\/page"}],"author":[{"embeddable":true,"href":"https:\/\/agora.xtec.cat\/cfaplaestany\/wp-json\/wp\/v2\/users\/5"}],"replies":[{"embeddable":true,"href":"https:\/\/agora.xtec.cat\/cfaplaestany\/wp-json\/wp\/v2\/comments?post=2959"}],"version-history":[{"count":6,"href":"https:\/\/agora.xtec.cat\/cfaplaestany\/wp-json\/wp\/v2\/pages\/2959\/revisions"}],"predecessor-version":[{"id":2986,"href":"https:\/\/agora.xtec.cat\/cfaplaestany\/wp-json\/wp\/v2\/pages\/2959\/revisions\/2986"}],"up":[{"embeddable":true,"href":"https:\/\/agora.xtec.cat\/cfaplaestany\/wp-json\/wp\/v2\/pages\/57"}],"wp:attachment":[{"href":"https:\/\/agora.xtec.cat\/cfaplaestany\/wp-json\/wp\/v2\/media?parent=2959"}],"curies":[{"name":"wp","href":"https:\/\/api.w.org\/{rel}","templated":true}]}}