{"id":27,"date":"2022-05-17T16:24:03","date_gmt":"2022-05-17T14:24:03","guid":{"rendered":"http:\/\/agora.xtec.cat\/cfaplaestany\/?page_id=27"},"modified":"2022-05-25T19:35:40","modified_gmt":"2022-05-25T17:35:40","slug":"historia","status":"publish","type":"page","link":"https:\/\/agora.xtec.cat\/cfaplaestany\/el-centre\/historia\/","title":{"rendered":"Qui som"},"content":{"rendered":"<p>&nbsp;<\/p>\n<h6><b>El CFA Pla de l&#8217;Estany \u00e9s un centre de titularitat p\u00fablica que dep\u00e8n del Departament d&#8217;Educaci\u00f3 de la Generalitat de Catalunya. Els nostres cursos estan oberts a tothom que necessiti obtenir una titulaci\u00f3, posar-se al dia o ampliar els seus coneixements.<\/b><\/h6>\n<h6><b>Aquest servei educatiu, p\u00fablic i gratu\u00eft, cobreix part dels ensenyaments post obligatoris dels majors de 18 anys i, excepcionalment, dels de 16, de la comarca del Pla de l&#8217;Estany.<\/b><\/h6>\n<h5><a href=\"https:\/\/drive.google.com\/file\/d\/0B4SY2sy3j-3aRlZyUVljVUdtUVk\/view\"><b>Qui sommes-nous?\u00a0 \u00a0 \u00a0 <\/b><\/a><b>\u00a0\u00a0\u00a0\u00a0\u00a0\u00a0\u00a0\u00a0\u00a0\u00a0\u00a0\u00a0\u00a0\u00a0\u00a0\u00a0\u00a0\u00a0\u00a0\u00a0\u00a0\u00a0\u00a0\u00a0\u00a0\u00a0\u00a0\u00a0\u00a0\u00a0<\/b><a href=\"https:\/\/drive.google.com\/open?id=1WA2XOnivsKa-Zt7Na4jWA-ufoluOwZTK\"><b>\u0645\u0646 \u0646\u062d\u0646<\/b><\/a><b>\u00a0 \u00a0 \u00a0 \u00a0 \u00a0 \u00a0 \u00a0 \u00a0 \u00a0 \u00a0 \u00a0 \u00a0 \u00a0 \u00a0 \u00a0 \u00a0 \u00a0 \u00a0 \u00a0 \u00a0 <\/b><a href=\"https:\/\/docs.google.com\/document\/d\/1fEgLnnvWSyJly_-4rzhgGiB6Cf1SJg6D8kTPJyUafpQ\/edit?usp=sharing\"><b>Who are we?\u00a0<\/b><\/a><\/h5>\n<p>&nbsp;<\/p>\n<p>Una mica d&#8217;hist\u00f2ria&#8230;<\/p>\n<p>El\u00a0<b>C<\/b><b>FA Pla de l&#8217;Estany<\/b>\u00a0\u00e9s el resultat de la unificaci\u00f3 -curs 2005\/2006- de l&#8217;Escola d&#8217;Adults Municipal de Banyoles i del Centre d&#8217;Autoformaci\u00f3 Pla de l&#8217;Estany. Coneguts des de l&#8217;inici com a\u00a0<b>AFA Pla de l&#8217;Estany,\u00a0<\/b>les sigles AFA (Aula de Formaci\u00f3 d&#8217;Adults) deixen de ser v\u00e0lides a partir del mes de setembre de 2013 quan deixem de ser una &#8216;Aula&#8217; i passem a convertir-nos en un centre,\u00a0<b>CFA Pla de l&#8217;Estany<\/b>.<\/p>\n<p>Des del gener del 2009 i fins al juliol del 2017, hem estat ubicats, provisionalment, en uns espais del Consell Comarcal del Pla de l&#8217;Estany, al costat del Teatre Municipal i molt a prop de l&#8217;Ajuntament, i tamb\u00e9 utilitzem aules de l&#8217;Escola Oficial d&#8217;Idiomes (EOI) \u00a0i de l&#8217;IES Josep Brugulat.<\/p>\n<p>El setembre del 2017 ens hem traslladat als espais definitius ubicats al c\/Pere Alsius, 12 &#8211; planta 2. El fet de disposar d&#8217;uns espais propis amb 5 aules ens permet dur a terme tots els cursos al mateix centre.<\/p>\n<p>&nbsp;<\/p>\n<p>&nbsp;<\/p>\n","protected":false},"excerpt":{"rendered":"<p>&nbsp;<br \/>\nEl CFA Pla de l&#8217;Estany \u00e9s un centre de titularitat p\u00fablica que dep\u00e8n del Departament d&#8217;Educaci\u00f3 de la Generalitat de Catalunya. Els nostres cursos estan oberts a tothom que necessiti obtenir una titulaci\u00f3, posar-se al dia o ampliar els seus coneixements.<br \/>\nAquest servei educatiu, p\u00fablic i&hellip;  <a href=\"https:\/\/agora.xtec.cat\/cfaplaestany\/el-centre\/historia\/\" title=\"Read Qui som\">Llegeix m\u00e9s\u00bb<\/a><\/p>\n","protected":false},"author":1,"featured_media":0,"parent":261,"menu_order":20,"comment_status":"closed","ping_status":"closed","template":"page-templates\/side-menu.php","meta":{"_bbp_topic_count":0,"_bbp_reply_count":0,"_bbp_total_topic_count":0,"_bbp_total_reply_count":0,"_bbp_voice_count":0,"_bbp_anonymous_reply_count":0,"_bbp_topic_count_hidden":0,"_bbp_reply_count_hidden":0,"_bbp_forum_subforum_count":0,"footnotes":""},"class_list":["post-27","page","type-page","status-publish","hentry"],"post_mailing_queue_ids":[],"_links":{"self":[{"href":"https:\/\/agora.xtec.cat\/cfaplaestany\/wp-json\/wp\/v2\/pages\/27","targetHints":{"allow":["GET"]}}],"collection":[{"href":"https:\/\/agora.xtec.cat\/cfaplaestany\/wp-json\/wp\/v2\/pages"}],"about":[{"href":"https:\/\/agora.xtec.cat\/cfaplaestany\/wp-json\/wp\/v2\/types\/page"}],"author":[{"embeddable":true,"href":"https:\/\/agora.xtec.cat\/cfaplaestany\/wp-json\/wp\/v2\/users\/1"}],"replies":[{"embeddable":true,"href":"https:\/\/agora.xtec.cat\/cfaplaestany\/wp-json\/wp\/v2\/comments?post=27"}],"version-history":[{"count":3,"href":"https:\/\/agora.xtec.cat\/cfaplaestany\/wp-json\/wp\/v2\/pages\/27\/revisions"}],"predecessor-version":[{"id":1940,"href":"https:\/\/agora.xtec.cat\/cfaplaestany\/wp-json\/wp\/v2\/pages\/27\/revisions\/1940"}],"up":[{"embeddable":true,"href":"https:\/\/agora.xtec.cat\/cfaplaestany\/wp-json\/wp\/v2\/pages\/261"}],"wp:attachment":[{"href":"https:\/\/agora.xtec.cat\/cfaplaestany\/wp-json\/wp\/v2\/media?parent=27"}],"curies":[{"name":"wp","href":"https:\/\/api.w.org\/{rel}","templated":true}]}}