{"id":265,"date":"2026-02-23T17:28:56","date_gmt":"2026-02-23T16:28:56","guid":{"rendered":"http:\/\/agora.xtec.cat\/cfaplaestany\/?page_id=265"},"modified":"2026-02-28T19:10:01","modified_gmt":"2026-02-28T18:10:01","slug":"organitzacio-interna","status":"publish","type":"page","link":"https:\/\/agora.xtec.cat\/cfaplaestany\/el-centre\/organitzacio-interna\/","title":{"rendered":"Organitzaci\u00f3 interna"},"content":{"rendered":"<p>Actualment, el Claustre de professorat el formen 9 docents dels diferents \u00e0mbits de la formaci\u00f3 (8,5 dotacions).<\/p>\n<p><strong>\u00c0mbit de la comunicaci\u00f3<\/strong>: Marta Ros , Marta Bonet , Gemma Corominas, Montserrat Corominas\u00a0 i Jordi Pradas<\/p>\n<p><strong>\u00c0mbit de les matem\u00e0tiques, la ci\u00e8ncia i la tecnologia<\/strong>: Jordi Pregonas i Guillem Jacquet<\/p>\n<p><strong>\u00c0mbit de les ci\u00e8ncies socials<\/strong>: Carmen Pifarr\u00e9<\/p>\n<p><strong>Orientadora<\/strong>: Anna Fort<\/p>\n<h4>Equip directiu:<\/h4>\n<ul>\n<li>Director: Jordi Pregonas<\/li>\n<li>Cap d\u2019Estudis: Marta Bonet<\/li>\n<li>Secretari: Montserrat Corominas<\/li>\n<\/ul>\n<h4>Coordinacions.-<\/h4>\n<ul>\n<li>Coordinador GES: Jordi Pradas<\/li>\n<li>Coordinadora d\u2019Ensenyaments Inicials i \u00a0Participaci\u00f3 de la Comunitat Educativa: Marta Ros<\/li>\n<li>Coordinador d\u2019Inform\u00e0tica: Guillem Jacquet<\/li>\n<li>Coordinadora de formaci\u00f3 instrumental: Gemma Corominas<\/li>\n<li>Coordinadora COCOBE: Gemma Corominas<\/li>\n<\/ul>\n<h4><strong>Consell Escolar.-<\/strong><\/h4>\n<ul>\n<li>Director: Jordi Pregonas<\/li>\n<li>Cap d&#8217;estudis: Marta Bonet<\/li>\n<li>Secretaria: Montse Corominas<\/li>\n<li>Representants sector mestres\/professors:\n<ul>\n<li>Gemma Corominas<\/li>\n<li>Jordi Pradas<\/li>\n<li>Anna Fort<\/li>\n<li>Carmen Pifarr\u00e9<\/li>\n<li>Marta Ros<\/li>\n<\/ul>\n<\/li>\n<li>Representants sector alumnes\n<ul>\n<li>Leo Cald\u00e9s<\/li>\n<li><span style=\"font-weight: 400;\">Fuensanta Robles<\/span><\/li>\n<li>Arnau Oncins<\/li>\n<li>Tamara Kim<\/li>\n<li>Margarita Canimas<\/li>\n<\/ul>\n<\/li>\n<li>Regidora d&#8217;Educaci\u00f3 de l&#8217;Ajuntament de Banyoles: Nani Comalat<\/li>\n<li>Representant PAS: Marta Brunyol<\/li>\n<\/ul>\n<h4>PAS.-<\/h4>\n<ul>\n<li>Administrativa: Marta Brunyol i Nes Marco<\/li>\n<li>Practicant: Manal Ayrir<\/li>\n<\/ul>\n","protected":false},"excerpt":{"rendered":"<p>Actualment, el Claustre de professorat el formen 9 docents dels diferents \u00e0mbits de la formaci\u00f3 (8,5 dotacions).<br \/>\n\u00c0mbit de la comunicaci\u00f3: Marta Ros , Marta Bonet , Gemma Corominas, Montserrat Corominas\u00a0 i Jordi Pradas<br \/>\n\u00c0mbit de les matem\u00e0tiques, la ci\u00e8ncia i la tecnologia: Jordi Pregonas i Guillem&hellip;  <a href=\"https:\/\/agora.xtec.cat\/cfaplaestany\/el-centre\/organitzacio-interna\/\" title=\"Read Organitzaci\u00f3 interna\">Llegeix m\u00e9s\u00bb<\/a><\/p>\n","protected":false},"author":1,"featured_media":0,"parent":261,"menu_order":40,"comment_status":"closed","ping_status":"closed","template":"page-templates\/side-menu.php","meta":{"_bbp_topic_count":0,"_bbp_reply_count":0,"_bbp_total_topic_count":0,"_bbp_total_reply_count":0,"_bbp_voice_count":0,"_bbp_anonymous_reply_count":0,"_bbp_topic_count_hidden":0,"_bbp_reply_count_hidden":0,"_bbp_forum_subforum_count":0,"footnotes":""},"class_list":["post-265","page","type-page","status-publish","hentry"],"post_mailing_queue_ids":[],"_links":{"self":[{"href":"https:\/\/agora.xtec.cat\/cfaplaestany\/wp-json\/wp\/v2\/pages\/265","targetHints":{"allow":["GET"]}}],"collection":[{"href":"https:\/\/agora.xtec.cat\/cfaplaestany\/wp-json\/wp\/v2\/pages"}],"about":[{"href":"https:\/\/agora.xtec.cat\/cfaplaestany\/wp-json\/wp\/v2\/types\/page"}],"author":[{"embeddable":true,"href":"https:\/\/agora.xtec.cat\/cfaplaestany\/wp-json\/wp\/v2\/users\/1"}],"replies":[{"embeddable":true,"href":"https:\/\/agora.xtec.cat\/cfaplaestany\/wp-json\/wp\/v2\/comments?post=265"}],"version-history":[{"count":6,"href":"https:\/\/agora.xtec.cat\/cfaplaestany\/wp-json\/wp\/v2\/pages\/265\/revisions"}],"predecessor-version":[{"id":3090,"href":"https:\/\/agora.xtec.cat\/cfaplaestany\/wp-json\/wp\/v2\/pages\/265\/revisions\/3090"}],"up":[{"embeddable":true,"href":"https:\/\/agora.xtec.cat\/cfaplaestany\/wp-json\/wp\/v2\/pages\/261"}],"wp:attachment":[{"href":"https:\/\/agora.xtec.cat\/cfaplaestany\/wp-json\/wp\/v2\/media?parent=265"}],"curies":[{"name":"wp","href":"https:\/\/api.w.org\/{rel}","templated":true}]}}