{"id":261,"date":"2015-01-27T17:25:01","date_gmt":"2015-01-27T16:25:01","guid":{"rendered":"http:\/\/agora.xtec.cat\/cfaplaestany\/?page_id=261"},"modified":"2018-12-12T15:49:19","modified_gmt":"2018-12-12T14:49:19","slug":"el-centre","status":"publish","type":"page","link":"https:\/\/agora.xtec.cat\/cfaplaestany\/el-centre\/","title":{"rendered":"L&#8217;escola"},"content":{"rendered":"<p><span style=\"font-size: medium;\">El Centre de Formaci\u00f3 d\u2019Adults del Pla de l\u2019Estany (CFA Pla de l\u2019Estany) \u00e9s un centre de titularitat p\u00fablica que dep\u00e8n del Departament d\u2019Ensenyament de la Generalitat de Catalunya , i est\u00e0 obert a totes aquelles persones que necessitin obtenir una titulaci\u00f3, posar-se al dia o ampliar els seus coneixements.<\/span><\/p>\n<p>Aquest servei educatiu, p\u00fablic i gratu\u00eft, cobreix part dels ensenyaments post obligatoris dels majors de 18 anys i, excepcionalment, dels de 16, de la comarca.<\/p>\n","protected":false},"excerpt":{"rendered":"<p>El Centre de Formaci\u00f3 d\u2019Adults del Pla de l\u2019Estany (CFA Pla de l\u2019Estany) \u00e9s un centre de titularitat p\u00fablica que dep\u00e8n del Departament d\u2019Ensenyament de la Generalitat de Catalunya , i est\u00e0 obert a totes aquelles persones que necessitin obtenir una titulaci\u00f3, posar-se al dia&hellip;  <a href=\"https:\/\/agora.xtec.cat\/cfaplaestany\/el-centre\/\" title=\"Read L&#8217;escola\">Llegeix m\u00e9s\u00bb<\/a><\/p>\n","protected":false},"author":1,"featured_media":0,"parent":0,"menu_order":0,"comment_status":"closed","ping_status":"closed","template":"page-templates\/side-menu.php","meta":{"_bbp_topic_count":0,"_bbp_reply_count":0,"_bbp_total_topic_count":0,"_bbp_total_reply_count":0,"_bbp_voice_count":0,"_bbp_anonymous_reply_count":0,"_bbp_topic_count_hidden":0,"_bbp_reply_count_hidden":0,"_bbp_forum_subforum_count":0,"footnotes":""},"class_list":["post-261","page","type-page","status-publish","hentry"],"post_mailing_queue_ids":[],"_links":{"self":[{"href":"https:\/\/agora.xtec.cat\/cfaplaestany\/wp-json\/wp\/v2\/pages\/261","targetHints":{"allow":["GET"]}}],"collection":[{"href":"https:\/\/agora.xtec.cat\/cfaplaestany\/wp-json\/wp\/v2\/pages"}],"about":[{"href":"https:\/\/agora.xtec.cat\/cfaplaestany\/wp-json\/wp\/v2\/types\/page"}],"author":[{"embeddable":true,"href":"https:\/\/agora.xtec.cat\/cfaplaestany\/wp-json\/wp\/v2\/users\/1"}],"replies":[{"embeddable":true,"href":"https:\/\/agora.xtec.cat\/cfaplaestany\/wp-json\/wp\/v2\/comments?post=261"}],"version-history":[{"count":2,"href":"https:\/\/agora.xtec.cat\/cfaplaestany\/wp-json\/wp\/v2\/pages\/261\/revisions"}],"predecessor-version":[{"id":518,"href":"https:\/\/agora.xtec.cat\/cfaplaestany\/wp-json\/wp\/v2\/pages\/261\/revisions\/518"}],"wp:attachment":[{"href":"https:\/\/agora.xtec.cat\/cfaplaestany\/wp-json\/wp\/v2\/media?parent=261"}],"curies":[{"name":"wp","href":"https:\/\/api.w.org\/{rel}","templated":true}]}}