{"id":2385,"date":"2024-06-20T09:35:03","date_gmt":"2024-06-20T07:35:03","guid":{"rendered":"https:\/\/agora.xtec.cat\/cfaplaestany\/?page_id=2385"},"modified":"2026-02-26T12:32:46","modified_gmt":"2026-02-26T11:32:46","slug":"capacitacio-digital","status":"publish","type":"page","link":"https:\/\/agora.xtec.cat\/cfaplaestany\/capacitacio-digital\/","title":{"rendered":"Capacitaci\u00f3 digital"},"content":{"rendered":"<h2 style=\"text-align: center;\"><strong>RECURS NO DISPONIBLE<\/strong><\/h2>\n<p>Benvingut al Curs de Formaci\u00f3 Digital, en aquest curs pots adquirir les habilitats necess\u00e0ries en el m\u00f3n digital actual. Aquest curs est\u00e0 dissenyat per proporcionar una comprensi\u00f3 s\u00f2lida de les eines i tecnologies digitals m\u00e9s rellevants, aix\u00ed com per desenvolupar compet\u00e8ncies clau.<\/p>\n<p><strong>\u00a0 \u00a0 \u00a0 \u00a0 \u00a0 \u00a0 \u00a0 \u00a0 \u00a0 \u00a0 \u00a0 \u00a0 \u00a0 \u00a0 \u00a0 \u00a0 \u00a0 \u00a0 \u00a0 \u00a0 \u00a0 \u00a0 \u00a0 \u00a0 \u00a0 \u00a0 \u00a0 \u00a0 \u00a0 \u00a0 \u00a0 \u00a0 \u00a0 \u00a0 \u00a0 \u00a0 \u00a0 \u00a0 \u00a0 \u00a0 \u00a0 \u00a0 \u00a0 \u00a0 \u00a0 \u00a0 \u00a0 \u00a0 \u00a0 \u00a0Cursos 15 Hores amb certificaci\u00f3<\/strong><\/p>\n<p><img loading=\"lazy\" decoding=\"async\" class=\"alignnone wp-image-2388 alignleft\" src=\"https:\/\/agora.xtec.cat\/cfaplaestany\/wp-content\/uploads\/usu1886\/2024\/02\/F-DIGITAL-CARTELL-DA-IMPRIMIR_Amb-logos-1-731x1024.png\" alt=\"\" width=\"250\" height=\"351\" srcset=\"https:\/\/agora.xtec.cat\/cfaplaestany\/wp-content\/uploads\/usu1886\/2024\/02\/F-DIGITAL-CARTELL-DA-IMPRIMIR_Amb-logos-1-731x1024.png 731w, https:\/\/agora.xtec.cat\/cfaplaestany\/wp-content\/uploads\/usu1886\/2024\/02\/F-DIGITAL-CARTELL-DA-IMPRIMIR_Amb-logos-1-214x300.png 214w, https:\/\/agora.xtec.cat\/cfaplaestany\/wp-content\/uploads\/usu1886\/2024\/02\/F-DIGITAL-CARTELL-DA-IMPRIMIR_Amb-logos-1-768x1075.png 768w, https:\/\/agora.xtec.cat\/cfaplaestany\/wp-content\/uploads\/usu1886\/2024\/02\/F-DIGITAL-CARTELL-DA-IMPRIMIR_Amb-logos-1-1097x1536.png 1097w, https:\/\/agora.xtec.cat\/cfaplaestany\/wp-content\/uploads\/usu1886\/2024\/02\/F-DIGITAL-CARTELL-DA-IMPRIMIR_Amb-logos-1-1463x2048.png 1463w\" sizes=\"auto, (max-width: 250px) 100vw, 250px\" \/><strong>\u26a0\ufe0f\u00a0 29 d&#8217;abril m\u00f2duls 1,3 i 4:<\/strong><\/p>\n<p><strong>Els dimarts i els dijous s&#8217;impartiran els seg\u00fcents m\u00f2duls: <\/strong><\/p>\n<p><strong>\u00a0 \u00a0 \u00a0 \u00a0 \u00a0 \u00a0 \u00a0 \u00a0 \u00a0 \u00a0 \u00a0 \u00a0 \u00a0 \u00a0 \u00a0 \u00a0 <span style=\"color: #ffffff;\">M\u00f2dul 2: De 9 h a 10:30 h: <\/span><\/strong><span style=\"color: #ffffff;\"><strong>Ens movem pel m\u00f3n digital. Entrem a l&#8217;entorn Google<\/strong><\/span><\/p>\n<p><span style=\"color: #ffffff;\"><strong>\u00a0 \u00a0 \u00a0 \u00a0 \u00a0 \u00a0 \u00a0 \u00a0 \u00a0 \u00a0 \u00a0 \u00a0 \u00a0 \u00a0 \u00a0 \u00a0 M\u00f2dul 3: D&#8217;11:30\u202fh a 13 h: Ens endinsem en el m\u00f3n digital.\u00a0 \u00a0<\/strong><\/span><\/p>\n<p><strong>\u00a0 \u00a0Contacteu amb nosaltres si hi esteu interessats.\u00a0<\/strong><\/p>\n<p>&nbsp;<\/p>\n<p>&nbsp;<\/p>\n<p><img loading=\"lazy\" decoding=\"async\" class=\"wp-image-2730 alignleft\" src=\"https:\/\/agora.xtec.cat\/cfaplaestany\/wp-content\/uploads\/usu1886\/2024\/09\/modul-1-212x300.jpg\" alt=\"\" width=\"354\" height=\"501\" srcset=\"https:\/\/agora.xtec.cat\/cfaplaestany\/wp-content\/uploads\/usu1886\/2024\/09\/modul-1-212x300.jpg 212w, https:\/\/agora.xtec.cat\/cfaplaestany\/wp-content\/uploads\/usu1886\/2024\/09\/modul-1-724x1024.jpg 724w, https:\/\/agora.xtec.cat\/cfaplaestany\/wp-content\/uploads\/usu1886\/2024\/09\/modul-1-768x1086.jpg 768w, https:\/\/agora.xtec.cat\/cfaplaestany\/wp-content\/uploads\/usu1886\/2024\/09\/modul-1-1086x1536.jpg 1086w, https:\/\/agora.xtec.cat\/cfaplaestany\/wp-content\/uploads\/usu1886\/2024\/09\/modul-1-1448x2048.jpg 1448w, https:\/\/agora.xtec.cat\/cfaplaestany\/wp-content\/uploads\/usu1886\/2024\/09\/modul-1.jpg 1587w\" sizes=\"auto, (max-width: 354px) 100vw, 354px\" \/><\/p>\n<p><img loading=\"lazy\" decoding=\"async\" class=\"wp-image-2731 alignleft\" src=\"https:\/\/agora.xtec.cat\/cfaplaestany\/wp-content\/uploads\/usu1886\/2024\/09\/Modul-2-212x300.jpg\" alt=\"\" width=\"357\" height=\"505\" srcset=\"https:\/\/agora.xtec.cat\/cfaplaestany\/wp-content\/uploads\/usu1886\/2024\/09\/Modul-2-212x300.jpg 212w, https:\/\/agora.xtec.cat\/cfaplaestany\/wp-content\/uploads\/usu1886\/2024\/09\/Modul-2-724x1024.jpg 724w, https:\/\/agora.xtec.cat\/cfaplaestany\/wp-content\/uploads\/usu1886\/2024\/09\/Modul-2-768x1086.jpg 768w, https:\/\/agora.xtec.cat\/cfaplaestany\/wp-content\/uploads\/usu1886\/2024\/09\/Modul-2-1086x1536.jpg 1086w, https:\/\/agora.xtec.cat\/cfaplaestany\/wp-content\/uploads\/usu1886\/2024\/09\/Modul-2-1448x2048.jpg 1448w, https:\/\/agora.xtec.cat\/cfaplaestany\/wp-content\/uploads\/usu1886\/2024\/09\/Modul-2.jpg 1587w\" sizes=\"auto, (max-width: 357px) 100vw, 357px\" \/><\/p>\n<p>&nbsp;<\/p>\n<p>&nbsp;<\/p>\n<p>&nbsp;<\/p>\n<p>&nbsp;<\/p>\n<p>&nbsp;<\/p>\n<p>&nbsp;<\/p>\n<p>&nbsp;<\/p>\n<p>&nbsp;<\/p>\n<p>&nbsp;<\/p>\n<p>&nbsp;<\/p>\n<p>&nbsp;<\/p>\n<p>&nbsp;<\/p>\n<p><img loading=\"lazy\" decoding=\"async\" class=\"wp-image-2778 alignleft\" src=\"https:\/\/agora.xtec.cat\/cfaplaestany\/wp-content\/uploads\/usu1886\/2024\/11\/modul-3-212x300.png\" alt=\"\" width=\"370\" height=\"523\" srcset=\"https:\/\/agora.xtec.cat\/cfaplaestany\/wp-content\/uploads\/usu1886\/2024\/11\/modul-3-212x300.png 212w, https:\/\/agora.xtec.cat\/cfaplaestany\/wp-content\/uploads\/usu1886\/2024\/11\/modul-3-724x1024.png 724w, https:\/\/agora.xtec.cat\/cfaplaestany\/wp-content\/uploads\/usu1886\/2024\/11\/modul-3-768x1086.png 768w, https:\/\/agora.xtec.cat\/cfaplaestany\/wp-content\/uploads\/usu1886\/2024\/11\/modul-3-1086x1536.png 1086w, https:\/\/agora.xtec.cat\/cfaplaestany\/wp-content\/uploads\/usu1886\/2024\/11\/modul-3-1448x2048.png 1448w, https:\/\/agora.xtec.cat\/cfaplaestany\/wp-content\/uploads\/usu1886\/2024\/11\/modul-3.png 1587w\" sizes=\"auto, (max-width: 370px) 100vw, 370px\" \/> <img loading=\"lazy\" decoding=\"async\" class=\"wp-image-2779 alignleft\" src=\"https:\/\/agora.xtec.cat\/cfaplaestany\/wp-content\/uploads\/usu1886\/2024\/11\/Modul-2-212x300.png\" alt=\"\" width=\"369\" height=\"522\" srcset=\"https:\/\/agora.xtec.cat\/cfaplaestany\/wp-content\/uploads\/usu1886\/2024\/11\/Modul-2-212x300.png 212w, https:\/\/agora.xtec.cat\/cfaplaestany\/wp-content\/uploads\/usu1886\/2024\/11\/Modul-2-724x1024.png 724w, https:\/\/agora.xtec.cat\/cfaplaestany\/wp-content\/uploads\/usu1886\/2024\/11\/Modul-2-768x1086.png 768w, https:\/\/agora.xtec.cat\/cfaplaestany\/wp-content\/uploads\/usu1886\/2024\/11\/Modul-2-1086x1536.png 1086w, https:\/\/agora.xtec.cat\/cfaplaestany\/wp-content\/uploads\/usu1886\/2024\/11\/Modul-2-1448x2048.png 1448w, https:\/\/agora.xtec.cat\/cfaplaestany\/wp-content\/uploads\/usu1886\/2024\/11\/Modul-2.png 1587w\" sizes=\"auto, (max-width: 369px) 100vw, 369px\" \/><\/p>\n<p>&nbsp;<\/p>\n<p><strong>M\u00f2dul 3: ENS ENDINSEM EN EL M\u00d3N DIGITAL\u00a0<\/strong><\/p>\n<p>Aquest m\u00f2dul est\u00e0 adre\u00e7at a les persones amb autonomia que volen aprofundir les seves capacitats en el m\u00f3n digital<\/p>\n<p><strong>CURS GRATU\u00cfT<\/strong><\/p>\n<p><strong>15 HORES\u00a0<\/strong><\/p>\n<p>Amb certificat<\/p>\n<p><strong>M\u00f2dul 4: FUNCIONAMENT B\u00c0SIC DE L&#8217;ENTORN GOOGLE<\/strong><\/p>\n<p>Aquest m\u00f2dul est\u00e0 adre\u00e7at a persones que es volen endinsar en les eines de l&#8217;entorn Google. Correu, Drive, Calendar&#8230;<\/p>\n<p><strong>CURS GRATU\u00cfT<\/strong><\/p>\n<p><strong>30\u00a0 HORES ( 21 hores presencials i 9 de telem\u00e0tiques)<\/strong><\/p>\n<p>Amb certificat<\/p>\n<div style=\"display: none;\"><\/div>\n<p><!----comment node----><!--a=1--><\/p>\n","protected":false},"excerpt":{"rendered":"<p>RECURS NO DISPONIBLE<br \/>\nBenvingut al Curs de Formaci\u00f3 Digital, en aquest curs pots adquirir les habilitats necess\u00e0ries en el m\u00f3n digital actual. Aquest curs est\u00e0 dissenyat per proporcionar una comprensi\u00f3 s\u00f2lida de les eines i tecnologies digitals m\u00e9s rellevants, aix\u00ed com per desenvolupar compet\u00e8ncies clau.<br \/>\n\u00a0 \u00a0&hellip;  <a href=\"https:\/\/agora.xtec.cat\/cfaplaestany\/capacitacio-digital\/\" title=\"Read Capacitaci\u00f3 digital\">Llegeix m\u00e9s\u00bb<\/a><\/p>\n","protected":false},"author":3,"featured_media":0,"parent":0,"menu_order":0,"comment_status":"closed","ping_status":"closed","template":"","meta":{"_bbp_topic_count":0,"_bbp_reply_count":0,"_bbp_total_topic_count":0,"_bbp_total_reply_count":0,"_bbp_voice_count":0,"_bbp_anonymous_reply_count":0,"_bbp_topic_count_hidden":0,"_bbp_reply_count_hidden":0,"_bbp_forum_subforum_count":0,"footnotes":""},"class_list":["post-2385","page","type-page","status-publish","hentry"],"post_mailing_queue_ids":[],"_links":{"self":[{"href":"https:\/\/agora.xtec.cat\/cfaplaestany\/wp-json\/wp\/v2\/pages\/2385","targetHints":{"allow":["GET"]}}],"collection":[{"href":"https:\/\/agora.xtec.cat\/cfaplaestany\/wp-json\/wp\/v2\/pages"}],"about":[{"href":"https:\/\/agora.xtec.cat\/cfaplaestany\/wp-json\/wp\/v2\/types\/page"}],"author":[{"embeddable":true,"href":"https:\/\/agora.xtec.cat\/cfaplaestany\/wp-json\/wp\/v2\/users\/3"}],"replies":[{"embeddable":true,"href":"https:\/\/agora.xtec.cat\/cfaplaestany\/wp-json\/wp\/v2\/comments?post=2385"}],"version-history":[{"count":6,"href":"https:\/\/agora.xtec.cat\/cfaplaestany\/wp-json\/wp\/v2\/pages\/2385\/revisions"}],"predecessor-version":[{"id":3077,"href":"https:\/\/agora.xtec.cat\/cfaplaestany\/wp-json\/wp\/v2\/pages\/2385\/revisions\/3077"}],"wp:attachment":[{"href":"https:\/\/agora.xtec.cat\/cfaplaestany\/wp-json\/wp\/v2\/media?parent=2385"}],"curies":[{"name":"wp","href":"https:\/\/api.w.org\/{rel}","templated":true}]}}