{"id":1915,"date":"2022-05-25T13:36:16","date_gmt":"2022-05-25T11:36:16","guid":{"rendered":"https:\/\/agora.xtec.cat\/cfaplaestany\/?page_id=1915"},"modified":"2022-05-25T13:42:52","modified_gmt":"2022-05-25T11:42:52","slug":"acollida-informacio-i-orientacio-educativa","status":"publish","type":"page","link":"https:\/\/agora.xtec.cat\/cfaplaestany\/serveis\/acollida-informacio-i-orientacio-educativa\/","title":{"rendered":"Acollida, informaci\u00f3 i orientaci\u00f3 educativa"},"content":{"rendered":"<p>Si necessites informaci\u00f3 i orientaci\u00f3 en els teus estudis, convalidacions, etc. demana&#8217;ns hora i t&#8217;atendrem.<\/p>\n<p>Tel\u00e8fon: 972 57 10 80<\/p>\n<p>Correu electr\u00f2nic: cfaplaestany<span class=\"atwho-query\">@xtec.cat<\/span><\/p>\n","protected":false},"excerpt":{"rendered":"<p>Si necessites informaci\u00f3 i orientaci\u00f3 en els teus estudis, convalidacions, etc. demana&#8217;ns hora i t&#8217;atendrem.<br \/>\nTel\u00e8fon: 972 57 10 80<br \/>\nCorreu electr\u00f2nic: cfaplaestany@xtec.cat<\/p>\n","protected":false},"author":5,"featured_media":0,"parent":63,"menu_order":0,"comment_status":"closed","ping_status":"closed","template":"","meta":{"_bbp_topic_count":0,"_bbp_reply_count":0,"_bbp_total_topic_count":0,"_bbp_total_reply_count":0,"_bbp_voice_count":0,"_bbp_anonymous_reply_count":0,"_bbp_topic_count_hidden":0,"_bbp_reply_count_hidden":0,"_bbp_forum_subforum_count":0,"footnotes":""},"class_list":["post-1915","page","type-page","status-publish","hentry"],"post_mailing_queue_ids":[],"_links":{"self":[{"href":"https:\/\/agora.xtec.cat\/cfaplaestany\/wp-json\/wp\/v2\/pages\/1915","targetHints":{"allow":["GET"]}}],"collection":[{"href":"https:\/\/agora.xtec.cat\/cfaplaestany\/wp-json\/wp\/v2\/pages"}],"about":[{"href":"https:\/\/agora.xtec.cat\/cfaplaestany\/wp-json\/wp\/v2\/types\/page"}],"author":[{"embeddable":true,"href":"https:\/\/agora.xtec.cat\/cfaplaestany\/wp-json\/wp\/v2\/users\/5"}],"replies":[{"embeddable":true,"href":"https:\/\/agora.xtec.cat\/cfaplaestany\/wp-json\/wp\/v2\/comments?post=1915"}],"version-history":[{"count":2,"href":"https:\/\/agora.xtec.cat\/cfaplaestany\/wp-json\/wp\/v2\/pages\/1915\/revisions"}],"predecessor-version":[{"id":1921,"href":"https:\/\/agora.xtec.cat\/cfaplaestany\/wp-json\/wp\/v2\/pages\/1915\/revisions\/1921"}],"up":[{"embeddable":true,"href":"https:\/\/agora.xtec.cat\/cfaplaestany\/wp-json\/wp\/v2\/pages\/63"}],"wp:attachment":[{"href":"https:\/\/agora.xtec.cat\/cfaplaestany\/wp-json\/wp\/v2\/media?parent=1915"}],"curies":[{"name":"wp","href":"https:\/\/api.w.org\/{rel}","templated":true}]}}