{"id":1901,"date":"2022-05-25T13:27:12","date_gmt":"2022-05-25T11:27:12","guid":{"rendered":"https:\/\/agora.xtec.cat\/cfaplaestany\/?page_id=1901"},"modified":"2024-07-14T12:41:20","modified_gmt":"2024-07-14T10:41:20","slug":"punt-orientador-acreditacions-professionals","status":"publish","type":"page","link":"https:\/\/agora.xtec.cat\/cfaplaestany\/serveis\/punt-orientador-acreditacions-professionals\/","title":{"rendered":"Punt orientador &#8220;Acreditacions professionals&#8221;"},"content":{"rendered":"<p>Si necessites acreditar la teva experi\u00e8ncia laboral, pots demanar-nos hora i t&#8217;atendrem per donar-te un cop de m\u00e0 en el proc\u00e9s. Tamb\u00e9, ens pots demanar informaci\u00f3 sobre aquest tema.<\/p>\n<p>Tel\u00e8fon: 972 57 10 80<\/p>\n<p>Correu electr\u00f2nic: secretaria<span class=\"atwho-query\">@cfapladelestany.cat<\/span><\/p>\n<p>L&#8217;enlla\u00e7 a la p\u00e0gina web del servei \u00e9s: <a href=\"https:\/\/fp.gencat.cat\/ca\/acreditacio\/\">acreditacions professionals<\/a><\/p>\n","protected":false},"excerpt":{"rendered":"<p>Si necessites acreditar la teva experi\u00e8ncia laboral, pots demanar-nos hora i t&#8217;atendrem per donar-te un cop de m\u00e0 en el proc\u00e9s. Tamb\u00e9, ens pots demanar informaci\u00f3 sobre aquest tema.<br \/>\nTel\u00e8fon: 972 57 10 80<br \/>\nCorreu electr\u00f2nic: secretaria@cfapladelestany.cat<br \/>\nL&#8217;enlla\u00e7 a la p\u00e0gina web del servei \u00e9s: <a href=\"https:\/\/fp.gencat.cat\/ca\/acreditacio\/\">acreditacions professionals<\/a><\/p>\n","protected":false},"author":5,"featured_media":0,"parent":63,"menu_order":0,"comment_status":"closed","ping_status":"closed","template":"","meta":{"_bbp_topic_count":0,"_bbp_reply_count":0,"_bbp_total_topic_count":0,"_bbp_total_reply_count":0,"_bbp_voice_count":0,"_bbp_anonymous_reply_count":0,"_bbp_topic_count_hidden":0,"_bbp_reply_count_hidden":0,"_bbp_forum_subforum_count":0,"footnotes":""},"class_list":["post-1901","page","type-page","status-publish","hentry"],"post_mailing_queue_ids":[],"_links":{"self":[{"href":"https:\/\/agora.xtec.cat\/cfaplaestany\/wp-json\/wp\/v2\/pages\/1901","targetHints":{"allow":["GET"]}}],"collection":[{"href":"https:\/\/agora.xtec.cat\/cfaplaestany\/wp-json\/wp\/v2\/pages"}],"about":[{"href":"https:\/\/agora.xtec.cat\/cfaplaestany\/wp-json\/wp\/v2\/types\/page"}],"author":[{"embeddable":true,"href":"https:\/\/agora.xtec.cat\/cfaplaestany\/wp-json\/wp\/v2\/users\/5"}],"replies":[{"embeddable":true,"href":"https:\/\/agora.xtec.cat\/cfaplaestany\/wp-json\/wp\/v2\/comments?post=1901"}],"version-history":[{"count":4,"href":"https:\/\/agora.xtec.cat\/cfaplaestany\/wp-json\/wp\/v2\/pages\/1901\/revisions"}],"predecessor-version":[{"id":2711,"href":"https:\/\/agora.xtec.cat\/cfaplaestany\/wp-json\/wp\/v2\/pages\/1901\/revisions\/2711"}],"up":[{"embeddable":true,"href":"https:\/\/agora.xtec.cat\/cfaplaestany\/wp-json\/wp\/v2\/pages\/63"}],"wp:attachment":[{"href":"https:\/\/agora.xtec.cat\/cfaplaestany\/wp-json\/wp\/v2\/media?parent=1901"}],"curies":[{"name":"wp","href":"https:\/\/api.w.org\/{rel}","templated":true}]}}