{"id":1543,"date":"2025-06-01T16:50:10","date_gmt":"2025-06-01T14:50:10","guid":{"rendered":"https:\/\/agora.xtec.cat\/cfaplaestany\/?page_id=1543"},"modified":"2025-06-19T09:12:14","modified_gmt":"2025-06-19T07:12:14","slug":"curs-de-preparacio-per-al-ges","status":"publish","type":"page","link":"https:\/\/agora.xtec.cat\/cfaplaestany\/ensenyaments\/curs-de-preparacio-per-al-ges\/","title":{"rendered":"Curs de preparaci\u00f3 per al GES"},"content":{"rendered":"<h5><b><u>Formaci\u00f3 Instrumental 4 (curs preparatori per al GES)<\/u><\/b><\/h5>\n<p>Curs adre\u00e7at a persones amb coneixement del catal\u00e0 i del castell\u00e0 que volen assolir la formaci\u00f3 adequada per\u00a0 incorporar-se al GES (Graduat d\u2019Educaci\u00f3 Secund\u00e0ria). Les mat\u00e8ries que s\u2019imparteixen en aquest curs s\u00f3n: catal\u00e0, castell\u00e0, matem\u00e0tiques, ci\u00e8ncies socials i naturals\u00a0 i, com a mat\u00e8ria transversal, inform\u00e0tica. Els continguts correspondrien a 5\u00e8 i 6\u00e8 de Prim\u00e0ria.<\/p>\n<p>Al final d\u2019aquest curs, l\u2019alumne podr\u00e0 \u2026<\/p>\n<ul>\n<li>Entendre les idees principals d\u2019una informaci\u00f3, escrita o oral, relativa a la feina, a l\u2019escola, al temps lliure, etc.<\/li>\n<li>Escriure petites descripcions, notes, sol\u00b7licituds, receptes de cuina, instruccions, missatges al m\u00f2bil, correus electr\u00f2nics breus, etc.<\/li>\n<li>Fraccions, estad\u00edstiques, percentatges, interpretar descomptes, etc.<\/li>\n<li>Con\u00e8ixer millor la seva comarca i l\u2019entorn, Catalunya, Espanya i Europa, etc.<\/li>\n<li>Utilitzar un ordinador com a eina d\u2019aprenentatge.<\/li>\n<\/ul>\n<p>HORARI DE LES CLASSES: dilluns i dimarts de 15h a 17.30h, i dimecres de 15h a 17h<\/p>\n<p>Durada del curs: 9 mesos, de setembre 2025 a juny 2026<\/p>\n<div style=\"display: none;\"><\/div>\n","protected":false},"excerpt":{"rendered":"<p>Formaci\u00f3 Instrumental 4 (curs preparatori per al GES)<br \/>\nCurs adre\u00e7at a persones amb coneixement del catal\u00e0 i del castell\u00e0 que volen assolir la formaci\u00f3 adequada per\u00a0 incorporar-se al GES (Graduat d\u2019Educaci\u00f3 Secund\u00e0ria). Les mat\u00e8ries que s\u2019imparteixen en aquest curs s\u00f3n: catal\u00e0, castell\u00e0, matem\u00e0tiques, ci\u00e8ncies socials i&hellip;  <a href=\"https:\/\/agora.xtec.cat\/cfaplaestany\/ensenyaments\/curs-de-preparacio-per-al-ges\/\" title=\"Read Curs de preparaci\u00f3 per al GES\">Llegeix m\u00e9s\u00bb<\/a><\/p>\n","protected":false},"author":5,"featured_media":0,"parent":274,"menu_order":0,"comment_status":"closed","ping_status":"closed","template":"","meta":{"_bbp_topic_count":0,"_bbp_reply_count":0,"_bbp_total_topic_count":0,"_bbp_total_reply_count":0,"_bbp_voice_count":0,"_bbp_anonymous_reply_count":0,"_bbp_topic_count_hidden":0,"_bbp_reply_count_hidden":0,"_bbp_forum_subforum_count":0,"footnotes":""},"class_list":["post-1543","page","type-page","status-publish","hentry"],"post_mailing_queue_ids":[],"_links":{"self":[{"href":"https:\/\/agora.xtec.cat\/cfaplaestany\/wp-json\/wp\/v2\/pages\/1543","targetHints":{"allow":["GET"]}}],"collection":[{"href":"https:\/\/agora.xtec.cat\/cfaplaestany\/wp-json\/wp\/v2\/pages"}],"about":[{"href":"https:\/\/agora.xtec.cat\/cfaplaestany\/wp-json\/wp\/v2\/types\/page"}],"author":[{"embeddable":true,"href":"https:\/\/agora.xtec.cat\/cfaplaestany\/wp-json\/wp\/v2\/users\/5"}],"replies":[{"embeddable":true,"href":"https:\/\/agora.xtec.cat\/cfaplaestany\/wp-json\/wp\/v2\/comments?post=1543"}],"version-history":[{"count":5,"href":"https:\/\/agora.xtec.cat\/cfaplaestany\/wp-json\/wp\/v2\/pages\/1543\/revisions"}],"predecessor-version":[{"id":2919,"href":"https:\/\/agora.xtec.cat\/cfaplaestany\/wp-json\/wp\/v2\/pages\/1543\/revisions\/2919"}],"up":[{"embeddable":true,"href":"https:\/\/agora.xtec.cat\/cfaplaestany\/wp-json\/wp\/v2\/pages\/274"}],"wp:attachment":[{"href":"https:\/\/agora.xtec.cat\/cfaplaestany\/wp-json\/wp\/v2\/media?parent=1543"}],"curies":[{"name":"wp","href":"https:\/\/api.w.org\/{rel}","templated":true}]}}