{"id":1522,"date":"2021-06-11T16:44:55","date_gmt":"2021-06-11T14:44:55","guid":{"rendered":"https:\/\/agora.xtec.cat\/cfaplaestany\/?page_id=1522"},"modified":"2022-06-22T13:16:16","modified_gmt":"2022-06-22T11:16:16","slug":"projecte-estany","status":"publish","type":"page","link":"https:\/\/agora.xtec.cat\/cfaplaestany\/projecte-estany\/","title":{"rendered":"Fase 1 App"},"content":{"rendered":"\r\n\t<div class=\"slideshow_container slideshow_container_style-light\" style=\"height: 500px; \" data-slideshow-id=\"1607\" data-style-name=\"style-light\" data-style-version=\"2.3.1\" >\r\n\r\n\t\t\t\t\t<div class=\"slideshow_loading_icon\"><\/div>\r\n\t\t\r\n\t\t<div class=\"slideshow_content\" style=\"display: none;\">\r\n\r\n\t\t\t<div class=\"slideshow_view\">\r\n\t\t\t\t<div class=\"slideshow_slide slideshow_slide_image\">\r\n\t\t\t\t\t\t\t\t\t\t\t<img src=\"https:\/\/agora.xtec.cat\/cfaplaestany\/wp-content\/uploads\/usu1886\/2021\/06\/Foto_r\u00e0dio_Banyoles_app.jpg\" alt=\"Foto_r\u00e0dio_Banyoles_app\" width=\"1075\" height=\"540\" \/>\r\n\t\t\t\t\t\t\t\t\t\t<div class=\"slideshow_description_box slideshow_transparent\">\r\n\t\t\t\t\t\t<div class=\"slideshow_title\">Foto_r\u00e0dio_Banyoles_app<\/div>\t\t\t\t\t\t\t\t\t\t\t<\/div>\r\n\t\t\t\t<\/div>\r\n\r\n\t\t\t\t\t\t<div style=\"clear: both;\"><\/div><\/div><div class=\"slideshow_view\">\r\n\t\t\t\t<div class=\"slideshow_slide slideshow_slide_image\">\r\n\t\t\t\t\t\t\t\t\t\t\t<img src=\"https:\/\/agora.xtec.cat\/cfaplaestany\/wp-content\/uploads\/usu1886\/2021\/06\/petita_1623949453600.jpg\" alt=\"petita_1623949453600\" width=\"800\" height=\"600\" \/>\r\n\t\t\t\t\t\t\t\t\t\t<div class=\"slideshow_description_box slideshow_transparent\">\r\n\t\t\t\t\t\t<div class=\"slideshow_title\">petita_1623949453600<\/div>\t\t\t\t\t\t\t\t\t\t\t<\/div>\r\n\t\t\t\t<\/div>\r\n\r\n\t\t\t\t\t\t<div style=\"clear: both;\"><\/div><\/div><div class=\"slideshow_view\">\r\n\t\t\t\t<div class=\"slideshow_slide slideshow_slide_image\">\r\n\t\t\t\t\t\t\t\t\t\t\t<img src=\"https:\/\/agora.xtec.cat\/cfaplaestany\/wp-content\/uploads\/usu1886\/2021\/06\/petita_0210308_160511-e1624028308116.jpg\" alt=\"petita_0210308_160511\" width=\"379\" height=\"800\" \/>\r\n\t\t\t\t\t\t\t\t\t\t<div class=\"slideshow_description_box slideshow_transparent\">\r\n\t\t\t\t\t\t<div class=\"slideshow_title\">petita_0210308_160511<\/div>\t\t\t\t\t\t\t\t\t\t\t<\/div>\r\n\t\t\t\t<\/div>\r\n\r\n\t\t\t\t\t\t<div style=\"clear: both;\"><\/div><\/div><div class=\"slideshow_view\">\r\n\t\t\t\t<div class=\"slideshow_slide slideshow_slide_image\">\r\n\t\t\t\t\t\t\t\t\t\t\t<img src=\"https:\/\/agora.xtec.cat\/cfaplaestany\/wp-content\/uploads\/usu1886\/2021\/06\/petita_HIED4314-e1624028613406.jpg\" alt=\"petita_HIED4314\" width=\"456\" height=\"334\" \/>\r\n\t\t\t\t\t\t\t\t\t\t<div class=\"slideshow_description_box slideshow_transparent\">\r\n\t\t\t\t\t\t<div class=\"slideshow_title\">petita_HIED4314<\/div>\t\t\t\t\t\t\t\t\t\t\t<\/div>\r\n\t\t\t\t<\/div>\r\n\r\n\t\t\t\t\t\t<div style=\"clear: both;\"><\/div><\/div><div class=\"slideshow_view\">\r\n\t\t\t\t<div class=\"slideshow_slide slideshow_slide_image\">\r\n\t\t\t\t\t\t\t\t\t\t\t<img src=\"https:\/\/agora.xtec.cat\/cfaplaestany\/wp-content\/uploads\/usu1886\/2021\/06\/petita_IMG-20210309-WA0013.jpg\" alt=\"petita_IMG-20210309-WA0013\" width=\"800\" height=\"600\" \/>\r\n\t\t\t\t\t\t\t\t\t\t<div class=\"slideshow_description_box slideshow_transparent\">\r\n\t\t\t\t\t\t<div class=\"slideshow_title\">petita_IMG-20210309-WA0013<\/div>\t\t\t\t\t\t\t\t\t\t\t<\/div>\r\n\t\t\t\t<\/div>\r\n\r\n\t\t\t\t\t\t<div style=\"clear: both;\"><\/div><\/div><div class=\"slideshow_view\">\r\n\t\t\t\t<div class=\"slideshow_slide slideshow_slide_image\">\r\n\t\t\t\t\t\t\t\t\t\t\t<img src=\"https:\/\/agora.xtec.cat\/cfaplaestany\/wp-content\/uploads\/usu1886\/2021\/06\/petita_IMG-20210309-WA0012-e1624028773335.jpg\" alt=\"petita_IMG-20210309-WA0012\" width=\"600\" height=\"432\" \/>\r\n\t\t\t\t\t\t\t\t\t\t<div class=\"slideshow_description_box slideshow_transparent\">\r\n\t\t\t\t\t\t<div class=\"slideshow_title\">petita_IMG-20210309-WA0012<\/div>\t\t\t\t\t\t\t\t\t\t\t<\/div>\r\n\t\t\t\t<\/div>\r\n\r\n\t\t\t\t\t\t<div style=\"clear: both;\"><\/div><\/div><div class=\"slideshow_view\">\r\n\t\t\t\t<div class=\"slideshow_slide slideshow_slide_image\">\r\n\t\t\t\t\t\t\t\t\t\t\t<img src=\"https:\/\/agora.xtec.cat\/cfaplaestany\/wp-content\/uploads\/usu1886\/2021\/06\/petita_IMG_20210316_180201.jpg\" alt=\"petita_IMG_20210316_180201\" width=\"450\" height=\"800\" \/>\r\n\t\t\t\t\t\t\t\t\t\t<div class=\"slideshow_description_box slideshow_transparent\">\r\n\t\t\t\t\t\t<div class=\"slideshow_title\">petita_IMG_20210316_180201<\/div>\t\t\t\t\t\t\t\t\t\t\t<\/div>\r\n\t\t\t\t<\/div>\r\n\r\n\t\t\t\t\t\t<div style=\"clear: both;\"><\/div><\/div><div class=\"slideshow_view\">\r\n\t\t\t\t<div class=\"slideshow_slide slideshow_slide_image\">\r\n\t\t\t\t\t\t\t\t\t\t\t<img src=\"https:\/\/agora.xtec.cat\/cfaplaestany\/wp-content\/uploads\/usu1886\/2021\/06\/petita_IMG_20210311_185112.jpg\" alt=\"petita_IMG_20210311_185112\" width=\"800\" height=\"450\" \/>\r\n\t\t\t\t\t\t\t\t\t\t<div class=\"slideshow_description_box slideshow_transparent\">\r\n\t\t\t\t\t\t<div class=\"slideshow_title\">petita_IMG_20210311_185112<\/div>\t\t\t\t\t\t\t\t\t\t\t<\/div>\r\n\t\t\t\t<\/div>\r\n\r\n\t\t\t\t\t\t<div style=\"clear: both;\"><\/div><\/div><div class=\"slideshow_view\">\r\n\t\t\t\t<div class=\"slideshow_slide slideshow_slide_image\">\r\n\t\t\t\t\t\t\t\t\t\t\t<img src=\"https:\/\/agora.xtec.cat\/cfaplaestany\/wp-content\/uploads\/usu1886\/2021\/06\/petita_1623949453594.jpg\" alt=\"petita_1623949453594\" width=\"800\" height=\"600\" \/>\r\n\t\t\t\t\t\t\t\t\t\t<div class=\"slideshow_description_box slideshow_transparent\">\r\n\t\t\t\t\t\t<div class=\"slideshow_title\">petita_1623949453594<\/div>\t\t\t\t\t\t\t\t\t\t\t<\/div>\r\n\t\t\t\t<\/div>\r\n\r\n\t\t\t\t\t\t<div style=\"clear: both;\"><\/div><\/div><div class=\"slideshow_view\">\r\n\t\t\t\t<div class=\"slideshow_slide slideshow_slide_image\">\r\n\t\t\t\t\t\t\t\t\t\t\t<img src=\"https:\/\/agora.xtec.cat\/cfaplaestany\/wp-content\/uploads\/usu1886\/2021\/06\/image1.jpg\" alt=\"image1\" width=\"640\" height=\"480\" \/>\r\n\t\t\t\t\t\t\t\t\t\t<div class=\"slideshow_description_box slideshow_transparent\">\r\n\t\t\t\t\t\t<div class=\"slideshow_title\">image1<\/div>\t\t\t\t\t\t\t\t\t\t\t<\/div>\r\n\t\t\t\t<\/div>\r\n\r\n\t\t\t\t\t\t<div style=\"clear: both;\"><\/div><\/div>\r\n\t\t<\/div>\r\n\r\n\t\t<div class=\"slideshow_controlPanel slideshow_transparent\" style=\"display: none;\"><ul><li class=\"slideshow_togglePlay\" data-play-text=\"Visualitza\" data-pause-text=\"Pausa\"><\/li><\/ul><\/div>\r\n\r\n\t\t<div class=\"slideshow_button slideshow_previous slideshow_transparent\" role=\"button\" data-previous-text=\"Anterior\" style=\"display: none;\"><\/div>\r\n\t\t<div class=\"slideshow_button slideshow_next slideshow_transparent\" role=\"button\" data-next-text=\"Seg\u00fcent\" style=\"display: none;\"><\/div>\r\n\r\n\t\t<div class=\"slideshow_pagination\" style=\"display: none;\" data-go-to-text=\"V\u00e9s a la diapositiva\"><div class=\"slideshow_pagination_center\"><\/div><\/div>\r\n\r\n\t\t<!-- WordPress Slideshow Version 2.3.1 -->\r\n\r\n\t\t\t<\/div>\r\n\r\n\n<p>Aquest projecte forma part del programa <a href=\"http:\/\/xtec.gencat.cat\/ca\/projectes\/apadrinemnostrepatrimoni\/\">Apadrinem el nostre patrimoni<\/a> ( # apadrinem) del Departament d&#8217;Educaci\u00f3 de la Generalitat de Catalunya vehiculat pel CRP del Pla de l&#8217;Estany.<\/p>\n<p>Els alumnes de GES 1 i GES 2 han participat en aquest projecte, creant tots els continguts que es poden trobar a l&#8217;app. La durada del projecte ha estat de dues setmanes. La primera, de recollida d&#8217;informaci\u00f3 a trav\u00e9s de xerrades al centre i sortides per con\u00e8ixer els elements que vol\u00edem que sortissin a l&#8217;aplicaci\u00f3, i, la segona, de treball a l&#8217;aula redactant els continguts, gravant \u00e0udios, retocant fotografies, etc. Despr\u00e9s de tota aquesta feina, hem dedicat dos dies a posar tot aquest contingut dins l&#8217;app. Aqu\u00ed trobareu l&#8217;enlla\u00e7 de desc\u00e0rrega: <a href=\"https:\/\/play.google.com\/store\/apps\/details?id=com.sixtemia.estanydebanyoles&amp;hl=ca&amp;gl=US\">Estany de Banyoles<\/a><\/p>\n<p>Volem donar les gr\u00e0cies a tothom que ha col.laborat amb nosaltres a omplir de contingut l&#8217;aplicaci\u00f3 i que ens ha ajudat a fer-ho possible:<\/p>\n<ul>\n<li>L&#8217;<a href=\"https:\/\/www.escolanaturabanyoles.org\/ca\/\">Escola de Natura<\/a> que ens van guiar per les pesqueres, i ens van acompanyar pels estanys i estanyols i els recs,<\/li>\n<li>l&#8217;\u00c0ngel Verg\u00e9s, expert en cultura popular de Banyoles i comarca, que ens va assessorar amb les llegendes,<\/li>\n<li>l&#8217;associaci\u00f3 <a href=\"https:\/\/www.limnos.org\/\">Limnos <\/a>\u00a0ens va parlar de la flora i la fauna de l&#8217;estany,<\/li>\n<li>el Moss\u00e8n de Santa Maria de Porqueres ens va explicar la hist\u00f2ria i els elements arquitect\u00f2nics que podem trobar a l&#8217;esgl\u00e9sia,<\/li>\n<li>el <a href=\"https:\/\/www.museusdebanyoles.cat\/arqueologic\/Descobreix-el-patrimoni\/El-parc-neolitic-de-la-Draga\">Parc Neol\u00edtic de la Draga<\/a> que ens van informar del que podem veure al jaciment arqueol\u00f2gic de la Draga,<\/li>\n<li>a en Joan Busquets del compte de <a href=\"https:\/\/twitter.com\/vincvolant?lang=ca\">En Joan petit quan vola<\/a> de Twitter que ens va cedir la majoria de fotografies d&#8217;aus,<\/li>\n<li>i <a href=\"https:\/\/www.radiobanyoles.cat\/\">R\u00e0dio Banyoles<\/a> que ens van deixar tot l&#8217;equipament per poder enregistrar tots els \u00e0udios.<\/li>\n<\/ul>\n<p><a href=\"https:\/\/agora.xtec.cat\/cfaplaestany\/wp-content\/uploads\/usu1886\/2021\/06\/edn.png\"><img loading=\"lazy\" decoding=\"async\" class=\"alignnone size-medium wp-image-1621\" src=\"https:\/\/agora.xtec.cat\/cfaplaestany\/wp-content\/uploads\/usu1886\/2021\/06\/edn-300x105.png\" alt=\"\" width=\"300\" height=\"105\" srcset=\"https:\/\/agora.xtec.cat\/cfaplaestany\/wp-content\/uploads\/usu1886\/2021\/06\/edn-300x105.png 300w, https:\/\/agora.xtec.cat\/cfaplaestany\/wp-content\/uploads\/usu1886\/2021\/06\/edn.png 744w\" sizes=\"auto, (max-width: 300px) 100vw, 300px\" \/>\u00a0<\/a> \u00a0\u00a0 \u00a0\u00a0 \u00a0\u00a0 \u00a0\u00a0 \u00a0\u00a0 \u00a0\u00a0 \u00a0\u00a0 \u00a0\u00a0 \u00a0\u00a0 <a href=\"https:\/\/agora.xtec.cat\/cfaplaestany\/wp-content\/uploads\/usu1886\/2021\/06\/logo-Limnos-Edc-blanc-bo-1.jpg\"><img loading=\"lazy\" decoding=\"async\" class=\"alignnone size-medium wp-image-1623\" src=\"https:\/\/agora.xtec.cat\/cfaplaestany\/wp-content\/uploads\/usu1886\/2021\/06\/logo-Limnos-Edc-blanc-bo-1-300x169.jpg\" alt=\"\" width=\"300\" height=\"169\" srcset=\"https:\/\/agora.xtec.cat\/cfaplaestany\/wp-content\/uploads\/usu1886\/2021\/06\/logo-Limnos-Edc-blanc-bo-1-300x169.jpg 300w, https:\/\/agora.xtec.cat\/cfaplaestany\/wp-content\/uploads\/usu1886\/2021\/06\/logo-Limnos-Edc-blanc-bo-1-768x432.jpg 768w, https:\/\/agora.xtec.cat\/cfaplaestany\/wp-content\/uploads\/usu1886\/2021\/06\/logo-Limnos-Edc-blanc-bo-1-1024x576.jpg 1024w, https:\/\/agora.xtec.cat\/cfaplaestany\/wp-content\/uploads\/usu1886\/2021\/06\/logo-Limnos-Edc-blanc-bo-1.jpg 1280w\" sizes=\"auto, (max-width: 300px) 100vw, 300px\" \/><\/a><\/p>\n<p><a href=\"https:\/\/agora.xtec.cat\/cfaplaestany\/wp-content\/uploads\/usu1886\/2021\/06\/Parc-Neolitic-Horitzontal-1.jpg\"><img loading=\"lazy\" decoding=\"async\" class=\"alignnone size-medium wp-image-1625\" src=\"https:\/\/agora.xtec.cat\/cfaplaestany\/wp-content\/uploads\/usu1886\/2021\/06\/Parc-Neolitic-Horitzontal-1-300x100.jpg\" alt=\"\" width=\"300\" height=\"100\" srcset=\"https:\/\/agora.xtec.cat\/cfaplaestany\/wp-content\/uploads\/usu1886\/2021\/06\/Parc-Neolitic-Horitzontal-1-300x100.jpg 300w, https:\/\/agora.xtec.cat\/cfaplaestany\/wp-content\/uploads\/usu1886\/2021\/06\/Parc-Neolitic-Horitzontal-1-768x256.jpg 768w, https:\/\/agora.xtec.cat\/cfaplaestany\/wp-content\/uploads\/usu1886\/2021\/06\/Parc-Neolitic-Horitzontal-1-1024x342.jpg 1024w, https:\/\/agora.xtec.cat\/cfaplaestany\/wp-content\/uploads\/usu1886\/2021\/06\/Parc-Neolitic-Horitzontal-1.jpg 1181w\" sizes=\"auto, (max-width: 300px) 100vw, 300px\" \/>\u00a0<\/a> \u00a0\u00a0 \u00a0\u00a0 \u00a0\u00a0 \u00a0\u00a0 \u00a0\u00a0 \u00a0\u00a0 \u00a0\u00a0 \u00a0\u00a0 <a href=\"https:\/\/agora.xtec.cat\/cfaplaestany\/wp-content\/uploads\/usu1886\/2021\/06\/logo_Sta_Maria_Porqueres.jpg\"><img loading=\"lazy\" decoding=\"async\" class=\"alignnone size-full wp-image-1626\" src=\"https:\/\/agora.xtec.cat\/cfaplaestany\/wp-content\/uploads\/usu1886\/2021\/06\/logo_Sta_Maria_Porqueres.jpg\" alt=\"\" width=\"243\" height=\"244\" srcset=\"https:\/\/agora.xtec.cat\/cfaplaestany\/wp-content\/uploads\/usu1886\/2021\/06\/logo_Sta_Maria_Porqueres.jpg 243w, https:\/\/agora.xtec.cat\/cfaplaestany\/wp-content\/uploads\/usu1886\/2021\/06\/logo_Sta_Maria_Porqueres-150x150.jpg 150w\" sizes=\"auto, (max-width: 243px) 100vw, 243px\" \/><\/a><\/p>\n<p>&nbsp;<\/p>\n","protected":false},"excerpt":{"rendered":"<p>\t\t\t\t\t\tFoto_r\u00e0dio_Banyoles_app\t\t\t\t\t\t\t\t\t\t\t<\/p>\n<p>\t\t\t\t\t\tpetita_1623949453600\t\t\t\t\t\t\t\t\t\t\t<\/p>\n<p>\t\t\t\t\t\tpetita_0210308_160511\t\t\t\t\t\t\t\t\t\t\t<\/p>\n<p>\t\t\t\t\t\tpetita_HIED4314\t\t\t\t\t\t\t\t\t\t\t<\/p>\n<p>\t\t\t\t\t\tpetita_IMG-20210309-WA0013\t\t\t\t\t\t\t\t\t\t\t<\/p>\n<p>\t\t\t\t\t\tpetita_IMG-20210309-WA0012\t\t\t\t\t\t\t\t\t\t\t<\/p>\n<p>\t\t\t\t\t\tpetita_IMG_20210316_180201\t\t\t\t\t\t\t\t\t\t\t<\/p>\n<p>\t\t\t\t\t\tpetita_IMG_20210311_185112\t\t\t\t\t\t\t\t\t\t\t<\/p>\n<p>\t\t\t\t\t\tpetita_1623949453594\t\t\t\t\t\t\t\t\t\t\t<\/p>\n<p>\t\t\t\t\t\timage1\t\t\t\t\t\t\t\t\t\t\t<\/p>\n<ul>\n<li class=\"slideshow_togglePlay\" data-play-text=\"Visualitza\" data-pause-text=\"Pausa\"><\/li>\n<\/ul>\n<p>Aquest projecte forma part del programa <a href=\"http:\/\/xtec.gencat.cat\/ca\/projectes\/apadrinemnostrepatrimoni\/\">Apadrinem el nostre patrimoni<\/a> ( # apadrinem) del Departament d&#8217;Educaci\u00f3 de la Generalitat de Catalunya vehiculat pel CRP del Pla de l&#8217;Estany.<br \/>\nEls alumnes de GES 1 i GES 2 han participat en aquest projecte, creant&hellip;  <a href=\"https:\/\/agora.xtec.cat\/cfaplaestany\/projecte-estany\/\" title=\"Read Fase 1 App\">Llegeix m\u00e9s\u00bb<\/a><\/p>\n","protected":false},"author":3,"featured_media":0,"parent":0,"menu_order":0,"comment_status":"closed","ping_status":"closed","template":"","meta":{"_bbp_topic_count":0,"_bbp_reply_count":0,"_bbp_total_topic_count":0,"_bbp_total_reply_count":0,"_bbp_voice_count":0,"_bbp_anonymous_reply_count":0,"_bbp_topic_count_hidden":0,"_bbp_reply_count_hidden":0,"_bbp_forum_subforum_count":0,"footnotes":""},"class_list":["post-1522","page","type-page","status-publish","hentry"],"post_mailing_queue_ids":[],"_links":{"self":[{"href":"https:\/\/agora.xtec.cat\/cfaplaestany\/wp-json\/wp\/v2\/pages\/1522","targetHints":{"allow":["GET"]}}],"collection":[{"href":"https:\/\/agora.xtec.cat\/cfaplaestany\/wp-json\/wp\/v2\/pages"}],"about":[{"href":"https:\/\/agora.xtec.cat\/cfaplaestany\/wp-json\/wp\/v2\/types\/page"}],"author":[{"embeddable":true,"href":"https:\/\/agora.xtec.cat\/cfaplaestany\/wp-json\/wp\/v2\/users\/3"}],"replies":[{"embeddable":true,"href":"https:\/\/agora.xtec.cat\/cfaplaestany\/wp-json\/wp\/v2\/comments?post=1522"}],"version-history":[{"count":4,"href":"https:\/\/agora.xtec.cat\/cfaplaestany\/wp-json\/wp\/v2\/pages\/1522\/revisions"}],"predecessor-version":[{"id":2016,"href":"https:\/\/agora.xtec.cat\/cfaplaestany\/wp-json\/wp\/v2\/pages\/1522\/revisions\/2016"}],"wp:attachment":[{"href":"https:\/\/agora.xtec.cat\/cfaplaestany\/wp-json\/wp\/v2\/media?parent=1522"}],"curies":[{"name":"wp","href":"https:\/\/api.w.org\/{rel}","templated":true}]}}