{"id":1093,"date":"2022-04-01T17:05:29","date_gmt":"2022-04-01T15:05:29","guid":{"rendered":"https:\/\/agora.xtec.cat\/cfaplaestany\/?page_id=1093"},"modified":"2022-04-02T10:02:05","modified_gmt":"2022-04-02T08:02:05","slug":"formacio-instrumental","status":"publish","type":"page","link":"https:\/\/agora.xtec.cat\/cfaplaestany\/recursos\/formacio-instrumental\/","title":{"rendered":"FORMACI\u00d3 INSTRUMENTAL"},"content":{"rendered":"<div id=\"post-body-6117401029286873739\" class=\"post-body entry-content\">\n<p><a href=\"https:\/\/clic.xtec.cat\/gali\/gali.html\">GAL\u00cd\u00a0<\/a>&#8211; el\u00a0<b>Gal\u00ed en l\u00ednia<\/b>\u00a0ofereix activitats de nivell b\u00e0sic de llengua catalana i occitana a partir d&#8217;activitats seq\u00fcenciades i programades que desenvolupen les habilitats b\u00e0siques de coneixement ling\u00fc\u00edstic: escoltar, parlar, llegir i escriure.Tots els nivells de Formaci\u00f3 Instrumental.<\/p>\n<p><a href=\"http:\/\/www.edu365.cat\/eso\/catala\/vincles\/index.html\">VINCLES\u00a0<\/a>&#8211;\u00a0el\u00a0<b>Vincles\u00a0<\/b>t\u00e9 com a objectiu exercitar les quatre habilitats pr\u00f2pies de tota compet\u00e8ncia comunicativa (escoltar, parlar, llegir i escriure).Tots els nivells de Formaci\u00f3 Instrumental.<\/p>\n<\/div>\n<div class=\"post-body entry-content\">\n<p><a href=\"http:\/\/www.edu365.cat\/acollida\/index.html?page=2\">\u00c0GORA<\/a>&#8211; Diccionaris il.lustrats: catal\u00e0 &#8211; xin\u00e8s, catal\u00e0 &#8211; urd\u00fa, catal\u00e0 &#8211; \u00e0rab i catal\u00e0 &#8211; amazic.<\/p>\n<p><a href=\"http:\/\/www.elquinzet.cat\/\">EL QUINZET<\/a>\u00a0&#8211;\u00a0Recursos matem\u00e0tics. Tots els nivells de Formaci\u00f3 Instrumental.<\/p>\n<p><a href=\"http:\/\/www.edu365.cat\/\">EDU365<\/a> &#8211; Recursos de llengua i matem\u00e0tiques per a infantil i prim\u00e0ria que podem utilitzar a Formaci\u00f3 Instrumental.<\/p>\n<p><a href=\"https:\/\/llengua.gencat.cat\/ca\/serveis\/aprendre_catala\/ep-curs-oral-catala\/\">EP!<\/a> &#8211; Escolta i parla. Curs oral per aprendre catal\u00e0.<\/p>\n<p><a href=\"http:\/\/www.bigbrownbear.co.uk\/keyboard\/index.htm\">El teclat<\/a> &#8211; Programa per aprendre a escriure correctament amb el teclat de l&#8217;ordinador.<\/p>\n<p style=\"text-align: center;\">\u00a0<u>______________________________________________________________<\/u><\/p>\n<h3><u>FORMACI\u00d3 INSTRUMENTAL 1<\/u><\/h3>\n<h3><u>Llengua\u00a0<\/u><\/h3>\n<p>1.\u00a0 Llegeix i Escriu \u2013\u00a0<a href=\"http:\/\/www.edu365.cat\/infantil\/llegir\/llegir\/paraules.html\">PARAULES\u00a0<\/a>&#8211;\u00a0 Vocabulari &#8211; Nivell Quadern 1 i 2 &#8211; Assenyalar la paraula que se sent. Amb \u00e0udio.<\/p>\n<p>2.\u00a0 Llegeix i escriu &#8211; <a href=\"https:\/\/clic.xtec.cat\/projects\/mon\/monp4\/jclic.js\/index.html\"><b>ANIMALS I TRANSPORTS<\/b>\u00a0&#8211;\u00a0\u00a0EL M\u00d3N ET PARLA 2<\/a>\u00a0\u2013\u00a0 CO i Vocabulari &#8211; Nivell Quadern 2 i 3<\/p>\n<p>3.\u00a0 Llegeix i escriu &#8211; <a href=\"https:\/\/clic.xtec.cat\/projects\/mon\/monp4\/jclic.js\/index.html\"><b>INSTRUMENTS\u00a0<\/b>&#8211;\u00a0EL M\u00d3N ET PARLA 2<\/a> \u00a0\u2013 CO i Vocabulari &#8211; Nivell Quadern 3 i FI2 inici\u00a0\u00a0. Ordenar paraules dins frase. Per exemple:\u00a0 \u2018L\u2019Ali toca el viol\u00ed\u2019<\/p>\n<p>4. Llegeix i escriu &#8211; <a href=\"https:\/\/clic.xtec.cat\/projects\/mon\/monp4\/jclic.js\/index.html\"><b>CASA\u00a0<\/b>&#8211; \u00a0\u00a0EL M\u00d3N ET PARLA 2<\/a> \u2013 CO i Vocabulari &#8211; Nivell Quadern 3 i FI2 inici . Ordenar paraules dins frase: (pregunta) Per qu\u00e8 serveix&#8230;?<\/p>\n<p>5. Llegeix i escriu &#8211; <a href=\"https:\/\/clic.xtec.cat\/projects\/mon\/monp4\/jclic.js\/index.html\"><b>ESCOLA\u00a0<\/b>&#8211;\u00a0EL M\u00d3N ET PARLA 2<\/a> \u00a0\u2013 CO i Vocabulari &#8211; Nivell Quadern 3 i FI2 inici .Ordenar paraules dins frase: (pregunta) Qu\u00e8 fa\/fan en.. i la&#8230; ? (cal ordenar la resposta)\u00a0 En &#8230; i la &#8230; canten.<\/p>\n<p>6. Llegeix i escriu &#8211; <a href=\"https:\/\/clic.xtec.cat\/projects\/mon\/monp4\/jclic.js\/index.html\"><b>LLOCS\u00a0<\/b>&#8211;\u00a0\u00a0EL M\u00d3N ET PARLA 2<\/a> \u2013 CO i Vocabulari &#8211; Nivell Quadern 3 i FI2 inici\u00a0\u00a0. Ordenar paraules dins frase: (pregunta) On s\u00f3n\/\u00e9s\u00a0 en.. i la&#8230; ? (cal ordenar la resposta)\u00a0 En &#8230; i la &#8230; s\u00f3n a &#8230;<\/p>\n<p>7. Llegeix i escriu &#8211; <a href=\"https:\/\/clic.xtec.cat\/projects\/mon\/monp4\/jclic.js\/index.html\"><b>NATURA\u00a0<\/b>&#8211; \u00a0\u00a0EL M\u00d3N ET PARLA 2<\/a>\u00a0\u2013\u00a0CO i Vocabulari &#8211; Nivell Quadern 3 i FI2inici.\u00a0Ordenar paraules dins frase: (pregunta) Qu\u00e8 \u00e9s\/s\u00f3n ? (cal ordenar la resposta), vocabulari natura.<\/p>\n<p>8. Llegeix i escriu &#8211; <a href=\"https:\/\/clic.xtec.cat\/projects\/mon\/monp4\/jclic.js\/index.html\"><b>REACCIONS\u00a0<\/b>&#8211;\u00a0EL M\u00d3N ET PARLA 2\u00a0<\/a>\u2013\u00a0CO &#8211; Nivell Quadern 3 i FI2inici<br \/>\nOrdenar les paraules dins la frase. Cal contestar una pregunta i ordenar les paraules de la resposta. Amb \u00e0udio.<\/p>\n<p>9. Llegeix i escriu &#8211;<a href=\"https:\/\/clic.xtec.cat\/projects\/mon\/monp4\/jclic.js\/index.html\"><b>ACCIONS\u00a0<\/b>&#8211;\u00a0\u00a0EL M\u00d3N ET PARLA 2<\/a>\u00a0\u2013\u00a0CO\u00a0 &#8211; Nivell Quadern 3 i FI2inici<br \/>\nOrdenar de les paraules dins la frase. Cal contestar una pregunta i ordenar les paraules de la resposta. Amb \u00e0udio.<\/p>\n<p>10. Llegeix i escriu \u2013 Nivell Quadern 1, 2 i 3 &#8211; <a href=\"https:\/\/clic.xtec.cat\/projects\/100paraules\/jclic.js\/index.html\">100 PARAULES PER ESCRIURE<\/a><br \/>\nDictat de paraules. 2 nivells: F\u00c0CIL nivell 1, 2 i 3 \/ DIF\u00cdCIL nivell 1,2 i 3<\/p>\n<p>11. Llegeix i escriu &#8211; <a href=\"http:\/\/www.edu365.cat\/acollida\/confegir\/index.htm\">CONFEGIR<\/a>\u00a0&#8211; Nivell 1 i 2. Escriure paraules.<\/p>\n<p>12.\u00a0 Llegeix i escriu \u2013 Nivell Quadern 1, 2 i 3 &#8211;\u00a0\u00a0 <a href=\"http:\/\/www.edu365.cat\/infantil\/llegir\/llegir\/portada.html\">LLETRA PER LLETRA<\/a><br \/>\nFormar paraules. Diverses tem\u00e0tiques: l\u2019aula, les joguines, la roba, les fruites i les verdures.<\/p>\n<h3><u><b>Matem\u00e0tiques<\/b><\/u><\/h3>\n<p>1. <a href=\"https:\/\/clic.xtec.cat\/projects\/jocmates\/jclic.js\/index.html\">EL JOC DE LES MATEM\u00c0TIQUES<\/a>\u00a0&#8211; Tots els nivells de matem\u00e0tiques, per\u00f2 tamb\u00e9 de llengua\u00a0(per veure en qu\u00e8 consisteix cada activitat, clicar PARES I MESTRES)<br \/>\nL\u00d2GICA (Pau) (nivell 1) \u2013 L\u2019objecte equivocat, conceptes b\u00e0sics, cap a on?, camins i s\u00e8ries\u00a0 (nivell 2) &#8211;\u00a0 Endre\u00e7a, contraris i oposats, la part del tot, laberints, collarets i m\u00e9s. ESPAI-TEMPS (Mariona). NUMERACI\u00d3 (Jan)<\/p>\n<p>2. Per aprendre a fer sudokus senzills &#8211;\u00a0<a href=\"https:\/\/clic.xtec.cat\/projects\/sudoku2\/jclic.js\/index.html\">SUDOKUS<\/a><\/p>\n<p>3. <a href=\"http:\/\/www.edu365.cat\/primaria\/matematiques\/escenaris\/granja\/index.html\">LA GRANJA<\/a>\u00a0&#8211; Treball de les matem\u00e0tiques dins l&#8217;entorn d&#8217;una granja<\/p>\n<p>4. <a href=\"https:\/\/clic.xtec.cat\/projects\/matesinf\/jclic.js\/index.html\">Jugar amb les matem\u00e0tiques<\/a> &#8211; Ordenar, comptar, sumar<\/p>\n<h3><u>FORMACI\u00d3 INSTRUMENTAL 2<\/u><\/h3>\n<p>1.\u00a0 Llegeix i escriu \u2013\u00a0<a href=\"http:\/\/apliedu.xtec.cat\/petites_histories\/?lang=ca\">PETITES HIST\u00d2RIES<\/a><\/p>\n<p>Es poden escollir imatges i crear una historieta per cada imatge (escriptura lliure).<\/p>\n<p>2.\u00a0 Llegeix i escriu \u2013\u00a0<a href=\"https:\/\/clic.xtec.cat\/projects\/mon\/monp5\/jclic.js\/index.html\">EL M\u00d3N ET PARLA 3 &#8211; ENDEVINALLES<\/a>\u00a0&#8211; Comprensi\u00f3 lectora i oral<\/p>\n<p>3.\u00a0 Llegeix i escriu \u2013\u00a0<a href=\"http:\/\/www.edu365.cat\/infantil\/llegir\/poesia\/portada.htm\">POESIA\u00a0<\/a>&#8211; Petits poemes de temes diversos \u2013 es poden memoritzar.<\/p>\n<p>4.\u00a0 Llegeix i escriu \u2013\u00a0<a href=\"http:\/\/www.edu365.cat\/infantil\/contesweb\/index.htm\">Els contes d&#8217;en Tom i de la Laia<\/a>\u00a0&#8211; Contes per escoltar i llegir i activitats<\/p>\n<p>5. Llegeix i escriu &#8211; <a href=\"http:\/\/www.edu365.cat\/infantil\/llegir\/caputxeta\/portada.html\">La caputxeta vermella<\/a> &#8211; Conte per escoltar i llegir. Amb activitats.<\/p>\n<p>6.\u00a0 Llegeix i escriu &#8211;\u00a0<a href=\"http:\/\/www.edu365.cat\/primaria\/catala\/historic\/contes_spc\/index.htm\">CONTES SPC\u00a0<\/a>&#8211; Contes per escoltar i llegir. Amb activitats<\/p>\n<p>7.\u00a0 Llegeix i escriu \u2013\u00a0<a href=\"http:\/\/www.edu365.cat\/primaria\/catala\/endevinalles\/portada.htm\">M&#8217; ENDEVINES ?<\/a>\u00a0&#8211; Endevinalles (4 nivells: debutants, prudents, agosarats, experts)<\/p>\n<p>8.\u00a0 MUDS DE MOTS \u2013 INICIAL \u2013<a href=\"http:\/\/www.edu365.cat\/eso\/catala\/mudsmots\/index.html\">EL NOM DE CADA COSA 1<\/a><br \/>\nS\u00f3c com s\u00f3c, arbre de fam\u00edlia, com ets i com est\u00e0s?, vestits, b\u00e8sties i plantes.<\/p>\n<p>9.\u00a0 MUDS DE MOTS \u2013 INICIAL\u2013\u00a0<a href=\"http:\/\/www.edu365.cat\/eso\/catala\/mudsmots\/index.html\">EL NOM DE CADA COSA 2<\/a>\u00a0&#8211; Coses de casa, l\u2019escola i l\u2019institut, al carrer, botigues i mercats, ara i aqu\u00ed<\/p>\n<p>10. MUDS DE MOTS \u2013 INICIAL \u2013<a href=\"http:\/\/www.edu365.cat\/eso\/catala\/mudsmots\/index.html\">\u00a0EL NOM DE CADA COSA 3<\/a>\u00a0 &#8211; El m\u00f3n on vivim, viatges i vehicles, festes, quin temps fa, verbs i accions.<\/p>\n<p>11. MUDS DE MOTS \u2013 Intermedi \u2013\u00a0<a href=\"http:\/\/www.edu365.cat\/eso\/catala\/mudsmots\/index.html\">COM SOM<\/a>\u00a0&#8211; Nivell molt alt &#8211; El meu cos, Quina cara, Som com som, Llengua amb cara i ulls, Poti-poti<\/p>\n<h3><u><b>Matem\u00e0tiques<\/b><\/u><\/h3>\n<p>1. Quantes operacions pots resoldre en 60 segons?\u00a0<a href=\"http:\/\/ares.cnice.mec.es\/matematicasep\/colegio\/maquina.html\">LA M\u00c0QUINA DE CALCULAR<\/a>\u00a0. Sumes, restes, multiplicacions, divisions i barreja d&#8217;operacions<br \/>\n2.\u00a0<a href=\"http:\/\/edu365.cat\/primaria\/matematiques\/historic\/escenaris\/index_viatge.htm\">EL VIATGE<\/a>\u00a0&#8211; \u00a0Planificaci\u00f3 d\u2019un viatge \u2013 preparatius i c\u00e0lcul de pressupostos<br \/>\n3.\u00a0<a href=\"http:\/\/www.edu365.cat\/primaria\/matematiques\/historic\/escenaris\/restaurant\/index.html\">EL RESTAURANT<\/a>\u00a0&#8211; Projecte per treballar les matem\u00e0tiques dins l&#8217;entorn d&#8217;un restaurant.<\/p>\n<h3><u>FORMACI\u00d3 INSTRUMENTAL 3<\/u><\/h3>\n<h3><u>Catal\u00e0<\/u><\/h3>\n<ol>\n<li>Edu365 &#8211; <a href=\"http:\/\/www.edu365.cat\/primaria\/catala\/ortografia\/index.html\">Aventura&#8217;t amb l&#8217;ortografia<\/a> &#8211; 3 nivells de dificultat.<\/li>\n<li>Edu 365 &#8211; <a href=\"http:\/\/www.edu365.cat\/primaria\/catala\/entrena\/index.html\">Entrena&#8217;t a llegir<\/a> &#8211; Exercicis per treballar la lectura efica\u00e7.<\/li>\n<\/ol>\n<p>3. Edu 365 &#8211; <a href=\"http:\/\/www.edu365.cat\/primaria\/catala\/sillabes\/index.htm\">Comptem s\u00edl.labes<\/a><\/p>\n<h3><u>Castell\u00e0<\/u><\/h3>\n<\/div>\n<h3><u>Matem\u00e0tiques<\/u><\/h3>\n<div class=\"post-body entry-content\">\n<h3><u>Socials<\/u><\/h3>\n<div>\n<ul>\n<li><a href=\"http:\/\/www.edu365.cat\/primaria\/socials\/index.html\">Edu 365 &#8211; Prim\u00e0ria Socials<\/a><\/li>\n<\/ul>\n<\/div>\n<h3><u>Naturals<\/u><\/h3>\n<div>\n<ul>\n<li><a href=\"http:\/\/www.edu365.cat\/primaria\/natural\/index.html\">Edu 365 &#8211; Prim\u00e0ria Naturals<\/a><\/li>\n<\/ul>\n<\/div>\n<\/div>\n","protected":false},"excerpt":{"rendered":"<p><a href=\"https:\/\/clic.xtec.cat\/gali\/gali.html\">GAL\u00cd\u00a0<\/a>&#8211; el\u00a0Gal\u00ed en l\u00ednia\u00a0ofereix activitats de nivell b\u00e0sic de llengua catalana i occitana a partir d&#8217;activitats seq\u00fcenciades i programades que desenvolupen les habilitats b\u00e0siques de coneixement ling\u00fc\u00edstic: escoltar, parlar, llegir i escriure.Tots els nivells de Formaci\u00f3 Instrumental.<br \/>\n<a href=\"http:\/\/www.edu365.cat\/eso\/catala\/vincles\/index.html\">VINCLES\u00a0<\/a>&#8211;\u00a0el\u00a0Vincles\u00a0t\u00e9 com a objectiu exercitar les quatre&hellip;  <a href=\"https:\/\/agora.xtec.cat\/cfaplaestany\/recursos\/formacio-instrumental\/\" title=\"Read FORMACI\u00d3 INSTRUMENTAL\">Llegeix m\u00e9s\u00bb<\/a><\/p>\n","protected":false},"author":3,"featured_media":0,"parent":790,"menu_order":0,"comment_status":"closed","ping_status":"closed","template":"page-templates\/side-menu.php","meta":{"_bbp_topic_count":0,"_bbp_reply_count":0,"_bbp_total_topic_count":0,"_bbp_total_reply_count":0,"_bbp_voice_count":0,"_bbp_anonymous_reply_count":0,"_bbp_topic_count_hidden":0,"_bbp_reply_count_hidden":0,"_bbp_forum_subforum_count":0,"footnotes":""},"class_list":["post-1093","page","type-page","status-publish","hentry"],"post_mailing_queue_ids":[],"_links":{"self":[{"href":"https:\/\/agora.xtec.cat\/cfaplaestany\/wp-json\/wp\/v2\/pages\/1093","targetHints":{"allow":["GET"]}}],"collection":[{"href":"https:\/\/agora.xtec.cat\/cfaplaestany\/wp-json\/wp\/v2\/pages"}],"about":[{"href":"https:\/\/agora.xtec.cat\/cfaplaestany\/wp-json\/wp\/v2\/types\/page"}],"author":[{"embeddable":true,"href":"https:\/\/agora.xtec.cat\/cfaplaestany\/wp-json\/wp\/v2\/users\/3"}],"replies":[{"embeddable":true,"href":"https:\/\/agora.xtec.cat\/cfaplaestany\/wp-json\/wp\/v2\/comments?post=1093"}],"version-history":[{"count":3,"href":"https:\/\/agora.xtec.cat\/cfaplaestany\/wp-json\/wp\/v2\/pages\/1093\/revisions"}],"predecessor-version":[{"id":1847,"href":"https:\/\/agora.xtec.cat\/cfaplaestany\/wp-json\/wp\/v2\/pages\/1093\/revisions\/1847"}],"up":[{"embeddable":true,"href":"https:\/\/agora.xtec.cat\/cfaplaestany\/wp-json\/wp\/v2\/pages\/790"}],"wp:attachment":[{"href":"https:\/\/agora.xtec.cat\/cfaplaestany\/wp-json\/wp\/v2\/media?parent=1093"}],"curies":[{"name":"wp","href":"https:\/\/api.w.org\/{rel}","templated":true}]}}