{"id":1086,"date":"2020-04-06T16:48:19","date_gmt":"2020-04-06T14:48:19","guid":{"rendered":"https:\/\/agora.xtec.cat\/cfaplaestany\/?page_id=1086"},"modified":"2020-04-06T16:48:19","modified_gmt":"2020-04-06T14:48:19","slug":"catala-a1-a2-i-b1","status":"publish","type":"page","link":"https:\/\/agora.xtec.cat\/cfaplaestany\/recursos\/catala-a1-a2-i-b1\/","title":{"rendered":"CATAL\u00c0 ( A1, A2 i B1)"},"content":{"rendered":"<h4>RECURSOS PER PRACTICAR:<\/h4>\n<ul>\n<li><a href=\"http:\/\/www.verbscatalans.com\/\" target=\"_blank\" rel=\"noopener noreferrer\">www.verbscatalans.com<\/a>\u00a0&#8211; Aquesta p\u00e0gina t\u2019ajudar\u00e0 a conjugar els verbs.<\/li>\n<\/ul>\n<ul>\n<li><a href=\"http:\/\/www.parla.cat\/\" target=\"_blank\" rel=\"noopener noreferrer\">www.parla.cat<\/a>\u00a0&#8211; Aqu\u00ed hi trobar\u00e0s cursos de catal\u00e0 del teu nivell. Et seran \u00fatils per refor\u00e7ar el que treballem a les classes. Pots inscriure\u2019t gratu\u00eftament (lliure) o pagant (amb tutoria).<\/li>\n<\/ul>\n<ul>\n<li><a href=\"http:\/\/www.digitaldialects.com\/Catalan.htm\">Learn Catalan language<\/a>\u00a0&#8211; primeres lli\u00e7ons, vocabulari b\u00e0sic amb \u00e0udio i exercicis.<\/li>\n<\/ul>\n<ul>\n<li><a href=\"http:\/\/www.surfacelanguages.com\/language\/Catalan\">Vocabulari i frases amb \u00e0udio<\/a>\u00a0&#8211; Angl\u00e8s &#8211; Catal\u00e0<\/li>\n<\/ul>\n<ul>\n<li><a href=\"https:\/\/clic.xtec.cat\/gali\/gali.html\" target=\"_blank\" rel=\"noopener noreferrer\">GAL\u00cd<\/a><\/li>\n<\/ul>\n<ul>\n<li><a href=\"http:\/\/enxaneta.info\/index.htm\" target=\"_blank\" rel=\"noopener noreferrer\">Enxaneta<\/a>\u00a0&#8211; exercicis de gram\u00e0tica, ortografia i vocabulari. Autocorrectius.<\/li>\n<li><a href=\"http:\/\/www.edu365.cat\/acollida\/index.html\" target=\"_blank\" rel=\"noopener noreferrer\">Edu 365 &#8211; material d&#8217;acollida<\/a><\/li>\n<\/ul>\n<h4>MATERIAL DE CONSULTA:<\/h4>\n<ul>\n<li><a href=\"http:\/\/www.verbscatalans.com\/\" target=\"_blank\" rel=\"noopener noreferrer\">www.verbscatalans.com<\/a>\u00a0&#8211; Aquesta p\u00e0gina t\u2019ajudar\u00e0 a conjugar els verbs<\/li>\n<\/ul>\n<ul>\n<li><a href=\"http:\/\/www.diccionaris.cat\/\" target=\"_blank\" rel=\"noopener noreferrer\">www.diccionaris.cat\u00a0<\/a>&#8211; Diccionaris de definicions, de sin\u00f2nims, catal\u00e0\/castell\u00e0, castell\u00e0\/catal\u00e0, catal\u00e0 \/angl\u00e8s, angl\u00e8s\/catal\u00e0, catal\u00e0\/franc\u00e8s, franc\u00e8s\/catal\u00e0<\/li>\n<\/ul>\n<ul>\n<li>\u00a0<a href=\"http:\/\/www.edu365.cat\/acollida\/index2.html\" target=\"_blank\" rel=\"noopener noreferrer\">\u00c0GORA\u00a0<\/a>&#8211; Diccionaris il.lustrats: catal\u00e0 &#8211; xin\u00e8s, catal\u00e0 &#8211; urd\u00fa, catal\u00e0 &#8211; \u00e0rab i catal\u00e0 &#8211; amazic.<\/li>\n<\/ul>\n<ul>\n<li>Diccionari\u00a0<a href=\"http:\/\/www.dca.udl.cat\/cat\/index.htm\" target=\"_blank\" rel=\"noopener noreferrer\">Catal\u00e0 &#8211; Alemany\/ Alemany &#8211; Catal\u00e0<\/a><\/li>\n<\/ul>\n<p><b><br \/>\n<\/b><b>LECTURES:<\/b><\/p>\n<ul>\n<li><a href=\"http:\/\/llengua.gencat.cat\/permalink\/752e02ef-5386-11e4-8f3f-000c29cdf219\" target=\"_blank\" rel=\"nofollow noopener noreferrer\">Petita hist\u00f2ria de Paco Candel<\/a><\/li>\n<\/ul>\n<p><b><br \/>\n<\/b><b>DICTATS EN L\u00cdNIA:<\/b><\/p>\n<ul>\n<li><a href=\"https:\/\/llengua.gencat.cat\/ca\/serveis\/aprendre_catala\/recursos-per-al-professorat\/dictats-en-linia\/b1\/\" target=\"_blank\" rel=\"noopener noreferrer\">Nivell Elemental &#8211; B1<\/a><\/li>\n<\/ul>\n<p><b>CAN\u00c7ONS:<\/b><\/p>\n<ul>\n<li><a href=\"https:\/\/fentpunxa.wordpress.com\/2012\/01\/08\/17-i-si-hi-posem-una-mica-de-musica\/\" target=\"_blank\" rel=\"noopener noreferrer\">Fent punxa (can\u00e7ons en catal\u00e0)\u00a0<\/a><\/li>\n<\/ul>\n<p><b><br \/>\n<\/b><b>RECEPTES DE CUINA:<\/b><\/p>\n<ul>\n<li><a href=\"http:\/\/www.lacuinadesempre.cat\/p\/presentacio-i-descripcio-del-bloc.html\" target=\"_blank\" rel=\"noopener noreferrer\">La cuina de sempre<\/a>: receptes de cuina<\/li>\n<\/ul>\n<div><\/div>\n<p><b>PASSATEMPS EN CATAL\u00c0:<\/b><\/p>\n<ul>\n<li><a href=\"https:\/\/llengua.gencat.cat\/ca\/serveis\/informacio_i_difusio\/publicacions_en_linia\/classific_temes\/temes_opuscles_divulgatius\/jocs_i_passatemps\/\" target=\"_blank\" rel=\"noopener noreferrer\">Jocs de paraules i passatemps<\/a><\/li>\n<li><a href=\"http:\/\/participacio.ara.cat\/passatemps\/motsencreuats\/\" target=\"_blank\" rel=\"noopener noreferrer\">Mots encreuats del diari ARA<\/a><\/li>\n<\/ul>\n<p><b>MITJANS DE COMUNICACI\u00d3:<\/b><\/p>\n<div>\n<ul>\n<li><a href=\"http:\/\/www.tv3.cat\/\">TV3<\/a>\u00a0&#8211; Televisi\u00f3 de Catalunya<\/li>\n<li><a href=\"http:\/\/www.catradio.cat\/\">Catalunya R\u00e0dio<\/a><\/li>\n<li><a href=\"http:\/\/www.elpuntavui.cat\/olot.html\">El Punt Avui<\/a>\u00a0&#8211; Diari en catal\u00e0<\/li>\n<li><a href=\"http:\/\/www.ara.cat\/\">ARA<\/a>\u00a0&#8211; Diari en catal\u00e0<\/li>\n<li><a href=\"http:\/\/www.diaridegirona.cat\/\">Diari de Girona<\/a><\/li>\n<li><a href=\"http:\/\/www.xiptv.cat\/\" target=\"_blank\" rel=\"noopener noreferrer\">Televisi\u00f3 Local a la carta<\/a>\u00a0&#8211; acc\u00e9s a la xarxa de televisions locals de Catalunya<\/li>\n<\/ul>\n<div><\/div>\n<div><b>ALTRES:<\/b><\/div>\n<ul>\n<li><a href=\"http:\/\/www.ccma.cat\/tv3\/catalaalatac\/\" target=\"_blank\" rel=\"noopener noreferrer\">Catal\u00e0 a l&#8217;atac<\/a><\/li>\n<li><a href=\"http:\/\/4cats.llull.cat\/4cats\/index.cfm\/CAT\/inici.html\" target=\"_blank\" rel=\"noopener noreferrer\">4 cats<\/a><\/li>\n<\/ul>\n<\/div>\n","protected":false},"excerpt":{"rendered":"<p>RECURSOS PER PRACTICAR:<\/p>\n<ul>\n<li><a href=\"http:\/\/www.verbscatalans.com\/\" target=\"_blank\" rel=\"noopener noreferrer\">www.verbscatalans.com<\/a>\u00a0&#8211; Aquesta p\u00e0gina t\u2019ajudar\u00e0 a conjugar els verbs.<\/li>\n<\/ul>\n<ul>\n<li><a href=\"http:\/\/www.parla.cat\/\" target=\"_blank\" rel=\"noopener noreferrer\">www.parla.cat<\/a>\u00a0&#8211; Aqu\u00ed hi trobar\u00e0s cursos de catal\u00e0 del teu nivell. Et seran \u00fatils per refor\u00e7ar el que treballem a les classes. Pots inscriure\u2019t gratu\u00eftament (lliure) o pagant (amb&hellip;  <a href=\"https:\/\/agora.xtec.cat\/cfaplaestany\/recursos\/catala-a1-a2-i-b1\/\" title=\"Read CATAL\u00c0 ( A1, A2 i B1)\">Llegeix m\u00e9s\u00bb<\/a><br \/>\n","protected":false},"author":3,"featured_media":0,"parent":790,"menu_order":0,"comment_status":"closed","ping_status":"closed","template":"page-templates\/side-menu.php","meta":{"_bbp_topic_count":0,"_bbp_reply_count":0,"_bbp_total_topic_count":0,"_bbp_total_reply_count":0,"_bbp_voice_count":0,"_bbp_anonymous_reply_count":0,"_bbp_topic_count_hidden":0,"_bbp_reply_count_hidden":0,"_bbp_forum_subforum_count":0,"footnotes":""},"class_list":["post-1086","page","type-page","status-publish","hentry"],"post_mailing_queue_ids":[],"_links":{"self":[{"href":"https:\/\/agora.xtec.cat\/cfaplaestany\/wp-json\/wp\/v2\/pages\/1086","targetHints":{"allow":["GET"]}}],"collection":[{"href":"https:\/\/agora.xtec.cat\/cfaplaestany\/wp-json\/wp\/v2\/pages"}],"about":[{"href":"https:\/\/agora.xtec.cat\/cfaplaestany\/wp-json\/wp\/v2\/types\/page"}],"author":[{"embeddable":true,"href":"https:\/\/agora.xtec.cat\/cfaplaestany\/wp-json\/wp\/v2\/users\/3"}],"replies":[{"embeddable":true,"href":"https:\/\/agora.xtec.cat\/cfaplaestany\/wp-json\/wp\/v2\/comments?post=1086"}],"version-history":[{"count":1,"href":"https:\/\/agora.xtec.cat\/cfaplaestany\/wp-json\/wp\/v2\/pages\/1086\/revisions"}],"predecessor-version":[{"id":1087,"href":"https:\/\/agora.xtec.cat\/cfaplaestany\/wp-json\/wp\/v2\/pages\/1086\/revisions\/1087"}],"up":[{"embeddable":true,"href":"https:\/\/agora.xtec.cat\/cfaplaestany\/wp-json\/wp\/v2\/pages\/790"}],"wp:attachment":[{"href":"https:\/\/agora.xtec.cat\/cfaplaestany\/wp-json\/wp\/v2\/media?parent=1086"}],"curies":[{"name":"wp","href":"https:\/\/api.w.org\/{rel}","templated":true}]}}