{"id":9,"date":"2014-09-12T10:15:01","date_gmt":"2014-09-12T10:15:01","guid":{"rendered":"http:\/\/agora.xtec.cat\/cfaperecalders\/?page_id=9"},"modified":"2026-03-03T10:21:20","modified_gmt":"2026-03-03T09:21:20","slug":"pagina-dinici-buida","status":"publish","type":"page","link":"https:\/\/agora.xtec.cat\/cfaperecalders\/","title":{"rendered":"INFORMACIONS PORTADA"},"content":{"rendered":"\n<p><\/p>\n\n\n\n<p class=\"has-pale-ocean-gradient-background has-background has-medium-font-size\">Calendari de presentaci\u00f3 de sol\u00b7licituds per a la <strong>preinscripci\u00f3<\/strong> del curs <strong>2026-2027<\/strong>: del <strong>19 al 29 de juny<\/strong> de 2026<\/p>\n\n\n\n<p class=\"has-medium-font-size\"><strong><a href=\"https:\/\/agora.xtec.cat\/cfaperecalders\/matricula-25-26\/\">MATR\u00cdCULA CURS 25-26 OBERTA<\/a><\/strong> ALS <strong>CURSOS AMB PLA\u00c7A<\/strong>.<\/p>\n\n\n\n<p class=\"has-medium-font-size\"><\/p>\n\n\n\n<p><\/p>\n\n\n\n<figure class=\"wp-block-image alignleft size-large is-resized\"><a href=\"https:\/\/agora.xtec.cat\/cfaperecalders\/wp-content\/uploads\/usu1874\/2025\/05\/CFA-PERE-CALDERS.jpg\"><img loading=\"lazy\" decoding=\"async\" width=\"724\" height=\"1024\" src=\"https:\/\/agora.xtec.cat\/cfaperecalders\/wp-content\/uploads\/usu1874\/2025\/05\/CFA-PERE-CALDERS-724x1024.jpg\" alt=\"\" class=\"wp-image-3422\" style=\"width:449px;height:auto\" srcset=\"https:\/\/agora.xtec.cat\/cfaperecalders\/wp-content\/uploads\/usu1874\/2025\/05\/CFA-PERE-CALDERS-724x1024.jpg 724w, https:\/\/agora.xtec.cat\/cfaperecalders\/wp-content\/uploads\/usu1874\/2025\/05\/CFA-PERE-CALDERS-212x300.jpg 212w, https:\/\/agora.xtec.cat\/cfaperecalders\/wp-content\/uploads\/usu1874\/2025\/05\/CFA-PERE-CALDERS-768x1086.jpg 768w, https:\/\/agora.xtec.cat\/cfaperecalders\/wp-content\/uploads\/usu1874\/2025\/05\/CFA-PERE-CALDERS-1086x1536.jpg 1086w, https:\/\/agora.xtec.cat\/cfaperecalders\/wp-content\/uploads\/usu1874\/2025\/05\/CFA-PERE-CALDERS.jpg 1414w\" sizes=\"auto, (max-width: 724px) 100vw, 724px\" \/><\/a><\/figure>\n","protected":false},"excerpt":{"rendered":"<p>Calendari de presentaci\u00f3 de sol\u00b7licituds per a la preinscripci\u00f3 del curs 2026-2027: del 19 al 29 de juny de 2026 MATR\u00cdCULA CURS 25-26 OBERTA ALS CURSOS AMB PLA\u00c7A.<\/p>\n","protected":false},"author":1,"featured_media":0,"parent":0,"menu_order":0,"comment_status":"closed","ping_status":"closed","template":"page-templates\/front-page.php","meta":{"_bbp_topic_count":0,"_bbp_reply_count":0,"_bbp_total_topic_count":0,"_bbp_total_reply_count":0,"_bbp_voice_count":0,"_bbp_anonymous_reply_count":0,"_bbp_topic_count_hidden":0,"_bbp_reply_count_hidden":0,"_bbp_forum_subforum_count":0,"site-sidebar-layout":"default","site-content-layout":"","ast-site-content-layout":"default","site-content-style":"default","site-sidebar-style":"default","ast-global-header-display":"","ast-banner-title-visibility":"","ast-main-header-display":"","ast-hfb-above-header-display":"","ast-hfb-below-header-display":"","ast-hfb-mobile-header-display":"","site-post-title":"disabled","ast-breadcrumbs-content":"","ast-featured-img":"","footer-sml-layout":"","theme-transparent-header-meta":"","adv-header-id-meta":"","stick-header-meta":"","header-above-stick-meta":"","header-main-stick-meta":"","header-below-stick-meta":"","astra-migrate-meta-layouts":"set","ast-page-background-enabled":"default","ast-page-background-meta":{"desktop":{"background-color":"var(--ast-global-color-4)","background-image":"","background-repeat":"repeat","background-position":"center center","background-size":"auto","background-attachment":"scroll","background-type":"","background-media":"","overlay-type":"","overlay-color":"","overlay-opacity":"","overlay-gradient":""},"tablet":{"background-color":"","background-image":"","background-repeat":"repeat","background-position":"center center","background-size":"auto","background-attachment":"scroll","background-type":"","background-media":"","overlay-type":"","overlay-color":"","overlay-opacity":"","overlay-gradient":""},"mobile":{"background-color":"","background-image":"","background-repeat":"repeat","background-position":"center center","background-size":"auto","background-attachment":"scroll","background-type":"","background-media":"","overlay-type":"","overlay-color":"","overlay-opacity":"","overlay-gradient":""}},"ast-content-background-meta":{"desktop":{"background-color":"var(--ast-global-color-5)","background-image":"","background-repeat":"repeat","background-position":"center center","background-size":"auto","background-attachment":"scroll","background-type":"","background-media":"","overlay-type":"","overlay-color":"","overlay-opacity":"","overlay-gradient":""},"tablet":{"background-color":"var(--ast-global-color-5)","background-image":"","background-repeat":"repeat","background-position":"center center","background-size":"auto","background-attachment":"scroll","background-type":"","background-media":"","overlay-type":"","overlay-color":"","overlay-opacity":"","overlay-gradient":""},"mobile":{"background-color":"var(--ast-global-color-5)","background-image":"","background-repeat":"repeat","background-position":"center center","background-size":"auto","background-attachment":"scroll","background-type":"","background-media":"","overlay-type":"","overlay-color":"","overlay-opacity":"","overlay-gradient":""}},"footnotes":""},"class_list":["post-9","page","type-page","status-publish","hentry"],"post_mailing_queue_ids":[],"_links":{"self":[{"href":"https:\/\/agora.xtec.cat\/cfaperecalders\/wp-json\/wp\/v2\/pages\/9","targetHints":{"allow":["GET"]}}],"collection":[{"href":"https:\/\/agora.xtec.cat\/cfaperecalders\/wp-json\/wp\/v2\/pages"}],"about":[{"href":"https:\/\/agora.xtec.cat\/cfaperecalders\/wp-json\/wp\/v2\/types\/page"}],"author":[{"embeddable":true,"href":"https:\/\/agora.xtec.cat\/cfaperecalders\/wp-json\/wp\/v2\/users\/1"}],"replies":[{"embeddable":true,"href":"https:\/\/agora.xtec.cat\/cfaperecalders\/wp-json\/wp\/v2\/comments?post=9"}],"version-history":[{"count":6,"href":"https:\/\/agora.xtec.cat\/cfaperecalders\/wp-json\/wp\/v2\/pages\/9\/revisions"}],"predecessor-version":[{"id":3902,"href":"https:\/\/agora.xtec.cat\/cfaperecalders\/wp-json\/wp\/v2\/pages\/9\/revisions\/3902"}],"wp:attachment":[{"href":"https:\/\/agora.xtec.cat\/cfaperecalders\/wp-json\/wp\/v2\/media?parent=9"}],"curies":[{"name":"wp","href":"https:\/\/api.w.org\/{rel}","templated":true}]}}