{"id":551,"date":"2019-09-23T12:46:03","date_gmt":"2019-09-23T10:46:03","guid":{"rendered":"http:\/\/agora.xtec.cat\/cfaperecalders\/?page_id=551"},"modified":"2021-09-21T12:38:41","modified_gmt":"2021-09-21T10:38:41","slug":"exercicis-competic","status":"publish","type":"page","link":"https:\/\/agora.xtec.cat\/cfaperecalders\/ensenyaments\/competic\/exercicis-competic\/","title":{"rendered":"Recursos COMPETIC"},"content":{"rendered":"<ul>\n<li><a style=\"color: #2795b6;\" href=\"https:\/\/docs.google.com\/document\/d\/1KnMD6r0tLI0XNWJ_ECcJBkCblh2FYnv1hNPxCw7OZ00\/edit\">V\u00eddeos COMPETIC<\/a><\/li>\n<li><a href=\"https:\/\/agora.xtec.cat\/cfaperecalders\/wp-content\/uploads\/usu1874\/2021\/09\/COMPETIC-1-Xavier-Agueda-2021.pdf\">Dossier COMPETIC-1 grup de mat\u00ed 2021<\/a><\/li>\n<li><a href=\"https:\/\/agora.xtec.cat\/cfaperecalders\/wp-content\/uploads\/usu1874\/2021\/09\/COMPETIC-2-2021.pdf\">Dossier COMPETIC-2 2021<\/a><\/li>\n<li><a href=\"https:\/\/agora.xtec.cat\/cfaperecalders\/wp-content\/uploads\/usu1874\/2021\/09\/Dossier-COMPETIC-3-Imatge-so-i-video.pdf\">Dossier COMPETIC 3 C5: Imatge, so i v\u00eddeo<\/a><\/li>\n<li><a href=\"http:\/\/listocomics.com\/wp-content\/uploads\/Dossier-COMPETICS-2021.pdf\">Dossier TOT COMPETIC &#8211; Xavier \u00c0gueda 2021<\/a><\/li>\n<li><a href=\"https:\/\/docs.google.com\/presentation\/d\/1x-QJaxIqDdmxTDT5swpCVcNMyA5F_w8CqWVje-7_q6I\/edit?usp=sharing\">Presentaci\u00f3 Inici de curs 2021-2022<\/a><\/li>\n<\/ul>\n<p>RECURSOS EXTERNS:<\/p>\n<ul>\n<li><a href=\"http:\/\/ateneu.xtec.cat\/wikiform\/wikiexport\/pas\/actic\/index\">Curs Ateneu ACTIC b\u00e0sic, mitja i avan\u00e7at<\/a><\/li>\n<li><a href=\"https:\/\/www.studocu.com\/es\/course\/universitat-oberta-de-catalunya\/actic-nivell-avancat\/4042117\">Llibres preparaci\u00f3 ACTIC Nivell Avan\u00e7at<\/a><\/li>\n<li><a href=\"https:\/\/alfabetitzaciodigital.societatdelainformacio.com\/ca\/\"><span style=\"font-weight: 400;\">Exercicis introductoris COMPETIC-inicial<\/span><\/a><\/li>\n<\/ul>\n<p>&nbsp;<\/p>\n","protected":false},"excerpt":{"rendered":"<p>V\u00eddeos COMPETIC Dossier COMPETIC-1 grup de mat\u00ed 2021 Dossier COMPETIC-2 2021 Dossier COMPETIC 3 C5: Imatge, so i v\u00eddeo Dossier TOT COMPETIC &#8211; Xavier \u00c0gueda 2021 Presentaci\u00f3 Inici de curs 2021-2022 RECURSOS EXTERNS: Curs Ateneu ACTIC b\u00e0sic, mitja i avan\u00e7at Llibres preparaci\u00f3 ACTIC Nivell Avan\u00e7at Exercicis introductoris COMPETIC-inicial &nbsp;<\/p>\n","protected":false},"author":1,"featured_media":0,"parent":316,"menu_order":0,"comment_status":"closed","ping_status":"closed","template":"","meta":{"_bbp_topic_count":0,"_bbp_reply_count":0,"_bbp_total_topic_count":0,"_bbp_total_reply_count":0,"_bbp_voice_count":0,"_bbp_anonymous_reply_count":0,"_bbp_topic_count_hidden":0,"_bbp_reply_count_hidden":0,"_bbp_forum_subforum_count":0,"site-sidebar-layout":"default","site-content-layout":"","ast-site-content-layout":"","site-content-style":"default","site-sidebar-style":"default","ast-global-header-display":"","ast-banner-title-visibility":"","ast-main-header-display":"","ast-hfb-above-header-display":"","ast-hfb-below-header-display":"","ast-hfb-mobile-header-display":"","site-post-title":"","ast-breadcrumbs-content":"","ast-featured-img":"","footer-sml-layout":"","theme-transparent-header-meta":"","adv-header-id-meta":"","stick-header-meta":"","header-above-stick-meta":"","header-main-stick-meta":"","header-below-stick-meta":"","astra-migrate-meta-layouts":"default","ast-page-background-enabled":"default","ast-page-background-meta":{"desktop":{"background-color":"var(--ast-global-color-4)","background-image":"","background-repeat":"repeat","background-position":"center center","background-size":"auto","background-attachment":"scroll","background-type":"","background-media":"","overlay-type":"","overlay-color":"","overlay-opacity":"","overlay-gradient":""},"tablet":{"background-color":"","background-image":"","background-repeat":"repeat","background-position":"center center","background-size":"auto","background-attachment":"scroll","background-type":"","background-media":"","overlay-type":"","overlay-color":"","overlay-opacity":"","overlay-gradient":""},"mobile":{"background-color":"","background-image":"","background-repeat":"repeat","background-position":"center center","background-size":"auto","background-attachment":"scroll","background-type":"","background-media":"","overlay-type":"","overlay-color":"","overlay-opacity":"","overlay-gradient":""}},"ast-content-background-meta":{"desktop":{"background-color":"var(--ast-global-color-5)","background-image":"","background-repeat":"repeat","background-position":"center center","background-size":"auto","background-attachment":"scroll","background-type":"","background-media":"","overlay-type":"","overlay-color":"","overlay-opacity":"","overlay-gradient":""},"tablet":{"background-color":"var(--ast-global-color-5)","background-image":"","background-repeat":"repeat","background-position":"center center","background-size":"auto","background-attachment":"scroll","background-type":"","background-media":"","overlay-type":"","overlay-color":"","overlay-opacity":"","overlay-gradient":""},"mobile":{"background-color":"var(--ast-global-color-5)","background-image":"","background-repeat":"repeat","background-position":"center center","background-size":"auto","background-attachment":"scroll","background-type":"","background-media":"","overlay-type":"","overlay-color":"","overlay-opacity":"","overlay-gradient":""}},"footnotes":""},"class_list":["post-551","page","type-page","status-publish","hentry"],"post_mailing_queue_ids":[],"_links":{"self":[{"href":"https:\/\/agora.xtec.cat\/cfaperecalders\/wp-json\/wp\/v2\/pages\/551","targetHints":{"allow":["GET"]}}],"collection":[{"href":"https:\/\/agora.xtec.cat\/cfaperecalders\/wp-json\/wp\/v2\/pages"}],"about":[{"href":"https:\/\/agora.xtec.cat\/cfaperecalders\/wp-json\/wp\/v2\/types\/page"}],"author":[{"embeddable":true,"href":"https:\/\/agora.xtec.cat\/cfaperecalders\/wp-json\/wp\/v2\/users\/1"}],"replies":[{"embeddable":true,"href":"https:\/\/agora.xtec.cat\/cfaperecalders\/wp-json\/wp\/v2\/comments?post=551"}],"version-history":[{"count":3,"href":"https:\/\/agora.xtec.cat\/cfaperecalders\/wp-json\/wp\/v2\/pages\/551\/revisions"}],"predecessor-version":[{"id":1744,"href":"https:\/\/agora.xtec.cat\/cfaperecalders\/wp-json\/wp\/v2\/pages\/551\/revisions\/1744"}],"up":[{"embeddable":true,"href":"https:\/\/agora.xtec.cat\/cfaperecalders\/wp-json\/wp\/v2\/pages\/316"}],"wp:attachment":[{"href":"https:\/\/agora.xtec.cat\/cfaperecalders\/wp-json\/wp\/v2\/media?parent=551"}],"curies":[{"name":"wp","href":"https:\/\/api.w.org\/{rel}","templated":true}]}}