{"id":3884,"date":"2026-01-21T13:20:39","date_gmt":"2026-01-21T12:20:39","guid":{"rendered":"https:\/\/agora.xtec.cat\/cfaperecalders\/?page_id=3884"},"modified":"2026-01-21T13:21:27","modified_gmt":"2026-01-21T12:21:27","slug":"preguntes-frequents","status":"publish","type":"page","link":"https:\/\/agora.xtec.cat\/cfaperecalders\/alumnat\/preguntes-frequents\/","title":{"rendered":"Preguntes freq\u00fcents"},"content":{"rendered":"\n<p>Tens dubtes? L&#8217;alumnat del Consell Escolar ha elaborat una relaci\u00f3 de preguntes freq\u00fcents<\/p>\n\n\n\n<h2 class=\"wp-block-heading\">\ud83d\udcdd Avaluaci\u00f3 i continu\u00eftat dels estudis<\/h2>\n\n\n\n<p><strong>Qu\u00e8 passa si no se supera el curs?<\/strong><br>No s\u2019obt\u00e9 la certificaci\u00f3 corresponent. El curs es pot tornar a fer per assolir les compet\u00e8ncies. <\/p>\n\n\n\n<p><strong>Es pot repetir curs?<\/strong><br>S\u00ed, fins a <strong>un m\u00e0xim de dues vegades<\/strong>. De manera excepcional, es pot sol\u00b7licitar a la direcci\u00f3 del centre tornar-lo a cursar, si hi ha places. Si el curs est\u00e0 ple, es far\u00e0 un sorteig entre els repetidors i l&#8217;alumnat de continu\u00eftat.<\/p>\n\n\n\n<hr class=\"wp-block-separator has-alpha-channel-opacity\"\/>\n\n\n\n<h2 class=\"wp-block-heading\">\ud83d\udcc5 Assist\u00e8ncia<\/h2>\n\n\n\n<p><strong>Es poden justificar les faltes d\u2019assist\u00e8ncia?<\/strong><br>S\u00ed. Les faltes es poden justificar a cada tutor\/a del grup.<\/p>\n\n\n\n<hr class=\"wp-block-separator has-alpha-channel-opacity\"\/>\n\n\n\n<h2 class=\"wp-block-heading\">\ud83c\udf93 Titulacions i itineraris formatius<\/h2>\n\n\n\n<p><strong>El centre dona el t\u00edtol de l\u2019ESO?<\/strong><br>S\u00ed. En superar el GESO s\u2019obt\u00e9 el <strong>t\u00edtol oficial de Graduat\/da en Educaci\u00f3 Secund\u00e0ria Obligat\u00f2ria<\/strong>.<\/p>\n\n\n\n<p><strong>Es pot fer Batxillerat al CFA?<\/strong><br>No. El Batxillerat s\u2019ha de cursar en un institut o en una modalitat autoritzada.<\/p>\n\n\n\n<hr class=\"wp-block-separator has-alpha-channel-opacity\"\/>\n\n\n\n<h2 class=\"wp-block-heading\">\ud83c\udf0d Idiomes<\/h2>\n\n\n\n<p><strong>Es pot obtenir un certificat d\u2019idiomes?<\/strong><br>S\u00ed. Es pot sol\u00b7licitar un <strong>certificat del nivell assolit<\/strong>, segons el MECR. A1, A2 i B1 (Catal\u00e0, Castell\u00e0) A1, A2.1, A2.2 (Angl\u00e8s)<\/p>\n\n\n\n<hr class=\"wp-block-separator has-alpha-channel-opacity\"\/>\n\n\n\n<h2 class=\"wp-block-heading\">\ud83d\udcbb Compet\u00e8ncies digitals<\/h2>\n\n\n\n<p><strong>El centre acredita compet\u00e8ncies digitals?<\/strong><br>S\u00ed. Mitjan\u00e7ant els cursos <strong>COMPETIC<\/strong>, amb equival\u00e8ncia amb l\u2019ACTIC.<\/p>\n\n\n\n<p><strong>Quina difer\u00e8ncia hi ha entre COMPETIC i ACTIC?<\/strong><br>COMPETIC \u00e9s la formaci\u00f3 que s\u2019imparteix al CFA. ACTIC \u00e9s l\u2019acreditaci\u00f3 oficial de la Generalitat. El certificat oficial ha de ser de dues compet\u00e8ncies o b\u00e9 d&#8217;ACTIC o b\u00e9 de COMPETIC. No es poden barrejar.<\/p>\n\n\n\n<hr class=\"wp-block-separator has-alpha-channel-opacity\"\/>\n\n\n\n<h2 class=\"wp-block-heading\">\ud83c\udfe2 Secretaria<\/h2>\n\n\n\n<p><strong>Quin horari t\u00e9 la secretaria?<\/strong><br>L\u2019horari pot variar segons el curs. Cal consultar-lo directament al centre o a la p\u00e0gina web.<\/p>\n\n\n","protected":false},"excerpt":{"rendered":"<p>Tens dubtes? L&#8217;alumnat del Consell Escolar ha elaborat una relaci\u00f3 de preguntes freq\u00fcents \ud83d\udcdd Avaluaci\u00f3 i continu\u00eftat dels estudis Qu\u00e8 passa si no se supera el curs?No s\u2019obt\u00e9 la certificaci\u00f3 corresponent. El curs es pot tornar a fer per assolir les compet\u00e8ncies. Es pot repetir curs?S\u00ed, fins a un m\u00e0xim de dues vegades. De manera [&hellip;]<\/p>\n","protected":false},"author":1,"featured_media":0,"parent":3508,"menu_order":0,"comment_status":"closed","ping_status":"closed","template":"","meta":{"_bbp_topic_count":0,"_bbp_reply_count":0,"_bbp_total_topic_count":0,"_bbp_total_reply_count":0,"_bbp_voice_count":0,"_bbp_anonymous_reply_count":0,"_bbp_topic_count_hidden":0,"_bbp_reply_count_hidden":0,"_bbp_forum_subforum_count":0,"site-sidebar-layout":"default","site-content-layout":"","ast-site-content-layout":"default","site-content-style":"default","site-sidebar-style":"default","ast-global-header-display":"","ast-banner-title-visibility":"","ast-main-header-display":"","ast-hfb-above-header-display":"","ast-hfb-below-header-display":"","ast-hfb-mobile-header-display":"","site-post-title":"","ast-breadcrumbs-content":"","ast-featured-img":"","footer-sml-layout":"","theme-transparent-header-meta":"","adv-header-id-meta":"","stick-header-meta":"","header-above-stick-meta":"","header-main-stick-meta":"","header-below-stick-meta":"","astra-migrate-meta-layouts":"set","ast-page-background-enabled":"default","ast-page-background-meta":{"desktop":{"background-color":"var(--ast-global-color-4)","background-image":"","background-repeat":"repeat","background-position":"center center","background-size":"auto","background-attachment":"scroll","background-type":"","background-media":"","overlay-type":"","overlay-color":"","overlay-opacity":"","overlay-gradient":""},"tablet":{"background-color":"","background-image":"","background-repeat":"repeat","background-position":"center center","background-size":"auto","background-attachment":"scroll","background-type":"","background-media":"","overlay-type":"","overlay-color":"","overlay-opacity":"","overlay-gradient":""},"mobile":{"background-color":"","background-image":"","background-repeat":"repeat","background-position":"center center","background-size":"auto","background-attachment":"scroll","background-type":"","background-media":"","overlay-type":"","overlay-color":"","overlay-opacity":"","overlay-gradient":""}},"ast-content-background-meta":{"desktop":{"background-color":"var(--ast-global-color-5)","background-image":"","background-repeat":"repeat","background-position":"center center","background-size":"auto","background-attachment":"scroll","background-type":"","background-media":"","overlay-type":"","overlay-color":"","overlay-opacity":"","overlay-gradient":""},"tablet":{"background-color":"var(--ast-global-color-5)","background-image":"","background-repeat":"repeat","background-position":"center center","background-size":"auto","background-attachment":"scroll","background-type":"","background-media":"","overlay-type":"","overlay-color":"","overlay-opacity":"","overlay-gradient":""},"mobile":{"background-color":"var(--ast-global-color-5)","background-image":"","background-repeat":"repeat","background-position":"center center","background-size":"auto","background-attachment":"scroll","background-type":"","background-media":"","overlay-type":"","overlay-color":"","overlay-opacity":"","overlay-gradient":""}},"footnotes":""},"class_list":["post-3884","page","type-page","status-publish","hentry"],"post_mailing_queue_ids":[],"_links":{"self":[{"href":"https:\/\/agora.xtec.cat\/cfaperecalders\/wp-json\/wp\/v2\/pages\/3884","targetHints":{"allow":["GET"]}}],"collection":[{"href":"https:\/\/agora.xtec.cat\/cfaperecalders\/wp-json\/wp\/v2\/pages"}],"about":[{"href":"https:\/\/agora.xtec.cat\/cfaperecalders\/wp-json\/wp\/v2\/types\/page"}],"author":[{"embeddable":true,"href":"https:\/\/agora.xtec.cat\/cfaperecalders\/wp-json\/wp\/v2\/users\/1"}],"replies":[{"embeddable":true,"href":"https:\/\/agora.xtec.cat\/cfaperecalders\/wp-json\/wp\/v2\/comments?post=3884"}],"version-history":[{"count":1,"href":"https:\/\/agora.xtec.cat\/cfaperecalders\/wp-json\/wp\/v2\/pages\/3884\/revisions"}],"predecessor-version":[{"id":3885,"href":"https:\/\/agora.xtec.cat\/cfaperecalders\/wp-json\/wp\/v2\/pages\/3884\/revisions\/3885"}],"up":[{"embeddable":true,"href":"https:\/\/agora.xtec.cat\/cfaperecalders\/wp-json\/wp\/v2\/pages\/3508"}],"wp:attachment":[{"href":"https:\/\/agora.xtec.cat\/cfaperecalders\/wp-json\/wp\/v2\/media?parent=3884"}],"curies":[{"name":"wp","href":"https:\/\/api.w.org\/{rel}","templated":true}]}}