{"id":3874,"date":"2026-01-20T12:39:58","date_gmt":"2026-01-20T11:39:58","guid":{"rendered":"https:\/\/agora.xtec.cat\/cfaperecalders\/?page_id=3874"},"modified":"2026-03-05T13:05:13","modified_gmt":"2026-03-05T12:05:13","slug":"erasmus","status":"publish","type":"page","link":"https:\/\/agora.xtec.cat\/cfaperecalders\/projecte-educatiu\/erasmus\/","title":{"rendered":"Erasmus+ Projecte &#8220;Arty Talky&#8221;"},"content":{"rendered":"\n<figure class=\"wp-block-image size-full is-resized\"><img loading=\"lazy\" decoding=\"async\" width=\"477\" height=\"162\" src=\"https:\/\/agora.xtec.cat\/cfaperecalders\/wp-content\/uploads\/usu1874\/2026\/01\/Captura-de-pantalla-2026-01-20-a-las-12.51.16.png\" alt=\"\" class=\"wp-image-3881\" style=\"width:491px;height:auto\" srcset=\"https:\/\/agora.xtec.cat\/cfaperecalders\/wp-content\/uploads\/usu1874\/2026\/01\/Captura-de-pantalla-2026-01-20-a-las-12.51.16.png 477w, https:\/\/agora.xtec.cat\/cfaperecalders\/wp-content\/uploads\/usu1874\/2026\/01\/Captura-de-pantalla-2026-01-20-a-las-12.51.16-300x102.png 300w\" sizes=\"auto, (max-width: 477px) 100vw, 477px\" \/><\/figure>\n\n\n\n<h1 class=\"wp-block-heading\">Arty Talky<\/h1>\n\n\n\n<p>El CFA Pere Calders presenta projecte Erasmus+ KA122-ADU&nbsp;<em><strong>Arty Talky<\/strong><\/em>&nbsp;(2025-2027) amb l\u2019objectiu de millorar la qualitat educativa mitjan\u00e7ant metodologies innovadores com les&nbsp;<em>Visual Thinking Strategies<\/em>&nbsp;(VTS), refor\u00e7ant la comunicaci\u00f3, la participaci\u00f3 activa i el benestar emocional de l\u2019alumnat.<\/p>\n\n\n\n<p>A partir d\u2019experi\u00e8ncies pr\u00e8vies en programes d\u2019innovaci\u00f3 i inclusi\u00f3, el centre vol enfortir la cohesi\u00f3 grupal i la integraci\u00f3 d\u2019estudiants amb diversitat cultural i funcional, creant un entorn m\u00e9s din\u00e0mic i efectiu que afavoreixi l\u2019adquisici\u00f3 de compet\u00e8ncies, la reducci\u00f3 de conflictes i una educaci\u00f3 de persones adultes m\u00e9s inclusiva.<\/p>\n\n\n\n<p><a href=\"http:\/\/sepie.es\/\">WEB del SEPIE<\/a><\/p>\n\n\n\n<p><\/p>\n\n\n\n<p><\/p>\n\n\n\n<p><\/p>\n\n\n\n<p><\/p>\n\n\n\n<div class=\"wp-block-getwid-section alignfull alignfull getwid-section-content-custom-width\"><div class=\"wp-block-getwid-section__wrapper getwid-padding-top-large getwid-padding-bottom-large getwid-padding-left-medium getwid-padding-right-medium\"><div class=\"wp-block-getwid-section__inner-wrapper\" style=\"max-width:1140px\"><div class=\"wp-block-getwid-section__background-holder\"><div class=\"wp-block-getwid-section__background\" style=\"background-image:url('https:\/\/cgw.motopress.com\/wp-content\/uploads\/2019\/11\/background-11.jpg')\"><div class=\"wp-block-getwid-section__background-image-wrapper\"><img decoding=\"async\" class=\"wp-block-getwid-section__background-image\" src=\"https:\/\/cgw.motopress.com\/wp-content\/uploads\/2019\/11\/background-11.jpg\" alt=\"\"\/><\/div><\/div><div class=\"wp-block-getwid-section__foreground\" style=\"opacity:0.7;background-color:#ffffff\"><\/div><\/div><div class=\"wp-block-getwid-section__content\"><div class=\"wp-block-getwid-section__inner-content\">\n<div class=\"wp-block-getwid-advanced-heading\" style=\"margin-bottom:0px;margin-top:0px\"><span class=\"wp-block-getwid-advanced-heading__content\" style=\"text-align:left\">Proc\u00e9s de participaci\u00f3 d&#8217;Ersamus + 2025\/26<\/span><\/div>\n\n\n\n<div class=\"wp-block-getwid-advanced-heading\" style=\"margin-bottom:30px;margin-top:10px\"><h2 class=\"wp-block-getwid-advanced-heading__content\" style=\"text-align:left\">Descobrim altres escoles<\/h2><\/div>\n\n\n\n<p class=\"has-text-align-left\">Vols aprendre com altres escoles treballen el benestar i les segones lleng\u00fces a trav\u00e9s de l&#8217;art?<br>Presenta la teva candidatura a consergeria. La Comissi\u00f3 Erasmus+ del centre far\u00e0 una valoraci\u00f3 de totes les sol\u00b7licituds i, segons els criteris, publicarem la llista d&#8217;alumnat i professorat seleccionat. <\/p>\n\n\n\n<p>Nombre de participants: 44 alumnes i 10 docents<br><strong><a href=\"https:\/\/docs.google.com\/document\/d\/1C28JryxhEeIWdWRMMSRSa1of0n_ArtQs169QX_xXkrM\/edit?usp=sharing\" data-type=\"link\" data-id=\"https:\/\/docs.google.com\/document\/d\/1C28JryxhEeIWdWRMMSRSa1of0n_ArtQs169QX_xXkrM\/edit?usp=sharing\">Candidats seleccionats<\/a><\/strong><br><a href=\"https:\/\/docs.google.com\/document\/d\/1lsbBvxhdZJPmnHSZo8nealFTC9qqY0boeMhyHq8zH94\/edit?usp=sharing\" data-type=\"link\" data-id=\"https:\/\/docs.google.com\/document\/d\/1lsbBvxhdZJPmnHSZo8nealFTC9qqY0boeMhyHq8zH94\/edit?usp=sharing\">Criteris de selecci\u00f3 dels participants &#8211; Alumnat i Professorat<\/a><\/p>\n\n\n\n<div class=\"wp-block-columns has-2-columns is-layout-flex wp-container-core-columns-is-layout-1 wp-block-columns-is-layout-flex\">\n<div class=\"wp-block-column is-layout-flow wp-block-column-is-layout-flow\"><\/div>\n<\/div>\n\n\n\n<pre class=\"wp-block-preformatted\">Escola d'Adults <a href=\"https:\/\/cpia1foggia.edu.it\/\">d'It\u00e0lia <\/a><br><br>Escola d'Adults de Xipre<\/pre>\n<\/div><\/div><\/div><\/div><\/div>\n\n\n\n<p><\/p>\n","protected":false},"excerpt":{"rendered":"<p>Arty Talky El CFA Pere Calders presenta projecte Erasmus+ KA122-ADU&nbsp;Arty Talky&nbsp;(2025-2027) amb l\u2019objectiu de millorar la qualitat educativa mitjan\u00e7ant metodologies innovadores com les&nbsp;Visual Thinking Strategies&nbsp;(VTS), refor\u00e7ant la comunicaci\u00f3, la participaci\u00f3 activa i el benestar emocional de l\u2019alumnat. A partir d\u2019experi\u00e8ncies pr\u00e8vies en programes d\u2019innovaci\u00f3 i inclusi\u00f3, el centre vol enfortir la cohesi\u00f3 grupal i la [&hellip;]<\/p>\n","protected":false},"author":1,"featured_media":0,"parent":57,"menu_order":1,"comment_status":"closed","ping_status":"closed","template":"","meta":{"_bbp_topic_count":0,"_bbp_reply_count":0,"_bbp_total_topic_count":0,"_bbp_total_reply_count":0,"_bbp_voice_count":0,"_bbp_anonymous_reply_count":0,"_bbp_topic_count_hidden":0,"_bbp_reply_count_hidden":0,"_bbp_forum_subforum_count":0,"site-sidebar-layout":"default","site-content-layout":"","ast-site-content-layout":"default","site-content-style":"default","site-sidebar-style":"default","ast-global-header-display":"","ast-banner-title-visibility":"","ast-main-header-display":"","ast-hfb-above-header-display":"","ast-hfb-below-header-display":"","ast-hfb-mobile-header-display":"","site-post-title":"","ast-breadcrumbs-content":"","ast-featured-img":"","footer-sml-layout":"","theme-transparent-header-meta":"","adv-header-id-meta":"","stick-header-meta":"","header-above-stick-meta":"","header-main-stick-meta":"","header-below-stick-meta":"","astra-migrate-meta-layouts":"set","ast-page-background-enabled":"default","ast-page-background-meta":{"desktop":{"background-color":"var(--ast-global-color-4)","background-image":"","background-repeat":"repeat","background-position":"center center","background-size":"auto","background-attachment":"scroll","background-type":"","background-media":"","overlay-type":"","overlay-color":"","overlay-opacity":"","overlay-gradient":""},"tablet":{"background-color":"","background-image":"","background-repeat":"repeat","background-position":"center center","background-size":"auto","background-attachment":"scroll","background-type":"","background-media":"","overlay-type":"","overlay-color":"","overlay-opacity":"","overlay-gradient":""},"mobile":{"background-color":"","background-image":"","background-repeat":"repeat","background-position":"center center","background-size":"auto","background-attachment":"scroll","background-type":"","background-media":"","overlay-type":"","overlay-color":"","overlay-opacity":"","overlay-gradient":""}},"ast-content-background-meta":{"desktop":{"background-color":"var(--ast-global-color-5)","background-image":"","background-repeat":"repeat","background-position":"center center","background-size":"auto","background-attachment":"scroll","background-type":"","background-media":"","overlay-type":"","overlay-color":"","overlay-opacity":"","overlay-gradient":""},"tablet":{"background-color":"var(--ast-global-color-5)","background-image":"","background-repeat":"repeat","background-position":"center center","background-size":"auto","background-attachment":"scroll","background-type":"","background-media":"","overlay-type":"","overlay-color":"","overlay-opacity":"","overlay-gradient":""},"mobile":{"background-color":"var(--ast-global-color-5)","background-image":"","background-repeat":"repeat","background-position":"center center","background-size":"auto","background-attachment":"scroll","background-type":"","background-media":"","overlay-type":"","overlay-color":"","overlay-opacity":"","overlay-gradient":""}},"footnotes":""},"class_list":["post-3874","page","type-page","status-publish","hentry"],"post_mailing_queue_ids":[],"_links":{"self":[{"href":"https:\/\/agora.xtec.cat\/cfaperecalders\/wp-json\/wp\/v2\/pages\/3874","targetHints":{"allow":["GET"]}}],"collection":[{"href":"https:\/\/agora.xtec.cat\/cfaperecalders\/wp-json\/wp\/v2\/pages"}],"about":[{"href":"https:\/\/agora.xtec.cat\/cfaperecalders\/wp-json\/wp\/v2\/types\/page"}],"author":[{"embeddable":true,"href":"https:\/\/agora.xtec.cat\/cfaperecalders\/wp-json\/wp\/v2\/users\/1"}],"replies":[{"embeddable":true,"href":"https:\/\/agora.xtec.cat\/cfaperecalders\/wp-json\/wp\/v2\/comments?post=3874"}],"version-history":[{"count":5,"href":"https:\/\/agora.xtec.cat\/cfaperecalders\/wp-json\/wp\/v2\/pages\/3874\/revisions"}],"predecessor-version":[{"id":3919,"href":"https:\/\/agora.xtec.cat\/cfaperecalders\/wp-json\/wp\/v2\/pages\/3874\/revisions\/3919"}],"up":[{"embeddable":true,"href":"https:\/\/agora.xtec.cat\/cfaperecalders\/wp-json\/wp\/v2\/pages\/57"}],"wp:attachment":[{"href":"https:\/\/agora.xtec.cat\/cfaperecalders\/wp-json\/wp\/v2\/media?parent=3874"}],"curies":[{"name":"wp","href":"https:\/\/api.w.org\/{rel}","templated":true}]}}