{"id":339,"date":"2015-01-28T12:22:56","date_gmt":"2015-01-28T11:22:56","guid":{"rendered":"http:\/\/agora.xtec.cat\/cfaperecalders\/?page_id=339"},"modified":"2025-09-01T14:12:48","modified_gmt":"2025-09-01T12:12:48","slug":"contacte","status":"publish","type":"page","link":"https:\/\/agora.xtec.cat\/cfaperecalders\/el-centre\/contacte\/","title":{"rendered":"Contacte"},"content":{"rendered":"\n<p><strong>Tel\u00e8fon:<\/strong> 93 424 69 17<\/p>\n\n\n\n<p><strong>Correu:<\/strong> info<span class=\"\">@cfaperecalders.cat<\/span><\/p>\n\n\n\n<div style=\"height:13px\" aria-hidden=\"true\" class=\"wp-block-spacer\"><\/div>\n\n\n\n<h3 class=\"wp-block-heading\"><strong>Horari presencial d&#8217;atenci\u00f3 secretaria:<\/strong><\/h3>\n\n\n\n<figure class=\"wp-block-image size-large\"><a href=\"https:\/\/agora.xtec.cat\/cfaperecalders\/wp-content\/uploads\/usu1874\/2025\/09\/image.png\"><img loading=\"lazy\" decoding=\"async\" width=\"1024\" height=\"336\" src=\"https:\/\/agora.xtec.cat\/cfaperecalders\/wp-content\/uploads\/usu1874\/2025\/09\/image-1024x336.png\" alt=\"\" class=\"wp-image-3755\" srcset=\"https:\/\/agora.xtec.cat\/cfaperecalders\/wp-content\/uploads\/usu1874\/2025\/09\/image-1024x336.png 1024w, https:\/\/agora.xtec.cat\/cfaperecalders\/wp-content\/uploads\/usu1874\/2025\/09\/image-300x98.png 300w, https:\/\/agora.xtec.cat\/cfaperecalders\/wp-content\/uploads\/usu1874\/2025\/09\/image-768x252.png 768w, https:\/\/agora.xtec.cat\/cfaperecalders\/wp-content\/uploads\/usu1874\/2025\/09\/image.png 1297w\" sizes=\"auto, (max-width: 1024px) 100vw, 1024px\" \/><\/a><\/figure>\n\n\n\n<h3 class=\"wp-block-heading\"><strong>Horari atenci\u00f3 de l&#8217;equip directiu<\/strong><\/h3>\n\n\n\n<p class=\"has-black-color has-text-color has-link-color wp-elements-3a008a0f120e19979d38a90291418d9c\"><span style=\"color: #bd3a3a;\">Vols parlar amb alg\u00fa de l&#8217;equip directiu? Cal que envi\u00efs un correu a <strong>a8062331@xtec.cat<\/strong><\/span> o demanis hora a consergeria.<\/p>\n\n\n\n<p><span style=\"color: #bd3a3a;\">Si no has demanat cita pr\u00e8via, no t&#8217;assegurem que et puguem atendre<\/span> al moment<\/p>\n\n\n\n<h3 class=\"wp-block-heading\">On som?<\/h3>\n\n\n\n<p><strong>CFA Pere Calders<\/strong><br>Carrer Cal\u00e0bria, 66 (1a planta).<br>08015, Barcelona<\/p>\n\n\n\n<p><iframe loading=\"lazy\" src=\"https:\/\/www.google.com\/maps\/embed?pb=!1m18!1m12!1m3!1d2993.806353140603!2d2.155868951202932!3d41.378291779163305!2m3!1f0!2f0!3f0!3m2!1i1024!2i768!4f13.1!3m3!1m2!1s0x12a4a263f9447509%3A0x871d9bd8adade9f3!2sCentre%20de%20Formaci%C3%B3%20de%20Persones%20Adultes%20Pere%20Calders!5e0!3m2!1sca!2ses!4v1582107415577!5m2!1sca!2ses\" width=\"600\" height=\"450\" frameborder=\"0\"><\/iframe><\/p>\n","protected":false},"excerpt":{"rendered":"<p>Tel\u00e8fon: 93 424 69 17 Correu: info@cfaperecalders.cat Horari presencial d&#8217;atenci\u00f3 secretaria: Horari atenci\u00f3 de l&#8217;equip directiu Vols parlar amb alg\u00fa de l&#8217;equip directiu? Cal que envi\u00efs un correu a a8062331@xtec.cat o demanis hora a consergeria. Si no has demanat cita pr\u00e8via, no t&#8217;assegurem que et puguem atendre al moment On som? CFA Pere CaldersCarrer Cal\u00e0bria, [&hellip;]<\/p>\n","protected":false},"author":1,"featured_media":0,"parent":261,"menu_order":1,"comment_status":"closed","ping_status":"closed","template":"","meta":{"_bbp_topic_count":0,"_bbp_reply_count":0,"_bbp_total_topic_count":0,"_bbp_total_reply_count":0,"_bbp_voice_count":0,"_bbp_anonymous_reply_count":0,"_bbp_topic_count_hidden":0,"_bbp_reply_count_hidden":0,"_bbp_forum_subforum_count":0,"site-sidebar-layout":"default","site-content-layout":"","ast-site-content-layout":"default","site-content-style":"default","site-sidebar-style":"default","ast-global-header-display":"","ast-banner-title-visibility":"","ast-main-header-display":"","ast-hfb-above-header-display":"","ast-hfb-below-header-display":"","ast-hfb-mobile-header-display":"","site-post-title":"","ast-breadcrumbs-content":"","ast-featured-img":"","footer-sml-layout":"","theme-transparent-header-meta":"","adv-header-id-meta":"","stick-header-meta":"","header-above-stick-meta":"","header-main-stick-meta":"","header-below-stick-meta":"","astra-migrate-meta-layouts":"set","ast-page-background-enabled":"default","ast-page-background-meta":{"desktop":{"background-color":"var(--ast-global-color-4)","background-image":"","background-repeat":"repeat","background-position":"center center","background-size":"auto","background-attachment":"scroll","background-type":"","background-media":"","overlay-type":"","overlay-color":"","overlay-opacity":"","overlay-gradient":""},"tablet":{"background-color":"","background-image":"","background-repeat":"repeat","background-position":"center center","background-size":"auto","background-attachment":"scroll","background-type":"","background-media":"","overlay-type":"","overlay-color":"","overlay-opacity":"","overlay-gradient":""},"mobile":{"background-color":"","background-image":"","background-repeat":"repeat","background-position":"center center","background-size":"auto","background-attachment":"scroll","background-type":"","background-media":"","overlay-type":"","overlay-color":"","overlay-opacity":"","overlay-gradient":""}},"ast-content-background-meta":{"desktop":{"background-color":"var(--ast-global-color-5)","background-image":"","background-repeat":"repeat","background-position":"center center","background-size":"auto","background-attachment":"scroll","background-type":"","background-media":"","overlay-type":"","overlay-color":"","overlay-opacity":"","overlay-gradient":""},"tablet":{"background-color":"var(--ast-global-color-5)","background-image":"","background-repeat":"repeat","background-position":"center center","background-size":"auto","background-attachment":"scroll","background-type":"","background-media":"","overlay-type":"","overlay-color":"","overlay-opacity":"","overlay-gradient":""},"mobile":{"background-color":"var(--ast-global-color-5)","background-image":"","background-repeat":"repeat","background-position":"center center","background-size":"auto","background-attachment":"scroll","background-type":"","background-media":"","overlay-type":"","overlay-color":"","overlay-opacity":"","overlay-gradient":""}},"footnotes":""},"class_list":["post-339","page","type-page","status-publish","hentry"],"post_mailing_queue_ids":[],"_links":{"self":[{"href":"https:\/\/agora.xtec.cat\/cfaperecalders\/wp-json\/wp\/v2\/pages\/339","targetHints":{"allow":["GET"]}}],"collection":[{"href":"https:\/\/agora.xtec.cat\/cfaperecalders\/wp-json\/wp\/v2\/pages"}],"about":[{"href":"https:\/\/agora.xtec.cat\/cfaperecalders\/wp-json\/wp\/v2\/types\/page"}],"author":[{"embeddable":true,"href":"https:\/\/agora.xtec.cat\/cfaperecalders\/wp-json\/wp\/v2\/users\/1"}],"replies":[{"embeddable":true,"href":"https:\/\/agora.xtec.cat\/cfaperecalders\/wp-json\/wp\/v2\/comments?post=339"}],"version-history":[{"count":6,"href":"https:\/\/agora.xtec.cat\/cfaperecalders\/wp-json\/wp\/v2\/pages\/339\/revisions"}],"predecessor-version":[{"id":3756,"href":"https:\/\/agora.xtec.cat\/cfaperecalders\/wp-json\/wp\/v2\/pages\/339\/revisions\/3756"}],"up":[{"embeddable":true,"href":"https:\/\/agora.xtec.cat\/cfaperecalders\/wp-json\/wp\/v2\/pages\/261"}],"wp:attachment":[{"href":"https:\/\/agora.xtec.cat\/cfaperecalders\/wp-json\/wp\/v2\/media?parent=339"}],"curies":[{"name":"wp","href":"https:\/\/api.w.org\/{rel}","templated":true}]}}