{"id":3301,"date":"2025-05-20T21:03:56","date_gmt":"2025-05-20T19:03:56","guid":{"rendered":"https:\/\/agora.xtec.cat\/cfaperecalders\/?page_id=3301"},"modified":"2025-11-28T12:01:34","modified_gmt":"2025-11-28T11:01:34","slug":"idiomes","status":"publish","type":"page","link":"https:\/\/agora.xtec.cat\/cfaperecalders\/ensenyaments\/idiomes\/","title":{"rendered":"Lleng\u00fces"},"content":{"rendered":"\n<h3 class=\"wp-block-heading has-ast-global-color-0-color has-text-color has-link-color wp-elements-774d6b9f0f880ae774cf1cd06427bab8\">Qui pot estudiar?<\/h3>\n\n\n\n<p>Poden accedir a aquests estudis les persones <strong>majors de 18 anys<\/strong> i les que els compleixen durant l\u2019any natural en qu\u00e8 s\u2019inicia la formaci\u00f3.<\/p>\n\n\n\n<p>Per saber el nivell que correspon:<\/p>\n\n\n\n<ul class=\"wp-block-list\">\n<li>Has de tenir una acreditaci\u00f3 pr\u00e8via (certificat), o b\u00e9:<\/li>\n\n\n\n<li>Fer una <strong>prova de nivell<\/strong> per part de l&#8217;equip docent del centre<\/li>\n<\/ul>\n\n\n\n<div style=\"height:34px\" aria-hidden=\"true\" class=\"wp-block-spacer\"><\/div>\n\n\n\n<h3 class=\"wp-block-heading has-ast-global-color-0-color has-text-color has-link-color wp-elements-410c91e40f010239b2d95e6c560db261\">M\u00e9s informaci\u00f3:<\/h3>\n\n\n\n<div class=\"wp-block-getwid-tabs\" data-active-tab=\"0\"><ul class=\"wp-block-getwid-tabs__nav-links\"><\/ul>\n<div class=\"wp-block-getwid-tabs__nav-link\"><span class=\"wp-block-getwid-tabs__title-wrapper\"><a href=\"#\"><span class=\"wp-block-getwid-tabs__title\">Catal\u00e0<\/span><\/a><\/span><\/div><div class=\"wp-block-getwid-tabs__tab-content-wrapper\"><div class=\"wp-block-getwid-tabs__tab-content\">\n<figure class=\"wp-block-image alignleft size-full is-resized\"><a href=\"https:\/\/agora.xtec.cat\/cfaperecalders\/wp-content\/uploads\/usu1874\/2025\/05\/Cat.jpg\"><img loading=\"lazy\" decoding=\"async\" width=\"640\" height=\"401\" src=\"https:\/\/agora.xtec.cat\/cfaperecalders\/wp-content\/uploads\/usu1874\/2025\/05\/Cat.jpg\" alt=\"\" class=\"wp-image-3305\" style=\"width:222px;height:auto\" srcset=\"https:\/\/agora.xtec.cat\/cfaperecalders\/wp-content\/uploads\/usu1874\/2025\/05\/Cat.jpg 640w, https:\/\/agora.xtec.cat\/cfaperecalders\/wp-content\/uploads\/usu1874\/2025\/05\/Cat-300x188.jpg 300w\" sizes=\"auto, (max-width: 640px) 100vw, 640px\" \/><\/a><\/figure>\n\n\n\n<p>Els cursos de <strong>catal\u00e0<\/strong> tenen com a objectiu que les persones adultes assoleixin un grau de compet\u00e8ncia b\u00e0sica per a comunicar-se en llengua catalana<\/p>\n\n\n\n<p>S&#8217;imarteix en tres &nbsp;nivells:<\/p>\n\n\n\n<div style=\"height:13px\" aria-hidden=\"true\" class=\"wp-block-spacer\"><\/div>\n\n\n\n<figure class=\"wp-block-table is-style-regular\"><table style=\"border-width:1px\"><tbody><tr><td><strong>CURS CFA<\/strong><\/td><td><strong>CORRESPOND\u00c8NCIA MECR <\/strong>*<\/td><\/tr><tr><td>Catal\u00e0 1<\/td><td>Nivell <strong>A1<\/strong> del MECR<\/td><\/tr><tr><td>Catal\u00e0 2<\/td><td>Nivell <strong>A2<\/strong> del MECR<\/td><\/tr><tr><td>Catal\u00e0 3<\/td><td>Nivell <strong>B1<\/strong> del MECR<\/td><\/tr><\/tbody><\/table><figcaption class=\"wp-element-caption\">* Marc europeu com\u00fa<\/figcaption><\/figure>\n<\/div><\/div>\n\n\n\n<div class=\"wp-block-getwid-tabs__nav-link\"><span class=\"wp-block-getwid-tabs__title-wrapper\"><a href=\"#\"><span class=\"wp-block-getwid-tabs__title\">Castellano<\/span><\/a><\/span><\/div><div class=\"wp-block-getwid-tabs__tab-content-wrapper\"><div class=\"wp-block-getwid-tabs__tab-content\">\n<figure class=\"wp-block-image alignleft size-full is-resized\"><a href=\"https:\/\/agora.xtec.cat\/cfaperecalders\/wp-content\/uploads\/usu1874\/2025\/05\/castellano-scaled.jpg\"><img loading=\"lazy\" decoding=\"async\" width=\"2560\" height=\"1707\" src=\"https:\/\/agora.xtec.cat\/cfaperecalders\/wp-content\/uploads\/usu1874\/2025\/05\/castellano-scaled.jpg\" alt=\"\" class=\"wp-image-3309\" style=\"width:222px;height:auto\" srcset=\"https:\/\/agora.xtec.cat\/cfaperecalders\/wp-content\/uploads\/usu1874\/2025\/05\/castellano-scaled.jpg 2560w, https:\/\/agora.xtec.cat\/cfaperecalders\/wp-content\/uploads\/usu1874\/2025\/05\/castellano-300x200.jpg 300w, https:\/\/agora.xtec.cat\/cfaperecalders\/wp-content\/uploads\/usu1874\/2025\/05\/castellano-1024x683.jpg 1024w, https:\/\/agora.xtec.cat\/cfaperecalders\/wp-content\/uploads\/usu1874\/2025\/05\/castellano-768x512.jpg 768w, https:\/\/agora.xtec.cat\/cfaperecalders\/wp-content\/uploads\/usu1874\/2025\/05\/castellano-1536x1024.jpg 1536w, https:\/\/agora.xtec.cat\/cfaperecalders\/wp-content\/uploads\/usu1874\/2025\/05\/castellano-2048x1365.jpg 2048w\" sizes=\"auto, (max-width: 2560px) 100vw, 2560px\" \/><\/a><\/figure>\n\n\n\n<p>Los cursos de <strong>castellano<\/strong> tienen como objetivo que las persones adultas logren un grado de competencia b\u00e1sica para comunicarse en lengua castellana.<\/p>\n\n\n\n<p>Se imparten en tres niveles:<\/p>\n\n\n\n<figure class=\"wp-block-table is-style-regular\"><table style=\"border-width:1px\"><tbody><tr><td><strong>CURSO CFA<\/strong><\/td><td><strong>CORRESPONDENCIA MECR <\/strong>*<\/td><\/tr><tr><td>Castellano 1<\/td><td>Nivel <strong>A1<\/strong> del MECR<\/td><\/tr><tr><td>Castellano 2<\/td><td>Nivel <strong>A2<\/strong> del MECR<\/td><\/tr><tr><td>Castellano 3<\/td><td>Nivel <strong>B1<\/strong> del MECR<\/td><\/tr><\/tbody><\/table><figcaption class=\"wp-element-caption\">* Marco europeo com\u00fan<\/figcaption><\/figure>\n<\/div><\/div>\n\n\n\n<div class=\"wp-block-getwid-tabs__nav-link\"><span class=\"wp-block-getwid-tabs__title-wrapper\"><a href=\"#\"><span class=\"wp-block-getwid-tabs__title\">Angl\u00e8s<\/span><\/a><\/span><\/div><div class=\"wp-block-getwid-tabs__tab-content-wrapper\"><div class=\"wp-block-getwid-tabs__tab-content\">\n<figure class=\"wp-block-image alignleft size-full is-resized\"><a href=\"https:\/\/agora.xtec.cat\/cfaperecalders\/wp-content\/uploads\/usu1874\/2025\/05\/angles-scaled.jpg\"><img loading=\"lazy\" decoding=\"async\" width=\"2560\" height=\"2181\" src=\"https:\/\/agora.xtec.cat\/cfaperecalders\/wp-content\/uploads\/usu1874\/2025\/05\/angles-scaled.jpg\" alt=\"\" class=\"wp-image-3314\" style=\"object-fit:cover;width:203px;height:150px\" srcset=\"https:\/\/agora.xtec.cat\/cfaperecalders\/wp-content\/uploads\/usu1874\/2025\/05\/angles-scaled.jpg 2560w, https:\/\/agora.xtec.cat\/cfaperecalders\/wp-content\/uploads\/usu1874\/2025\/05\/angles-300x256.jpg 300w, https:\/\/agora.xtec.cat\/cfaperecalders\/wp-content\/uploads\/usu1874\/2025\/05\/angles-1024x873.jpg 1024w, https:\/\/agora.xtec.cat\/cfaperecalders\/wp-content\/uploads\/usu1874\/2025\/05\/angles-768x654.jpg 768w, https:\/\/agora.xtec.cat\/cfaperecalders\/wp-content\/uploads\/usu1874\/2025\/05\/angles-1536x1309.jpg 1536w, https:\/\/agora.xtec.cat\/cfaperecalders\/wp-content\/uploads\/usu1874\/2025\/05\/angles-2048x1745.jpg 2048w\" sizes=\"auto, (max-width: 2560px) 100vw, 2560px\" \/><\/a><\/figure>\n\n\n\n<p>Els cursos d&#8217;<strong>angl\u00e8s<\/strong> permeten aprendre i millorar la llengua anglesa.<\/p>\n\n\n\n<p>Hi ha tres nivells:<\/p>\n\n\n\n<div style=\"height:30px\" aria-hidden=\"true\" class=\"wp-block-spacer\"><\/div>\n\n\n\n<figure class=\"wp-block-table is-style-regular\"><table style=\"border-width:1px\"><tbody><tr><td><strong>CURS CFA<\/strong><\/td><td><strong>CORRESPOND\u00c8NCIA MECR <\/strong>*<\/td><\/tr><tr><td>Angl\u00e8s 1<\/td><td>Nivell <strong>A1<\/strong> del MECR<\/td><\/tr><tr><td>Angl\u00e8s 2<\/td><td>Nivell <strong>A2.1<\/strong> del MECR<\/td><\/tr><tr><td>Angl\u00e8s 3<\/td><td>Nivell <strong>A2.2<\/strong> del MECR<\/td><\/tr><\/tbody><\/table><figcaption class=\"wp-element-caption\">* Marc europeu com\u00fa<\/figcaption><\/figure>\n\n\n\n<div style=\"height:36px\" aria-hidden=\"true\" class=\"wp-block-spacer\"><\/div>\n\n\n\n<h4 class=\"wp-block-heading\"><strong>Continu\u00eftat<\/strong> d&#8217;estudis<\/h4>\n\n\n\n<p>Un cop finalitzats aquests estudis, i havent superat l\u2019avaluaci\u00f3, l\u2019alumne\/a pot continuar la formaci\u00f3 en una <strong>escola oficial d\u2019idiomes<\/strong>, accedint al nivell de <strong>3r<\/strong> sense haver de superar una prova de nivell.<\/p>\n<\/div><\/div>\n<\/div>\n\n\n\n<div style=\"height:74px\" aria-hidden=\"true\" class=\"wp-block-spacer\"><\/div>\n\n\n\n<p>Si vols m\u00e9s informaci\u00f3, pots consultar el <a href=\"https:\/\/projectes.xtec.cat\/xarxadults\/menu01\/\">web<\/a> del Servei d&#8217;Educaci\u00f3 al Llarg de la Vida<\/p>\n\n\n\n<p><\/p>\n","protected":false},"excerpt":{"rendered":"<p>Qui pot estudiar? Poden accedir a aquests estudis les persones majors de 18 anys i les que els compleixen durant l\u2019any natural en qu\u00e8 s\u2019inicia la formaci\u00f3. Per saber el nivell que correspon: M\u00e9s informaci\u00f3: Si vols m\u00e9s informaci\u00f3, pots consultar el web del Servei d&#8217;Educaci\u00f3 al Llarg de la Vida<\/p>\n","protected":false},"author":1,"featured_media":0,"parent":274,"menu_order":0,"comment_status":"closed","ping_status":"close","template":"","meta":{"_bbp_topic_count":0,"_bbp_reply_count":0,"_bbp_total_topic_count":0,"_bbp_total_reply_count":0,"_bbp_voice_count":0,"_bbp_anonymous_reply_count":0,"_bbp_topic_count_hidden":0,"_bbp_reply_count_hidden":0,"_bbp_forum_subforum_count":0,"site-sidebar-layout":"left-sidebar","site-content-layout":"","ast-site-content-layout":"default","site-content-style":"default","site-sidebar-style":"default","ast-global-header-display":"","ast-banner-title-visibility":"","ast-main-header-display":"","ast-hfb-above-header-display":"","ast-hfb-below-header-display":"","ast-hfb-mobile-header-display":"","site-post-title":"","ast-breadcrumbs-content":"","ast-featured-img":"","footer-sml-layout":"","theme-transparent-header-meta":"","adv-header-id-meta":"","stick-header-meta":"","header-above-stick-meta":"","header-main-stick-meta":"","header-below-stick-meta":"","astra-migrate-meta-layouts":"set","ast-page-background-enabled":"default","ast-page-background-meta":{"desktop":{"background-color":"var(--ast-global-color-4)","background-image":"","background-repeat":"repeat","background-position":"center center","background-size":"auto","background-attachment":"scroll","background-type":"","background-media":"","overlay-type":"","overlay-color":"","overlay-opacity":"","overlay-gradient":""},"tablet":{"background-color":"","background-image":"","background-repeat":"repeat","background-position":"center center","background-size":"auto","background-attachment":"scroll","background-type":"","background-media":"","overlay-type":"","overlay-color":"","overlay-opacity":"","overlay-gradient":""},"mobile":{"background-color":"","background-image":"","background-repeat":"repeat","background-position":"center center","background-size":"auto","background-attachment":"scroll","background-type":"","background-media":"","overlay-type":"","overlay-color":"","overlay-opacity":"","overlay-gradient":""}},"ast-content-background-meta":{"desktop":{"background-color":"var(--ast-global-color-5)","background-image":"","background-repeat":"repeat","background-position":"center center","background-size":"auto","background-attachment":"scroll","background-type":"","background-media":"","overlay-type":"","overlay-color":"","overlay-opacity":"","overlay-gradient":""},"tablet":{"background-color":"var(--ast-global-color-5)","background-image":"","background-repeat":"repeat","background-position":"center center","background-size":"auto","background-attachment":"scroll","background-type":"","background-media":"","overlay-type":"","overlay-color":"","overlay-opacity":"","overlay-gradient":""},"mobile":{"background-color":"var(--ast-global-color-5)","background-image":"","background-repeat":"repeat","background-position":"center center","background-size":"auto","background-attachment":"scroll","background-type":"","background-media":"","overlay-type":"","overlay-color":"","overlay-opacity":"","overlay-gradient":""}},"footnotes":""},"class_list":["post-3301","page","type-page","status-publish","hentry"],"post_mailing_queue_ids":[],"_links":{"self":[{"href":"https:\/\/agora.xtec.cat\/cfaperecalders\/wp-json\/wp\/v2\/pages\/3301","targetHints":{"allow":["GET"]}}],"collection":[{"href":"https:\/\/agora.xtec.cat\/cfaperecalders\/wp-json\/wp\/v2\/pages"}],"about":[{"href":"https:\/\/agora.xtec.cat\/cfaperecalders\/wp-json\/wp\/v2\/types\/page"}],"author":[{"embeddable":true,"href":"https:\/\/agora.xtec.cat\/cfaperecalders\/wp-json\/wp\/v2\/users\/1"}],"replies":[{"embeddable":true,"href":"https:\/\/agora.xtec.cat\/cfaperecalders\/wp-json\/wp\/v2\/comments?post=3301"}],"version-history":[{"count":6,"href":"https:\/\/agora.xtec.cat\/cfaperecalders\/wp-json\/wp\/v2\/pages\/3301\/revisions"}],"predecessor-version":[{"id":3859,"href":"https:\/\/agora.xtec.cat\/cfaperecalders\/wp-json\/wp\/v2\/pages\/3301\/revisions\/3859"}],"up":[{"embeddable":true,"href":"https:\/\/agora.xtec.cat\/cfaperecalders\/wp-json\/wp\/v2\/pages\/274"}],"wp:attachment":[{"href":"https:\/\/agora.xtec.cat\/cfaperecalders\/wp-json\/wp\/v2\/media?parent=3301"}],"curies":[{"name":"wp","href":"https:\/\/api.w.org\/{rel}","templated":true}]}}