{"id":316,"date":"2015-01-28T11:33:51","date_gmt":"2015-01-28T10:33:51","guid":{"rendered":"http:\/\/agora.xtec.cat\/cfaperecalders\/?page_id=316"},"modified":"2025-11-28T11:57:20","modified_gmt":"2025-11-28T10:57:20","slug":"competic","status":"publish","type":"page","link":"https:\/\/agora.xtec.cat\/cfaperecalders\/ensenyaments\/competic\/","title":{"rendered":"Inform\u00e0tica (COMPETIC)"},"content":{"rendered":"\n<p>Els ensenyaments d&#8217;inform\u00e0tica tenen com objectiu facilitar l&#8217;adquisici\u00f3 de la <strong>compet\u00e8ncia digital<\/strong>, entesa com la combinaci\u00f3 de coneixements, habilitats i actituds en l&#8217;\u00e0mbit de les tecnologies de la informaci\u00f3 i la comunicaci\u00f3 (TIC) per desenvolupar-se en la societat actual.<\/p>\n\n\n\n<p>Al CFA Pere Calders pots estudiar els quatre nivells: COMPETIC Inicial, COMPETIC 1, COMPETIC 2 i COMPETIC 3.<\/p>\n\n\n\n<div class=\"wp-block-getwid-toggle has-icon-left\"><\/div>\n\n\n\n<div class=\"wp-block-getwid-accordion has-icon-left\" data-active-element=\"none\">\n<div class=\"wp-block-getwid-accordion__header-wrapper\"><span class=\"wp-block-getwid-accordion__header\"><a href=\"#\"><span class=\"wp-block-getwid-accordion__header-title\">COMPETIC inicial<\/span><span class=\"wp-block-getwid-accordion__icon is-active\"><i class=\"fas fa-plus\"><\/i><\/span><span class=\"wp-block-getwid-accordion__icon is-passive\"><i class=\"fas fa-minus\"><\/i><\/span><\/a><\/span><\/div><div class=\"wp-block-getwid-accordion__content-wrapper\"><div class=\"wp-block-getwid-accordion__content\">\n<p>El nivell inicial d&#8217;inform\u00e0tica s&#8217;adre\u00e7a a les persones adultes que volen assolir un <strong>domini b\u00e0sic<\/strong> de les tecnologies de la informaci\u00f3 i la comunicaci\u00f3 (TIC). Les compet\u00e8ncies que es treballen en aquest nivell s\u00f3n les seg\u00fcents:<\/p>\n\n\n\n<ul class=\"wp-block-list\">\n<li>C2. Tecnologia digital, \u00fas de l&#8217;ordinador i del sistema operatiu<\/li>\n\n\n\n<li>C3. Navegaci\u00f3 i comunicaci\u00f3 en el m\u00f3n digital<\/li>\n\n\n\n<li>C4. Tractament de la informaci\u00f3 escrita<\/li>\n<\/ul>\n<\/div><\/div>\n\n\n\n<div class=\"wp-block-getwid-accordion__header-wrapper\"><span class=\"wp-block-getwid-accordion__header\"><a href=\"#\"><span class=\"wp-block-getwid-accordion__header-title\">COMPETIC 1<\/span><span class=\"wp-block-getwid-accordion__icon is-active\"><i class=\"fas fa-plus\"><\/i><\/span><span class=\"wp-block-getwid-accordion__icon is-passive\"><i class=\"fas fa-minus\"><\/i><\/span><\/a><\/span><\/div><div class=\"wp-block-getwid-accordion__content-wrapper\"><div class=\"wp-block-getwid-accordion__content\">\n<p><span style=\"color: #000000;\"><span lang=\"CA\">El nivell de COMPETIC 1 complementa les compet\u00e8ncies adquirides al llarg del curs de COMPETIC Inicial. <\/span>Al finalitzar el curs de COMPETIC 1 l\u2019alumne haur\u00e0 de mostrar que t\u00e9 un <strong>domini b\u00e0sic<\/strong> de les tecnologies de la informaci\u00f3 i la comunicaci\u00f3 i que se n\u2019inicia en el coneixement i \u00fas.<\/span><\/p>\n\n\n\n<ul class=\"wp-block-list\">\n<li>C1. Cultura, participaci\u00f3 i civisme digital<\/li>\n\n\n\n<li>C5. Tractament de la informaci\u00f3 gr\u00e0fica, sonora i de la imatge en moviment<\/li>\n\n\n\n<li>C6. Tractament de la informaci\u00f3 num\u00e8rica<\/li>\n<\/ul>\n<\/div><\/div>\n\n\n\n<div class=\"wp-block-getwid-accordion__header-wrapper\"><span class=\"wp-block-getwid-accordion__header\"><a href=\"#\"><span class=\"wp-block-getwid-accordion__header-title\">COMPETIC 2<\/span><span class=\"wp-block-getwid-accordion__icon is-active\"><i class=\"fas fa-plus\"><\/i><\/span><span class=\"wp-block-getwid-accordion__icon is-passive\"><i class=\"fas fa-minus\"><\/i><\/span><\/a><\/span><\/div><div class=\"wp-block-getwid-accordion__content-wrapper\"><div class=\"wp-block-getwid-accordion__content\">\n<p><span lang=\"CA\"><span style=\"color: #000000;\">L\u2019assoliment d\u2019aquest nivell correspon a una persona usu\u00e0ria que t\u00e9 <strong>autonomia<\/strong> i capacitat cr\u00edtica envers l\u2019\u00fas d\u2019aquestes tecnologies. <\/span><\/span>Les compet\u00e8ncies que es treballen en aquest nivell s\u00f3n:<\/p>\n\n\n\n<ul class=\"wp-block-list\">\n<li>C1. Cultura, participaci\u00f3 i civisme digital<\/li>\n\n\n\n<li>C2. Tecnologia digital, \u00fas de l&#8217;ordinador i del sistema operatiu<\/li>\n\n\n\n<li>C3. Navegaci\u00f3, cerca i comunicaci\u00f3 en el m\u00f3n digital<\/li>\n\n\n\n<li>C4: Tractament de la informaci\u00f3 escrita<\/li>\n\n\n\n<li>C5. Tractament de la informaci\u00f3 gr\u00e0fica, sonora i de la imatge en moviment<\/li>\n\n\n\n<li>C6. Tractament de la informaci\u00f3 num\u00e8rica<\/li>\n\n\n\n<li>C7. Tractament de les dades<\/li>\n\n\n\n<li>C8. Presentaci\u00f3 de continguts<\/li>\n<\/ul>\n<\/div><\/div>\n\n\n\n<div class=\"wp-block-getwid-accordion__header-wrapper\"><span class=\"wp-block-getwid-accordion__header\"><a href=\"#\"><span class=\"wp-block-getwid-accordion__header-title\">COMPETIC 3<\/span><span class=\"wp-block-getwid-accordion__icon is-active\"><i class=\"fas fa-plus\"><\/i><\/span><span class=\"wp-block-getwid-accordion__icon is-passive\"><i class=\"fas fa-minus\"><\/i><\/span><\/a><\/span><\/div><div class=\"wp-block-getwid-accordion__content-wrapper\"><div class=\"wp-block-getwid-accordion__content\">\n<p><span style=\"color: #000000;\">La titulaci\u00f3 de COMPETIC 3 indica que una persona usu\u00e0ria que t\u00e9 un <strong>ampli domini<\/strong> d\u2019aquestes tecnologies.<\/span><\/p>\n\n\n\n<p>Com es pot obtenir el COMPETIC 3 al nostre centre?<\/p>\n\n\n\n<p>Cada&nbsp;<b>trimestre&nbsp;<\/b>i cada&nbsp;<b>modalitat&nbsp;<\/b>\u00e9s un curs independent en el qual es treballa una&nbsp;<b>compet\u00e8ncia<\/b>.<\/p>\n\n\n\n<p>Impartim les compet\u00e8ncies seg\u00fcents:<\/p>\n\n\n\n<figure class=\"wp-block-image\"><img decoding=\"async\" src=\"https:\/\/agora.xtec.cat\/cfaperecalders\/wp-content\/uploads\/usu1874\/2024\/06\/Competic-3-3t-300x225.png\" alt=\"\" class=\"wp-image-2914\"\/><\/figure>\n\n\n\n<p>Et pots matricular de&nbsp;<b>2 cursos alhora<\/b>&nbsp;(dues compet\u00e8ncies) i obtenir el certificat de COMPETIC 3 en un trimestre.<\/p>\n\n\n\n<p>Per obtenir el t\u00edtol de COMPETIC 3 cal aprovar-ne&nbsp;<strong>dues<\/strong>&nbsp;compet\u00e8ncies.<\/p>\n\n\n\n<p>Al final de cada trimestre hi haur\u00e0 un&nbsp;<b>projecte final presencial<\/b>&nbsp;que cal fer al centre, incl\u00fas en les modalitats online.<\/p>\n\n\n\n<p>Aquesta \u00e9s la distribuci\u00f3 trimestral de les compet\u00e8ncies, per modalitat:<\/p>\n\n\n\n<figure class=\"wp-block-image\"><img loading=\"lazy\" decoding=\"async\" width=\"300\" height=\"153\" src=\"https:\/\/agora.xtec.cat\/cfaperecalders\/wp-content\/uploads\/usu1874\/2024\/06\/Competic-3-3T-MODALITAT-300x153.png\" alt=\"\" class=\"wp-image-2917\" srcset=\"https:\/\/agora.xtec.cat\/cfaperecalders\/wp-content\/uploads\/usu1874\/2024\/06\/Competic-3-3T-MODALITAT-300x153.png 300w, https:\/\/agora.xtec.cat\/cfaperecalders\/wp-content\/uploads\/usu1874\/2024\/06\/Competic-3-3T-MODALITAT-768x391.png 768w, https:\/\/agora.xtec.cat\/cfaperecalders\/wp-content\/uploads\/usu1874\/2024\/06\/Competic-3-3T-MODALITAT.png 1024w\" sizes=\"auto, (max-width: 300px) 100vw, 300px\" \/><\/figure>\n<\/div><\/div>\n<\/div>\n\n\n\n<h4 class=\"wp-block-heading\">&nbsp;<\/h4>\n\n\n\n<h4 class=\"wp-block-heading\">Equival\u00e8ncia entre COMPETIC i ACTIC<\/h4>\n\n\n\n<p>a) El certificat de compet\u00e8ncia digital de l&#8217;educaci\u00f3 de persones adultes del nivell COMPETIC 1 equival al certificat b\u00e0sic de l\u2019ACTIC.<\/p>\n\n\n\n<p>b) El certificat de compet\u00e8ncia digital de l&#8217;educaci\u00f3 de persones adultes del nivell COMPETIC 2 equival al certificat mitj\u00e0 de l\u2019ACTIC.<\/p>\n\n\n\n<p>c) El certificat de compet\u00e8ncia digital de l&#8217;educaci\u00f3 de persones adultes del nivell COMPETIC 3 equival al certificat avan\u00e7at de l\u2019ACTIC, en relaci\u00f3 amb les compet\u00e8ncies que hi consten com a aptes, que han de ser dues com a m\u00ednim.<\/p>\n\n\n\n<figure class=\"wp-block-image\"><a href=\"https:\/\/agora.xtec.cat\/cfaperecalders\/wp-content\/uploads\/usu1874\/2019\/09\/TCompetencies_cat-1.png\"><img loading=\"lazy\" decoding=\"async\" width=\"789\" height=\"308\" src=\"https:\/\/agora.xtec.cat\/cfaperecalders\/wp-content\/uploads\/usu1874\/2019\/09\/TCompetencies_cat-1.png\" alt=\"\" class=\"wp-image-548\" srcset=\"https:\/\/agora.xtec.cat\/cfaperecalders\/wp-content\/uploads\/usu1874\/2019\/09\/TCompetencies_cat-1.png 789w, https:\/\/agora.xtec.cat\/cfaperecalders\/wp-content\/uploads\/usu1874\/2019\/09\/TCompetencies_cat-1-300x117.png 300w, https:\/\/agora.xtec.cat\/cfaperecalders\/wp-content\/uploads\/usu1874\/2019\/09\/TCompetencies_cat-1-768x300.png 768w\" sizes=\"auto, (max-width: 789px) 100vw, 789px\" \/><\/a><\/figure>\n\n\n\n<h4 class=\"wp-block-heading has-medium-font-size\">Si vols m\u00e9s informaci\u00f3, pots consultar el <a href=\"https:\/\/projectes.xtec.cat\/xarxadults\/ensenyaments\/nivells\/\">web<\/a> del Servei d&#8217;Educaci\u00f3 al Llarg de la Vida<\/h4>\n\n\n\n<p><\/p>\n","protected":false},"excerpt":{"rendered":"<p>Els ensenyaments d&#8217;inform\u00e0tica tenen com objectiu facilitar l&#8217;adquisici\u00f3 de la compet\u00e8ncia digital, entesa com la combinaci\u00f3 de coneixements, habilitats i actituds en l&#8217;\u00e0mbit de les tecnologies de la informaci\u00f3 i la comunicaci\u00f3 (TIC) per desenvolupar-se en la societat actual. Al CFA Pere Calders pots estudiar els quatre nivells: COMPETIC Inicial, COMPETIC 1, COMPETIC 2 i [&hellip;]<\/p>\n","protected":false},"author":1,"featured_media":0,"parent":274,"menu_order":2,"comment_status":"closed","ping_status":"closed","template":"page-templates\/side-menu.php","meta":{"_bbp_topic_count":0,"_bbp_reply_count":0,"_bbp_total_topic_count":0,"_bbp_total_reply_count":0,"_bbp_voice_count":0,"_bbp_anonymous_reply_count":0,"_bbp_topic_count_hidden":0,"_bbp_reply_count_hidden":0,"_bbp_forum_subforum_count":0,"site-sidebar-layout":"default","site-content-layout":"","ast-site-content-layout":"default","site-content-style":"default","site-sidebar-style":"default","ast-global-header-display":"","ast-banner-title-visibility":"","ast-main-header-display":"","ast-hfb-above-header-display":"","ast-hfb-below-header-display":"","ast-hfb-mobile-header-display":"","site-post-title":"","ast-breadcrumbs-content":"","ast-featured-img":"","footer-sml-layout":"","theme-transparent-header-meta":"","adv-header-id-meta":"","stick-header-meta":"","header-above-stick-meta":"","header-main-stick-meta":"","header-below-stick-meta":"","astra-migrate-meta-layouts":"set","ast-page-background-enabled":"default","ast-page-background-meta":{"desktop":{"background-color":"var(--ast-global-color-4)","background-image":"","background-repeat":"repeat","background-position":"center center","background-size":"auto","background-attachment":"scroll","background-type":"","background-media":"","overlay-type":"","overlay-color":"","overlay-opacity":"","overlay-gradient":""},"tablet":{"background-color":"","background-image":"","background-repeat":"repeat","background-position":"center center","background-size":"auto","background-attachment":"scroll","background-type":"","background-media":"","overlay-type":"","overlay-color":"","overlay-opacity":"","overlay-gradient":""},"mobile":{"background-color":"","background-image":"","background-repeat":"repeat","background-position":"center center","background-size":"auto","background-attachment":"scroll","background-type":"","background-media":"","overlay-type":"","overlay-color":"","overlay-opacity":"","overlay-gradient":""}},"ast-content-background-meta":{"desktop":{"background-color":"var(--ast-global-color-5)","background-image":"","background-repeat":"repeat","background-position":"center center","background-size":"auto","background-attachment":"scroll","background-type":"","background-media":"","overlay-type":"","overlay-color":"","overlay-opacity":"","overlay-gradient":""},"tablet":{"background-color":"var(--ast-global-color-5)","background-image":"","background-repeat":"repeat","background-position":"center center","background-size":"auto","background-attachment":"scroll","background-type":"","background-media":"","overlay-type":"","overlay-color":"","overlay-opacity":"","overlay-gradient":""},"mobile":{"background-color":"var(--ast-global-color-5)","background-image":"","background-repeat":"repeat","background-position":"center center","background-size":"auto","background-attachment":"scroll","background-type":"","background-media":"","overlay-type":"","overlay-color":"","overlay-opacity":"","overlay-gradient":""}},"footnotes":""},"class_list":["post-316","page","type-page","status-publish","hentry"],"post_mailing_queue_ids":[],"_links":{"self":[{"href":"https:\/\/agora.xtec.cat\/cfaperecalders\/wp-json\/wp\/v2\/pages\/316","targetHints":{"allow":["GET"]}}],"collection":[{"href":"https:\/\/agora.xtec.cat\/cfaperecalders\/wp-json\/wp\/v2\/pages"}],"about":[{"href":"https:\/\/agora.xtec.cat\/cfaperecalders\/wp-json\/wp\/v2\/types\/page"}],"author":[{"embeddable":true,"href":"https:\/\/agora.xtec.cat\/cfaperecalders\/wp-json\/wp\/v2\/users\/1"}],"replies":[{"embeddable":true,"href":"https:\/\/agora.xtec.cat\/cfaperecalders\/wp-json\/wp\/v2\/comments?post=316"}],"version-history":[{"count":6,"href":"https:\/\/agora.xtec.cat\/cfaperecalders\/wp-json\/wp\/v2\/pages\/316\/revisions"}],"predecessor-version":[{"id":3858,"href":"https:\/\/agora.xtec.cat\/cfaperecalders\/wp-json\/wp\/v2\/pages\/316\/revisions\/3858"}],"up":[{"embeddable":true,"href":"https:\/\/agora.xtec.cat\/cfaperecalders\/wp-json\/wp\/v2\/pages\/274"}],"wp:attachment":[{"href":"https:\/\/agora.xtec.cat\/cfaperecalders\/wp-json\/wp\/v2\/media?parent=316"}],"curies":[{"name":"wp","href":"https:\/\/api.w.org\/{rel}","templated":true}]}}