{"id":3131,"date":"2025-02-17T12:37:12","date_gmt":"2025-02-17T11:37:12","guid":{"rendered":"https:\/\/agora.xtec.cat\/cfaperecalders\/?page_id=3131"},"modified":"2025-05-16T11:54:36","modified_gmt":"2025-05-16T09:54:36","slug":"competic-3","status":"publish","type":"page","link":"https:\/\/agora.xtec.cat\/cfaperecalders\/competic-3\/","title":{"rendered":"COMPETIC 3"},"content":{"rendered":"\n<h5 class=\"wp-block-heading\"><span style=\"color: #3c7c80;\">EQUIVALENT A ACTIC AVAN\u00c7AT<\/span><\/h5>\n\n\n\n<p>Per a poder accedir al curs de COMPETIC 3, cal tenir el certificat de COMPETIC 2 o d&#8217;ACTIC MITJ\u00c0.<\/p>\n\n\n\n<p><span style=\"color: #3c7c80;\"><strong>Compet\u00e8ncies que oferim<\/strong><\/span><\/p>\n\n\n\n<figure class=\"wp-block-image\"><img decoding=\"async\" src=\"https:\/\/agora.xtec.cat\/cfaperecalders\/wp-content\/uploads\/usu1874\/2024\/06\/Competic-3-3t-300x225.png\" alt=\"\" class=\"wp-image-2914\"\/><\/figure>\n\n\n\n<p><span style=\"color: #3c7c80;\"><strong>Obt\u00e9 el certificat en un \u00fanic trimestre<\/strong><\/span><\/p>\n\n\n\n<p>Amb les compet\u00e8ncies trimestrals i les modalitats presencials i online, pots obtenir el certificat de COMPETIC 3 en <strong>un \u00fanic trimestre<\/strong>!<\/p>\n\n\n\n<header><\/header>\n\n\n\n<header><\/header>\n\n\n\n<p><span style=\"font-weight: 400;\">Cada <\/span><b>trimestre <\/b><span style=\"font-weight: 400;\">i cada <\/span><b>modalitat <\/b><span style=\"font-weight: 400;\">\u00e9s un curs independent en el qual es treballa una <\/span><b>compet\u00e8ncia<\/b><span style=\"font-weight: 400;\">.&nbsp;<\/span><\/p>\n\n\n\n<p><span style=\"font-weight: 400;\">Et pots matricular de <\/span><b>2 cursos alhora<\/b><span style=\"font-weight: 400;\"> (dues compet\u00e8ncies) i obtenir el certificat de COMPETIC 3 en un trimestre.<\/span><\/p>\n\n\n\n<p><strong>Distribuci\u00f3 trimestral de les compet\u00e8ncies<\/strong><\/p>\n\n\n\n<figure class=\"wp-block-image\"><img loading=\"lazy\" decoding=\"async\" width=\"300\" height=\"153\" src=\"https:\/\/agora.xtec.cat\/cfaperecalders\/wp-content\/uploads\/usu1874\/2024\/06\/Competic-3-3T-MODALITAT-300x153.png\" alt=\"\" class=\"wp-image-2917\" srcset=\"https:\/\/agora.xtec.cat\/cfaperecalders\/wp-content\/uploads\/usu1874\/2024\/06\/Competic-3-3T-MODALITAT-300x153.png 300w, https:\/\/agora.xtec.cat\/cfaperecalders\/wp-content\/uploads\/usu1874\/2024\/06\/Competic-3-3T-MODALITAT-768x391.png 768w, https:\/\/agora.xtec.cat\/cfaperecalders\/wp-content\/uploads\/usu1874\/2024\/06\/Competic-3-3T-MODALITAT.png 1024w\" sizes=\"auto, (max-width: 300px) 100vw, 300px\" \/><\/figure>\n\n\n\n<ul class=\"wp-block-list\">\n<li>1r trimestre: setembre a desembre<\/li>\n\n\n\n<li>2n trimestre: gener a mar\u00e7<\/li>\n\n\n\n<li>3r trimestre: mar\u00e7 a juny<\/li>\n<\/ul>\n\n\n\n<p><span style=\"color: #3c7c80;\"><strong>Projecte final (modalitat online)<\/strong><\/span><\/p>\n\n\n\n<p>Al final de cada trimestre hi haur\u00e0 un&nbsp;<b>projecte final presencial<\/b>&nbsp;que cal fer al centre, incl\u00fas en les modalitats online.<\/p>\n\n\n\n<p>En ser un curs oficial, podem fer un justificant s&#8217;assist\u00e8ncia per a la feina.<\/p>\n\n\n\n<p><span style=\"color: #3c7c80;\"><strong>Obtenci\u00f3 del certificat<\/strong><\/span><\/p>\n\n\n\n<p><span style=\"font-weight: 400;\">Per obtenir el t\u00edtol de COMPETIC 3 cal aprovar-ne <strong>dues<\/strong> compet\u00e8ncies.<\/span><\/p>\n\n\n\n<p>Podem emetre el certificat si ja has aprovat una compet\u00e8ncia en un CFA diferent, per\u00f2 NO es podem emetre certificats amb una altra compet\u00e8ncia aprovada d&#8217;ACTIC (s\u00f3n certificats equivalents per\u00f2 no mesclables).<\/p>\n","protected":false},"excerpt":{"rendered":"<p>EQUIVALENT A ACTIC AVAN\u00c7AT Per a poder accedir al curs de COMPETIC 3, cal tenir el certificat de COMPETIC 2 o d&#8217;ACTIC MITJ\u00c0. Compet\u00e8ncies que oferim Obt\u00e9 el certificat en un \u00fanic trimestre Amb les compet\u00e8ncies trimestrals i les modalitats presencials i online, pots obtenir el certificat de COMPETIC 3 en un \u00fanic trimestre! Cada [&hellip;]<\/p>\n","protected":false},"author":1,"featured_media":0,"parent":0,"menu_order":0,"comment_status":"closed","ping_status":"closed","template":"","meta":{"_bbp_topic_count":0,"_bbp_reply_count":0,"_bbp_total_topic_count":0,"_bbp_total_reply_count":0,"_bbp_voice_count":0,"_bbp_anonymous_reply_count":0,"_bbp_topic_count_hidden":0,"_bbp_reply_count_hidden":0,"_bbp_forum_subforum_count":0,"site-sidebar-layout":"default","site-content-layout":"","ast-site-content-layout":"default","site-content-style":"default","site-sidebar-style":"default","ast-global-header-display":"","ast-banner-title-visibility":"","ast-main-header-display":"","ast-hfb-above-header-display":"","ast-hfb-below-header-display":"","ast-hfb-mobile-header-display":"","site-post-title":"","ast-breadcrumbs-content":"","ast-featured-img":"","footer-sml-layout":"","theme-transparent-header-meta":"","adv-header-id-meta":"","stick-header-meta":"","header-above-stick-meta":"","header-main-stick-meta":"","header-below-stick-meta":"","astra-migrate-meta-layouts":"set","ast-page-background-enabled":"default","ast-page-background-meta":{"desktop":{"background-color":"var(--ast-global-color-4)","background-image":"","background-repeat":"repeat","background-position":"center center","background-size":"auto","background-attachment":"scroll","background-type":"","background-media":"","overlay-type":"","overlay-color":"","overlay-opacity":"","overlay-gradient":""},"tablet":{"background-color":"","background-image":"","background-repeat":"repeat","background-position":"center center","background-size":"auto","background-attachment":"scroll","background-type":"","background-media":"","overlay-type":"","overlay-color":"","overlay-opacity":"","overlay-gradient":""},"mobile":{"background-color":"","background-image":"","background-repeat":"repeat","background-position":"center center","background-size":"auto","background-attachment":"scroll","background-type":"","background-media":"","overlay-type":"","overlay-color":"","overlay-opacity":"","overlay-gradient":""}},"ast-content-background-meta":{"desktop":{"background-color":"var(--ast-global-color-5)","background-image":"","background-repeat":"repeat","background-position":"center center","background-size":"auto","background-attachment":"scroll","background-type":"","background-media":"","overlay-type":"","overlay-color":"","overlay-opacity":"","overlay-gradient":""},"tablet":{"background-color":"var(--ast-global-color-5)","background-image":"","background-repeat":"repeat","background-position":"center center","background-size":"auto","background-attachment":"scroll","background-type":"","background-media":"","overlay-type":"","overlay-color":"","overlay-opacity":"","overlay-gradient":""},"mobile":{"background-color":"var(--ast-global-color-5)","background-image":"","background-repeat":"repeat","background-position":"center center","background-size":"auto","background-attachment":"scroll","background-type":"","background-media":"","overlay-type":"","overlay-color":"","overlay-opacity":"","overlay-gradient":""}},"footnotes":""},"class_list":["post-3131","page","type-page","status-publish","hentry"],"post_mailing_queue_ids":[],"_links":{"self":[{"href":"https:\/\/agora.xtec.cat\/cfaperecalders\/wp-json\/wp\/v2\/pages\/3131","targetHints":{"allow":["GET"]}}],"collection":[{"href":"https:\/\/agora.xtec.cat\/cfaperecalders\/wp-json\/wp\/v2\/pages"}],"about":[{"href":"https:\/\/agora.xtec.cat\/cfaperecalders\/wp-json\/wp\/v2\/types\/page"}],"author":[{"embeddable":true,"href":"https:\/\/agora.xtec.cat\/cfaperecalders\/wp-json\/wp\/v2\/users\/1"}],"replies":[{"embeddable":true,"href":"https:\/\/agora.xtec.cat\/cfaperecalders\/wp-json\/wp\/v2\/comments?post=3131"}],"version-history":[{"count":6,"href":"https:\/\/agora.xtec.cat\/cfaperecalders\/wp-json\/wp\/v2\/pages\/3131\/revisions"}],"predecessor-version":[{"id":3299,"href":"https:\/\/agora.xtec.cat\/cfaperecalders\/wp-json\/wp\/v2\/pages\/3131\/revisions\/3299"}],"wp:attachment":[{"href":"https:\/\/agora.xtec.cat\/cfaperecalders\/wp-json\/wp\/v2\/media?parent=3131"}],"curies":[{"name":"wp","href":"https:\/\/api.w.org\/{rel}","templated":true}]}}