{"id":303,"date":"2015-01-28T11:23:05","date_gmt":"2015-01-28T10:23:05","guid":{"rendered":"http:\/\/agora.xtec.cat\/cfaperecalders\/?page_id=303"},"modified":"2025-11-28T12:03:19","modified_gmt":"2025-11-28T11:03:19","slug":"ges","status":"publish","type":"page","link":"https:\/\/agora.xtec.cat\/cfaperecalders\/ensenyaments\/ges\/","title":{"rendered":"Graduat en Educaci\u00f3 Secund\u00e0ria (GES)"},"content":{"rendered":"\n<p>Aquests estudis permeten completar els ensenyaments b\u00e0sics i obtenir el t\u00edtol de graduat o graduada en educaci\u00f3 secund\u00e0ria obligat\u00f2ria (GESO). Es poden cursar de manera presencial o semipresencial als centres i aules de formaci\u00f3 de persones adultes o als centres i aules de formaci\u00f3 de persones adultes que s\u00f3n punts de suport de l&#8217;Institut Obert de Catalunya (IOC).<\/p>\n\n\n\n<div class=\"wp-block-getwid-toggle has-icon-left\">\n<div class=\"wp-block-getwid-toggle__row\"><div class=\"wp-block-getwid-toggle__header-wrapper\"><span class=\"wp-block-getwid-toggle__header\"><a href=\"#\"><span class=\"wp-block-getwid-toggle__header-title\">Continguts<\/span><span class=\"wp-block-getwid-toggle__icon is-active\"><i class=\"fas fa-plus\"><\/i><\/span><span class=\"wp-block-getwid-toggle__icon is-passive\"><i class=\"fas fa-minus\"><\/i><\/span><\/a><\/span><\/div><div class=\"wp-block-getwid-toggle__content-wrapper\"><div class=\"wp-block-getwid-toggle__content\">\n<p>Els ensenyaments per a l\u2019obtenci\u00f3 del t\u00edtol de graduat o graduada en educaci\u00f3 secund\u00e0ria obligat\u00f2ria per a les persones adultes consisteixen en 34 m\u00f2duls amb una c\u00e0rrega lectiva de 35 hores per m\u00f2dul. La durada d\u2019aquests estudis \u00e9s de 1.190 hores. Els m\u00f2duls que estan relacionats amb l&#8217;\u00e0mbit de la comunicaci\u00f3, el cientificotenol\u00f2gic i el social es distribueixen en dos nivells:<\/p>\n\n\n\n<div class=\"wp-block-getwid-accordion has-icon-left\" data-active-element=\"none\">\n<div class=\"wp-block-getwid-accordion__header-wrapper\"><span class=\"wp-block-getwid-accordion__header\"><a href=\"#\"><span class=\"wp-block-getwid-accordion__header-title\">M\u00f2duls del nivell 1<\/span><span class=\"wp-block-getwid-accordion__icon is-active\"><i class=\"fas fa-plus\"><\/i><\/span><span class=\"wp-block-getwid-accordion__icon is-passive\"><i class=\"fas fa-minus\"><\/i><\/span><\/a><\/span><\/div><div class=\"wp-block-getwid-accordion__content-wrapper\"><div class=\"wp-block-getwid-accordion__content\">\n<ol class=\"wp-block-list\">\n<li class=\"has-small-font-size\"><strong>\u00c0mbit de la comunicaci\u00f3:&nbsp;<\/strong>\n<ul class=\"wp-block-list\">\n<li>&nbsp;Literatura<\/li>\n\n\n\n<li>&nbsp;Llengua catalana I<\/li>\n\n\n\n<li>&nbsp;Llengua castellana I<\/li>\n\n\n\n<li>&nbsp;Llengua estrangera I<\/li>\n\n\n\n<li>&nbsp;Llengua catalana II<\/li>\n\n\n\n<li>&nbsp;Llengua castellana II<\/li>\n<\/ul>\n<\/li>\n\n\n\n<li class=\"has-small-font-size\"><strong>\u00c0mbit cientificotecnol\u00f2gic:<\/strong>\n<ul class=\"wp-block-list\">\n<li>&nbsp;Matem\u00e0tiques<\/li>\n\n\n\n<li>&nbsp;Matem\u00e0tiques II<\/li>\n\n\n\n<li>&nbsp;F\u00edsica i qu\u00edmica I<\/li>\n\n\n\n<li>&nbsp;Ci\u00e8ncies naturals<\/li>\n\n\n\n<li>&nbsp;Educaci\u00f3 per a la salut<\/li>\n<\/ul>\n<\/li>\n\n\n\n<li class=\"has-small-font-size\"><strong>\u00c0mbit social:<\/strong>\n<ul class=\"wp-block-list\">\n<li class=\"has-small-font-size\">&nbsp;Ci\u00e8ncies socials I i educaci\u00f3 per a la ciutadania<\/li>\n\n\n\n<li class=\"has-small-font-size\">&nbsp;Geografia I<\/li>\n\n\n\n<li class=\"has-small-font-size\">&nbsp;Hist\u00f2ria I<\/li>\n<\/ul>\n<\/li>\n<\/ol>\n\n\n\n<p class=\"has-small-font-size\"><strong>Total m\u00f2duls del 1r nivell a cursar<\/strong>: 14 comuns i 3 opcionals<\/p>\n<\/div><\/div>\n\n\n\n<div class=\"wp-block-getwid-accordion__header-wrapper\"><span class=\"wp-block-getwid-accordion__header\"><a href=\"#\"><span class=\"wp-block-getwid-accordion__header-title\">M\u00f2duls del nivell 2<br><\/span><span class=\"wp-block-getwid-accordion__icon is-active\"><i class=\"fas fa-plus\"><\/i><\/span><span class=\"wp-block-getwid-accordion__icon is-passive\"><i class=\"fas fa-minus\"><\/i><\/span><\/a><\/span><\/div><div class=\"wp-block-getwid-accordion__content-wrapper\"><div class=\"wp-block-getwid-accordion__content\">\n<ol class=\"wp-block-list\">\n<li class=\"has-small-font-size\"><strong>\u00c0mbit de la comunicaci\u00f3:&nbsp;<\/strong>\n<ul class=\"wp-block-list\">\n<li>&nbsp;Llengua catalana III<\/li>\n\n\n\n<li>&nbsp;Llengua castellana III<\/li>\n\n\n\n<li>&nbsp;Llengua estrangera II<\/li>\n\n\n\n<li>&nbsp;Llengua&nbsp;estrangera III<\/li>\n\n\n\n<li>&nbsp;Literatua catalana<\/li>\n\n\n\n<li>&nbsp;Literatura castellana<\/li>\n<\/ul>\n<\/li>\n\n\n\n<li class=\"has-small-font-size\"><strong>\u00c0mbit cientificotecnol\u00f2gic:<\/strong>\n<ul class=\"wp-block-list\">\n<li class=\"has-small-font-size\">&nbsp;Matem\u00e0tiques III<\/li>\n\n\n\n<li>&nbsp;Matem\u00e0tiques IV<\/li>\n\n\n\n<li>&nbsp;F\u00edsica i qu\u00edmica II<\/li>\n\n\n\n<li>&nbsp;Biologia i geologia<\/li>\n\n\n\n<li>&nbsp;Tecnologia<\/li>\n<\/ul>\n<\/li>\n\n\n\n<li class=\"has-small-font-size\"><strong>\u00c0mbit social:<\/strong>\n<ul class=\"wp-block-list\">\n<li><br><div>Ci\u00e8ncies socials II i moviments migratoris<\/div><\/li>\n\n\n\n<li class=\"has-small-font-size\">&nbsp;Geografia II<\/li>\n\n\n\n<li class=\"has-small-font-size\">&nbsp;Hist\u00f2ria II<\/li>\n<\/ul>\n<\/li>\n<\/ol>\n\n\n\n<p class=\"has-small-font-size\"><strong>Total m\u00f2duls del 2n nivell a cursar<\/strong>: 14 comuns i 3 opcionals<\/p>\n<\/div><\/div>\n<\/div>\n\n\n\n<div class=\"wp-block-getwid-accordion has-icon-left\" data-active-element=\"none\">\n<div class=\"wp-block-getwid-accordion__header-wrapper\"><span class=\"wp-block-getwid-accordion__header\"><a href=\"#\"><span class=\"wp-block-getwid-accordion__header-title\">M\u00f2duls opcionals<br><\/span><span class=\"wp-block-getwid-accordion__icon is-active\"><i class=\"fas fa-plus\"><\/i><\/span><span class=\"wp-block-getwid-accordion__icon is-passive\"><i class=\"fas fa-minus\"><\/i><\/span><\/a><\/span><\/div><div class=\"wp-block-getwid-accordion__content-wrapper\"><div class=\"wp-block-getwid-accordion__content\">\n<ol class=\"wp-block-list\">\n<li class=\"has-small-font-size\">\u00c0<strong>mbit de la comunicaci\u00f3:&nbsp;<\/strong>\n<ul class=\"wp-block-list\">\n<li>&nbsp;Llengua estrangera 0<\/li>\n\n\n\n<li>&nbsp;Llengua estrangera IV<\/li>\n\n\n\n<li>&nbsp;Taller d&#8217;escriptura creativa<\/li>\n\n\n\n<li>&nbsp;Llengua i TIC<\/li>\n\n\n\n<li>&nbsp;L&#8217;argumentaci\u00f3 discursiva<\/li>\n\n\n\n<li>&nbsp;Parlem de literatura<\/li>\n<\/ul>\n<\/li>\n\n\n\n<li class=\"has-small-font-size\"><strong>\u00c0mbit cientificotecnol\u00f2gic:<\/strong>\n<ul class=\"wp-block-list\">\n<li>&nbsp;Matem\u00e0tiques inicials<\/li>\n\n\n\n<li>&nbsp;Diet\u00e8tica i nutrici\u00f3<\/li>\n\n\n\n<li>&nbsp;Medi ambient i canvi clim\u00e0tic<\/li>\n\n\n\n<li>&nbsp;Qu\u00edmica i societat<\/li>\n\n\n\n<li>&nbsp;Tecnologies de la informaci\u00f3 i la comunicaci\u00f3<\/li>\n\n\n\n<li>&nbsp;Les finances personals i l&#8217;elaboraci\u00f3 d&#8217;un pressupost<\/li>\n<\/ul>\n<\/li>\n\n\n\n<li class=\"has-small-font-size\"><strong>\u00c0mbit social:<\/strong>\n<ul class=\"wp-block-list\">\n<li>&nbsp;Arts i artistes<\/li>\n\n\n\n<li>&nbsp;Hist\u00f2ria de la m\u00fasica<\/li>\n\n\n\n<li>&nbsp;Viatjar per Catalunya<\/li>\n\n\n\n<li>&nbsp;La globalitzaci\u00f3<\/li>\n\n\n\n<li>&nbsp;Catalunya dins l&#8217;Espanya del segle XX<\/li>\n<\/ul>\n<\/li>\n<\/ol>\n\n\n\n<p class=\"has-small-font-size\"><strong>Total m\u00f2duls opcionals a escollir:<\/strong>&nbsp;3 m\u00f2duls opcionals a cada nivell<\/p>\n<\/div><\/div>\n<\/div>\n<\/div><\/div><\/div>\n\n\n\n<div class=\"wp-block-getwid-toggle__row\"><div class=\"wp-block-getwid-toggle__header-wrapper\"><span class=\"wp-block-getwid-toggle__header\"><a href=\"#\"><span class=\"wp-block-getwid-toggle__header-title\">Acc\u00e9s<\/span><span class=\"wp-block-getwid-toggle__icon is-active\"><i class=\"fas fa-plus\"><\/i><\/span><span class=\"wp-block-getwid-toggle__icon is-passive\"><i class=\"fas fa-minus\"><\/i><\/span><\/a><\/span><\/div><div class=\"wp-block-getwid-toggle__content-wrapper\"><div class=\"wp-block-getwid-toggle__content\">\n<p>Amb car\u00e0cter general, per accedir a l&#8217;educaci\u00f3 d&#8217;adults cal tenir 18 anys, o b\u00e9 complir-los durant l&#8217;any natural en qu\u00e8 s&#8217;inicia la formaci\u00f3.<\/p>\n\n\n\n<p>Tamb\u00e9 hi poden accedir les persones m\u00e9s grans de 16 anys o que els compleixin durant l&#8217;any natural en qu\u00e8 inicien la formaci\u00f3 si es troben en alguna de les situacions seg\u00fcents:<\/p>\n\n\n\n<ul class=\"wp-block-list\">\n<li>&nbsp;Tenen un contracte laboral que els impedeixi assistir als centres educatius en r\u00e8gim ordinari.<\/li>\n\n\n\n<li>&nbsp;Es troben en proc\u00e9s d&#8217;obtenci\u00f3 d&#8217;un perm\u00eds de treball.<\/li>\n\n\n\n<li>&nbsp;S\u00f3n esportistes d&#8217;alt rendiment.<\/li>\n\n\n\n<li>&nbsp;Han cursat on estan cursant els programes postobligatoris de formaci\u00f3 i inserci\u00f3 i volen cursar, en paral\u00b7lel, els ensenyaments d\u2019educaci\u00f3 secund\u00e0ria obligat\u00f2ria per a adults.<\/li>\n\n\n\n<li>&nbsp;Participen en el programa d&#8217;experi\u00e8ncia professional per a l&#8217;ocupaci\u00f3 juvenil a Catalunya &#8220;Joves per l&#8217;ocupaci\u00f3&#8221;.<\/li>\n\n\n\n<li>&nbsp;Excepcionalment el director o directora dels serveis territorials o el gerent del Consorci a la ciutat de Barcelona, pot autoritzar la incorporaci\u00f3 d\u2019alumnes que no compleixin els requisits anteriors.<\/li>\n<\/ul>\n<\/div><\/div><\/div>\n<\/div>\n\n\n\n<h3 class=\"wp-block-heading\"><\/h3>\n\n\n\n<figure class=\"wp-block-image size-large is-resized\"><a href=\"https:\/\/agora.xtec.cat\/cfaperecalders\/wp-content\/uploads\/usu1874\/2025\/05\/IMG20240318120658_20240318123737-scaled.jpg\"><img loading=\"lazy\" decoding=\"async\" width=\"1024\" height=\"770\" src=\"https:\/\/agora.xtec.cat\/cfaperecalders\/wp-content\/uploads\/usu1874\/2025\/05\/IMG20240318120658_20240318123737-1024x770.jpg\" alt=\"\" class=\"wp-image-3230\" style=\"width:415px;height:auto\" srcset=\"https:\/\/agora.xtec.cat\/cfaperecalders\/wp-content\/uploads\/usu1874\/2025\/05\/IMG20240318120658_20240318123737-1024x770.jpg 1024w, https:\/\/agora.xtec.cat\/cfaperecalders\/wp-content\/uploads\/usu1874\/2025\/05\/IMG20240318120658_20240318123737-300x226.jpg 300w, https:\/\/agora.xtec.cat\/cfaperecalders\/wp-content\/uploads\/usu1874\/2025\/05\/IMG20240318120658_20240318123737-768x578.jpg 768w, https:\/\/agora.xtec.cat\/cfaperecalders\/wp-content\/uploads\/usu1874\/2025\/05\/IMG20240318120658_20240318123737-1536x1155.jpg 1536w, https:\/\/agora.xtec.cat\/cfaperecalders\/wp-content\/uploads\/usu1874\/2025\/05\/IMG20240318120658_20240318123737-2048x1540.jpg 2048w\" sizes=\"auto, (max-width: 1024px) 100vw, 1024px\" \/><\/a><figcaption class=\"wp-element-caption\">Alumnat del GES<\/figcaption><\/figure>\n\n\n\n<p><\/p>\n\n\n\n<p>Si vols m\u00e9s informaci\u00f3, pots consultar el <a href=\"https:\/\/projectes.xtec.cat\/xarxadults\/ensenyaments\/ges\/\">web<\/a> del Servei d&#8217;Educaci\u00f3 al Llarg de la Vida<\/p>\n\n\n\n<p><\/p>\n\n\n\n<p><\/p>\n\n\n\n<p><\/p>\n","protected":false},"excerpt":{"rendered":"<p>Aquests estudis permeten completar els ensenyaments b\u00e0sics i obtenir el t\u00edtol de graduat o graduada en educaci\u00f3 secund\u00e0ria obligat\u00f2ria (GESO). Es poden cursar de manera presencial o semipresencial als centres i aules de formaci\u00f3 de persones adultes o als centres i aules de formaci\u00f3 de persones adultes que s\u00f3n punts de suport de l&#8217;Institut Obert [&hellip;]<\/p>\n","protected":false},"author":1,"featured_media":0,"parent":274,"menu_order":3,"comment_status":"closed","ping_status":"closed","template":"page-templates\/side-menu.php","meta":{"_bbp_topic_count":0,"_bbp_reply_count":0,"_bbp_total_topic_count":0,"_bbp_total_reply_count":0,"_bbp_voice_count":0,"_bbp_anonymous_reply_count":0,"_bbp_topic_count_hidden":0,"_bbp_reply_count_hidden":0,"_bbp_forum_subforum_count":0,"site-sidebar-layout":"left-sidebar","site-content-layout":"","ast-site-content-layout":"default","site-content-style":"default","site-sidebar-style":"default","ast-global-header-display":"","ast-banner-title-visibility":"","ast-main-header-display":"","ast-hfb-above-header-display":"","ast-hfb-below-header-display":"","ast-hfb-mobile-header-display":"","site-post-title":"","ast-breadcrumbs-content":"","ast-featured-img":"","footer-sml-layout":"","theme-transparent-header-meta":"","adv-header-id-meta":"","stick-header-meta":"","header-above-stick-meta":"","header-main-stick-meta":"","header-below-stick-meta":"","astra-migrate-meta-layouts":"set","ast-page-background-enabled":"default","ast-page-background-meta":{"desktop":{"background-color":"var(--ast-global-color-4)","background-image":"","background-repeat":"repeat","background-position":"center center","background-size":"auto","background-attachment":"scroll","background-type":"","background-media":"","overlay-type":"","overlay-color":"","overlay-opacity":"","overlay-gradient":""},"tablet":{"background-color":"","background-image":"","background-repeat":"repeat","background-position":"center center","background-size":"auto","background-attachment":"scroll","background-type":"","background-media":"","overlay-type":"","overlay-color":"","overlay-opacity":"","overlay-gradient":""},"mobile":{"background-color":"","background-image":"","background-repeat":"repeat","background-position":"center center","background-size":"auto","background-attachment":"scroll","background-type":"","background-media":"","overlay-type":"","overlay-color":"","overlay-opacity":"","overlay-gradient":""}},"ast-content-background-meta":{"desktop":{"background-color":"var(--ast-global-color-5)","background-image":"","background-repeat":"repeat","background-position":"center center","background-size":"auto","background-attachment":"scroll","background-type":"","background-media":"","overlay-type":"","overlay-color":"","overlay-opacity":"","overlay-gradient":""},"tablet":{"background-color":"var(--ast-global-color-5)","background-image":"","background-repeat":"repeat","background-position":"center center","background-size":"auto","background-attachment":"scroll","background-type":"","background-media":"","overlay-type":"","overlay-color":"","overlay-opacity":"","overlay-gradient":""},"mobile":{"background-color":"var(--ast-global-color-5)","background-image":"","background-repeat":"repeat","background-position":"center center","background-size":"auto","background-attachment":"scroll","background-type":"","background-media":"","overlay-type":"","overlay-color":"","overlay-opacity":"","overlay-gradient":""}},"footnotes":""},"class_list":["post-303","page","type-page","status-publish","hentry"],"post_mailing_queue_ids":[],"_links":{"self":[{"href":"https:\/\/agora.xtec.cat\/cfaperecalders\/wp-json\/wp\/v2\/pages\/303","targetHints":{"allow":["GET"]}}],"collection":[{"href":"https:\/\/agora.xtec.cat\/cfaperecalders\/wp-json\/wp\/v2\/pages"}],"about":[{"href":"https:\/\/agora.xtec.cat\/cfaperecalders\/wp-json\/wp\/v2\/types\/page"}],"author":[{"embeddable":true,"href":"https:\/\/agora.xtec.cat\/cfaperecalders\/wp-json\/wp\/v2\/users\/1"}],"replies":[{"embeddable":true,"href":"https:\/\/agora.xtec.cat\/cfaperecalders\/wp-json\/wp\/v2\/comments?post=303"}],"version-history":[{"count":6,"href":"https:\/\/agora.xtec.cat\/cfaperecalders\/wp-json\/wp\/v2\/pages\/303\/revisions"}],"predecessor-version":[{"id":3860,"href":"https:\/\/agora.xtec.cat\/cfaperecalders\/wp-json\/wp\/v2\/pages\/303\/revisions\/3860"}],"up":[{"embeddable":true,"href":"https:\/\/agora.xtec.cat\/cfaperecalders\/wp-json\/wp\/v2\/pages\/274"}],"wp:attachment":[{"href":"https:\/\/agora.xtec.cat\/cfaperecalders\/wp-json\/wp\/v2\/media?parent=303"}],"curies":[{"name":"wp","href":"https:\/\/api.w.org\/{rel}","templated":true}]}}