{"id":288,"date":"2015-01-28T11:08:02","date_gmt":"2015-01-28T10:08:02","guid":{"rendered":"http:\/\/agora.xtec.cat\/cfaperecalders\/?page_id=288"},"modified":"2025-11-28T12:07:37","modified_gmt":"2025-11-28T11:07:37","slug":"preparacio-de-proves-dacces","status":"publish","type":"page","link":"https:\/\/agora.xtec.cat\/cfaperecalders\/ensenyaments\/preparacio-de-proves-dacces\/","title":{"rendered":"Preparaci\u00f3 de proves d&#8217;acc\u00e9s a Grau Superior"},"content":{"rendered":"\n<figure class=\"wp-block-image is-resized\"><img loading=\"lazy\" decoding=\"async\" width=\"942\" height=\"265\" src=\"https:\/\/agora.xtec.cat\/cfaperecalders\/wp-content\/uploads\/usu1874\/2023\/03\/Banner-CFGS-1.jpg\" alt=\"\" class=\"wp-image-2512\" style=\"width:600px\" srcset=\"https:\/\/agora.xtec.cat\/cfaperecalders\/wp-content\/uploads\/usu1874\/2023\/03\/Banner-CFGS-1.jpg 942w, https:\/\/agora.xtec.cat\/cfaperecalders\/wp-content\/uploads\/usu1874\/2023\/03\/Banner-CFGS-1-300x84.jpg 300w, https:\/\/agora.xtec.cat\/cfaperecalders\/wp-content\/uploads\/usu1874\/2023\/03\/Banner-CFGS-1-768x216.jpg 768w\" sizes=\"auto, (max-width: 942px) 100vw, 942px\" \/><\/figure>\n\n\n\n<p><span style=\"color: #c9e265;\"><strong>DESCRIPCI\u00d3<\/strong><\/span><\/p>\n\n\n\n<p>Aquests estudis preparen per presentar-se a les proves d&#8217;acc\u00e9s als cicles de grau superior de formaci\u00f3 professional, d&#8217;arts pl\u00e0stiques i disseny i d&#8217;ensenyaments esportius. L&#8217;alumnat pot preparar la part comuna de la prova, la part espec\u00edfica, o totes dues.<\/p>\n\n\n\n<p><span style=\"color: #c9e265;\"><strong>AVANTATGES D&#8217;ESTUDIAR AL CFA PERE CALDERS<\/strong><\/span><\/p>\n\n\n\n<figure class=\"wp-block-image is-resized\"><img loading=\"lazy\" decoding=\"async\" width=\"679\" height=\"137\" src=\"https:\/\/agora.xtec.cat\/cfaperecalders\/wp-content\/uploads\/usu1874\/2023\/03\/2.png\" alt=\"\" class=\"wp-image-2524\" style=\"width:600px\" srcset=\"https:\/\/agora.xtec.cat\/cfaperecalders\/wp-content\/uploads\/usu1874\/2023\/03\/2.png 679w, https:\/\/agora.xtec.cat\/cfaperecalders\/wp-content\/uploads\/usu1874\/2023\/03\/2-300x61.png 300w\" sizes=\"auto, (max-width: 679px) 100vw, 679px\" \/><\/figure>\n\n\n\n<p>A la nota que treguis de la PROVA LLIURE, es suma un 20% de la nota obtinguda al CURS DE PREPARACI\u00d3. Per exemple, si treus un 6 de mitjana a les proves d&#8217;acc\u00e9s i un 8 de mitjana al nostre curs de preparaci\u00f3, pots accedir al CICLE FORMATIU amb un 7,6.<\/p>\n\n\n\n<figure class=\"wp-block-image is-resized\"><img loading=\"lazy\" decoding=\"async\" width=\"659\" height=\"144\" src=\"https:\/\/agora.xtec.cat\/cfaperecalders\/wp-content\/uploads\/usu1874\/2023\/03\/90-percent.png\" alt=\"\" class=\"wp-image-2525\" style=\"width:600px\" srcset=\"https:\/\/agora.xtec.cat\/cfaperecalders\/wp-content\/uploads\/usu1874\/2023\/03\/90-percent.png 659w, https:\/\/agora.xtec.cat\/cfaperecalders\/wp-content\/uploads\/usu1874\/2023\/03\/90-percent-300x66.png 300w\" sizes=\"auto, (max-width: 659px) 100vw, 659px\" \/><\/figure>\n\n\n\n<p>Un 90% de l&#8217;alumnat que estudia i finalitza el curs al nostre centre supera amb \u00e8xit la PROVA LLIURE. Cada trimestre fem un SIMULACRE: quan et presentis a la prova real ho far\u00e0s amb m\u00e9s confian\u00e7a i seguretat!<\/p>\n\n\n\n<figure class=\"wp-block-image is-resized\"><img loading=\"lazy\" decoding=\"async\" width=\"666\" height=\"141\" src=\"https:\/\/agora.xtec.cat\/cfaperecalders\/wp-content\/uploads\/usu1874\/2023\/03\/tutoria.png\" alt=\"\" class=\"wp-image-2530\" style=\"width:600px\" srcset=\"https:\/\/agora.xtec.cat\/cfaperecalders\/wp-content\/uploads\/usu1874\/2023\/03\/tutoria.png 666w, https:\/\/agora.xtec.cat\/cfaperecalders\/wp-content\/uploads\/usu1874\/2023\/03\/tutoria-300x64.png 300w\" sizes=\"auto, (max-width: 666px) 100vw, 666px\" \/><\/figure>\n\n\n\n<p>Per ajudar-te a preparar la prova tindr\u00e0s un tutor que t&#8217;ofereix una atenci\u00f3 personalitzada i un seguiment del curs. Tot l&#8217;equip docent tenim el mateix objectiu que tu: que aprovis la prova d&#8217;acc\u00e9s i que facis un CICLE FORMATIU DE GRAU SUPERIOR.<\/p>\n\n\n\n<p><span style=\"color: #c9e265;\"><strong>ACC\u00c9S&nbsp;<\/strong><\/span><\/p>\n\n\n\n<p>Poden accedir a aquests estudis les persones que tinguin m\u00e9s de 18 anys o els compleixen durant l&#8217;any natural en qu\u00e8 s&#8217;inicia la formaci\u00f3. Cal tenir en compte que per realitzar les proves d&#8217;acc\u00e9s als cicles formatius de grau superior s&#8217;han de tenir m\u00e9s de 19 anys o complir-los l&#8217;any natural en qu\u00e8 es realitza la prova.<\/p>\n\n\n\n<p><span style=\"color: #c9e265;\"><strong>HORARI<\/strong><\/span><\/p>\n\n\n\n<p>L&#8217;<span style=\"color: #99cc00;\"><a href=\"https:\/\/docs.google.com\/document\/d\/1f7fK1oR9HeSW2TR4a_tIsewkVUeq0CJZYDXikffQyaA\/edit?tab=t.0#heading=h.eyassf1gznxp\" data-type=\"link\" data-id=\"https:\/\/docs.google.com\/document\/d\/1f7fK1oR9HeSW2TR4a_tIsewkVUeq0CJZYDXikffQyaA\/edit?tab=t.0#heading=h.eyassf1gznxp\">horari presencial<\/a><\/span> \u00e9s de dilluns a dijous al mat\u00ed. <\/p>\n\n\n\n<p><span style=\"color: #c9e265;\"><strong>MAT\u00c8RIES<\/strong><\/span><\/p>\n\n\n\n<h3 class=\"wp-block-heading\"><img loading=\"lazy\" decoding=\"async\" width=\"500\" height=\"588\" class=\" wp-image-2521 alignnone\" src=\"https:\/\/agora.xtec.cat\/cfaperecalders\/wp-content\/uploads\/usu1874\/2023\/03\/Especifiques-CFGS.png\" alt=\"\" style=\"width: 500px;\" srcset=\"https:\/\/agora.xtec.cat\/cfaperecalders\/wp-content\/uploads\/usu1874\/2023\/03\/Especifiques-CFGS.png 511w, https:\/\/agora.xtec.cat\/cfaperecalders\/wp-content\/uploads\/usu1874\/2023\/03\/Especifiques-CFGS-255x300.png 255w\" sizes=\"auto, (max-width: 500px) 100vw, 500px\" \/><\/h3>\n\n\n\n<p><span style=\"color: #c9e265;\"><strong>CONTACTE<\/strong><\/span><\/p>\n\n\n\n<p>Reserva ja la teva pla\u00e7a!<\/p>\n\n\n\n<p>Pots escriure al coordinador de l&#8217;ensenyament per correu electr\u00f2nic:<\/p>\n\n\n\n<p><strong><span style=\"color: #c9e265;\">Carlos Osma<\/span><\/strong> <span style=\"color: #666565;\"><strong><a style=\"color: #666565;\" href=\"mailto:carlos@cfaperecalders.cat\" target=\"_blank\" rel=\"noopener\">carlos@cfaperecalders.cat<\/a><\/strong><\/span><\/p>\n\n\n\n<p><span style=\"color: #c9e265;\"><strong>CALENDARI<\/strong><\/span><\/p>\n\n\n\n<p>En aquest <a href=\"https:\/\/agora.xtec.cat\/cfaperecalders\/el-centre\/calendari-del-curs\/\" data-type=\"link\" data-id=\"https:\/\/agora.xtec.cat\/cfaperecalders\/el-centre\/calendari-del-curs\/\">enlla\u00e7<\/a> pots consultar el calendari del curs<\/p>\n\n\n\n<p><\/p>\n\n\n\n<ul class=\"wp-block-list\">\n<li><a href=\"http:\/\/ensenyament.gencat.cat\/ca\/serveis-tramits\/proves\/proves-acces\/\">Informaci\u00f3 sobre les proves d&#8217;acc\u00e9s (GenCat)<\/a><\/li>\n\n\n\n<li><a href=\"https:\/\/www.xelu.net\/html\/materials\/materials_fitxa.php?idioma=catala&amp;materials_ID=25\">Proves i solucions d&#8217;anys anteriors (Xelu.net)<\/a><\/li>\n<\/ul>\n\n\n\n<p>Si vols m\u00e9s informaci\u00f3, pots consultar el <a href=\"https:\/\/projectes.xtec.cat\/xarxadults\/ensenyaments\/preparacio-per-a-les-proves-dacces-i-cam\/preparacio-proves-acces-cicles-formatius-grau-superior\/\">web<\/a> del Servei d&#8217;Educaci\u00f3 al Llarg de la Vida<\/p>\n\n\n\n<p><\/p>\n","protected":false},"excerpt":{"rendered":"<p>DESCRIPCI\u00d3 Aquests estudis preparen per presentar-se a les proves d&#8217;acc\u00e9s als cicles de grau superior de formaci\u00f3 professional, d&#8217;arts pl\u00e0stiques i disseny i d&#8217;ensenyaments esportius. L&#8217;alumnat pot preparar la part comuna de la prova, la part espec\u00edfica, o totes dues. AVANTATGES D&#8217;ESTUDIAR AL CFA PERE CALDERS A la nota que treguis de la PROVA LLIURE, [&hellip;]<\/p>\n","protected":false},"author":1,"featured_media":0,"parent":274,"menu_order":4,"comment_status":"closed","ping_status":"closed","template":"page-templates\/side-menu.php","meta":{"_bbp_topic_count":0,"_bbp_reply_count":0,"_bbp_total_topic_count":0,"_bbp_total_reply_count":0,"_bbp_voice_count":0,"_bbp_anonymous_reply_count":0,"_bbp_topic_count_hidden":0,"_bbp_reply_count_hidden":0,"_bbp_forum_subforum_count":0,"site-sidebar-layout":"default","site-content-layout":"","ast-site-content-layout":"default","site-content-style":"default","site-sidebar-style":"default","ast-global-header-display":"","ast-banner-title-visibility":"","ast-main-header-display":"","ast-hfb-above-header-display":"","ast-hfb-below-header-display":"","ast-hfb-mobile-header-display":"","site-post-title":"","ast-breadcrumbs-content":"","ast-featured-img":"","footer-sml-layout":"","theme-transparent-header-meta":"","adv-header-id-meta":"","stick-header-meta":"","header-above-stick-meta":"","header-main-stick-meta":"","header-below-stick-meta":"","astra-migrate-meta-layouts":"set","ast-page-background-enabled":"default","ast-page-background-meta":{"desktop":{"background-color":"var(--ast-global-color-4)","background-image":"","background-repeat":"repeat","background-position":"center center","background-size":"auto","background-attachment":"scroll","background-type":"","background-media":"","overlay-type":"","overlay-color":"","overlay-opacity":"","overlay-gradient":""},"tablet":{"background-color":"","background-image":"","background-repeat":"repeat","background-position":"center center","background-size":"auto","background-attachment":"scroll","background-type":"","background-media":"","overlay-type":"","overlay-color":"","overlay-opacity":"","overlay-gradient":""},"mobile":{"background-color":"","background-image":"","background-repeat":"repeat","background-position":"center center","background-size":"auto","background-attachment":"scroll","background-type":"","background-media":"","overlay-type":"","overlay-color":"","overlay-opacity":"","overlay-gradient":""}},"ast-content-background-meta":{"desktop":{"background-color":"var(--ast-global-color-5)","background-image":"","background-repeat":"repeat","background-position":"center center","background-size":"auto","background-attachment":"scroll","background-type":"","background-media":"","overlay-type":"","overlay-color":"","overlay-opacity":"","overlay-gradient":""},"tablet":{"background-color":"var(--ast-global-color-5)","background-image":"","background-repeat":"repeat","background-position":"center center","background-size":"auto","background-attachment":"scroll","background-type":"","background-media":"","overlay-type":"","overlay-color":"","overlay-opacity":"","overlay-gradient":""},"mobile":{"background-color":"var(--ast-global-color-5)","background-image":"","background-repeat":"repeat","background-position":"center center","background-size":"auto","background-attachment":"scroll","background-type":"","background-media":"","overlay-type":"","overlay-color":"","overlay-opacity":"","overlay-gradient":""}},"footnotes":""},"class_list":["post-288","page","type-page","status-publish","hentry"],"post_mailing_queue_ids":[],"_links":{"self":[{"href":"https:\/\/agora.xtec.cat\/cfaperecalders\/wp-json\/wp\/v2\/pages\/288","targetHints":{"allow":["GET"]}}],"collection":[{"href":"https:\/\/agora.xtec.cat\/cfaperecalders\/wp-json\/wp\/v2\/pages"}],"about":[{"href":"https:\/\/agora.xtec.cat\/cfaperecalders\/wp-json\/wp\/v2\/types\/page"}],"author":[{"embeddable":true,"href":"https:\/\/agora.xtec.cat\/cfaperecalders\/wp-json\/wp\/v2\/users\/1"}],"replies":[{"embeddable":true,"href":"https:\/\/agora.xtec.cat\/cfaperecalders\/wp-json\/wp\/v2\/comments?post=288"}],"version-history":[{"count":6,"href":"https:\/\/agora.xtec.cat\/cfaperecalders\/wp-json\/wp\/v2\/pages\/288\/revisions"}],"predecessor-version":[{"id":3862,"href":"https:\/\/agora.xtec.cat\/cfaperecalders\/wp-json\/wp\/v2\/pages\/288\/revisions\/3862"}],"up":[{"embeddable":true,"href":"https:\/\/agora.xtec.cat\/cfaperecalders\/wp-json\/wp\/v2\/pages\/274"}],"wp:attachment":[{"href":"https:\/\/agora.xtec.cat\/cfaperecalders\/wp-json\/wp\/v2\/media?parent=288"}],"curies":[{"name":"wp","href":"https:\/\/api.w.org\/{rel}","templated":true}]}}