{"id":316,"date":"2015-01-28T11:33:51","date_gmt":"2015-01-28T10:33:51","guid":{"rendered":"http:\/\/agora.xtec.cat\/cfapegaso\/?page_id=316"},"modified":"2026-03-19T10:54:31","modified_gmt":"2026-03-19T09:54:31","slug":"competencia-digital-competic","status":"publish","type":"page","link":"https:\/\/agora.xtec.cat\/cfapegaso\/ensenyaments\/ensenyaments-transprofessionals\/competencia-digital-competic\/","title":{"rendered":"Compet\u00e8ncia digital COMPETIC"},"content":{"rendered":"<table style=\"width: 100%;\">\n<tbody>\n<tr>\n<td style=\"width: 15.2352%;\" rowspan=\"2\">\n<h4><span style=\"color: #65509c;\"><b>Nivell<\/b><\/span><\/h4>\n<\/td>\n<td style=\"width: 16.6667%;\" rowspan=\"2\">\n<h5><span style=\"color: #65509c;\"><b>Equival\u00e8ncia<\/b><\/span><\/h5>\n<\/td>\n<td style=\"width: 37.1165%;\" rowspan=\"2\">\n<h5><span style=\"color: #65509c;\"><b>Compet\u00e8ncies<\/b><\/span><\/h5>\n<\/td>\n<td style=\"width: 30.8794%;\" colspan=\"2\">\n<h5><span style=\"color: #65509c;\"><b>Horari<\/b><\/span><\/h5>\n<\/td>\n<\/tr>\n<tr>\n<td style=\"width: 15.8487%;\">\n<h5><span style=\"color: #65509c;\"><b>MAT\u00cd<\/b><\/span><\/h5>\n<\/td>\n<td style=\"width: 15.0307%;\">\n<h5><span style=\"color: #65509c;\"><b>TARDA<\/b><\/span><\/h5>\n<\/td>\n<\/tr>\n<tr>\n<td style=\"background-color: #d9d2e8; width: 15.2352%;\">\n<h4><span style=\"font-weight: 400;\">COMPETIC <\/span><span style=\"font-weight: 400;\">INICIAL<\/span><\/h4>\n<\/td>\n<td style=\"width: 16.6667%;\"><\/td>\n<td style=\"width: 37.1165%;\"><span style=\"font-weight: 400;\"><strong>1.<\/strong> Tecnologia digital, \u00fas de l&#8217;ordinador i del sistema operatiu<\/span><\/p>\n<p><span style=\"font-weight: 400;\"><strong>2.<\/strong> Tractament de la informaci\u00f3 escrita<\/span><\/p>\n<p><span style=\"font-weight: 400;\"><strong>3.<\/strong> Navegaci\u00f3 i comunicaci\u00f3 en el m\u00f3n digital<\/span><\/td>\n<td style=\"width: 15.8487%;\"><span style=\"font-weight: 400;\">DIMECRES\u00a0<\/span><\/p>\n<p><strong>11h a 12:30h<\/strong><\/p>\n<p><span style=\"font-weight: 400;\"> DIVENDRES <strong>10h a 11:30h<\/strong><\/span><\/td>\n<td style=\"width: 15.0307%;\"><span style=\"font-weight: 400;\">DILLUNS i DIMECRES\u00a0<\/span><\/p>\n<p><strong>18h-19:30h<\/strong><\/td>\n<\/tr>\n<tr>\n<td style=\"background-color: #b5a7d2; width: 15.2352%;\">\n<h4><span style=\"font-weight: 400;\">COMPETIC 1<\/span><\/h4>\n<\/td>\n<td style=\"width: 16.6667%;\"><span style=\"font-weight: 400;\">Certificat B\u00e0sic de l\u2019ACTIC<\/span><\/td>\n<td style=\"width: 37.1165%;\"><span style=\"font-weight: 400;\"><strong>1.<\/strong> Tractament de la informaci\u00f3 num\u00e8rica<\/span><\/p>\n<p><span style=\"font-weight: 400;\"><strong>2.<\/strong> Tractament de la informaci\u00f3 gr\u00e0fica, sonora i de la imatge en moviment<\/span><\/p>\n<p><span style=\"font-weight: 400;\">3. Cultura, participaci\u00f3 i civisme digital<\/span><\/td>\n<td style=\"width: 15.8487%;\"><span style=\"font-weight: 400;\">DILLUNS i DIMECRES<\/span><\/p>\n<p><strong>12:30h -14h<\/strong><\/td>\n<td style=\"width: 15.0307%;\"><span style=\"font-weight: 400;\">DIMARTS i DIJOUS<\/span><\/p>\n<p><strong>16h a 17:30h<\/strong><\/td>\n<\/tr>\n<tr>\n<td style=\"background-color: #8d7cb8; width: 15.2352%;\">\n<h4><span style=\"font-weight: 400;\">COMPETIC 2<\/span><\/h4>\n<\/td>\n<td style=\"width: 16.6667%;\"><span style=\"font-weight: 400;\">Certificat Mitj\u00e0 de l\u2019ACTIC<\/span><\/td>\n<td style=\"width: 37.1165%;\"><span style=\"font-weight: 400;\"><strong>1.<\/strong> Cultura, participaci\u00f3 i civisme digital<\/span><\/p>\n<p><span style=\"font-weight: 400;\"><strong>2.<\/strong> Tecnologia digital, \u00fas de l&#8217;ordinador i del sistema operatiu<\/span><\/p>\n<p><span style=\"font-weight: 400;\"><strong>3.<\/strong> Navegaci\u00f3 i comunicaci\u00f3 en el m\u00f3n digital<\/span><\/p>\n<p><span style=\"font-weight: 400;\"><strong>4.<\/strong> Tractament de la informaci\u00f3 escrita<\/span><\/p>\n<p><span style=\"font-weight: 400;\"><strong>5.<\/strong> Tractament de la informaci\u00f3 gr\u00e0fica, sonora i de la imatge en moviment<\/span><\/p>\n<p><span style=\"font-weight: 400;\"><strong>6.<\/strong> Tractament de la informaci\u00f3 num\u00e8rica<\/span><\/p>\n<p><span style=\"font-weight: 400;\"><strong>7.<\/strong> Tractament de les dades<\/span><\/p>\n<p><span style=\"font-weight: 400;\"><strong>8.<\/strong> Presentaci\u00f3 de continguts<\/span><\/td>\n<td style=\"width: 15.8487%;\"><span style=\"font-weight: 400;\">DILLUNS i DIMECRES<\/span><\/p>\n<p><strong>9h-11h<\/strong><\/td>\n<td style=\"width: 15.0307%;\"><span style=\"font-weight: 400;\">DIMARTS i DIJOUS<\/span><\/p>\n<p><strong>17:30h -19:30h<\/strong><\/td>\n<\/tr>\n<tr>\n<td style=\"background-color: #65509c; width: 15.2352%;\">\n<h4><span style=\"font-weight: 400;\">COMPETIC 3<\/span><\/h4>\n<\/td>\n<td style=\"width: 16.6667%;\"><span style=\"font-weight: 400;\">Certificat Avan\u00e7at de l\u2019ACTIC<\/span><\/td>\n<td style=\"width: 37.1165%;\"><span style=\"font-weight: 400;\"><strong>1.<\/strong> Tractament de la informaci\u00f3 escrita<\/span><\/p>\n<p><span style=\"font-weight: 400;\"><strong>2.<\/strong> Tractament de la informaci\u00f3 gr\u00e0fica, sonora i de la imatge en moviment<\/span><\/p>\n<p><span style=\"font-weight: 400;\"><strong>3.<\/strong> Tractament de la informaci\u00f3 num\u00e8rica<\/span><\/td>\n<td style=\"width: 15.8487%;\"><span style=\"font-weight: 400;\">DIMARTS i DIJOUS<\/span><\/p>\n<p><strong>12:30h a 14h<\/strong><\/td>\n<td style=\"width: 15.0307%;\"><\/td>\n<\/tr>\n<\/tbody>\n<\/table>\n","protected":false},"excerpt":{"rendered":"<p>Nivell Equival\u00e8ncia Compet\u00e8ncies Horari MAT\u00cd TARDA COMPETIC INICIAL 1. Tecnologia digital, \u00fas de l&#8217;ordinador i del sistema operatiu 2. Tractament de la informaci\u00f3 escrita 3. Navegaci\u00f3 i comunicaci\u00f3 en el m\u00f3n digital DIMECRES\u00a0 11h a 12:30h DIVENDRES 10h a 11:30h DILLUNS i DIMECRES\u00a0 18h-19:30h COMPETIC 1 Certificat B\u00e0sic de l\u2019ACTIC 1. Tractament de la informaci\u00f3 [&hellip;]<\/p>\n","protected":false},"author":1,"featured_media":0,"parent":286,"menu_order":0,"comment_status":"closed","ping_status":"closed","template":"","meta":{"_bbp_topic_count":0,"_bbp_reply_count":0,"_bbp_total_topic_count":0,"_bbp_total_reply_count":0,"_bbp_voice_count":0,"_bbp_anonymous_reply_count":0,"_bbp_topic_count_hidden":0,"_bbp_reply_count_hidden":0,"_bbp_forum_subforum_count":0,"site-sidebar-layout":"default","site-content-layout":"","ast-site-content-layout":"default","site-content-style":"default","site-sidebar-style":"default","ast-global-header-display":"","ast-banner-title-visibility":"","ast-main-header-display":"","ast-hfb-above-header-display":"","ast-hfb-below-header-display":"","ast-hfb-mobile-header-display":"","site-post-title":"","ast-breadcrumbs-content":"","ast-featured-img":"","footer-sml-layout":"","theme-transparent-header-meta":"default","adv-header-id-meta":"","stick-header-meta":"","header-above-stick-meta":"","header-main-stick-meta":"","header-below-stick-meta":"","astra-migrate-meta-layouts":"set","ast-page-background-enabled":"default","ast-page-background-meta":{"desktop":{"background-color":"var(--ast-global-color-4)","background-image":"","background-repeat":"repeat","background-position":"center center","background-size":"auto","background-attachment":"scroll","background-type":"","background-media":"","overlay-type":"","overlay-color":"","overlay-opacity":"","overlay-gradient":""},"tablet":{"background-color":"","background-image":"","background-repeat":"repeat","background-position":"center center","background-size":"auto","background-attachment":"scroll","background-type":"","background-media":"","overlay-type":"","overlay-color":"","overlay-opacity":"","overlay-gradient":""},"mobile":{"background-color":"","background-image":"","background-repeat":"repeat","background-position":"center center","background-size":"auto","background-attachment":"scroll","background-type":"","background-media":"","overlay-type":"","overlay-color":"","overlay-opacity":"","overlay-gradient":""}},"ast-content-background-meta":{"desktop":{"background-color":"var(--ast-global-color-5)","background-image":"","background-repeat":"repeat","background-position":"center center","background-size":"auto","background-attachment":"scroll","background-type":"","background-media":"","overlay-type":"","overlay-color":"","overlay-opacity":"","overlay-gradient":""},"tablet":{"background-color":"var(--ast-global-color-5)","background-image":"","background-repeat":"repeat","background-position":"center center","background-size":"auto","background-attachment":"scroll","background-type":"","background-media":"","overlay-type":"","overlay-color":"","overlay-opacity":"","overlay-gradient":""},"mobile":{"background-color":"var(--ast-global-color-5)","background-image":"","background-repeat":"repeat","background-position":"center center","background-size":"auto","background-attachment":"scroll","background-type":"","background-media":"","overlay-type":"","overlay-color":"","overlay-opacity":"","overlay-gradient":""}},"footnotes":""},"class_list":["post-316","page","type-page","status-publish","hentry"],"post_mailing_queue_ids":[],"_links":{"self":[{"href":"https:\/\/agora.xtec.cat\/cfapegaso\/wp-json\/wp\/v2\/pages\/316","targetHints":{"allow":["GET"]}}],"collection":[{"href":"https:\/\/agora.xtec.cat\/cfapegaso\/wp-json\/wp\/v2\/pages"}],"about":[{"href":"https:\/\/agora.xtec.cat\/cfapegaso\/wp-json\/wp\/v2\/types\/page"}],"author":[{"embeddable":true,"href":"https:\/\/agora.xtec.cat\/cfapegaso\/wp-json\/wp\/v2\/users\/1"}],"replies":[{"embeddable":true,"href":"https:\/\/agora.xtec.cat\/cfapegaso\/wp-json\/wp\/v2\/comments?post=316"}],"version-history":[{"count":7,"href":"https:\/\/agora.xtec.cat\/cfapegaso\/wp-json\/wp\/v2\/pages\/316\/revisions"}],"predecessor-version":[{"id":4352,"href":"https:\/\/agora.xtec.cat\/cfapegaso\/wp-json\/wp\/v2\/pages\/316\/revisions\/4352"}],"up":[{"embeddable":true,"href":"https:\/\/agora.xtec.cat\/cfapegaso\/wp-json\/wp\/v2\/pages\/286"}],"wp:attachment":[{"href":"https:\/\/agora.xtec.cat\/cfapegaso\/wp-json\/wp\/v2\/media?parent=316"}],"curies":[{"name":"wp","href":"https:\/\/api.w.org\/{rel}","templated":true}]}}