{"id":312,"date":"2015-01-28T11:32:38","date_gmt":"2015-01-28T10:32:38","guid":{"rendered":"http:\/\/agora.xtec.cat\/cfapegaso\/?page_id=312"},"modified":"2026-03-19T10:28:25","modified_gmt":"2026-03-19T09:28:25","slug":"llengua-anglesa","status":"publish","type":"page","link":"https:\/\/agora.xtec.cat\/cfapegaso\/ensenyaments\/ensenyaments-transprofessionals\/llengua-anglesa\/","title":{"rendered":"Llengua anglesa"},"content":{"rendered":"<p style=\"text-align: justify;\">Aquests estudis tenen com a objectiu que les persones adultes assoleixin un grau de compet\u00e8ncia b\u00e0sica per a comunicar-se en llengua anglesa i s&#8217;imparteixen en tres nivells.<\/p>\n<table style=\"width: 100%; height: 568px;\">\n<tbody>\n<tr style=\"height: 68px;\">\n<td style=\"width: 11.4519%; height: 136px;\" rowspan=\"2\">\n<h4><span style=\"color: #d7a6bd;\"><strong>Nivell<\/strong><\/span><\/h4>\n<\/td>\n<td style=\"width: 15.5419%; height: 136px;\" rowspan=\"2\">\n<h5><span style=\"color: #d7a6bd;\"><strong>Equival\u00e8ncia<\/strong><\/span><\/h5>\n<\/td>\n<td style=\"width: 41.411%; height: 136px;\" rowspan=\"2\">\n<h5><span style=\"color: #d7a6bd;\"><strong>Compet\u00e8ncies<\/strong><\/span><\/h5>\n<\/td>\n<td style=\"width: 31.4928%; height: 68px;\" colspan=\"2\">\n<h5><span style=\"color: #d7a6bd;\"><strong>Horari<\/strong><\/span><\/h5>\n<\/td>\n<\/tr>\n<tr style=\"height: 68px;\">\n<td style=\"width: 15.7464%; height: 68px;\">\n<h5><span style=\"color: #d7a6bd;\"><strong>MAT\u00cd<\/strong><\/span><\/h5>\n<\/td>\n<td style=\"width: 15.7464%; height: 68px;\">\n<h5><span style=\"color: #d7a6bd;\"><strong>TARDA<\/strong><\/span><\/h5>\n<\/td>\n<\/tr>\n<tr style=\"height: 144px;\">\n<td style=\"width: 11.4519%; height: 144px; background-color: #ead1dc;\">\n<h4><strong>NIVELL 1<\/strong><\/h4>\n<\/td>\n<td style=\"width: 15.5419%; height: 144px;\">\n<h5><strong>Nivell A1 del MECR<\/strong><\/h5>\n<\/td>\n<td style=\"width: 41.411%; height: 144px;\">\n<h5><strong>Certificat que pot computar com a m\u00e8rit en determinats processos selectius a l\u2019Administraci\u00f3 p\u00fablica<\/strong><\/h5>\n<\/td>\n<td style=\"width: 15.7464%; height: 144px;\">\n<h5><strong>DILLUNS i DIMECRES<\/strong><\/h5>\n<h5><strong>9:30h a 11h<\/strong><\/h5>\n<\/td>\n<td style=\"width: 15.7464%; height: 144px;\">\n<h5><strong>DIMARTS i DIJOUS<\/strong><\/h5>\n<h5><strong>16h a 17:30h<\/strong><\/h5>\n<\/td>\n<\/tr>\n<tr style=\"height: 144px;\">\n<td style=\"width: 11.4519%; height: 144px; background-color: #d7a6bd;\">\n<h4><strong>NIVELL 2<\/strong><\/h4>\n<\/td>\n<td style=\"width: 15.5419%; height: 144px;\">\n<h5><strong>Nivell A2.1 del MECR<\/strong><\/h5>\n<\/td>\n<td style=\"width: 41.411%; height: 144px;\">\n<h5><strong>Certificat que demostra els coneixements de la llengua a l\u2019hora de cercar feina<\/strong><\/h5>\n<\/td>\n<td style=\"width: 15.7464%; height: 144px;\">\n<h5><strong>DILLUNS i DIMECRES<\/strong><\/h5>\n<h5><strong>11:30h a 13:30h<\/strong><\/h5>\n<\/td>\n<td style=\"width: 15.7464%; height: 144px;\">\n<h5><strong>DILLUNS i DIMECRES<\/strong><\/h5>\n<h5><strong>18h a 20h<\/strong><\/h5>\n<\/td>\n<\/tr>\n<tr style=\"height: 144px;\">\n<td style=\"width: 11.4519%; height: 144px; background-color: #c27b9e;\">\n<h4><strong>NIVELL 3<\/strong><\/h4>\n<\/td>\n<td style=\"width: 15.5419%; height: 144px;\">\n<h5><strong>Nivell A2.2 (A2) del MECR<\/strong><\/h5>\n<\/td>\n<td style=\"width: 41.411%; height: 144px;\">\n<h5><strong>Acc\u00e9s directe, sense fer prova de nivell, al 3r curs de les EOI<\/strong><\/h5>\n<\/td>\n<td style=\"width: 15.7464%; height: 144px;\">\n<h5><strong>DIMARTS i DIJOUS<\/strong><\/h5>\n<h5><strong>11:30h a 13:30h<\/strong><\/h5>\n<\/td>\n<td style=\"width: 15.7464%; height: 144px;\">\n<h5><strong>DILLUNS i DIMECRES<\/strong><\/h5>\n<h5><strong>16h a 18h<\/strong><\/h5>\n<\/td>\n<\/tr>\n<\/tbody>\n<\/table>\n","protected":false},"excerpt":{"rendered":"<p>Aquests estudis tenen com a objectiu que les persones adultes assoleixin un grau de compet\u00e8ncia b\u00e0sica per a comunicar-se en llengua anglesa i s&#8217;imparteixen en tres nivells. Nivell Equival\u00e8ncia Compet\u00e8ncies Horari MAT\u00cd TARDA NIVELL 1 Nivell A1 del MECR Certificat que pot computar com a m\u00e8rit en determinats processos selectius a l\u2019Administraci\u00f3 p\u00fablica DILLUNS i [&hellip;]<\/p>\n","protected":false},"author":1,"featured_media":0,"parent":286,"menu_order":0,"comment_status":"closed","ping_status":"closed","template":"","meta":{"_bbp_topic_count":0,"_bbp_reply_count":0,"_bbp_total_topic_count":0,"_bbp_total_reply_count":0,"_bbp_voice_count":0,"_bbp_anonymous_reply_count":0,"_bbp_topic_count_hidden":0,"_bbp_reply_count_hidden":0,"_bbp_forum_subforum_count":0,"site-sidebar-layout":"default","site-content-layout":"","ast-site-content-layout":"default","site-content-style":"default","site-sidebar-style":"default","ast-global-header-display":"","ast-banner-title-visibility":"","ast-main-header-display":"","ast-hfb-above-header-display":"","ast-hfb-below-header-display":"","ast-hfb-mobile-header-display":"","site-post-title":"","ast-breadcrumbs-content":"","ast-featured-img":"","footer-sml-layout":"","theme-transparent-header-meta":"default","adv-header-id-meta":"","stick-header-meta":"","header-above-stick-meta":"","header-main-stick-meta":"","header-below-stick-meta":"","astra-migrate-meta-layouts":"set","ast-page-background-enabled":"default","ast-page-background-meta":{"desktop":{"background-color":"var(--ast-global-color-4)","background-image":"","background-repeat":"repeat","background-position":"center center","background-size":"auto","background-attachment":"scroll","background-type":"","background-media":"","overlay-type":"","overlay-color":"","overlay-opacity":"","overlay-gradient":""},"tablet":{"background-color":"","background-image":"","background-repeat":"repeat","background-position":"center center","background-size":"auto","background-attachment":"scroll","background-type":"","background-media":"","overlay-type":"","overlay-color":"","overlay-opacity":"","overlay-gradient":""},"mobile":{"background-color":"","background-image":"","background-repeat":"repeat","background-position":"center center","background-size":"auto","background-attachment":"scroll","background-type":"","background-media":"","overlay-type":"","overlay-color":"","overlay-opacity":"","overlay-gradient":""}},"ast-content-background-meta":{"desktop":{"background-color":"var(--ast-global-color-5)","background-image":"","background-repeat":"repeat","background-position":"center center","background-size":"auto","background-attachment":"scroll","background-type":"","background-media":"","overlay-type":"","overlay-color":"","overlay-opacity":"","overlay-gradient":""},"tablet":{"background-color":"var(--ast-global-color-5)","background-image":"","background-repeat":"repeat","background-position":"center center","background-size":"auto","background-attachment":"scroll","background-type":"","background-media":"","overlay-type":"","overlay-color":"","overlay-opacity":"","overlay-gradient":""},"mobile":{"background-color":"var(--ast-global-color-5)","background-image":"","background-repeat":"repeat","background-position":"center center","background-size":"auto","background-attachment":"scroll","background-type":"","background-media":"","overlay-type":"","overlay-color":"","overlay-opacity":"","overlay-gradient":""}},"footnotes":""},"class_list":["post-312","page","type-page","status-publish","hentry"],"post_mailing_queue_ids":[],"_links":{"self":[{"href":"https:\/\/agora.xtec.cat\/cfapegaso\/wp-json\/wp\/v2\/pages\/312","targetHints":{"allow":["GET"]}}],"collection":[{"href":"https:\/\/agora.xtec.cat\/cfapegaso\/wp-json\/wp\/v2\/pages"}],"about":[{"href":"https:\/\/agora.xtec.cat\/cfapegaso\/wp-json\/wp\/v2\/types\/page"}],"author":[{"embeddable":true,"href":"https:\/\/agora.xtec.cat\/cfapegaso\/wp-json\/wp\/v2\/users\/1"}],"replies":[{"embeddable":true,"href":"https:\/\/agora.xtec.cat\/cfapegaso\/wp-json\/wp\/v2\/comments?post=312"}],"version-history":[{"count":6,"href":"https:\/\/agora.xtec.cat\/cfapegaso\/wp-json\/wp\/v2\/pages\/312\/revisions"}],"predecessor-version":[{"id":2892,"href":"https:\/\/agora.xtec.cat\/cfapegaso\/wp-json\/wp\/v2\/pages\/312\/revisions\/2892"}],"up":[{"embeddable":true,"href":"https:\/\/agora.xtec.cat\/cfapegaso\/wp-json\/wp\/v2\/pages\/286"}],"wp:attachment":[{"href":"https:\/\/agora.xtec.cat\/cfapegaso\/wp-json\/wp\/v2\/media?parent=312"}],"curies":[{"name":"wp","href":"https:\/\/api.w.org\/{rel}","templated":true}]}}