{"id":301,"date":"2015-01-28T11:21:46","date_gmt":"2015-01-28T10:21:46","guid":{"rendered":"http:\/\/agora.xtec.cat\/cfapegaso\/?page_id=301"},"modified":"2026-03-19T10:01:08","modified_gmt":"2026-03-19T09:01:08","slug":"formacio-instrumental","status":"publish","type":"page","link":"https:\/\/agora.xtec.cat\/cfapegaso\/ensenyaments\/ensenyaments-inicials-i-formacio-basica\/formacio-instrumental\/","title":{"rendered":"Formaci\u00f3 instrumental"},"content":{"rendered":"<p dir=\"ltr\" style=\"text-align: justify;\"><span style=\"font-size: medium;\">La formaci\u00f3 instrumental \u00e9s el conjunt d&#8217;activitats i processos formatius que abasten des de l&#8217;aprenentatge de la lectoescriptura i el c\u00e0lcul elemental, fins que l&#8217;alumne est\u00e0 en disposici\u00f3 d&#8217;incorporar-se amb garanties d&#8217;\u00e8xit als ensenyaments per a l&#8217;obtenci\u00f3 del t\u00edtol de graduat en educaci\u00f3 secund\u00e0ria obligat\u00f2ria. Est\u00e0 distribu\u00eft en quatre nivells: CF1, CF2, CF3 i CF4.<\/span><\/p>\n<div id=\"html-modal-content-5e9838e163b9e50d808f9307\" class=\"modal-content\">\n<table>\n<tbody>\n<tr>\n<td>\n<h4><span style=\"font-weight: 400; color: #fed866;\">Nivell<\/span><\/h4>\n<\/td>\n<td>\n<h5><span style=\"font-weight: 400; color: #fed866;\">Equival\u00e8ncia<\/span><\/h5>\n<\/td>\n<td>\n<h5><span style=\"font-weight: 400; color: #fed866;\">Compet\u00e8ncies<\/span><\/h5>\n<\/td>\n<td>\n<h5><span style=\"font-weight: 400; color: #fed866;\">Horari<\/span><\/h5>\n<\/td>\n<\/tr>\n<tr>\n<td style=\"background-color: #fff2cc;\">\n<h4><span style=\"font-weight: 400;\">CF1<\/span><\/h4>\n<\/td>\n<td>Alfabetitzaci\u00f3 (nivell 1)<\/td>\n<td rowspan=\"4\">\n<ul>\n<li style=\"font-weight: 400;\" aria-level=\"1\">Assolir compet\u00e8ncies clau.<\/li>\n<li style=\"font-weight: 400;\" aria-level=\"1\">Assolir compet\u00e8ncies necess\u00e0ries per accedir a altres ensenyaments.<\/li>\n<li style=\"font-weight: 400;\" aria-level=\"1\">Adaptaci\u00f3 a nous paradigmes i necessitats educatives.<\/li>\n<li style=\"font-weight: 400;\" aria-level=\"1\">Curr\u00edculum amb una estructura flexible i capacitat d\u2019adaptaci\u00f3.<\/li>\n<\/ul>\n<\/td>\n<td>DILLUNS a DIJOUS9:30h a 11:30h<\/td>\n<\/tr>\n<tr>\n<td style=\"background-color: #ffe799;\">\n<h4><span style=\"font-weight: 400;\">CF2<\/span><\/h4>\n<\/td>\n<td>Alfabetitzaci\u00f3 (nivell 2)<\/td>\n<td>DIMARTS i DIJOUS11:30h a 13:30hDIVENDRES9:30h a 11:30h<\/td>\n<\/tr>\n<tr>\n<td style=\"background-color: #fed866;\">\n<h4><span style=\"font-weight: 400;\">CF3<\/span><\/h4>\n<\/td>\n<td>Neolectors<\/td>\n<td>DILLUNS, DIMARTS i DIJOUS9:30h a 11:30h<\/td>\n<\/tr>\n<tr>\n<td style=\"background-color: #f0c22f;\">\n<h4><span style=\"font-weight: 400;\">CF4<\/span><\/h4>\n<\/td>\n<td>Pre-GES<\/td>\n<td>DILLUNS a DIJOUS16h a 18h<\/td>\n<\/tr>\n<\/tbody>\n<\/table>\n<p>&nbsp;<\/p>\n<\/div>\n<p>&nbsp;<\/p>\n","protected":false},"excerpt":{"rendered":"<p>La formaci\u00f3 instrumental \u00e9s el conjunt d&#8217;activitats i processos formatius que abasten des de l&#8217;aprenentatge de la lectoescriptura i el c\u00e0lcul elemental, fins que l&#8217;alumne est\u00e0 en disposici\u00f3 d&#8217;incorporar-se amb garanties d&#8217;\u00e8xit als ensenyaments per a l&#8217;obtenci\u00f3 del t\u00edtol de graduat en educaci\u00f3 secund\u00e0ria obligat\u00f2ria. Est\u00e0 distribu\u00eft en quatre nivells: CF1, CF2, CF3 i CF4. [&hellip;]<\/p>\n","protected":false},"author":1,"featured_media":0,"parent":283,"menu_order":0,"comment_status":"closed","ping_status":"closed","template":"","meta":{"_bbp_topic_count":0,"_bbp_reply_count":0,"_bbp_total_topic_count":0,"_bbp_total_reply_count":0,"_bbp_voice_count":0,"_bbp_anonymous_reply_count":0,"_bbp_topic_count_hidden":0,"_bbp_reply_count_hidden":0,"_bbp_forum_subforum_count":0,"site-sidebar-layout":"default","site-content-layout":"","ast-site-content-layout":"default","site-content-style":"default","site-sidebar-style":"default","ast-global-header-display":"","ast-banner-title-visibility":"","ast-main-header-display":"","ast-hfb-above-header-display":"","ast-hfb-below-header-display":"","ast-hfb-mobile-header-display":"","site-post-title":"","ast-breadcrumbs-content":"","ast-featured-img":"","footer-sml-layout":"","theme-transparent-header-meta":"default","adv-header-id-meta":"","stick-header-meta":"","header-above-stick-meta":"","header-main-stick-meta":"","header-below-stick-meta":"","astra-migrate-meta-layouts":"set","ast-page-background-enabled":"default","ast-page-background-meta":{"desktop":{"background-color":"var(--ast-global-color-4)","background-image":"","background-repeat":"repeat","background-position":"center center","background-size":"auto","background-attachment":"scroll","background-type":"","background-media":"","overlay-type":"","overlay-color":"","overlay-opacity":"","overlay-gradient":""},"tablet":{"background-color":"","background-image":"","background-repeat":"repeat","background-position":"center center","background-size":"auto","background-attachment":"scroll","background-type":"","background-media":"","overlay-type":"","overlay-color":"","overlay-opacity":"","overlay-gradient":""},"mobile":{"background-color":"","background-image":"","background-repeat":"repeat","background-position":"center center","background-size":"auto","background-attachment":"scroll","background-type":"","background-media":"","overlay-type":"","overlay-color":"","overlay-opacity":"","overlay-gradient":""}},"ast-content-background-meta":{"desktop":{"background-color":"var(--ast-global-color-5)","background-image":"","background-repeat":"repeat","background-position":"center center","background-size":"auto","background-attachment":"scroll","background-type":"","background-media":"","overlay-type":"","overlay-color":"","overlay-opacity":"","overlay-gradient":""},"tablet":{"background-color":"var(--ast-global-color-5)","background-image":"","background-repeat":"repeat","background-position":"center center","background-size":"auto","background-attachment":"scroll","background-type":"","background-media":"","overlay-type":"","overlay-color":"","overlay-opacity":"","overlay-gradient":""},"mobile":{"background-color":"var(--ast-global-color-5)","background-image":"","background-repeat":"repeat","background-position":"center center","background-size":"auto","background-attachment":"scroll","background-type":"","background-media":"","overlay-type":"","overlay-color":"","overlay-opacity":"","overlay-gradient":""}},"footnotes":""},"class_list":["post-301","page","type-page","status-publish","hentry"],"post_mailing_queue_ids":[],"_links":{"self":[{"href":"https:\/\/agora.xtec.cat\/cfapegaso\/wp-json\/wp\/v2\/pages\/301","targetHints":{"allow":["GET"]}}],"collection":[{"href":"https:\/\/agora.xtec.cat\/cfapegaso\/wp-json\/wp\/v2\/pages"}],"about":[{"href":"https:\/\/agora.xtec.cat\/cfapegaso\/wp-json\/wp\/v2\/types\/page"}],"author":[{"embeddable":true,"href":"https:\/\/agora.xtec.cat\/cfapegaso\/wp-json\/wp\/v2\/users\/1"}],"replies":[{"embeddable":true,"href":"https:\/\/agora.xtec.cat\/cfapegaso\/wp-json\/wp\/v2\/comments?post=301"}],"version-history":[{"count":6,"href":"https:\/\/agora.xtec.cat\/cfapegaso\/wp-json\/wp\/v2\/pages\/301\/revisions"}],"predecessor-version":[{"id":4343,"href":"https:\/\/agora.xtec.cat\/cfapegaso\/wp-json\/wp\/v2\/pages\/301\/revisions\/4343"}],"up":[{"embeddable":true,"href":"https:\/\/agora.xtec.cat\/cfapegaso\/wp-json\/wp\/v2\/pages\/283"}],"wp:attachment":[{"href":"https:\/\/agora.xtec.cat\/cfapegaso\/wp-json\/wp\/v2\/media?parent=301"}],"curies":[{"name":"wp","href":"https:\/\/api.w.org\/{rel}","templated":true}]}}