{"id":299,"date":"2015-01-28T11:21:22","date_gmt":"2015-01-28T10:21:22","guid":{"rendered":"http:\/\/agora.xtec.cat\/cfapegaso\/?page_id=299"},"modified":"2026-03-11T13:04:40","modified_gmt":"2026-03-11T12:04:40","slug":"llengua-castellana","status":"publish","type":"page","link":"https:\/\/agora.xtec.cat\/cfapegaso\/ensenyaments\/ensenyaments-inicials-i-formacio-basica\/llengua-castellana\/","title":{"rendered":"Llengua castellana"},"content":{"rendered":"<p>L&#8217;objectiu d&#8217;aquests ensenyaments \u00e9s que les persones adultes assoleixin un grau de compet\u00e8ncia m\u00ednima en llengua castellana.<\/p>\n<p>&nbsp;<\/p>\n<table style=\"width: 100%;\">\n<tbody>\n<tr>\n<td style=\"width: 13.4969%;\">\n<h4><span style=\"font-weight: 400; color: #b7d6a7;\">Nivell<\/span><\/h4>\n<\/td>\n<td style=\"width: 13.9059%;\">\n<h5><span style=\"font-weight: 400; color: #91c67d;\">Equival\u00e8ncia<\/span><\/h5>\n<\/td>\n<td style=\"width: 58.18%;\">\n<h5><span style=\"font-weight: 400; color: #91c67d;\">Compet\u00e8ncies<\/span><\/h5>\n<\/td>\n<td style=\"width: 14.4172%;\">\n<h5><span style=\"font-weight: 400; color: #91c67d;\">Horari<\/span><\/h5>\n<\/td>\n<\/tr>\n<tr>\n<td style=\"width: 13.4969%; background-color: #d9ead3;\">\n<h4><span style=\"font-weight: 400;\">NIVELL 1<\/span><\/h4>\n<\/td>\n<td style=\"width: 13.9059%;\">Nivell A1 del MECR<\/td>\n<td style=\"width: 58.18%;\">L\u2019objectiu d\u2019aquest ensenyament \u00e9s aconseguir un desenvolupament oral en llengua castellana que faciliti les tasques quotidianes i iniciar-se en la llengua escrita. Va adre\u00e7at b\u00e0sicament a aquelles persones que no parlen ni entenen l\u2019idioma.La durada d\u2019aquest curs \u00e9s d\u2019un quadrimestre i les classes s\u00f3n di\u00e0ries de dilluns a dijous.<\/td>\n<td style=\"width: 14.4172%;\">DILLUNS a DIJOUSDe setembre a febrer\u00a011:30h a 13hDe febrer a juny\u00a016h a 17:30h<\/td>\n<\/tr>\n<tr>\n<td style=\"width: 13.4969%; background-color: #b7d6a7;\">\n<h4><span style=\"font-weight: 400;\">NIVELL 2<\/span><\/h4>\n<\/td>\n<td style=\"width: 13.9059%;\">Nivell A2 del MECR<\/td>\n<td style=\"width: 58.18%;\">Aquest nivell va adre\u00e7at a aquelles persones que tenen un cert coneixement de la llengua castellana, per la qual cosa l\u2019objectiu \u00e9s refor\u00e7ar el nivell oral i escrit d\u2019aquest idioma i iniciar-se en l\u2019 estudi de la gram\u00e0tica.La durada d\u2019aquest curs \u00e9s d\u2019un quadrimestre i les classes s\u00f3n di\u00e0ries de dilluns a dijous.<\/td>\n<td style=\"width: 14.4172%;\">DILLUNS a DIJOUS\u00a0De setembre a febrer\u00a016h a 18hDe febrer a juny\u00a011:30h a 13:30h<\/td>\n<\/tr>\n<tr>\n<td style=\"width: 13.4969%; background-color: #91c67d;\">\n<h4><span style=\"font-weight: 400;\">NIVELL 3<\/span><\/h4>\n<\/td>\n<td style=\"width: 13.9059%;\">Nivell B1 del MECR<\/td>\n<td style=\"width: 58.18%;\">T\u00e9 com a finalitat principal que l\u2019alumnat sigui competent en l\u2019\u00fas de l\u2019idioma en situacions quotidianes i tamb\u00e9 menys habituals en els \u00e0mbits personal, p\u00fablic, professional i educatiu.<\/td>\n<td style=\"width: 14.4172%;\">DIMARTS i DIJOUS\u00a018h a 20h<\/td>\n<\/tr>\n<\/tbody>\n<\/table>\n","protected":false},"excerpt":{"rendered":"<p>L&#8217;objectiu d&#8217;aquests ensenyaments \u00e9s que les persones adultes assoleixin un grau de compet\u00e8ncia m\u00ednima en llengua castellana. &nbsp; Nivell Equival\u00e8ncia Compet\u00e8ncies Horari NIVELL 1 Nivell A1 del MECR L\u2019objectiu d\u2019aquest ensenyament \u00e9s aconseguir un desenvolupament oral en llengua castellana que faciliti les tasques quotidianes i iniciar-se en la llengua escrita. Va adre\u00e7at b\u00e0sicament a aquelles [&hellip;]<\/p>\n","protected":false},"author":1,"featured_media":0,"parent":283,"menu_order":0,"comment_status":"closed","ping_status":"closed","template":"","meta":{"_bbp_topic_count":0,"_bbp_reply_count":0,"_bbp_total_topic_count":0,"_bbp_total_reply_count":0,"_bbp_voice_count":0,"_bbp_anonymous_reply_count":0,"_bbp_topic_count_hidden":0,"_bbp_reply_count_hidden":0,"_bbp_forum_subforum_count":0,"site-sidebar-layout":"default","site-content-layout":"","ast-site-content-layout":"default","site-content-style":"default","site-sidebar-style":"default","ast-global-header-display":"","ast-banner-title-visibility":"","ast-main-header-display":"","ast-hfb-above-header-display":"","ast-hfb-below-header-display":"","ast-hfb-mobile-header-display":"","site-post-title":"","ast-breadcrumbs-content":"","ast-featured-img":"","footer-sml-layout":"","theme-transparent-header-meta":"default","adv-header-id-meta":"","stick-header-meta":"","header-above-stick-meta":"","header-main-stick-meta":"","header-below-stick-meta":"","astra-migrate-meta-layouts":"set","ast-page-background-enabled":"default","ast-page-background-meta":{"desktop":{"background-color":"var(--ast-global-color-4)","background-image":"","background-repeat":"repeat","background-position":"center center","background-size":"auto","background-attachment":"scroll","background-type":"","background-media":"","overlay-type":"","overlay-color":"","overlay-opacity":"","overlay-gradient":""},"tablet":{"background-color":"","background-image":"","background-repeat":"repeat","background-position":"center center","background-size":"auto","background-attachment":"scroll","background-type":"","background-media":"","overlay-type":"","overlay-color":"","overlay-opacity":"","overlay-gradient":""},"mobile":{"background-color":"","background-image":"","background-repeat":"repeat","background-position":"center center","background-size":"auto","background-attachment":"scroll","background-type":"","background-media":"","overlay-type":"","overlay-color":"","overlay-opacity":"","overlay-gradient":""}},"ast-content-background-meta":{"desktop":{"background-color":"var(--ast-global-color-5)","background-image":"","background-repeat":"repeat","background-position":"center center","background-size":"auto","background-attachment":"scroll","background-type":"","background-media":"","overlay-type":"","overlay-color":"","overlay-opacity":"","overlay-gradient":""},"tablet":{"background-color":"var(--ast-global-color-5)","background-image":"","background-repeat":"repeat","background-position":"center center","background-size":"auto","background-attachment":"scroll","background-type":"","background-media":"","overlay-type":"","overlay-color":"","overlay-opacity":"","overlay-gradient":""},"mobile":{"background-color":"var(--ast-global-color-5)","background-image":"","background-repeat":"repeat","background-position":"center center","background-size":"auto","background-attachment":"scroll","background-type":"","background-media":"","overlay-type":"","overlay-color":"","overlay-opacity":"","overlay-gradient":""}},"footnotes":""},"class_list":["post-299","page","type-page","status-publish","hentry"],"post_mailing_queue_ids":[],"_links":{"self":[{"href":"https:\/\/agora.xtec.cat\/cfapegaso\/wp-json\/wp\/v2\/pages\/299","targetHints":{"allow":["GET"]}}],"collection":[{"href":"https:\/\/agora.xtec.cat\/cfapegaso\/wp-json\/wp\/v2\/pages"}],"about":[{"href":"https:\/\/agora.xtec.cat\/cfapegaso\/wp-json\/wp\/v2\/types\/page"}],"author":[{"embeddable":true,"href":"https:\/\/agora.xtec.cat\/cfapegaso\/wp-json\/wp\/v2\/users\/1"}],"replies":[{"embeddable":true,"href":"https:\/\/agora.xtec.cat\/cfapegaso\/wp-json\/wp\/v2\/comments?post=299"}],"version-history":[{"count":7,"href":"https:\/\/agora.xtec.cat\/cfapegaso\/wp-json\/wp\/v2\/pages\/299\/revisions"}],"predecessor-version":[{"id":4314,"href":"https:\/\/agora.xtec.cat\/cfapegaso\/wp-json\/wp\/v2\/pages\/299\/revisions\/4314"}],"up":[{"embeddable":true,"href":"https:\/\/agora.xtec.cat\/cfapegaso\/wp-json\/wp\/v2\/pages\/283"}],"wp:attachment":[{"href":"https:\/\/agora.xtec.cat\/cfapegaso\/wp-json\/wp\/v2\/media?parent=299"}],"curies":[{"name":"wp","href":"https:\/\/api.w.org\/{rel}","templated":true}]}}