{"id":296,"date":"2015-01-28T11:18:08","date_gmt":"2015-01-28T10:18:08","guid":{"rendered":"http:\/\/agora.xtec.cat\/cfapegaso\/?page_id=296"},"modified":"2026-03-11T13:10:09","modified_gmt":"2026-03-11T12:10:09","slug":"llengua-catalana","status":"publish","type":"page","link":"https:\/\/agora.xtec.cat\/cfapegaso\/ensenyaments\/ensenyaments-inicials-i-formacio-basica\/llengua-catalana\/","title":{"rendered":"Llengua catalana"},"content":{"rendered":"<p style=\"text-align: justify;\"><span style=\"font-size: medium;\"><span lang=\"CA\">Aquests estudis, que tenen com a objectiu que les persones adultes assoleixin un grau de compet\u00e8ncia m\u00ednima en llengua catalana, s&#8217;imparteixen en tres nivells:<\/span><\/span><\/p>\n<div><\/div>\n<p>&nbsp;<\/p>\n<table style=\"border-collapse: collapse; width: 100%; height: 350px;\">\n<tbody>\n<tr style=\"height: 30px;\">\n<td style=\"width: 20%; height: 62px;\" rowspan=\"2\">\n<h4><span style=\"color: #6fa8db;\"><strong>Nivell<\/strong><\/span><\/h4>\n<\/td>\n<td style=\"width: 20%; height: 62px;\" rowspan=\"2\">\n<h5><span style=\"color: #6fa8db;\"><strong>Equival\u00e8ncia<\/strong><\/span><\/h5>\n<\/td>\n<td style=\"width: 20%; height: 62px;\" rowspan=\"2\">\n<h5><span style=\"color: #6fa8db;\"><strong>Compet\u00e8ncies<\/strong><\/span><\/h5>\n<\/td>\n<td style=\"width: 40%; height: 30px;\" colspan=\"2\">\n<h5><span style=\"color: #6fa8db;\"><strong>Horari<\/strong><\/span><\/h5>\n<\/td>\n<\/tr>\n<tr style=\"height: 32px;\">\n<td style=\"width: 20%; height: 32px;\">\n<h5><span style=\"color: #6fa8db;\"><strong>MAT\u00cd<\/strong><\/span><\/h5>\n<\/td>\n<td style=\"width: 20%; height: 32px;\">\n<h5><span style=\"color: #6fa8db;\"><strong>TARDA<\/strong><\/span><\/h5>\n<\/td>\n<\/tr>\n<tr style=\"height: 96px;\">\n<td style=\"width: 20%; height: 96px; background-color: #cfe2f3;\">\n<h4><strong>NIVELL 1<\/strong><\/h4>\n<\/td>\n<td style=\"width: 20%; height: 96px;\">Nivell A1 del MECR<\/td>\n<td style=\"width: 20%; height: 96px;\">Certificat que pot computar com a m\u00e8rit en determinats processos selectius a l\u2019Administraci\u00f3 p\u00fablica<\/td>\n<td style=\"width: 20%; height: 96px;\">DILLUNS i DIMECRES9:30h a 11h<\/td>\n<td style=\"width: 20%; height: 96px;\">DIMARTS i DIJOUS16h a 17:30h<\/td>\n<\/tr>\n<tr style=\"height: 96px;\">\n<td style=\"width: 20%; height: 96px; background-color: #9fc5e8;\">\n<h4><strong>NIVELL 2<\/strong><\/h4>\n<\/td>\n<td style=\"width: 20%; height: 96px;\">Nivell A2.1 del MECR<\/td>\n<td style=\"width: 20%; height: 96px;\">Certificat que demostra els coneixements de la llengua a l\u2019hora de cercar feina<\/td>\n<td style=\"width: 20%; height: 96px;\">DILLUNS i DIMECRES11:30h a 13:30h<\/td>\n<td style=\"width: 20%; height: 96px;\">DILLUNS i DIMECRES18h a 20h<\/td>\n<\/tr>\n<tr style=\"height: 96px;\">\n<td style=\"width: 20%; height: 96px; background-color: #6fa8db;\">\n<h4><strong>NIVELL 3<\/strong><\/h4>\n<\/td>\n<td style=\"width: 20%; height: 96px;\">Nivell A2.2 (A2) del MECR<\/td>\n<td style=\"width: 20%; height: 96px;\">Acc\u00e9s directe, sense fer prova de nivell, al 3r curs de les EOI<\/td>\n<td style=\"width: 20%; height: 96px;\">DIMARTS i DIJOUS11:30h a 13:30h<\/td>\n<td style=\"width: 20%; height: 96px;\">DILLUNS i DIMECRES16h a 18h<\/td>\n<\/tr>\n<\/tbody>\n<\/table>\n","protected":false},"excerpt":{"rendered":"<p>Aquests estudis, que tenen com a objectiu que les persones adultes assoleixin un grau de compet\u00e8ncia m\u00ednima en llengua catalana, s&#8217;imparteixen en tres nivells: &nbsp; Nivell Equival\u00e8ncia Compet\u00e8ncies Horari MAT\u00cd TARDA NIVELL 1 Nivell A1 del MECR Certificat que pot computar com a m\u00e8rit en determinats processos selectius a l\u2019Administraci\u00f3 p\u00fablica DILLUNS i DIMECRES9:30h a [&hellip;]<\/p>\n","protected":false},"author":1,"featured_media":0,"parent":283,"menu_order":0,"comment_status":"closed","ping_status":"closed","template":"","meta":{"_bbp_topic_count":0,"_bbp_reply_count":0,"_bbp_total_topic_count":0,"_bbp_total_reply_count":0,"_bbp_voice_count":0,"_bbp_anonymous_reply_count":0,"_bbp_topic_count_hidden":0,"_bbp_reply_count_hidden":0,"_bbp_forum_subforum_count":0,"site-sidebar-layout":"default","site-content-layout":"","ast-site-content-layout":"default","site-content-style":"default","site-sidebar-style":"default","ast-global-header-display":"","ast-banner-title-visibility":"","ast-main-header-display":"","ast-hfb-above-header-display":"","ast-hfb-below-header-display":"","ast-hfb-mobile-header-display":"","site-post-title":"","ast-breadcrumbs-content":"","ast-featured-img":"","footer-sml-layout":"","theme-transparent-header-meta":"default","adv-header-id-meta":"","stick-header-meta":"","header-above-stick-meta":"","header-main-stick-meta":"","header-below-stick-meta":"","astra-migrate-meta-layouts":"set","ast-page-background-enabled":"default","ast-page-background-meta":{"desktop":{"background-color":"var(--ast-global-color-4)","background-image":"","background-repeat":"repeat","background-position":"center center","background-size":"auto","background-attachment":"scroll","background-type":"","background-media":"","overlay-type":"","overlay-color":"","overlay-opacity":"","overlay-gradient":""},"tablet":{"background-color":"","background-image":"","background-repeat":"repeat","background-position":"center center","background-size":"auto","background-attachment":"scroll","background-type":"","background-media":"","overlay-type":"","overlay-color":"","overlay-opacity":"","overlay-gradient":""},"mobile":{"background-color":"","background-image":"","background-repeat":"repeat","background-position":"center center","background-size":"auto","background-attachment":"scroll","background-type":"","background-media":"","overlay-type":"","overlay-color":"","overlay-opacity":"","overlay-gradient":""}},"ast-content-background-meta":{"desktop":{"background-color":"var(--ast-global-color-5)","background-image":"","background-repeat":"repeat","background-position":"center center","background-size":"auto","background-attachment":"scroll","background-type":"","background-media":"","overlay-type":"","overlay-color":"","overlay-opacity":"","overlay-gradient":""},"tablet":{"background-color":"var(--ast-global-color-5)","background-image":"","background-repeat":"repeat","background-position":"center center","background-size":"auto","background-attachment":"scroll","background-type":"","background-media":"","overlay-type":"","overlay-color":"","overlay-opacity":"","overlay-gradient":""},"mobile":{"background-color":"var(--ast-global-color-5)","background-image":"","background-repeat":"repeat","background-position":"center center","background-size":"auto","background-attachment":"scroll","background-type":"","background-media":"","overlay-type":"","overlay-color":"","overlay-opacity":"","overlay-gradient":""}},"footnotes":""},"class_list":["post-296","page","type-page","status-publish","hentry"],"post_mailing_queue_ids":[],"_links":{"self":[{"href":"https:\/\/agora.xtec.cat\/cfapegaso\/wp-json\/wp\/v2\/pages\/296","targetHints":{"allow":["GET"]}}],"collection":[{"href":"https:\/\/agora.xtec.cat\/cfapegaso\/wp-json\/wp\/v2\/pages"}],"about":[{"href":"https:\/\/agora.xtec.cat\/cfapegaso\/wp-json\/wp\/v2\/types\/page"}],"author":[{"embeddable":true,"href":"https:\/\/agora.xtec.cat\/cfapegaso\/wp-json\/wp\/v2\/users\/1"}],"replies":[{"embeddable":true,"href":"https:\/\/agora.xtec.cat\/cfapegaso\/wp-json\/wp\/v2\/comments?post=296"}],"version-history":[{"count":6,"href":"https:\/\/agora.xtec.cat\/cfapegaso\/wp-json\/wp\/v2\/pages\/296\/revisions"}],"predecessor-version":[{"id":4317,"href":"https:\/\/agora.xtec.cat\/cfapegaso\/wp-json\/wp\/v2\/pages\/296\/revisions\/4317"}],"up":[{"embeddable":true,"href":"https:\/\/agora.xtec.cat\/cfapegaso\/wp-json\/wp\/v2\/pages\/283"}],"wp:attachment":[{"href":"https:\/\/agora.xtec.cat\/cfapegaso\/wp-json\/wp\/v2\/media?parent=296"}],"curies":[{"name":"wp","href":"https:\/\/api.w.org\/{rel}","templated":true}]}}