{"id":274,"date":"2015-01-27T17:56:20","date_gmt":"2015-01-27T16:56:20","guid":{"rendered":"http:\/\/agora.xtec.cat\/cfapegaso\/?page_id=274"},"modified":"2026-03-19T12:27:05","modified_gmt":"2026-03-19T11:27:05","slug":"ensenyaments","status":"publish","type":"page","link":"https:\/\/agora.xtec.cat\/cfapegaso\/ensenyaments\/","title":{"rendered":"OFERTA FORMATIVA 2025-26"},"content":{"rendered":"<table style=\"height: 426px; width: 86.6857%;\" width=\"100%\" cellspacing=\"0\" cellpadding=\"4\">\n<colgroup>\n<col width=\"68*\" \/>\n<col width=\"60*\" \/>\n<col width=\"64*\" \/>\n<col width=\"64*\" \/> <\/colgroup>\n<tbody>\n<tr style=\"height: 57px;\" valign=\"top\">\n<td style=\"height: 87px; width: 23.8626%;\" width=\"26%\">\n<h4 align=\"center\"><span style=\"color: #000000;\"><strong><span lang=\"ca-ES\"><b>FORMACI\u00d3 B\u00c0SICA<\/b><\/span><\/strong><\/span><\/h4>\n<\/td>\n<td style=\"height: 87px; width: 28.985%;\" width=\"24%\">\n<h4 align=\"center\"><span style=\"color: #000000;\"><strong><span lang=\"ca-ES\"><b>PREPARACI\u00d3 PROVES D&#8217;ACC\u00c9S<\/b><\/span><\/strong><\/span><\/h4>\n<\/td>\n<td style=\"height: 87px; width: 28.6271%;\" width=\"25%\">\n<h4 align=\"center\"><span style=\"color: #000000;\"><strong><span lang=\"ca-ES\"><b>LLENG\u00dcES<\/b><\/span><\/strong><\/span><\/h4>\n<\/td>\n<td style=\"height: 87px; width: 11.7241%;\" width=\"25%\">\n<h4 lang=\"ca-ES\" align=\"center\"><span style=\"color: #000000;\"><b>INFORM\u00c0TICA<\/b><\/span><\/h4>\n<\/td>\n<\/tr>\n<tr style=\"height: 137px;\">\n<td style=\"background: none 0% 0% repeat scroll #ffffcc; height: 51px; width: 23.8626%;\" valign=\"top\" bgcolor=\"#ffffcc\" width=\"26%\">\n<h5 lang=\"ca-ES\"><span style=\"color: #000000;\"><strong>Alfabetitzaci\u00f3 <\/strong><\/span><\/h5>\n<h5 lang=\"ca-ES\"><span style=\"color: #000000;\"><strong>1 i 2<\/strong><\/span><\/h5>\n<h5 lang=\"ca-ES\"><\/h5>\n<h5 lang=\"ca-ES\"><span style=\"color: #000000;\"><strong>Neolectors<\/strong><\/span><\/h5>\n<p>&nbsp;<\/p>\n<p><strong style=\"color: #000000; font-size: 1.125em;\">Pre-GES<\/strong><\/td>\n<td style=\"background: none 0% 0% repeat scroll #ccffcc; height: 51px; width: 28.985%;\" bgcolor=\"#ccffcc\" width=\"24%\">\n<h5 lang=\"ca-ES\" style=\"text-align: left;\"><span style=\"color: #000000;\"><strong>Acc\u00e9s a Cicles Formatius de Grau Superior<\/strong><\/span><\/h5>\n<\/td>\n<td style=\"background: none 0% 0% repeat scroll #cfe7f5; height: 51px; width: 28.6271%;\" bgcolor=\"#cfe7f5\" width=\"25%\">\n<h5 lang=\"ca-ES\" style=\"text-align: center;\"><span style=\"color: #000000;\"><strong>Llengua Catalana <\/strong><\/span><\/h5>\n<h5 lang=\"ca-ES\" style=\"text-align: center;\"><span style=\"color: #000000;\"><strong>1-2-3<\/strong><\/span><\/h5>\n<\/td>\n<td style=\"background: none 0% 0% repeat scroll #ffcccc; height: 51px; width: 11.7241%;\" bgcolor=\"#ffcccc\" width=\"25%\">\n<h5 lang=\"ca-ES\" style=\"text-align: center;\"><span style=\"color: #000000;\"><strong>COMPETIC Inicial<\/strong><\/span><\/h5>\n<\/td>\n<\/tr>\n<tr style=\"height: 57px;\">\n<td style=\"background: none 0% 0% repeat scroll #ffffcc; height: 288px; width: 23.8626%;\" rowspan=\"2\" bgcolor=\"#ffffcc\" width=\"26%\">\n<h5 lang=\"ca-ES\"><span style=\"color: #000000;\"><strong>Cicle d&#8217;Educaci\u00f3 Secund\u00e0ria:<\/strong><\/span><\/h5>\n<h5 lang=\"ca-ES\"><span style=\"color: #000000;\"><strong>GES 1 <\/strong><\/span><\/h5>\n<h5 lang=\"ca-ES\"><span style=\"color: #000000;\"><strong>GES 2<\/strong><\/span><\/h5>\n<\/td>\n<td style=\"background: none 0% 0% repeat scroll #ccffcc; height: 288px; width: 28.985%;\" rowspan=\"2\" bgcolor=\"#ccffcc\" width=\"24%\">\n<h5 lang=\"ca-ES\"><span style=\"color: #000000;\"><strong>Acc\u00e9s a la Universitat per majors de 25 anys o de 45 anys (de 40, amb experi\u00e8ncia laboral en l\u2019\u00e0mbit al qual es vol accedir)<\/strong><\/span><\/h5>\n<\/td>\n<td style=\"background: none 0% 0% repeat scroll #cfe7f5; height: 138px; width: 28.6271%;\" valign=\"top\" bgcolor=\"#cfe7f5\" width=\"25%\">\n<h5 lang=\"ca-ES\"><\/h5>\n<h5 lang=\"ca-ES\" style=\"text-align: center;\"><span style=\"color: #000000;\"><strong>Llengua Castellana <\/strong><\/span><\/h5>\n<h5 lang=\"ca-ES\" style=\"text-align: center;\"><span style=\"color: #000000;\"><strong>1-2-3<\/strong><\/span><\/h5>\n<\/td>\n<td style=\"background: none 0% 0% repeat scroll #ffcccc; height: 288px; width: 11.7241%;\" rowspan=\"2\" bgcolor=\"#ffcccc\" width=\"25%\">\n<h5 lang=\"ca-ES\" style=\"text-align: center;\"><span style=\"color: #000000;\"><strong>COMPETIC <\/strong><\/span><\/h5>\n<h5 lang=\"ca-ES\" style=\"text-align: center;\"><span style=\"color: #000000;\"><strong>1-2-3<\/strong><\/span><\/h5>\n<\/td>\n<\/tr>\n<tr style=\"height: 57px;\">\n<td style=\"background: none 0% 0% repeat scroll #cfe7f5; height: 150px; width: 28.6271%;\" bgcolor=\"#cfe7f5\" width=\"25%\">\n<h5 lang=\"ca-ES\"><\/h5>\n<h5 lang=\"ca-ES\" style=\"text-align: center;\"><span style=\"color: #000000;\"><strong>Llengua Anglesa <\/strong><\/span><\/h5>\n<h5 lang=\"ca-ES\" style=\"text-align: center;\"><span style=\"color: #000000;\"><strong>1-2-3<\/strong><\/span><\/h5>\n<\/td>\n<\/tr>\n<\/tbody>\n<\/table>\n<p>&nbsp;<\/p>\n","protected":false},"excerpt":{"rendered":"<p>FORMACI\u00d3 B\u00c0SICA PREPARACI\u00d3 PROVES D&#8217;ACC\u00c9S LLENG\u00dcES INFORM\u00c0TICA Alfabetitzaci\u00f3 1 i 2 Neolectors &nbsp; Pre-GES Acc\u00e9s a Cicles Formatius de Grau Superior Llengua Catalana 1-2-3 COMPETIC Inicial Cicle d&#8217;Educaci\u00f3 Secund\u00e0ria: GES 1 GES 2 Acc\u00e9s a la Universitat per majors de 25 anys o de 45 anys (de 40, amb experi\u00e8ncia laboral en l\u2019\u00e0mbit al qual [&hellip;]<\/p>\n","protected":false},"author":1,"featured_media":0,"parent":0,"menu_order":0,"comment_status":"closed","ping_status":"closed","template":"","meta":{"_bbp_topic_count":0,"_bbp_reply_count":0,"_bbp_total_topic_count":0,"_bbp_total_reply_count":0,"_bbp_voice_count":0,"_bbp_anonymous_reply_count":0,"_bbp_topic_count_hidden":0,"_bbp_reply_count_hidden":0,"_bbp_forum_subforum_count":0,"site-sidebar-layout":"default","site-content-layout":"","ast-site-content-layout":"default","site-content-style":"default","site-sidebar-style":"default","ast-global-header-display":"","ast-banner-title-visibility":"","ast-main-header-display":"","ast-hfb-above-header-display":"","ast-hfb-below-header-display":"","ast-hfb-mobile-header-display":"","site-post-title":"","ast-breadcrumbs-content":"","ast-featured-img":"","footer-sml-layout":"","theme-transparent-header-meta":"default","adv-header-id-meta":"","stick-header-meta":"","header-above-stick-meta":"","header-main-stick-meta":"","header-below-stick-meta":"","astra-migrate-meta-layouts":"set","ast-page-background-enabled":"default","ast-page-background-meta":{"desktop":{"background-color":"var(--ast-global-color-4)","background-image":"","background-repeat":"repeat","background-position":"center center","background-size":"auto","background-attachment":"scroll","background-type":"","background-media":"","overlay-type":"","overlay-color":"","overlay-opacity":"","overlay-gradient":""},"tablet":{"background-color":"","background-image":"","background-repeat":"repeat","background-position":"center center","background-size":"auto","background-attachment":"scroll","background-type":"","background-media":"","overlay-type":"","overlay-color":"","overlay-opacity":"","overlay-gradient":""},"mobile":{"background-color":"","background-image":"","background-repeat":"repeat","background-position":"center center","background-size":"auto","background-attachment":"scroll","background-type":"","background-media":"","overlay-type":"","overlay-color":"","overlay-opacity":"","overlay-gradient":""}},"ast-content-background-meta":{"desktop":{"background-color":"var(--ast-global-color-5)","background-image":"","background-repeat":"repeat","background-position":"center center","background-size":"auto","background-attachment":"scroll","background-type":"","background-media":"","overlay-type":"","overlay-color":"","overlay-opacity":"","overlay-gradient":""},"tablet":{"background-color":"var(--ast-global-color-5)","background-image":"","background-repeat":"repeat","background-position":"center center","background-size":"auto","background-attachment":"scroll","background-type":"","background-media":"","overlay-type":"","overlay-color":"","overlay-opacity":"","overlay-gradient":""},"mobile":{"background-color":"var(--ast-global-color-5)","background-image":"","background-repeat":"repeat","background-position":"center center","background-size":"auto","background-attachment":"scroll","background-type":"","background-media":"","overlay-type":"","overlay-color":"","overlay-opacity":"","overlay-gradient":""}},"footnotes":""},"class_list":["post-274","page","type-page","status-publish","hentry"],"post_mailing_queue_ids":[],"_links":{"self":[{"href":"https:\/\/agora.xtec.cat\/cfapegaso\/wp-json\/wp\/v2\/pages\/274","targetHints":{"allow":["GET"]}}],"collection":[{"href":"https:\/\/agora.xtec.cat\/cfapegaso\/wp-json\/wp\/v2\/pages"}],"about":[{"href":"https:\/\/agora.xtec.cat\/cfapegaso\/wp-json\/wp\/v2\/types\/page"}],"author":[{"embeddable":true,"href":"https:\/\/agora.xtec.cat\/cfapegaso\/wp-json\/wp\/v2\/users\/1"}],"replies":[{"embeddable":true,"href":"https:\/\/agora.xtec.cat\/cfapegaso\/wp-json\/wp\/v2\/comments?post=274"}],"version-history":[{"count":7,"href":"https:\/\/agora.xtec.cat\/cfapegaso\/wp-json\/wp\/v2\/pages\/274\/revisions"}],"predecessor-version":[{"id":4369,"href":"https:\/\/agora.xtec.cat\/cfapegaso\/wp-json\/wp\/v2\/pages\/274\/revisions\/4369"}],"wp:attachment":[{"href":"https:\/\/agora.xtec.cat\/cfapegaso\/wp-json\/wp\/v2\/media?parent=274"}],"curies":[{"name":"wp","href":"https:\/\/api.w.org\/{rel}","templated":true}]}}