{"id":265,"date":"2015-01-27T17:28:56","date_gmt":"2015-01-27T16:28:56","guid":{"rendered":"http:\/\/agora.xtec.cat\/cfapegaso\/?page_id=265"},"modified":"2026-03-26T10:16:29","modified_gmt":"2026-03-26T09:16:29","slug":"organitzacio-interna","status":"publish","type":"page","link":"https:\/\/agora.xtec.cat\/cfapegaso\/el-centre\/organitzacio-interna\/","title":{"rendered":"Organitzaci\u00f3 interna"},"content":{"rendered":"<p>L&#8217;equip docent\u00a0 est\u00e0 format per 10 persones de les quals una, t\u00e9 dedicaci\u00f3 de mitja jornada.<\/p>\n<h3><span style=\"color: #c61d1d;\"><strong>Equip Directiu:<\/strong><\/span><\/h3>\n<p>Directora:\u00a0 \u00a0 \u00a0<strong>Olga Valero Rubio<\/strong><br \/>\nCap d&#8217;Estudis: <strong>Roser Peramiquel Cols<br \/>\n<\/strong>Secret\u00e0ria :\u00a0 <strong>Ariadna Ca\u00f1ameras Vall<\/strong><\/p>\n<h3><span style=\"color: #c61d1d;\"><strong>Coordinacions 2023-24<\/strong><\/span><\/h3>\n<p>Coordinaci\u00f3 Proves d&#8217;Acc\u00e9s:<strong> Val\u00e8ria de Pedro Valverde<\/strong><br \/>\nCoordinaci\u00f3 Ling\u00fc\u00edstica: <strong>Remei Sol\u00e9 Barcelona<\/strong><br \/>\nCoordinaci\u00f3 d&#8217;Inform\u00e0tica (TIC): <strong>Cristian Lancharro L\u00f3pez<\/strong><br \/>\nCoordinadora d&#8217;Ensenyaments B\u00e0sics:<strong> Montse Garc\u00eda Modrego\u00a0<\/strong><br \/>\nCoordinaci\u00f3 d&#8217;Ensenyaments Inicials: <strong>Roser Peramiquel Cols<\/strong><br \/>\nCoordinaci\u00f3 de Coeducaci\u00f3, Conviv\u00e8ncia i Benestar: <strong>Ariadna Ca\u00f1ameras Vall\u00a0\u00a0<\/strong><br \/>\nCoordinaci\u00f3 de Riscos Laborals: <strong>David Rodr\u00edguez Rodr\u00edguez<\/strong><\/p>\n<h3><span style=\"color: #c61d1d;\"><strong>Personal Administratiu<\/strong><\/span><\/h3>\n<p>La Secretaria est\u00e0 atesa per una persona administrativa:<br \/>\n<strong>Paula Raymond<\/strong><\/p>\n","protected":false},"excerpt":{"rendered":"<p>L&#8217;equip docent\u00a0 est\u00e0 format per 10 persones de les quals una, t\u00e9 dedicaci\u00f3 de mitja jornada. Equip Directiu: Directora:\u00a0 \u00a0 \u00a0Olga Valero Rubio Cap d&#8217;Estudis: Roser Peramiquel Cols Secret\u00e0ria :\u00a0 Ariadna Ca\u00f1ameras Vall Coordinacions 2023-24 Coordinaci\u00f3 Proves d&#8217;Acc\u00e9s: Val\u00e8ria de Pedro Valverde Coordinaci\u00f3 Ling\u00fc\u00edstica: Remei Sol\u00e9 Barcelona Coordinaci\u00f3 d&#8217;Inform\u00e0tica (TIC): Cristian Lancharro L\u00f3pez Coordinadora d&#8217;Ensenyaments [&hellip;]<\/p>\n","protected":false},"author":1,"featured_media":0,"parent":261,"menu_order":40,"comment_status":"closed","ping_status":"closed","template":"","meta":{"_bbp_topic_count":0,"_bbp_reply_count":0,"_bbp_total_topic_count":0,"_bbp_total_reply_count":0,"_bbp_voice_count":0,"_bbp_anonymous_reply_count":0,"_bbp_topic_count_hidden":0,"_bbp_reply_count_hidden":0,"_bbp_forum_subforum_count":0,"site-sidebar-layout":"default","site-content-layout":"","ast-site-content-layout":"default","site-content-style":"default","site-sidebar-style":"default","ast-global-header-display":"","ast-banner-title-visibility":"","ast-main-header-display":"","ast-hfb-above-header-display":"","ast-hfb-below-header-display":"","ast-hfb-mobile-header-display":"","site-post-title":"","ast-breadcrumbs-content":"","ast-featured-img":"","footer-sml-layout":"","theme-transparent-header-meta":"default","adv-header-id-meta":"","stick-header-meta":"","header-above-stick-meta":"","header-main-stick-meta":"","header-below-stick-meta":"","astra-migrate-meta-layouts":"set","ast-page-background-enabled":"default","ast-page-background-meta":{"desktop":{"background-color":"var(--ast-global-color-4)","background-image":"","background-repeat":"repeat","background-position":"center center","background-size":"auto","background-attachment":"scroll","background-type":"","background-media":"","overlay-type":"","overlay-color":"","overlay-opacity":"","overlay-gradient":""},"tablet":{"background-color":"","background-image":"","background-repeat":"repeat","background-position":"center center","background-size":"auto","background-attachment":"scroll","background-type":"","background-media":"","overlay-type":"","overlay-color":"","overlay-opacity":"","overlay-gradient":""},"mobile":{"background-color":"","background-image":"","background-repeat":"repeat","background-position":"center center","background-size":"auto","background-attachment":"scroll","background-type":"","background-media":"","overlay-type":"","overlay-color":"","overlay-opacity":"","overlay-gradient":""}},"ast-content-background-meta":{"desktop":{"background-color":"var(--ast-global-color-5)","background-image":"","background-repeat":"repeat","background-position":"center center","background-size":"auto","background-attachment":"scroll","background-type":"","background-media":"","overlay-type":"","overlay-color":"","overlay-opacity":"","overlay-gradient":""},"tablet":{"background-color":"var(--ast-global-color-5)","background-image":"","background-repeat":"repeat","background-position":"center center","background-size":"auto","background-attachment":"scroll","background-type":"","background-media":"","overlay-type":"","overlay-color":"","overlay-opacity":"","overlay-gradient":""},"mobile":{"background-color":"var(--ast-global-color-5)","background-image":"","background-repeat":"repeat","background-position":"center center","background-size":"auto","background-attachment":"scroll","background-type":"","background-media":"","overlay-type":"","overlay-color":"","overlay-opacity":"","overlay-gradient":""}},"footnotes":""},"class_list":["post-265","page","type-page","status-publish","hentry"],"post_mailing_queue_ids":[],"_links":{"self":[{"href":"https:\/\/agora.xtec.cat\/cfapegaso\/wp-json\/wp\/v2\/pages\/265","targetHints":{"allow":["GET"]}}],"collection":[{"href":"https:\/\/agora.xtec.cat\/cfapegaso\/wp-json\/wp\/v2\/pages"}],"about":[{"href":"https:\/\/agora.xtec.cat\/cfapegaso\/wp-json\/wp\/v2\/types\/page"}],"author":[{"embeddable":true,"href":"https:\/\/agora.xtec.cat\/cfapegaso\/wp-json\/wp\/v2\/users\/1"}],"replies":[{"embeddable":true,"href":"https:\/\/agora.xtec.cat\/cfapegaso\/wp-json\/wp\/v2\/comments?post=265"}],"version-history":[{"count":6,"href":"https:\/\/agora.xtec.cat\/cfapegaso\/wp-json\/wp\/v2\/pages\/265\/revisions"}],"predecessor-version":[{"id":4393,"href":"https:\/\/agora.xtec.cat\/cfapegaso\/wp-json\/wp\/v2\/pages\/265\/revisions\/4393"}],"up":[{"embeddable":true,"href":"https:\/\/agora.xtec.cat\/cfapegaso\/wp-json\/wp\/v2\/pages\/261"}],"wp:attachment":[{"href":"https:\/\/agora.xtec.cat\/cfapegaso\/wp-json\/wp\/v2\/media?parent=265"}],"curies":[{"name":"wp","href":"https:\/\/api.w.org\/{rel}","templated":true}]}}