{"id":261,"date":"2015-01-27T17:25:01","date_gmt":"2015-01-27T16:25:01","guid":{"rendered":"http:\/\/agora.xtec.cat\/cfapegaso\/?page_id=261"},"modified":"2026-03-18T12:56:04","modified_gmt":"2026-03-18T11:56:04","slug":"el-centre","status":"publish","type":"page","link":"https:\/\/agora.xtec.cat\/cfapegaso\/el-centre\/","title":{"rendered":"El Centre"},"content":{"rendered":"<h2><span style=\"color: #c61d1d;\">L\u2019Escola d\u2019Adults Pegaso<\/span><\/h2>\n<h4>Formaci\u00f3 permanent, p\u00fablica i compromesa.<\/h4>\n<h3><\/h3>\n<h3><span style=\"color: #c61d1d;\">Qui som?<\/span><\/h3>\n<p>Som un centre d\u2019Educaci\u00f3 Permanent d\u2019Adults d\u2019esperit p\u00fablic, laic i progressista. El nostre projecte es basa en:<\/p>\n<ul>\n<li><strong>Valors:<\/strong> Llibertat, di\u00e0leg cultural i respecte.<\/li>\n<li><strong>Comprom\u00eds:<\/strong> Democr\u00e0cia participativa, sostenibilitat i igualtat.<\/li>\n<li><strong>Missi\u00f3:<\/strong> Garantir el dret a una formaci\u00f3 integral al llarg de tota la vida.<\/li>\n<\/ul>\n<h3><span style=\"color: #c61d1d;\">Qu\u00e8 pots estudiar?<\/span><\/h3>\n<ul>\n<li>Oferim un ventall complet de formaci\u00f3 adaptat a les teves necessitats:<\/li>\n<li><strong>Titulacions Oficials:<\/strong> GES (Graduat en Educaci\u00f3 Secund\u00e0ria).<\/li>\n<li><strong>Acc\u00e9s a Estudis Superiors:<\/strong> Proves d\u2019acc\u00e9s a Cicles Formatius (Grau Superior) i a la Universitat.<\/li>\n<li><strong>Compet\u00e8ncies Digitals i Idiomes:<\/strong> COMPETIC (1, 2 i 3) i Angl\u00e8s (1, 2 i 3).<\/li>\n<li><strong>Ensenyaments B\u00e0sics:<\/strong> Catal\u00e0, Castell\u00e0 i Formaci\u00f3 Instrumental.<\/li>\n<li><strong>Comunitat:<\/strong> Tallers de Voluntariat i intercanvi de coneixements.<\/li>\n<\/ul>\n<h3><span style=\"color: #c61d1d;\">M\u00e9s que una escola<\/span><\/h3>\n<p>No ens limitem a l&#8217;aula. Creiem en la formaci\u00f3 permanent a trav\u00e9s de la cultura, oferint activitats que vertebren l&#8217;aprenentatge i la conviv\u00e8ncia m\u00e9s enll\u00e0 dels llibres.<\/p>\n","protected":false},"excerpt":{"rendered":"<p>L\u2019Escola d\u2019Adults Pegaso Formaci\u00f3 permanent, p\u00fablica i compromesa. Qui som? Som un centre d\u2019Educaci\u00f3 Permanent d\u2019Adults d\u2019esperit p\u00fablic, laic i progressista. El nostre projecte es basa en: Valors: Llibertat, di\u00e0leg cultural i respecte. Comprom\u00eds: Democr\u00e0cia participativa, sostenibilitat i igualtat. Missi\u00f3: Garantir el dret a una formaci\u00f3 integral al llarg de tota la vida. Qu\u00e8 pots [&hellip;]<\/p>\n","protected":false},"author":1,"featured_media":0,"parent":0,"menu_order":0,"comment_status":"closed","ping_status":"closed","template":"","meta":{"_bbp_topic_count":0,"_bbp_reply_count":0,"_bbp_total_topic_count":0,"_bbp_total_reply_count":0,"_bbp_voice_count":0,"_bbp_anonymous_reply_count":0,"_bbp_topic_count_hidden":0,"_bbp_reply_count_hidden":0,"_bbp_forum_subforum_count":0,"site-sidebar-layout":"default","site-content-layout":"","ast-site-content-layout":"default","site-content-style":"default","site-sidebar-style":"default","ast-global-header-display":"","ast-banner-title-visibility":"","ast-main-header-display":"","ast-hfb-above-header-display":"","ast-hfb-below-header-display":"","ast-hfb-mobile-header-display":"","site-post-title":"","ast-breadcrumbs-content":"","ast-featured-img":"","footer-sml-layout":"","theme-transparent-header-meta":"default","adv-header-id-meta":"","stick-header-meta":"","header-above-stick-meta":"","header-main-stick-meta":"","header-below-stick-meta":"","astra-migrate-meta-layouts":"set","ast-page-background-enabled":"default","ast-page-background-meta":{"desktop":{"background-color":"var(--ast-global-color-4)","background-image":"","background-repeat":"repeat","background-position":"center center","background-size":"auto","background-attachment":"scroll","background-type":"","background-media":"","overlay-type":"","overlay-color":"","overlay-opacity":"","overlay-gradient":""},"tablet":{"background-color":"","background-image":"","background-repeat":"repeat","background-position":"center center","background-size":"auto","background-attachment":"scroll","background-type":"","background-media":"","overlay-type":"","overlay-color":"","overlay-opacity":"","overlay-gradient":""},"mobile":{"background-color":"","background-image":"","background-repeat":"repeat","background-position":"center center","background-size":"auto","background-attachment":"scroll","background-type":"","background-media":"","overlay-type":"","overlay-color":"","overlay-opacity":"","overlay-gradient":""}},"ast-content-background-meta":{"desktop":{"background-color":"var(--ast-global-color-5)","background-image":"","background-repeat":"repeat","background-position":"center center","background-size":"auto","background-attachment":"scroll","background-type":"","background-media":"","overlay-type":"","overlay-color":"","overlay-opacity":"","overlay-gradient":""},"tablet":{"background-color":"var(--ast-global-color-5)","background-image":"","background-repeat":"repeat","background-position":"center center","background-size":"auto","background-attachment":"scroll","background-type":"","background-media":"","overlay-type":"","overlay-color":"","overlay-opacity":"","overlay-gradient":""},"mobile":{"background-color":"var(--ast-global-color-5)","background-image":"","background-repeat":"repeat","background-position":"center center","background-size":"auto","background-attachment":"scroll","background-type":"","background-media":"","overlay-type":"","overlay-color":"","overlay-opacity":"","overlay-gradient":""}},"footnotes":""},"class_list":["post-261","page","type-page","status-publish","hentry"],"post_mailing_queue_ids":[],"_links":{"self":[{"href":"https:\/\/agora.xtec.cat\/cfapegaso\/wp-json\/wp\/v2\/pages\/261","targetHints":{"allow":["GET"]}}],"collection":[{"href":"https:\/\/agora.xtec.cat\/cfapegaso\/wp-json\/wp\/v2\/pages"}],"about":[{"href":"https:\/\/agora.xtec.cat\/cfapegaso\/wp-json\/wp\/v2\/types\/page"}],"author":[{"embeddable":true,"href":"https:\/\/agora.xtec.cat\/cfapegaso\/wp-json\/wp\/v2\/users\/1"}],"replies":[{"embeddable":true,"href":"https:\/\/agora.xtec.cat\/cfapegaso\/wp-json\/wp\/v2\/comments?post=261"}],"version-history":[{"count":6,"href":"https:\/\/agora.xtec.cat\/cfapegaso\/wp-json\/wp\/v2\/pages\/261\/revisions"}],"predecessor-version":[{"id":4337,"href":"https:\/\/agora.xtec.cat\/cfapegaso\/wp-json\/wp\/v2\/pages\/261\/revisions\/4337"}],"wp:attachment":[{"href":"https:\/\/agora.xtec.cat\/cfapegaso\/wp-json\/wp\/v2\/media?parent=261"}],"curies":[{"name":"wp","href":"https:\/\/api.w.org\/{rel}","templated":true}]}}