{"id":499,"date":"2015-06-17T18:22:44","date_gmt":"2015-06-17T17:22:44","guid":{"rendered":"http:\/\/agora.xtec.cat\/cfapalafrugell\/?page_id=499"},"modified":"2016-09-01T08:30:17","modified_gmt":"2016-09-01T07:30:17","slug":"cicle-formacio-instrumental","status":"publish","type":"page","link":"https:\/\/agora.xtec.cat\/cfapalafrugell\/ensenyaments\/ensenyaments-inicials-i-formacio-basica\/cicle-formacio-instrumental\/","title":{"rendered":"Cicle Formaci\u00f3 Instrumental"},"content":{"rendered":"<p><strong>Instrumental I<\/strong><\/p>\n<p>Curs d\u2019alfabetitzaci\u00f3 adre\u00e7at a persones que volen aprendre a llegir i escriure. El curs s\u2019imparteix en catal\u00e0.<\/p>\n<p>T\u00e9 com a finalitat adquirir compet\u00e8ncies m\u00ednimes de llengua oral i escrit:<\/p>\n<ul>\n<li>Poder participar en situacions comunicatives quotidianes.<\/li>\n<li>Poder llegir textos senzills amb frases curtes, anuncis, horaris, etc.<\/li>\n<li>Escriptura de missatges senzills i de dades personals.<\/li>\n<li>Iniciar-se en les matem\u00e0tiques: n\u00fameros i operacions b\u00e0siques.<\/li>\n<\/ul>\n<p><strong>Instrumental II<\/strong><\/p>\n<p class=\"western\" lang=\"ca-ES\" align=\"JUSTIFY\"><span style=\"font-family: Arial,sans-serif;\"><span style=\"font-size: medium;\">Curs en catal\u00e0 adre\u00e7at a persones que coneixen l\u2019alfabet llat\u00ed m\u00ednimament, i volen millorar el seu nivell de lectura i escriptura.<\/span><\/span><\/p>\n<p class=\"western\" lang=\"ca-ES\" align=\"JUSTIFY\"><span style=\"font-family: Arial,sans-serif;\"><span style=\"font-size: medium;\">T\u00e9 com a finalitat millorar les compet\u00e8ncies m\u00ednimes de llengua oral i escrita.<\/span><\/span><\/p>\n<p>&nbsp;<\/p>\n<p>Les classes s\u2019impartiran en horari de mat\u00ed o tarda, realitzant un total de 8 hores setmanals repartides en quatre dies.<\/p>\n","protected":false},"excerpt":{"rendered":"<p>Instrumental I<br \/>\nCurs d\u2019alfabetitzaci\u00f3 adre\u00e7at a persones que volen aprendre a llegir i escriure. El curs s\u2019imparteix en catal\u00e0.<br \/>\nT\u00e9 com a finalitat adquirir compet\u00e8ncies m\u00ednimes de llengua oral i escrit:<\/p>\n<ul>\n<li>Poder participar en situacions comunicatives quotidianes.<\/li>\n<li>Poder llegir textos senzills amb frases curtes, anuncis, horaris, etc.<\/li>\n<li>Escriptura de missatges&hellip;  <a href=\"https:\/\/agora.xtec.cat\/cfapalafrugell\/ensenyaments\/ensenyaments-inicials-i-formacio-basica\/cicle-formacio-instrumental\/\" title=\"Read Cicle Formaci\u00f3 Instrumental\">Llegeix m\u00e9s\u00bb<\/a><br \/>\n","protected":false},"author":1,"featured_media":0,"parent":283,"menu_order":10,"comment_status":"closed","ping_status":"closed","template":"page-templates\/side-menu.php","meta":{"_bbp_topic_count":0,"_bbp_reply_count":0,"_bbp_total_topic_count":0,"_bbp_total_reply_count":0,"_bbp_voice_count":0,"_bbp_anonymous_reply_count":0,"_bbp_topic_count_hidden":0,"_bbp_reply_count_hidden":0,"_bbp_forum_subforum_count":0,"footnotes":""},"class_list":["post-499","page","type-page","status-publish","hentry"],"post_mailing_queue_ids":[],"_links":{"self":[{"href":"https:\/\/agora.xtec.cat\/cfapalafrugell\/wp-json\/wp\/v2\/pages\/499","targetHints":{"allow":["GET"]}}],"collection":[{"href":"https:\/\/agora.xtec.cat\/cfapalafrugell\/wp-json\/wp\/v2\/pages"}],"about":[{"href":"https:\/\/agora.xtec.cat\/cfapalafrugell\/wp-json\/wp\/v2\/types\/page"}],"author":[{"embeddable":true,"href":"https:\/\/agora.xtec.cat\/cfapalafrugell\/wp-json\/wp\/v2\/users\/1"}],"replies":[{"embeddable":true,"href":"https:\/\/agora.xtec.cat\/cfapalafrugell\/wp-json\/wp\/v2\/comments?post=499"}],"version-history":[{"count":3,"href":"https:\/\/agora.xtec.cat\/cfapalafrugell\/wp-json\/wp\/v2\/pages\/499\/revisions"}],"predecessor-version":[{"id":1114,"href":"https:\/\/agora.xtec.cat\/cfapalafrugell\/wp-json\/wp\/v2\/pages\/499\/revisions\/1114"}],"up":[{"embeddable":true,"href":"https:\/\/agora.xtec.cat\/cfapalafrugell\/wp-json\/wp\/v2\/pages\/283"}],"wp:attachment":[{"href":"https:\/\/agora.xtec.cat\/cfapalafrugell\/wp-json\/wp\/v2\/media?parent=499"}],"curies":[{"name":"wp","href":"https:\/\/api.w.org\/{rel}","templated":true}]}}