{"id":49,"date":"2014-09-17T16:55:55","date_gmt":"2014-09-17T16:55:55","guid":{"rendered":"http:\/\/agora.xtec.cat\/cfapalafrugell\/?page_id=49"},"modified":"2016-04-04T14:15:07","modified_gmt":"2016-04-04T13:15:07","slug":"normes-dorganitzacio-i-funcionament","status":"publish","type":"page","link":"https:\/\/agora.xtec.cat\/cfapalafrugell\/el-centre\/normes-dorganitzacio-i-funcionament\/","title":{"rendered":"Normes i funcionament del centre"},"content":{"rendered":"<p><strong>REGLAMENTACI\u00d3 DEL FUNCIONAMENT DEL CENTRE<\/strong><\/p>\n<p><strong>Normes de conviv\u00e8ncia<\/strong><\/p>\n<p>El RESPECTE \u00e9s la base de la conviv\u00e8ncia.<\/p>\n<ol style=\"list-style-type: lower-alpha;\">\n<li>Per respecte a les persones, pel dret de tothom a la salut i com a mesura d&#8217;higiene no \u00e9s perm\u00e8s fumar dins l&#8217;edifici ni menjar dins les aules.<\/li>\n<li>El tel\u00e8fon m\u00f2bil ha d&#8217;estar desconnectat dins de les aules.<\/li>\n<li>Cal respectar el ve\u00efnat: no fer soroll, no embrutar el carrer.<\/li>\n<li>Cal respectar el material del centre.<\/li>\n<li>Els espais reservats als professors s\u00f3n la sala de professors i el despatx de direcci\u00f3.<\/li>\n<li>Cal respectar les hores indicades per demanar informaci\u00f3, certificats, recollir t\u00edtols, etc. Hi ha un cartell a la porta amb l&#8217;horari d&#8217;atenci\u00f3 al p\u00fablic.<\/li>\n<li>El centre no fa fotoc\u00f2pies personals.<\/li>\n<li>El centre no es responsabilitza de possibles accidents, tant a classe com a fora (sortides, activitats diverses), cada alumne ha de tenir la seva pr\u00f2pia asseguran\u00e7a.<\/li>\n<\/ol>\n<p><strong>Sector alumnat<\/strong><\/p>\n<p>Tots els alumnes tenen els mateixos drets i deures, sense m\u00e9s distincions que aquelles que es derivin de la seva edat i dels ensenyaments que cursin. L&#8217;exercici dels seus drets implicar\u00e0 el deure correlatiu de coneixement i respecte dels drets de tots els membres de la comunitat educativa.<\/p>\n<p><span style=\"text-decoration: underline;\">Drets de l&#8217;alumnat<\/span><\/p>\n<ol>\n<li>Rebre una informaci\u00f3 que els permeti aconseguir el desenvolupament de la seva personalitat, dintre dels principis \u00e8tics, morals i socials comunament acceptats.<\/li>\n<li>Ser avaluats, acuradament, valorant el seu progr\u00e9s personal i rendiment escolar, informant-se&#8217;ls dels criteris i procediments d&#8217;avaluaci\u00f3, d&#8217;acord amb els objectius i continguts de l&#8217;ensenyament.<\/li>\n<li>Ser respectats en les seves creences religioses, morals i ideol\u00f2giques, a la llibertat de consci\u00e8ncia i a la seva intimitat en relaci\u00f3 amb aquelles creences i conviccions.<\/li>\n<li>Ser respectat en la seva integritat f\u00edsica i en la seva dignitat personal.<\/li>\n<li>Realitzar la seva activitat acad\u00e8mica en condicions de seguretat i higiene adequades.<\/li>\n<li>Gaudir d&#8217;un ambient convencional que fomenti el respecte entre els companys.<\/li>\n<li>Ser respectada la confidencialitat d&#8217;aquella informaci\u00f3 de car\u00e0cter reservat de qu\u00e8 disposa el centre, relativa a les seves circumst\u00e0ncies personals i familiars, llevat que ho demani l&#8217;Administraci\u00f3.<\/li>\n<li>Rebre orientaci\u00f3 acad\u00e8mica i professional.<\/li>\n<\/ol>\n<p><span style=\"text-decoration: underline;\">Deures de l&#8217;alumnat<\/span><\/p>\n<p>a) Assist\u00e8ncia:<\/p>\n<ul>\n<li>\u00a0S&#8217;ha de respectar les hores de classe (entrar a l&#8217;hora i respectar la durada de les classes).<\/li>\n<li>\u00a0Les faltes d&#8217;assist\u00e8ncia s&#8217;han de justificar. Ser\u00e0 motiu de baixa del Centre la no assist\u00e8ncia a classe durant m\u00e9s de deu dies lectius consecutius sense justificaci\u00f3.<\/li>\n<\/ul>\n<p>b) Participaci\u00f3:<\/p>\n<ul>\n<li>L&#8217;alumnat ha de ser participatiu.<\/li>\n<li>L&#8217;actitud negativa a classe (no portar el material, no fer la feina demanada, faltar al respecte al professor\/a o als companys de grup, etc.) pot condicionar l&#8217;avaluaci\u00f3 de l&#8217;alumnat.<\/li>\n<li>Si aquesta actitud negativa repercuteix en el grup classe, el professorat proposar\u00e0 a l&#8217;\u00f2rgan pertinent l&#8217;expulsi\u00f3 de l&#8217;alumne\/a\u00a0 de les seves classes.<\/li>\n<li>Totes les activitats complement\u00e0ries ofertes s\u00f3n obertes i es demana participaci\u00f3 i assist\u00e8ncia.<\/li>\n<\/ul>\n<p>c) Altres deures:<\/p>\n<ul>\n<li>Respectar l&#8217;exercici dels drets i les llibertats dels membres de la comunitat educativa.<\/li>\n<li>Estudiar per desenvolupar les seves aptituds personals i per aprofitar els coneixements que s&#8217;imparteixen al centre, amb la finalitat d&#8217;assolir una bona preparaci\u00f3 humana i acad\u00e8mica.<\/li>\n<li>Respectar l&#8217;estudi dels seus companys.<\/li>\n<li>Utilitzar un vocabulari correcte i decor\u00f3s en tot moment, i evitar l&#8217;\u00fas de paraulotes i expressions malsonants.<\/li>\n<li>Complir les NOFC del centre.<\/li>\n<\/ul>\n","protected":false},"excerpt":{"rendered":"<p>REGLAMENTACI\u00d3 DEL FUNCIONAMENT DEL CENTRE<br \/>\nNormes de conviv\u00e8ncia<br \/>\nEl RESPECTE \u00e9s la base de la conviv\u00e8ncia.<\/p>\n<ol style=\"list-style-type: lower-alpha;\">\n<li>Per respecte a les persones, pel dret de tothom a la salut i com a mesura d&#8217;higiene no \u00e9s perm\u00e8s fumar dins l&#8217;edifici ni menjar dins les aules.<\/li>\n<li>El tel\u00e8fon m\u00f2bil&hellip;  <a href=\"https:\/\/agora.xtec.cat\/cfapalafrugell\/el-centre\/normes-dorganitzacio-i-funcionament\/\" title=\"Read Normes i funcionament del centre\">Llegeix m\u00e9s\u00bb<\/a><br \/>\n","protected":false},"author":1,"featured_media":0,"parent":261,"menu_order":60,"comment_status":"closed","ping_status":"closed","template":"page-templates\/side-menu.php","meta":{"_bbp_topic_count":0,"_bbp_reply_count":0,"_bbp_total_topic_count":0,"_bbp_total_reply_count":0,"_bbp_voice_count":0,"_bbp_anonymous_reply_count":0,"_bbp_topic_count_hidden":0,"_bbp_reply_count_hidden":0,"_bbp_forum_subforum_count":0,"footnotes":""},"class_list":["post-49","page","type-page","status-publish","hentry"],"post_mailing_queue_ids":[],"_links":{"self":[{"href":"https:\/\/agora.xtec.cat\/cfapalafrugell\/wp-json\/wp\/v2\/pages\/49","targetHints":{"allow":["GET"]}}],"collection":[{"href":"https:\/\/agora.xtec.cat\/cfapalafrugell\/wp-json\/wp\/v2\/pages"}],"about":[{"href":"https:\/\/agora.xtec.cat\/cfapalafrugell\/wp-json\/wp\/v2\/types\/page"}],"author":[{"embeddable":true,"href":"https:\/\/agora.xtec.cat\/cfapalafrugell\/wp-json\/wp\/v2\/users\/1"}],"replies":[{"embeddable":true,"href":"https:\/\/agora.xtec.cat\/cfapalafrugell\/wp-json\/wp\/v2\/comments?post=49"}],"version-history":[{"count":3,"href":"https:\/\/agora.xtec.cat\/cfapalafrugell\/wp-json\/wp\/v2\/pages\/49\/revisions"}],"predecessor-version":[{"id":868,"href":"https:\/\/agora.xtec.cat\/cfapalafrugell\/wp-json\/wp\/v2\/pages\/49\/revisions\/868"}],"up":[{"embeddable":true,"href":"https:\/\/agora.xtec.cat\/cfapalafrugell\/wp-json\/wp\/v2\/pages\/261"}],"wp:attachment":[{"href":"https:\/\/agora.xtec.cat\/cfapalafrugell\/wp-json\/wp\/v2\/media?parent=49"}],"curies":[{"name":"wp","href":"https:\/\/api.w.org\/{rel}","templated":true}]}}