{"id":39,"date":"2015-06-11T16:36:44","date_gmt":"2015-06-11T15:36:44","guid":{"rendered":"http:\/\/agora.xtec.cat\/cfapalafrugell\/?page_id=39"},"modified":"2015-07-14T10:20:34","modified_gmt":"2015-07-14T09:20:34","slug":"instal%c2%b7lacions","status":"publish","type":"page","link":"https:\/\/agora.xtec.cat\/cfapalafrugell\/el-centre\/instal%c2%b7lacions\/","title":{"rendered":"Instal\u00b7lacions"},"content":{"rendered":"<p>El Centre de Formaci\u00f3 d&#8217;Adults de Palafrugell est\u00e0 situat dins del Centre Municipal d&#8217;Educaci\u00f3. La sala de professors i el despatx de direcci\u00f3 i atenci\u00f3 al p\u00fablic es troben situats al <strong>segon pis<\/strong>, mentre que les aules es troben repartides entre el primer pis i la planta baixa. S\u00f3n aules \u00e0mplies i lluminoses, totes elles equipades amb can\u00f3 de projecci\u00f3. A la planta baixa tamb\u00e9 hi ha l&#8217;aula d&#8217;inform\u00e0tica equipada amb disset ordinadors connectats en xarxa.<\/p>\n<p><a href=\"http:\/\/agora.xtec.cat\/cfapalafrugell\/wp-content\/uploads\/usu370\/2015\/06\/IMG_0082-copia.jpg\"><img loading=\"lazy\" decoding=\"async\" class=\"alignnone wp-image-461 size-medium\" src=\"http:\/\/agora.xtec.cat\/cfapalafrugell\/wp-content\/uploads\/usu370\/2015\/06\/IMG_0082-copia-300x225.jpg\" alt=\"\" width=\"300\" height=\"225\" srcset=\"https:\/\/agora.xtec.cat\/cfapalafrugell\/wp-content\/uploads\/usu370\/2015\/06\/IMG_0082-copia-300x225.jpg 300w, https:\/\/agora.xtec.cat\/cfapalafrugell\/wp-content\/uploads\/usu370\/2015\/06\/IMG_0082-copia-1024x768.jpg 1024w, https:\/\/agora.xtec.cat\/cfapalafrugell\/wp-content\/uploads\/usu370\/2015\/06\/IMG_0082-copia-200x150.jpg 200w\" sizes=\"auto, (max-width: 300px) 100vw, 300px\" \/><\/a><\/p>\n<p><a href=\"http:\/\/agora.xtec.cat\/cfapalafrugell\/wp-content\/uploads\/usu370\/2015\/06\/IMG_0517.jpg\"><img loading=\"lazy\" decoding=\"async\" class=\"alignnone wp-image-464 size-medium\" src=\"http:\/\/agora.xtec.cat\/cfapalafrugell\/wp-content\/uploads\/usu370\/2015\/06\/IMG_0517-300x225.jpg\" alt=\"\" width=\"300\" height=\"225\" srcset=\"https:\/\/agora.xtec.cat\/cfapalafrugell\/wp-content\/uploads\/usu370\/2015\/06\/IMG_0517-300x225.jpg 300w, https:\/\/agora.xtec.cat\/cfapalafrugell\/wp-content\/uploads\/usu370\/2015\/06\/IMG_0517-1024x768.jpg 1024w, https:\/\/agora.xtec.cat\/cfapalafrugell\/wp-content\/uploads\/usu370\/2015\/06\/IMG_0517-200x150.jpg 200w\" sizes=\"auto, (max-width: 300px) 100vw, 300px\" \/><\/a><\/p>\n<p><a href=\"http:\/\/agora.xtec.cat\/cfapalafrugell\/wp-content\/uploads\/usu370\/2015\/06\/IMG_0534-copia.jpg\"><img loading=\"lazy\" decoding=\"async\" class=\"alignnone wp-image-465 size-medium\" src=\"http:\/\/agora.xtec.cat\/cfapalafrugell\/wp-content\/uploads\/usu370\/2015\/06\/IMG_0534-copia-300x225.jpg\" alt=\"\" width=\"300\" height=\"225\" srcset=\"https:\/\/agora.xtec.cat\/cfapalafrugell\/wp-content\/uploads\/usu370\/2015\/06\/IMG_0534-copia-300x225.jpg 300w, https:\/\/agora.xtec.cat\/cfapalafrugell\/wp-content\/uploads\/usu370\/2015\/06\/IMG_0534-copia-1024x768.jpg 1024w, https:\/\/agora.xtec.cat\/cfapalafrugell\/wp-content\/uploads\/usu370\/2015\/06\/IMG_0534-copia-200x150.jpg 200w\" sizes=\"auto, (max-width: 300px) 100vw, 300px\" \/><\/a><\/p>\n<p><a href=\"http:\/\/agora.xtec.cat\/cfapalafrugell\/wp-content\/uploads\/usu370\/2015\/06\/IMG_0554.jpg\"><img loading=\"lazy\" decoding=\"async\" class=\"alignnone wp-image-466 size-medium\" src=\"http:\/\/agora.xtec.cat\/cfapalafrugell\/wp-content\/uploads\/usu370\/2015\/06\/IMG_0554-300x225.jpg\" alt=\"\" width=\"300\" height=\"225\" srcset=\"https:\/\/agora.xtec.cat\/cfapalafrugell\/wp-content\/uploads\/usu370\/2015\/06\/IMG_0554-300x225.jpg 300w, https:\/\/agora.xtec.cat\/cfapalafrugell\/wp-content\/uploads\/usu370\/2015\/06\/IMG_0554-1024x768.jpg 1024w, https:\/\/agora.xtec.cat\/cfapalafrugell\/wp-content\/uploads\/usu370\/2015\/06\/IMG_0554-200x150.jpg 200w\" sizes=\"auto, (max-width: 300px) 100vw, 300px\" \/><\/a><\/p>\n<p>&nbsp;<\/p>\n<p>&nbsp;<\/p>\n","protected":false},"excerpt":{"rendered":"<p>El Centre de Formaci\u00f3 d&#8217;Adults de Palafrugell est\u00e0 situat dins del Centre Municipal d&#8217;Educaci\u00f3. La sala de professors i el despatx de direcci\u00f3 i atenci\u00f3 al p\u00fablic es troben situats al segon pis, mentre que les aules es troben repartides entre el primer pis i&hellip;  <a href=\"https:\/\/agora.xtec.cat\/cfapalafrugell\/el-centre\/instal%c2%b7lacions\/\" title=\"Read Instal\u00b7lacions\">Llegeix m\u00e9s\u00bb<\/a><\/p>\n","protected":false},"author":1,"featured_media":0,"parent":261,"menu_order":30,"comment_status":"closed","ping_status":"closed","template":"page-templates\/side-menu.php","meta":{"_bbp_topic_count":0,"_bbp_reply_count":0,"_bbp_total_topic_count":0,"_bbp_total_reply_count":0,"_bbp_voice_count":0,"_bbp_anonymous_reply_count":0,"_bbp_topic_count_hidden":0,"_bbp_reply_count_hidden":0,"_bbp_forum_subforum_count":0,"footnotes":""},"class_list":["post-39","page","type-page","status-publish","hentry"],"post_mailing_queue_ids":[],"_links":{"self":[{"href":"https:\/\/agora.xtec.cat\/cfapalafrugell\/wp-json\/wp\/v2\/pages\/39","targetHints":{"allow":["GET"]}}],"collection":[{"href":"https:\/\/agora.xtec.cat\/cfapalafrugell\/wp-json\/wp\/v2\/pages"}],"about":[{"href":"https:\/\/agora.xtec.cat\/cfapalafrugell\/wp-json\/wp\/v2\/types\/page"}],"author":[{"embeddable":true,"href":"https:\/\/agora.xtec.cat\/cfapalafrugell\/wp-json\/wp\/v2\/users\/1"}],"replies":[{"embeddable":true,"href":"https:\/\/agora.xtec.cat\/cfapalafrugell\/wp-json\/wp\/v2\/comments?post=39"}],"version-history":[{"count":3,"href":"https:\/\/agora.xtec.cat\/cfapalafrugell\/wp-json\/wp\/v2\/pages\/39\/revisions"}],"predecessor-version":[{"id":624,"href":"https:\/\/agora.xtec.cat\/cfapalafrugell\/wp-json\/wp\/v2\/pages\/39\/revisions\/624"}],"up":[{"embeddable":true,"href":"https:\/\/agora.xtec.cat\/cfapalafrugell\/wp-json\/wp\/v2\/pages\/261"}],"wp:attachment":[{"href":"https:\/\/agora.xtec.cat\/cfapalafrugell\/wp-json\/wp\/v2\/media?parent=39"}],"curies":[{"name":"wp","href":"https:\/\/api.w.org\/{rel}","templated":true}]}}